{"id":94,"date":"2021-08-04T17:01:49","date_gmt":"2021-08-04T15:01:49","guid":{"rendered":"https:\/\/schulen-rommerskirchen.de\/kastanienschule-hoeningen\/?page_id=94"},"modified":"2024-09-09T12:36:06","modified_gmt":"2024-09-09T10:36:06","slug":"speiseplan","status":"publish","type":"page","link":"https:\/\/schulen-rommerskirchen.de\/kastanienschule-hoeningen\/ogs\/speiseplan\/","title":{"rendered":"Speiseplan"},"content":{"rendered":"<p>[et_pb_section fb_built=&#8220;1&#8243; _builder_version=&#8220;4.24.3&#8243; background_image=&#8220;https:\/\/schulen-rommerskirchen.de\/kastanienschule-hoeningen\/wp-content\/uploads\/sites\/4\/2021\/08\/shapes-bg-1.png&#8220; parallax=&#8220;on&#8220; custom_padding=&#8220;0px||2vw||false|false&#8220; global_colors_info=&#8220;{}&#8220;][et_pb_row admin_label=&#8220;ganze bunte Welle &#8211; NICHT L\u00d6SCHEN&#8220; hide_aria_element=&#8220;on&#8220; _builder_version=&#8220;4.20.4&#8243; _module_preset=&#8220;default&#8220; width=&#8220;100%&#8220; max_width=&#8220;100%&#8220; custom_margin=&#8220;0px||||false|false&#8220; custom_padding=&#8220;0px||||false|false&#8220; global_module=&#8220;641&#8243; saved_tabs=&#8220;all&#8220; global_colors_info=&#8220;{}&#8220;][et_pb_column type=&#8220;4_4&#8243; _builder_version=&#8220;4.20.1&#8243; _module_preset=&#8220;default&#8220; global_colors_info=&#8220;{}&#8220;][et_pb_image src=&#8220;https:\/\/schulen-rommerskirchen.de\/kastanienschule-hoeningen\/wp-content\/uploads\/sites\/4\/2023\/03\/wel-3f-header-voll.png&#8220; title_text=&#8220;wel-3f-header-voll&#8220; force_fullwidth=&#8220;on&#8220; admin_label=&#8220;farbige Welle &#8211; us&#8220; module_class=&#8220;buntewelle&#8220; _builder_version=&#8220;4.20.4&#8243; _module_preset=&#8220;default&#8220; position_origin_a=&#8220;bottom_center&#8220; z_index=&#8220;100&#8243; custom_padding=&#8220;0.8em||||false|false&#8220; global_module=&#8220;668&#8243; saved_tabs=&#8220;all&#8220; global_colors_info=&#8220;{}&#8220;][\/et_pb_image][\/et_pb_column][\/et_pb_row][et_pb_row custom_padding_last_edited=&#8220;off|desktop&#8220; _builder_version=&#8220;4.19.5&#8243; _module_preset=&#8220;default&#8220; global_colors_info=&#8220;{}&#8220;][et_pb_column type=&#8220;4_4&#8243; _builder_version=&#8220;4.19.5&#8243; _module_preset=&#8220;default&#8220; global_colors_info=&#8220;{}&#8220;][et_pb_text admin_label=&#8220;\u00dcberschrift &#8211; Speiseplan der OGS jede Woche aktuell!&#8220; _builder_version=&#8220;4.25.1&#8243; _module_preset=&#8220;default&#8220; text_font_size=&#8220;18px&#8220; header_text_align=&#8220;center&#8220; text_orientation=&#8220;center&#8220; global_colors_info=&#8220;{}&#8220;]<\/p>\n<h1>Speiseplan der OGS jede Woche aktuell!<\/h1>\n<p>[\/et_pb_text][et_pb_text _builder_version=&#8220;4.27.0&#8243; _module_preset=&#8220;default&#8220; hover_enabled=&#8220;0&#8243; global_colors_info=&#8220;{}&#8220; sticky_enabled=&#8220;0&#8243;]<\/p>\n<p style=\"text-align: center\">Die OGS erh\u00e4lt t\u00e4glich frisches und regionales sowie saisonales Essen von der Firma <a href=\"https:\/\/www.varius.ws\/produktion\/grosskueche\" target=\"_blank\" rel=\"noopener\">Varius Werkst\u00e4tten.<\/a><\/p>\n<p style=\"text-align: center\">Die aktuellen Speisepl\u00e4ne finden Sie unter: <a href=\"https:\/\/schulen-rommerskirchen.de\/kastanienschule-hoeningen\/downloads\/\" target=\"_blank\" rel=\"noopener\">Downloads &#8211; Kastanienschule Hoeningen (schulen-rommerskirchen.de)<\/a><\/p>\n<p>[\/et_pb_text][\/et_pb_column][\/et_pb_row][\/et_pb_section]<\/p>\n","protected":false},"excerpt":{"rendered":"<p>Die OGS erh\u00e4lt t\u00e4glich frisches und regionales sowie saisonales Essen von der Firma Varius Werkst\u00e4tten.<\/p>\n","protected":false},"author":1,"featured_media":0,"parent":39,"menu_order":6,"comment_status":"closed","ping_status":"closed","template":"","meta":{"_et_pb_use_builder":"on","_et_pb_old_content":"<!-- wp:divi\/placeholder \/-->","_et_gb_content_width":"","inline_featured_image":false,"footnotes":"","_links_to":"","_links_to_target":""},"class_list":["post-94","page","type-page","status-publish","hentry"],"yoast_head":"<!-- This site is optimized with the Yoast SEO plugin v27.2 - https:\/\/yoast.com\/product\/yoast-seo-wordpress\/ -->\n<title>Speiseplan - Kastanienschule Hoeningen<\/title>\n<meta name=\"description\" content=\"Die OGS erh\u00e4lt t\u00e4glich frisches und regionales sowie saisonales Essen von der Firma Varius Werkst\u00e4tten.\" \/>\n<meta name=\"robots\" content=\"index, follow, max-snippet:-1, max-image-preview:large, max-video-preview:-1\" \/>\n<link rel=\"canonical\" href=\"https:\/\/schulen-rommerskirchen.de\/kastanienschule-hoeningen\/ogs\/speiseplan\/\" \/>\n<meta property=\"og:locale\" content=\"de_DE\" \/>\n<meta property=\"og:type\" content=\"article\" \/>\n<meta property=\"og:title\" content=\"Speiseplan - Kastanienschule Hoeningen\" \/>\n<meta property=\"og:description\" content=\"Die OGS erh\u00e4lt t\u00e4glich frisches und regionales sowie saisonales Essen von der Firma Varius Werkst\u00e4tten.\" \/>\n<meta property=\"og:url\" content=\"https:\/\/schulen-rommerskirchen.de\/kastanienschule-hoeningen\/ogs\/speiseplan\/\" \/>\n<meta property=\"og:site_name\" content=\"Kastanienschule Hoeningen\" \/>\n<meta property=\"article:modified_time\" content=\"2024-09-09T10:36:06+00:00\" \/>\n<script type=\"application\/ld+json\" class=\"yoast-schema-graph\">{\"@context\":\"https:\/\/schema.org\",\"@graph\":[{\"@type\":\"WebPage\",\"@id\":\"https:\/\/schulen-rommerskirchen.de\/kastanienschule-hoeningen\/ogs\/speiseplan\/\",\"url\":\"https:\/\/schulen-rommerskirchen.de\/kastanienschule-hoeningen\/ogs\/speiseplan\/\",\"name\":\"Speiseplan - Kastanienschule Hoeningen\",\"isPartOf\":{\"@id\":\"https:\/\/schulen-rommerskirchen.de\/kastanienschule-hoeningen\/#website\"},\"datePublished\":\"2021-08-04T15:01:49+00:00\",\"dateModified\":\"2024-09-09T10:36:06+00:00\",\"description\":\"Die OGS erh\u00e4lt t\u00e4glich frisches und regionales sowie saisonales Essen von der Firma Varius Werkst\u00e4tten.\",\"breadcrumb\":{\"@id\":\"https:\/\/schulen-rommerskirchen.de\/kastanienschule-hoeningen\/ogs\/speiseplan\/#breadcrumb\"},\"inLanguage\":\"de\",\"potentialAction\":[{\"@type\":\"ReadAction\",\"target\":[\"https:\/\/schulen-rommerskirchen.de\/kastanienschule-hoeningen\/ogs\/speiseplan\/\"]}]},{\"@type\":\"BreadcrumbList\",\"@id\":\"https:\/\/schulen-rommerskirchen.de\/kastanienschule-hoeningen\/ogs\/speiseplan\/#breadcrumb\",\"itemListElement\":[{\"@type\":\"ListItem\",\"position\":1,\"name\":\"Startseite\",\"item\":\"https:\/\/schulen-rommerskirchen.de\/kastanienschule-hoeningen\/\"},{\"@type\":\"ListItem\",\"position\":2,\"name\":\"OGS\",\"item\":\"https:\/\/schulen-rommerskirchen.de\/kastanienschule-hoeningen\/ogs\/\"},{\"@type\":\"ListItem\",\"position\":3,\"name\":\"Speiseplan\"}]},{\"@type\":\"WebSite\",\"@id\":\"https:\/\/schulen-rommerskirchen.de\/kastanienschule-hoeningen\/#website\",\"url\":\"https:\/\/schulen-rommerskirchen.de\/kastanienschule-hoeningen\/\",\"name\":\"Kastanienschule Hoeningen\",\"description\":\"Eine weitere Schulen - Rommerskirchen Websites Website\",\"publisher\":{\"@id\":\"https:\/\/schulen-rommerskirchen.de\/kastanienschule-hoeningen\/#organization\"},\"potentialAction\":[{\"@type\":\"SearchAction\",\"target\":{\"@type\":\"EntryPoint\",\"urlTemplate\":\"https:\/\/schulen-rommerskirchen.de\/kastanienschule-hoeningen\/?s={search_term_string}\"},\"query-input\":{\"@type\":\"PropertyValueSpecification\",\"valueRequired\":true,\"valueName\":\"search_term_string\"}}],\"inLanguage\":\"de\"},{\"@type\":\"Organization\",\"@id\":\"https:\/\/schulen-rommerskirchen.de\/kastanienschule-hoeningen\/#organization\",\"name\":\"Kastanienschule Hoeningen\",\"alternateName\":\"Kastanienschule\",\"url\":\"https:\/\/schulen-rommerskirchen.de\/kastanienschule-hoeningen\/\",\"logo\":{\"@type\":\"ImageObject\",\"inLanguage\":\"de\",\"@id\":\"https:\/\/schulen-rommerskirchen.de\/kastanienschule-hoeningen\/#\/schema\/logo\/image\/\",\"url\":\"https:\/\/schulen-rommerskirchen.de\/kastanienschule-hoeningen\/wp-content\/uploads\/sites\/4\/2021\/08\/logo-kastanienschule.png\",\"contentUrl\":\"https:\/\/schulen-rommerskirchen.de\/kastanienschule-hoeningen\/wp-content\/uploads\/sites\/4\/2021\/08\/logo-kastanienschule.png\",\"width\":178,\"height\":214,\"caption\":\"Kastanienschule Hoeningen\"},\"image\":{\"@id\":\"https:\/\/schulen-rommerskirchen.de\/kastanienschule-hoeningen\/#\/schema\/logo\/image\/\"}}]}<\/script>\n<!-- \/ Yoast SEO plugin. -->","yoast_head_json":{"title":"Speiseplan - Kastanienschule Hoeningen","description":"Die OGS erh\u00e4lt t\u00e4glich frisches und regionales sowie saisonales Essen von der Firma Varius Werkst\u00e4tten.","robots":{"index":"index","follow":"follow","max-snippet":"max-snippet:-1","max-image-preview":"max-image-preview:large","max-video-preview":"max-video-preview:-1"},"canonical":"https:\/\/schulen-rommerskirchen.de\/kastanienschule-hoeningen\/ogs\/speiseplan\/","og_locale":"de_DE","og_type":"article","og_title":"Speiseplan - Kastanienschule Hoeningen","og_description":"Die OGS erh\u00e4lt t\u00e4glich frisches und regionales sowie saisonales Essen von der Firma Varius Werkst\u00e4tten.","og_url":"https:\/\/schulen-rommerskirchen.de\/kastanienschule-hoeningen\/ogs\/speiseplan\/","og_site_name":"Kastanienschule Hoeningen","article_modified_time":"2024-09-09T10:36:06+00:00","schema":{"@context":"https:\/\/schema.org","@graph":[{"@type":"WebPage","@id":"https:\/\/schulen-rommerskirchen.de\/kastanienschule-hoeningen\/ogs\/speiseplan\/","url":"https:\/\/schulen-rommerskirchen.de\/kastanienschule-hoeningen\/ogs\/speiseplan\/","name":"Speiseplan - Kastanienschule Hoeningen","isPartOf":{"@id":"https:\/\/schulen-rommerskirchen.de\/kastanienschule-hoeningen\/#website"},"datePublished":"2021-08-04T15:01:49+00:00","dateModified":"2024-09-09T10:36:06+00:00","description":"Die OGS erh\u00e4lt t\u00e4glich frisches und regionales sowie saisonales Essen von der Firma Varius Werkst\u00e4tten.","breadcrumb":{"@id":"https:\/\/schulen-rommerskirchen.de\/kastanienschule-hoeningen\/ogs\/speiseplan\/#breadcrumb"},"inLanguage":"de","potentialAction":[{"@type":"ReadAction","target":["https:\/\/schulen-rommerskirchen.de\/kastanienschule-hoeningen\/ogs\/speiseplan\/"]}]},{"@type":"BreadcrumbList","@id":"https:\/\/schulen-rommerskirchen.de\/kastanienschule-hoeningen\/ogs\/speiseplan\/#breadcrumb","itemListElement":[{"@type":"ListItem","position":1,"name":"Startseite","item":"https:\/\/schulen-rommerskirchen.de\/kastanienschule-hoeningen\/"},{"@type":"ListItem","position":2,"name":"OGS","item":"https:\/\/schulen-rommerskirchen.de\/kastanienschule-hoeningen\/ogs\/"},{"@type":"ListItem","position":3,"name":"Speiseplan"}]},{"@type":"WebSite","@id":"https:\/\/schulen-rommerskirchen.de\/kastanienschule-hoeningen\/#website","url":"https:\/\/schulen-rommerskirchen.de\/kastanienschule-hoeningen\/","name":"Kastanienschule Hoeningen","description":"Eine weitere Schulen - Rommerskirchen Websites Website","publisher":{"@id":"https:\/\/schulen-rommerskirchen.de\/kastanienschule-hoeningen\/#organization"},"potentialAction":[{"@type":"SearchAction","target":{"@type":"EntryPoint","urlTemplate":"https:\/\/schulen-rommerskirchen.de\/kastanienschule-hoeningen\/?s={search_term_string}"},"query-input":{"@type":"PropertyValueSpecification","valueRequired":true,"valueName":"search_term_string"}}],"inLanguage":"de"},{"@type":"Organization","@id":"https:\/\/schulen-rommerskirchen.de\/kastanienschule-hoeningen\/#organization","name":"Kastanienschule Hoeningen","alternateName":"Kastanienschule","url":"https:\/\/schulen-rommerskirchen.de\/kastanienschule-hoeningen\/","logo":{"@type":"ImageObject","inLanguage":"de","@id":"https:\/\/schulen-rommerskirchen.de\/kastanienschule-hoeningen\/#\/schema\/logo\/image\/","url":"https:\/\/schulen-rommerskirchen.de\/kastanienschule-hoeningen\/wp-content\/uploads\/sites\/4\/2021\/08\/logo-kastanienschule.png","contentUrl":"https:\/\/schulen-rommerskirchen.de\/kastanienschule-hoeningen\/wp-content\/uploads\/sites\/4\/2021\/08\/logo-kastanienschule.png","width":178,"height":214,"caption":"Kastanienschule Hoeningen"},"image":{"@id":"https:\/\/schulen-rommerskirchen.de\/kastanienschule-hoeningen\/#\/schema\/logo\/image\/"}}]}},"publishpress_future_action":{"enabled":false,"date":"2026-04-21 10:15:06","action":"change-status","newStatus":"draft","terms":[],"taxonomy":"","extraData":[]},"publishpress_future_workflow_manual_trigger":{"enabledWorkflows":[]},"_links":{"self":[{"href":"https:\/\/schulen-rommerskirchen.de\/kastanienschule-hoeningen\/wp-json\/wp\/v2\/pages\/94","targetHints":{"allow":["GET"]}}],"collection":[{"href":"https:\/\/schulen-rommerskirchen.de\/kastanienschule-hoeningen\/wp-json\/wp\/v2\/pages"}],"about":[{"href":"https:\/\/schulen-rommerskirchen.de\/kastanienschule-hoeningen\/wp-json\/wp\/v2\/types\/page"}],"author":[{"embeddable":true,"href":"https:\/\/schulen-rommerskirchen.de\/kastanienschule-hoeningen\/wp-json\/wp\/v2\/users\/1"}],"replies":[{"embeddable":true,"href":"https:\/\/schulen-rommerskirchen.de\/kastanienschule-hoeningen\/wp-json\/wp\/v2\/comments?post=94"}],"version-history":[{"count":12,"href":"https:\/\/schulen-rommerskirchen.de\/kastanienschule-hoeningen\/wp-json\/wp\/v2\/pages\/94\/revisions"}],"predecessor-version":[{"id":1721,"href":"https:\/\/schulen-rommerskirchen.de\/kastanienschule-hoeningen\/wp-json\/wp\/v2\/pages\/94\/revisions\/1721"}],"up":[{"embeddable":true,"href":"https:\/\/schulen-rommerskirchen.de\/kastanienschule-hoeningen\/wp-json\/wp\/v2\/pages\/39"}],"wp:attachment":[{"href":"https:\/\/schulen-rommerskirchen.de\/kastanienschule-hoeningen\/wp-json\/wp\/v2\/media?parent=94"}],"curies":[{"name":"wp","href":"https:\/\/api.w.org\/{rel}","templated":true}]}}