{"id":57,"date":"2021-08-04T16:54:51","date_gmt":"2021-08-04T14:54:51","guid":{"rendered":"https:\/\/schulen-rommerskirchen.de\/kastanienschule-hoeningen\/?page_id=57"},"modified":"2023-07-06T12:40:23","modified_gmt":"2023-07-06T10:40:23","slug":"schulhymne","status":"publish","type":"page","link":"https:\/\/schulen-rommerskirchen.de\/kastanienschule-hoeningen\/schulleben\/schulhymne\/","title":{"rendered":"Schulhymne"},"content":{"rendered":"<p>[et_pb_section fb_built=&#8220;1&#8243; _builder_version=&#8220;4.20.4&#8243; use_background_color_gradient=&#8220;on&#8220; background_color_gradient_stops=&#8220;#ecf2ff 0%|#ffffff 100%&#8220; background_color_gradient_start=&#8220;#ffffff&#8220; background_color_gradient_start_position=&#8220;10%&#8220; background_color_gradient_end=&#8220;#ecf2ff&#8220; background_image=&#8220;https:\/\/schulen-rommerskirchen.de\/kastanienschule-hoeningen\/wp-content\/uploads\/sites\/4\/2021\/08\/shapes-bg-1.png&#8220; parallax=&#8220;on&#8220; custom_padding=&#8220;0px||2vw||false|false&#8220; global_colors_info=&#8220;{}&#8220; theme_builder_area=&#8220;post_content&#8220;][et_pb_row admin_label=&#8220;ganze bunte Welle &#8211; NICHT L\u00d6SCHEN&#8220; hide_aria_element=&#8220;on&#8220; _builder_version=&#8220;4.20.4&#8243; _module_preset=&#8220;default&#8220; width=&#8220;100%&#8220; max_width=&#8220;100%&#8220; custom_margin=&#8220;0px||||false|false&#8220; custom_padding=&#8220;1em||||false|false&#8220; global_module=&#8220;641&#8243; saved_tabs=&#8220;all&#8220; global_colors_info=&#8220;{}&#8220; theme_builder_area=&#8220;post_content&#8220;][et_pb_column type=&#8220;4_4&#8243; _builder_version=&#8220;4.20.1&#8243; _module_preset=&#8220;default&#8220; global_colors_info=&#8220;{}&#8220; theme_builder_area=&#8220;post_content&#8220;][et_pb_image src=&#8220;https:\/\/schulen-rommerskirchen.de\/kastanienschule-hoeningen\/wp-content\/uploads\/sites\/4\/2023\/03\/wel-3f-header-voll.png&#8220; title_text=&#8220;wel-3f-header-voll&#8220; admin_label=&#8220;farbige Welle &#8211; us&#8220; module_class=&#8220;buntewelle&#8220; _builder_version=&#8220;4.20.4&#8243; _module_preset=&#8220;default&#8220; position_origin_a=&#8220;bottom_center&#8220; z_index=&#8220;100&#8243; width=&#8220;100%&#8220; max_width=&#8220;100%&#8220; custom_padding=&#8220;0.8em||||false|false&#8220; global_module=&#8220;668&#8243; saved_tabs=&#8220;all&#8220; global_colors_info=&#8220;{}&#8220; theme_builder_area=&#8220;post_content&#8220;][\/et_pb_image][\/et_pb_column][\/et_pb_row][et_pb_row custom_padding_last_edited=&#8220;off|desktop&#8220; _builder_version=&#8220;4.19.5&#8243; _module_preset=&#8220;default&#8220; global_colors_info=&#8220;{}&#8220; theme_builder_area=&#8220;post_content&#8220;][et_pb_column type=&#8220;4_4&#8243; _builder_version=&#8220;4.19.5&#8243; _module_preset=&#8220;default&#8220; global_colors_info=&#8220;{}&#8220; theme_builder_area=&#8220;post_content&#8220;][et_pb_text admin_label=&#8220;\u00dcberschrift&#8220; _builder_version=&#8220;4.20.4&#8243; _module_preset=&#8220;default&#8220; text_font_size=&#8220;18px&#8220; header_text_align=&#8220;center&#8220; text_orientation=&#8220;center&#8220; hover_enabled=&#8220;0&#8243; global_colors_info=&#8220;{}&#8220; theme_builder_area=&#8220;post_content&#8220; sticky_enabled=&#8220;0&#8243;]<\/p>\n<h1>Schulhymne<\/h1>\n<p>&nbsp;<\/p>\n<p>[\/et_pb_text][\/et_pb_column][\/et_pb_row][et_pb_row _builder_version=&#8220;4.20.1&#8243; _module_preset=&#8220;default&#8220; global_colors_info=&#8220;{}&#8220; theme_builder_area=&#8220;post_content&#8220;][et_pb_column type=&#8220;4_4&#8243; _builder_version=&#8220;4.20.1&#8243; _module_preset=&#8220;default&#8220; global_colors_info=&#8220;{}&#8220; theme_builder_area=&#8220;post_content&#8220;][et_pb_text _builder_version=&#8220;4.20.4&#8243; _module_preset=&#8220;default&#8220; text_font=&#8220;||||||||&#8220; text_orientation=&#8220;center&#8220; custom_padding=&#8220;||1px|||&#8220; hover_enabled=&#8220;0&#8243; global_colors_info=&#8220;{}&#8220; theme_builder_area=&#8220;post_content&#8220; sticky_enabled=&#8220;0&#8243;]<\/p>\n<p><span style=\"color: #99cc00;\">Kastanienschule Hoeningen<\/span><br \/><span style=\"color: #99cc00;\">Kastanienschule Hoeningen<\/span><\/p>\n<p>Gemeinsam feiern wir mit euch<br \/>und singen unseren Namen heut`<\/p>\n<p><span style=\"color: #99cc00;\">Kastanienschule Hoeningen<\/span><br \/><span style=\"color: #99cc00;\">Kastanienschule Hoeningen<\/span><\/p>\n<p>Wir pflanzen einen kleinen Baum<br \/>und geben seinem Wachsen Raum.<\/p>\n<p><span style=\"color: #99cc00;\">Kastanienschule Hoeningen<\/span><br \/><span style=\"color: #99cc00;\">Kastanienschule Hoeningen<\/span><\/p>\n<p>Im Fr\u00fchling lockt die Bl\u00fctenpracht,<br \/>im Sommer k\u00fchlt dein Bl\u00e4tterdach,<br \/>im Herbst erfreu\u00b4n die Farben sehr<br \/>im Winter machst du auch was her.<\/p>\n<p><span style=\"color: #99cc00;\">Kastanienschule Hoeningen<\/span><br \/><span style=\"color: #99cc00;\">Kastanienschule Hoeningen<\/span><\/p>\n<p>Gemeinsam gibt es viele Sachen:<br \/>Rechnen, Schreiben, Singen, Lachen.<br \/>Miteinander lernen wir, viele Freunde sind wir hier.<\/p>\n<p><span style=\"color: #99cc00;\">Kastanienschule Hoeningen<\/span><\/p>\n<p><em>Melodie: Go west \u2013 Pet Shop Boys<\/em><\/p>\n<p>[\/et_pb_text][\/et_pb_column][\/et_pb_row][\/et_pb_section]<\/p>\n","protected":false},"excerpt":{"rendered":"<p>Schulhymne &nbsp;Kastanienschule HoeningenKastanienschule Hoeningen Gemeinsam feiern wir mit euchund singen unseren Namen heut` Kastanienschule HoeningenKastanienschule Hoeningen Wir pflanzen einen kleinen Baumund geben seinem Wachsen Raum. Kastanienschule HoeningenKastanienschule Hoeningen Im Fr\u00fchling lockt die Bl\u00fctenpracht,im Sommer k\u00fchlt dein Bl\u00e4tterdach,im Herbst erfreu\u00b4n die Farben sehrim Winter machst du auch was her. Kastanienschule HoeningenKastanienschule Hoeningen Gemeinsam gibt es viele [&hellip;]<\/p>\n","protected":false},"author":1,"featured_media":0,"parent":37,"menu_order":4,"comment_status":"closed","ping_status":"closed","template":"","meta":{"_et_pb_use_builder":"on","_et_pb_old_content":"<!-- wp:divi\/placeholder \/-->","_et_gb_content_width":"","inline_featured_image":false,"footnotes":"","_links_to":"","_links_to_target":""},"class_list":["post-57","page","type-page","status-publish","hentry"],"yoast_head":"<!-- This site is optimized with the Yoast SEO plugin v27.2 - https:\/\/yoast.com\/product\/yoast-seo-wordpress\/ -->\n<title>Schulhymne - Kastanienschule Hoeningen<\/title>\n<meta name=\"robots\" content=\"index, follow, max-snippet:-1, max-image-preview:large, max-video-preview:-1\" \/>\n<link rel=\"canonical\" href=\"https:\/\/schulen-rommerskirchen.de\/kastanienschule-hoeningen\/schulleben\/schulhymne\/\" \/>\n<meta property=\"og:locale\" content=\"de_DE\" \/>\n<meta property=\"og:type\" content=\"article\" \/>\n<meta property=\"og:title\" content=\"Schulhymne - Kastanienschule Hoeningen\" \/>\n<meta property=\"og:description\" content=\"Schulhymne &nbsp;Kastanienschule HoeningenKastanienschule Hoeningen Gemeinsam feiern wir mit euchund singen unseren Namen heut` Kastanienschule HoeningenKastanienschule Hoeningen Wir pflanzen einen kleinen Baumund geben seinem Wachsen Raum. Kastanienschule HoeningenKastanienschule Hoeningen Im Fr\u00fchling lockt die Bl\u00fctenpracht,im Sommer k\u00fchlt dein Bl\u00e4tterdach,im Herbst erfreu\u00b4n die Farben sehrim Winter machst du auch was her. Kastanienschule HoeningenKastanienschule Hoeningen Gemeinsam gibt es viele [&hellip;]\" \/>\n<meta property=\"og:url\" content=\"https:\/\/schulen-rommerskirchen.de\/kastanienschule-hoeningen\/schulleben\/schulhymne\/\" \/>\n<meta property=\"og:site_name\" content=\"Kastanienschule Hoeningen\" \/>\n<meta property=\"article:modified_time\" content=\"2023-07-06T10:40:23+00:00\" \/>\n<script type=\"application\/ld+json\" class=\"yoast-schema-graph\">{\"@context\":\"https:\/\/schema.org\",\"@graph\":[{\"@type\":\"WebPage\",\"@id\":\"https:\/\/schulen-rommerskirchen.de\/kastanienschule-hoeningen\/schulleben\/schulhymne\/\",\"url\":\"https:\/\/schulen-rommerskirchen.de\/kastanienschule-hoeningen\/schulleben\/schulhymne\/\",\"name\":\"Schulhymne - Kastanienschule Hoeningen\",\"isPartOf\":{\"@id\":\"https:\/\/schulen-rommerskirchen.de\/kastanienschule-hoeningen\/#website\"},\"datePublished\":\"2021-08-04T14:54:51+00:00\",\"dateModified\":\"2023-07-06T10:40:23+00:00\",\"breadcrumb\":{\"@id\":\"https:\/\/schulen-rommerskirchen.de\/kastanienschule-hoeningen\/schulleben\/schulhymne\/#breadcrumb\"},\"inLanguage\":\"de\",\"potentialAction\":[{\"@type\":\"ReadAction\",\"target\":[\"https:\/\/schulen-rommerskirchen.de\/kastanienschule-hoeningen\/schulleben\/schulhymne\/\"]}]},{\"@type\":\"BreadcrumbList\",\"@id\":\"https:\/\/schulen-rommerskirchen.de\/kastanienschule-hoeningen\/schulleben\/schulhymne\/#breadcrumb\",\"itemListElement\":[{\"@type\":\"ListItem\",\"position\":1,\"name\":\"Startseite\",\"item\":\"https:\/\/schulen-rommerskirchen.de\/kastanienschule-hoeningen\/\"},{\"@type\":\"ListItem\",\"position\":2,\"name\":\"Schulleben\",\"item\":\"https:\/\/schulen-rommerskirchen.de\/kastanienschule-hoeningen\/schulleben\/\"},{\"@type\":\"ListItem\",\"position\":3,\"name\":\"Schulhymne\"}]},{\"@type\":\"WebSite\",\"@id\":\"https:\/\/schulen-rommerskirchen.de\/kastanienschule-hoeningen\/#website\",\"url\":\"https:\/\/schulen-rommerskirchen.de\/kastanienschule-hoeningen\/\",\"name\":\"Kastanienschule Hoeningen\",\"description\":\"Eine weitere Schulen - Rommerskirchen Websites Website\",\"publisher\":{\"@id\":\"https:\/\/schulen-rommerskirchen.de\/kastanienschule-hoeningen\/#organization\"},\"potentialAction\":[{\"@type\":\"SearchAction\",\"target\":{\"@type\":\"EntryPoint\",\"urlTemplate\":\"https:\/\/schulen-rommerskirchen.de\/kastanienschule-hoeningen\/?s={search_term_string}\"},\"query-input\":{\"@type\":\"PropertyValueSpecification\",\"valueRequired\":true,\"valueName\":\"search_term_string\"}}],\"inLanguage\":\"de\"},{\"@type\":\"Organization\",\"@id\":\"https:\/\/schulen-rommerskirchen.de\/kastanienschule-hoeningen\/#organization\",\"name\":\"Kastanienschule Hoeningen\",\"alternateName\":\"Kastanienschule\",\"url\":\"https:\/\/schulen-rommerskirchen.de\/kastanienschule-hoeningen\/\",\"logo\":{\"@type\":\"ImageObject\",\"inLanguage\":\"de\",\"@id\":\"https:\/\/schulen-rommerskirchen.de\/kastanienschule-hoeningen\/#\/schema\/logo\/image\/\",\"url\":\"https:\/\/schulen-rommerskirchen.de\/kastanienschule-hoeningen\/wp-content\/uploads\/sites\/4\/2021\/08\/logo-kastanienschule.png\",\"contentUrl\":\"https:\/\/schulen-rommerskirchen.de\/kastanienschule-hoeningen\/wp-content\/uploads\/sites\/4\/2021\/08\/logo-kastanienschule.png\",\"width\":178,\"height\":214,\"caption\":\"Kastanienschule Hoeningen\"},\"image\":{\"@id\":\"https:\/\/schulen-rommerskirchen.de\/kastanienschule-hoeningen\/#\/schema\/logo\/image\/\"}}]}<\/script>\n<!-- \/ Yoast SEO plugin. -->","yoast_head_json":{"title":"Schulhymne - Kastanienschule Hoeningen","robots":{"index":"index","follow":"follow","max-snippet":"max-snippet:-1","max-image-preview":"max-image-preview:large","max-video-preview":"max-video-preview:-1"},"canonical":"https:\/\/schulen-rommerskirchen.de\/kastanienschule-hoeningen\/schulleben\/schulhymne\/","og_locale":"de_DE","og_type":"article","og_title":"Schulhymne - Kastanienschule Hoeningen","og_description":"Schulhymne &nbsp;Kastanienschule HoeningenKastanienschule Hoeningen Gemeinsam feiern wir mit euchund singen unseren Namen heut` Kastanienschule HoeningenKastanienschule Hoeningen Wir pflanzen einen kleinen Baumund geben seinem Wachsen Raum. Kastanienschule HoeningenKastanienschule Hoeningen Im Fr\u00fchling lockt die Bl\u00fctenpracht,im Sommer k\u00fchlt dein Bl\u00e4tterdach,im Herbst erfreu\u00b4n die Farben sehrim Winter machst du auch was her. Kastanienschule HoeningenKastanienschule Hoeningen Gemeinsam gibt es viele [&hellip;]","og_url":"https:\/\/schulen-rommerskirchen.de\/kastanienschule-hoeningen\/schulleben\/schulhymne\/","og_site_name":"Kastanienschule Hoeningen","article_modified_time":"2023-07-06T10:40:23+00:00","schema":{"@context":"https:\/\/schema.org","@graph":[{"@type":"WebPage","@id":"https:\/\/schulen-rommerskirchen.de\/kastanienschule-hoeningen\/schulleben\/schulhymne\/","url":"https:\/\/schulen-rommerskirchen.de\/kastanienschule-hoeningen\/schulleben\/schulhymne\/","name":"Schulhymne - Kastanienschule Hoeningen","isPartOf":{"@id":"https:\/\/schulen-rommerskirchen.de\/kastanienschule-hoeningen\/#website"},"datePublished":"2021-08-04T14:54:51+00:00","dateModified":"2023-07-06T10:40:23+00:00","breadcrumb":{"@id":"https:\/\/schulen-rommerskirchen.de\/kastanienschule-hoeningen\/schulleben\/schulhymne\/#breadcrumb"},"inLanguage":"de","potentialAction":[{"@type":"ReadAction","target":["https:\/\/schulen-rommerskirchen.de\/kastanienschule-hoeningen\/schulleben\/schulhymne\/"]}]},{"@type":"BreadcrumbList","@id":"https:\/\/schulen-rommerskirchen.de\/kastanienschule-hoeningen\/schulleben\/schulhymne\/#breadcrumb","itemListElement":[{"@type":"ListItem","position":1,"name":"Startseite","item":"https:\/\/schulen-rommerskirchen.de\/kastanienschule-hoeningen\/"},{"@type":"ListItem","position":2,"name":"Schulleben","item":"https:\/\/schulen-rommerskirchen.de\/kastanienschule-hoeningen\/schulleben\/"},{"@type":"ListItem","position":3,"name":"Schulhymne"}]},{"@type":"WebSite","@id":"https:\/\/schulen-rommerskirchen.de\/kastanienschule-hoeningen\/#website","url":"https:\/\/schulen-rommerskirchen.de\/kastanienschule-hoeningen\/","name":"Kastanienschule Hoeningen","description":"Eine weitere Schulen - Rommerskirchen Websites Website","publisher":{"@id":"https:\/\/schulen-rommerskirchen.de\/kastanienschule-hoeningen\/#organization"},"potentialAction":[{"@type":"SearchAction","target":{"@type":"EntryPoint","urlTemplate":"https:\/\/schulen-rommerskirchen.de\/kastanienschule-hoeningen\/?s={search_term_string}"},"query-input":{"@type":"PropertyValueSpecification","valueRequired":true,"valueName":"search_term_string"}}],"inLanguage":"de"},{"@type":"Organization","@id":"https:\/\/schulen-rommerskirchen.de\/kastanienschule-hoeningen\/#organization","name":"Kastanienschule Hoeningen","alternateName":"Kastanienschule","url":"https:\/\/schulen-rommerskirchen.de\/kastanienschule-hoeningen\/","logo":{"@type":"ImageObject","inLanguage":"de","@id":"https:\/\/schulen-rommerskirchen.de\/kastanienschule-hoeningen\/#\/schema\/logo\/image\/","url":"https:\/\/schulen-rommerskirchen.de\/kastanienschule-hoeningen\/wp-content\/uploads\/sites\/4\/2021\/08\/logo-kastanienschule.png","contentUrl":"https:\/\/schulen-rommerskirchen.de\/kastanienschule-hoeningen\/wp-content\/uploads\/sites\/4\/2021\/08\/logo-kastanienschule.png","width":178,"height":214,"caption":"Kastanienschule Hoeningen"},"image":{"@id":"https:\/\/schulen-rommerskirchen.de\/kastanienschule-hoeningen\/#\/schema\/logo\/image\/"}}]}},"publishpress_future_action":{"enabled":false,"date":"2026-04-26 10:28:49","action":"change-status","newStatus":"draft","terms":[],"taxonomy":"","extraData":[]},"publishpress_future_workflow_manual_trigger":{"enabledWorkflows":[]},"_links":{"self":[{"href":"https:\/\/schulen-rommerskirchen.de\/kastanienschule-hoeningen\/wp-json\/wp\/v2\/pages\/57","targetHints":{"allow":["GET"]}}],"collection":[{"href":"https:\/\/schulen-rommerskirchen.de\/kastanienschule-hoeningen\/wp-json\/wp\/v2\/pages"}],"about":[{"href":"https:\/\/schulen-rommerskirchen.de\/kastanienschule-hoeningen\/wp-json\/wp\/v2\/types\/page"}],"author":[{"embeddable":true,"href":"https:\/\/schulen-rommerskirchen.de\/kastanienschule-hoeningen\/wp-json\/wp\/v2\/users\/1"}],"replies":[{"embeddable":true,"href":"https:\/\/schulen-rommerskirchen.de\/kastanienschule-hoeningen\/wp-json\/wp\/v2\/comments?post=57"}],"version-history":[{"count":3,"href":"https:\/\/schulen-rommerskirchen.de\/kastanienschule-hoeningen\/wp-json\/wp\/v2\/pages\/57\/revisions"}],"predecessor-version":[{"id":716,"href":"https:\/\/schulen-rommerskirchen.de\/kastanienschule-hoeningen\/wp-json\/wp\/v2\/pages\/57\/revisions\/716"}],"up":[{"embeddable":true,"href":"https:\/\/schulen-rommerskirchen.de\/kastanienschule-hoeningen\/wp-json\/wp\/v2\/pages\/37"}],"wp:attachment":[{"href":"https:\/\/schulen-rommerskirchen.de\/kastanienschule-hoeningen\/wp-json\/wp\/v2\/media?parent=57"}],"curies":[{"name":"wp","href":"https:\/\/api.w.org\/{rel}","templated":true}]}}