{"id":53,"date":"2021-08-04T16:54:11","date_gmt":"2021-08-04T14:54:11","guid":{"rendered":"https:\/\/schulen-rommerskirchen.de\/kastanienschule-hoeningen\/?page_id=53"},"modified":"2024-04-29T10:05:38","modified_gmt":"2024-04-29T08:05:38","slug":"schulordnung","status":"publish","type":"page","link":"https:\/\/schulen-rommerskirchen.de\/kastanienschule-hoeningen\/schulleben\/schulordnung\/","title":{"rendered":"Schulordnung"},"content":{"rendered":"<p>[et_pb_section fb_built=&#8220;1&#8243; _builder_version=&#8220;4.24.3&#8243; _module_preset=&#8220;default&#8220; custom_margin=&#8220;||||false|false&#8220; custom_padding=&#8220;0px||||false|false&#8220; hover_enabled=&#8220;0&#8243; global_colors_info=&#8220;{}&#8220; use_background_color_gradient=&#8220;on&#8220; background_color_gradient_stops=&#8220;#ecf2ff 0%|#ffffff 100%&#8220; background_color_gradient_start=&#8220;#ffffff&#8220; background_color_gradient_start_position=&#8220;10%&#8220; background_color_gradient_end=&#8220;#ecf2ff&#8220; background_image=&#8220;https:\/\/schulen-rommerskirchen.de\/ggs-frixheim\/wp-content\/uploads\/sites\/3\/2023\/03\/shapes-bg-1.png&#8220; parallax=&#8220;on&#8220; sticky_enabled=&#8220;0&#8243;][et_pb_row admin_label=&#8220;ganze bunte Welle &#8211; NICHT L\u00d6SCHEN&#8220; hide_aria_element=&#8220;on&#8220; _builder_version=&#8220;4.20.1&#8243; _module_preset=&#8220;default&#8220; width=&#8220;100%&#8220; max_width=&#8220;100%&#8220; custom_margin=&#8220;0px||||false|false&#8220; custom_padding=&#8220;0px||||false|false&#8220; global_module=&#8220;560&#8243; saved_tabs=&#8220;all&#8220; global_colors_info=&#8220;{}&#8220;][et_pb_column type=&#8220;4_4&#8243; _builder_version=&#8220;4.20.1&#8243; _module_preset=&#8220;default&#8220; global_colors_info=&#8220;{}&#8220;][et_pb_image src=&#8220;https:\/\/schulen-rommerskirchen.de\/kastanienschule-hoeningen\/wp-content\/uploads\/sites\/4\/2023\/03\/wel-3f-header-voll.png&#8220; alt=&#8220;Welle&#8220; title_text=&#8220;Welle&#8220; force_fullwidth=&#8220;on&#8220; admin_label=&#8220;bunte Welle voll&#8220; hide_aria_element=&#8220;on&#8220; _builder_version=&#8220;4.20.1&#8243; _module_preset=&#8220;default&#8220; custom_margin=&#8220;0px||||false|false&#8220; custom_padding=&#8220;0px||||false|false&#8220; global_colors_info=&#8220;{}&#8220;][\/et_pb_image][\/et_pb_column][\/et_pb_row][et_pb_row custom_padding_last_edited=&#8220;off|desktop&#8220; _builder_version=&#8220;4.19.5&#8243; _module_preset=&#8220;default&#8220; custom_padding_tablet=&#8220;30px||0px||false|false&#8220; global_colors_info=&#8220;{}&#8220;][et_pb_column type=&#8220;4_4&#8243; _builder_version=&#8220;4.16&#8243; _module_preset=&#8220;default&#8220; global_colors_info=&#8220;{}&#8220;][et_pb_text admin_label=&#8220;\u00dcberschrift&#8220; _builder_version=&#8220;4.20.4&#8243; _module_preset=&#8220;default&#8220; header_text_align=&#8220;center&#8220; global_colors_info=&#8220;{}&#8220;]<\/p>\n<h1>Die Schulordnung<\/h1>\n<p>[\/et_pb_text][et_pb_text _builder_version=&#8220;4.20.4&#8243; _module_preset=&#8220;default&#8220; text_orientation=&#8220;center&#8220; global_colors_info=&#8220;{}&#8220;]<\/p>\n<p>In unserer Schule wollen wir lernen und uns alle wohlf\u00fchlen. <br \/>Darum gehen wir im Schulalltag h\u00f6flich und r\u00fccksichtsvoll miteinander um. <br \/>Dabei helfen uns einige Regeln, an die sich jeder von uns halten muss.<\/p>\n<p>[\/et_pb_text][\/et_pb_column][\/et_pb_row][et_pb_row column_structure=&#8220;1_2,1_2&#8243; make_equal=&#8220;on&#8220; _builder_version=&#8220;4.20.4&#8243; _module_preset=&#8220;default&#8220; global_colors_info=&#8220;{}&#8220;][et_pb_column type=&#8220;1_2&#8243; _builder_version=&#8220;4.20.4&#8243; _module_preset=&#8220;default&#8220; background_color=&#8220;#ffffff&#8220; custom_padding=&#8220;1.5em|1.5em|1.5em|1.5em|true|true&#8220; border_radii=&#8220;on|8px|8px|8px|8px&#8220; box_shadow_style=&#8220;preset3&#8243; global_colors_info=&#8220;{}&#8220;][et_pb_text ol_position=&#8220;outside&#8220; ol_item_indent=&#8220;1em&#8220; _builder_version=&#8220;4.20.4&#8243; _module_preset=&#8220;default&#8220; header_2_font_size=&#8220;30px&#8220; global_colors_info=&#8220;{}&#8220;]<\/p>\n<h2>So verhalte ich mich gegen\u00fcber anderen:<\/h2>\n<ol>\n<li>\u201eBitte\u201c, \u201eDanke\u201c, \u201eEntschuldigung\u201c und ein freundliches Gr\u00fc\u00dfen sind f\u00fcr eine gute Schulatmosph\u00e4re notwendig und f\u00fcr mich selbstverst\u00e4ndlich.<br \/>Ich verhalte mich anderen Kindern und Erwachsenen gegen\u00fcber<br \/>freundlich und respektvoll.<\/li>\n<li>Ich beleidige niemanden mit Worten und Zeichen und bedrohe niemanden. Schimpfw\u00f6rter sind verboten.<\/li>\n<li>Ich tue anderen nicht weh und verletze niemanden. Verboten sind:<br \/>Schlagen, treten, bei\u00dfen, kratzen, w\u00fcrgen, anspucken, an den Haaren ziehen, mit Steinen werfen. Selbstverst\u00e4ndlich bringe ich keine Messer und auch keine Spielzeugwaffen mit in die Schule.<\/li>\n<li>Ich nehme keine fremden Sachen weg und besch\u00e4dige nichts mit Absicht.<\/li>\n<li>Ich befolge die Anordnungen der Lehrerinnen und anderen Aufsichtspersonen.<\/li>\n<\/ol>\n<p>[\/et_pb_text][\/et_pb_column][et_pb_column type=&#8220;1_2&#8243; _builder_version=&#8220;4.20.4&#8243; _module_preset=&#8220;default&#8220; background_color=&#8220;#ffffff&#8220; custom_padding=&#8220;1.5em|1.5em|1.5em|1.5em|true|true&#8220; border_radii=&#8220;on|8px|8px|8px|8px&#8220; box_shadow_style=&#8220;preset3&#8243; global_colors_info=&#8220;{}&#8220;][et_pb_text ol_position=&#8220;outside&#8220; ol_item_indent=&#8220;1.5em&#8220; _builder_version=&#8220;4.22.0&#8243; _module_preset=&#8220;default&#8220; header_2_font_size=&#8220;30px&#8220; global_colors_info=&#8220;{}&#8220;]<\/p>\n<h2>So verhalte ich mich auf dem Schulhof und im Geb\u00e4ude:<\/h2>\n<ol start=\"6\">\n<li>Probleme und Streitigkeiten versuche ich selbst friedlich zu l\u00f6sen.<br \/>Ansonsten wende ich mich an die Aufsicht.<\/li>\n<li>Morgens darf ich ab 7.45 Uhr nach dem ersten Klingeln in die Klasse<br \/>gehen.<\/li>\n<li>In den Schulhofpausen und vor der zweiten Stunde halte ich mich nicht im Schulgeb\u00e4ude auf.<\/li>\n<li>Ich verlasse den Schulhof nicht.<\/li>\n<li>Auf dem Schulgel\u00e4nde schiebe ich mein Fahrrad oder meinen Roller.<\/li>\n<li>An den Schaukeln wechsle ich mich nach dem langsamen Z\u00e4hlen bis 60 ab.<\/li>\n<li>Ich klettere nicht auf die Tischtennisplatten, Fensterb\u00e4nke oder<br \/>M\u00fclltonnenh\u00e4uschen und trete nicht dagegen.<\/li>\n<li>Der Schulgarten geh\u00f6rt nicht zum Spielgel\u00e4nde. Ich achte darauf, dass<br \/>ich dort nichts besch\u00e4dige.<\/li>\n<li>Ich besch\u00e4dige keine Pflanzen.<\/li>\n<li>Ich gehe nach dem Klingeln leise und langsam in die Klasse.<\/li>\n<li>Im Schulgeb\u00e4ude bin ich leise und renne nicht.<\/li>\n<li>W\u00e4hrend der Regenpause bleibe ich in meiner Klasse.<\/li>\n<li>\u00a0Ich werfe meinen M\u00fcll in den M\u00fclleimer.<\/li>\n<li>Die Toiletten betrete ich nur, wenn es n\u00f6tig ist. Sie sind kein Spielplatz.\n<ul>\n<li>Ich muss die Toilette sauber verlassen.<\/li>\n<li>Ich wasche mir nach der Benutzung die H\u00e4nde.<\/li>\n<li>Ich verstopfe die Toiletten oder Waschbecken nicht mit Papier.<\/li>\n<li>Ich mache nicht neben die Toilette und auch nicht ins Waschbecken.<\/li>\n<li>Ich halte anderen nicht die Toilettent\u00fcren zu.<\/li>\n<li>Ich gucke nicht unter oder \u00fcber die Toilettent\u00fcren.<\/li>\n<li>Ich klettere nicht \u00fcber oder unter die Toilettent\u00fcren.<\/li>\n<\/ul>\n<\/li>\n<li>Smartphones und Smartwatches mit Telefon- und\/oder<br \/>Aufnahmefunktion darf ich nicht mit in die Schule bringen.<\/li>\n<li>Ich beachte unsere Klassenregel.<\/li>\n<\/ol>\n<p>[\/et_pb_text][\/et_pb_column][\/et_pb_row][\/et_pb_section]<\/p>\n","protected":false},"excerpt":{"rendered":"<p>Die SchulordnungIn unserer Schule wollen wir lernen und uns alle wohlf\u00fchlen. Darum gehen wir im Schulalltag h\u00f6flich und r\u00fccksichtsvoll miteinander um. Dabei helfen uns einige Regeln, an die sich jeder von uns halten muss.So verhalte ich mich gegen\u00fcber anderen: \u201eBitte\u201c, \u201eDanke\u201c, \u201eEntschuldigung\u201c und ein freundliches Gr\u00fc\u00dfen sind f\u00fcr eine gute Schulatmosph\u00e4re notwendig und f\u00fcr mich [&hellip;]<\/p>\n","protected":false},"author":1,"featured_media":0,"parent":37,"menu_order":3,"comment_status":"closed","ping_status":"closed","template":"","meta":{"_et_pb_use_builder":"on","_et_pb_old_content":"<!-- wp:divi\/placeholder \/-->","_et_gb_content_width":"","inline_featured_image":false,"footnotes":"","_links_to":"","_links_to_target":""},"class_list":["post-53","page","type-page","status-publish","hentry"],"yoast_head":"<!-- This site is optimized with the Yoast SEO plugin v27.5 - https:\/\/yoast.com\/product\/yoast-seo-wordpress\/ -->\n<title>Schulordnung - Kastanienschule Hoeningen<\/title>\n<meta name=\"robots\" content=\"index, follow, max-snippet:-1, max-image-preview:large, max-video-preview:-1\" \/>\n<link rel=\"canonical\" href=\"https:\/\/schulen-rommerskirchen.de\/kastanienschule-hoeningen\/schulleben\/schulordnung\/\" \/>\n<meta property=\"og:locale\" content=\"de_DE\" \/>\n<meta property=\"og:type\" content=\"article\" \/>\n<meta property=\"og:title\" content=\"Schulordnung - Kastanienschule Hoeningen\" \/>\n<meta property=\"og:description\" content=\"Die SchulordnungIn unserer Schule wollen wir lernen und uns alle wohlf\u00fchlen. Darum gehen wir im Schulalltag h\u00f6flich und r\u00fccksichtsvoll miteinander um. Dabei helfen uns einige Regeln, an die sich jeder von uns halten muss.So verhalte ich mich gegen\u00fcber anderen: \u201eBitte\u201c, \u201eDanke\u201c, \u201eEntschuldigung\u201c und ein freundliches Gr\u00fc\u00dfen sind f\u00fcr eine gute Schulatmosph\u00e4re notwendig und f\u00fcr mich [&hellip;]\" \/>\n<meta property=\"og:url\" content=\"https:\/\/schulen-rommerskirchen.de\/kastanienschule-hoeningen\/schulleben\/schulordnung\/\" \/>\n<meta property=\"og:site_name\" content=\"Kastanienschule Hoeningen\" \/>\n<meta property=\"article:modified_time\" content=\"2024-04-29T08:05:38+00:00\" \/>\n<script type=\"application\/ld+json\" class=\"yoast-schema-graph\">{\"@context\":\"https:\\\/\\\/schema.org\",\"@graph\":[{\"@type\":\"WebPage\",\"@id\":\"https:\\\/\\\/schulen-rommerskirchen.de\\\/kastanienschule-hoeningen\\\/schulleben\\\/schulordnung\\\/\",\"url\":\"https:\\\/\\\/schulen-rommerskirchen.de\\\/kastanienschule-hoeningen\\\/schulleben\\\/schulordnung\\\/\",\"name\":\"Schulordnung - Kastanienschule Hoeningen\",\"isPartOf\":{\"@id\":\"https:\\\/\\\/schulen-rommerskirchen.de\\\/kastanienschule-hoeningen\\\/#website\"},\"datePublished\":\"2021-08-04T14:54:11+00:00\",\"dateModified\":\"2024-04-29T08:05:38+00:00\",\"breadcrumb\":{\"@id\":\"https:\\\/\\\/schulen-rommerskirchen.de\\\/kastanienschule-hoeningen\\\/schulleben\\\/schulordnung\\\/#breadcrumb\"},\"inLanguage\":\"de\",\"potentialAction\":[{\"@type\":\"ReadAction\",\"target\":[\"https:\\\/\\\/schulen-rommerskirchen.de\\\/kastanienschule-hoeningen\\\/schulleben\\\/schulordnung\\\/\"]}]},{\"@type\":\"BreadcrumbList\",\"@id\":\"https:\\\/\\\/schulen-rommerskirchen.de\\\/kastanienschule-hoeningen\\\/schulleben\\\/schulordnung\\\/#breadcrumb\",\"itemListElement\":[{\"@type\":\"ListItem\",\"position\":1,\"name\":\"Startseite\",\"item\":\"https:\\\/\\\/schulen-rommerskirchen.de\\\/kastanienschule-hoeningen\\\/\"},{\"@type\":\"ListItem\",\"position\":2,\"name\":\"Schulleben\",\"item\":\"https:\\\/\\\/schulen-rommerskirchen.de\\\/kastanienschule-hoeningen\\\/schulleben\\\/\"},{\"@type\":\"ListItem\",\"position\":3,\"name\":\"Schulordnung\"}]},{\"@type\":\"WebSite\",\"@id\":\"https:\\\/\\\/schulen-rommerskirchen.de\\\/kastanienschule-hoeningen\\\/#website\",\"url\":\"https:\\\/\\\/schulen-rommerskirchen.de\\\/kastanienschule-hoeningen\\\/\",\"name\":\"Kastanienschule Hoeningen\",\"description\":\"Eine weitere Schulen - Rommerskirchen Websites Website\",\"publisher\":{\"@id\":\"https:\\\/\\\/schulen-rommerskirchen.de\\\/kastanienschule-hoeningen\\\/#organization\"},\"potentialAction\":[{\"@type\":\"SearchAction\",\"target\":{\"@type\":\"EntryPoint\",\"urlTemplate\":\"https:\\\/\\\/schulen-rommerskirchen.de\\\/kastanienschule-hoeningen\\\/?s={search_term_string}\"},\"query-input\":{\"@type\":\"PropertyValueSpecification\",\"valueRequired\":true,\"valueName\":\"search_term_string\"}}],\"inLanguage\":\"de\"},{\"@type\":\"Organization\",\"@id\":\"https:\\\/\\\/schulen-rommerskirchen.de\\\/kastanienschule-hoeningen\\\/#organization\",\"name\":\"Kastanienschule Hoeningen\",\"alternateName\":\"Kastanienschule\",\"url\":\"https:\\\/\\\/schulen-rommerskirchen.de\\\/kastanienschule-hoeningen\\\/\",\"logo\":{\"@type\":\"ImageObject\",\"inLanguage\":\"de\",\"@id\":\"https:\\\/\\\/schulen-rommerskirchen.de\\\/kastanienschule-hoeningen\\\/#\\\/schema\\\/logo\\\/image\\\/\",\"url\":\"https:\\\/\\\/schulen-rommerskirchen.de\\\/kastanienschule-hoeningen\\\/wp-content\\\/uploads\\\/sites\\\/4\\\/2021\\\/08\\\/logo-kastanienschule.png\",\"contentUrl\":\"https:\\\/\\\/schulen-rommerskirchen.de\\\/kastanienschule-hoeningen\\\/wp-content\\\/uploads\\\/sites\\\/4\\\/2021\\\/08\\\/logo-kastanienschule.png\",\"width\":178,\"height\":214,\"caption\":\"Kastanienschule Hoeningen\"},\"image\":{\"@id\":\"https:\\\/\\\/schulen-rommerskirchen.de\\\/kastanienschule-hoeningen\\\/#\\\/schema\\\/logo\\\/image\\\/\"}}]}<\/script>\n<!-- \/ Yoast SEO plugin. -->","yoast_head_json":{"title":"Schulordnung - Kastanienschule Hoeningen","robots":{"index":"index","follow":"follow","max-snippet":"max-snippet:-1","max-image-preview":"max-image-preview:large","max-video-preview":"max-video-preview:-1"},"canonical":"https:\/\/schulen-rommerskirchen.de\/kastanienschule-hoeningen\/schulleben\/schulordnung\/","og_locale":"de_DE","og_type":"article","og_title":"Schulordnung - Kastanienschule Hoeningen","og_description":"Die SchulordnungIn unserer Schule wollen wir lernen und uns alle wohlf\u00fchlen. Darum gehen wir im Schulalltag h\u00f6flich und r\u00fccksichtsvoll miteinander um. Dabei helfen uns einige Regeln, an die sich jeder von uns halten muss.So verhalte ich mich gegen\u00fcber anderen: \u201eBitte\u201c, \u201eDanke\u201c, \u201eEntschuldigung\u201c und ein freundliches Gr\u00fc\u00dfen sind f\u00fcr eine gute Schulatmosph\u00e4re notwendig und f\u00fcr mich [&hellip;]","og_url":"https:\/\/schulen-rommerskirchen.de\/kastanienschule-hoeningen\/schulleben\/schulordnung\/","og_site_name":"Kastanienschule Hoeningen","article_modified_time":"2024-04-29T08:05:38+00:00","schema":{"@context":"https:\/\/schema.org","@graph":[{"@type":"WebPage","@id":"https:\/\/schulen-rommerskirchen.de\/kastanienschule-hoeningen\/schulleben\/schulordnung\/","url":"https:\/\/schulen-rommerskirchen.de\/kastanienschule-hoeningen\/schulleben\/schulordnung\/","name":"Schulordnung - Kastanienschule Hoeningen","isPartOf":{"@id":"https:\/\/schulen-rommerskirchen.de\/kastanienschule-hoeningen\/#website"},"datePublished":"2021-08-04T14:54:11+00:00","dateModified":"2024-04-29T08:05:38+00:00","breadcrumb":{"@id":"https:\/\/schulen-rommerskirchen.de\/kastanienschule-hoeningen\/schulleben\/schulordnung\/#breadcrumb"},"inLanguage":"de","potentialAction":[{"@type":"ReadAction","target":["https:\/\/schulen-rommerskirchen.de\/kastanienschule-hoeningen\/schulleben\/schulordnung\/"]}]},{"@type":"BreadcrumbList","@id":"https:\/\/schulen-rommerskirchen.de\/kastanienschule-hoeningen\/schulleben\/schulordnung\/#breadcrumb","itemListElement":[{"@type":"ListItem","position":1,"name":"Startseite","item":"https:\/\/schulen-rommerskirchen.de\/kastanienschule-hoeningen\/"},{"@type":"ListItem","position":2,"name":"Schulleben","item":"https:\/\/schulen-rommerskirchen.de\/kastanienschule-hoeningen\/schulleben\/"},{"@type":"ListItem","position":3,"name":"Schulordnung"}]},{"@type":"WebSite","@id":"https:\/\/schulen-rommerskirchen.de\/kastanienschule-hoeningen\/#website","url":"https:\/\/schulen-rommerskirchen.de\/kastanienschule-hoeningen\/","name":"Kastanienschule Hoeningen","description":"Eine weitere Schulen - Rommerskirchen Websites Website","publisher":{"@id":"https:\/\/schulen-rommerskirchen.de\/kastanienschule-hoeningen\/#organization"},"potentialAction":[{"@type":"SearchAction","target":{"@type":"EntryPoint","urlTemplate":"https:\/\/schulen-rommerskirchen.de\/kastanienschule-hoeningen\/?s={search_term_string}"},"query-input":{"@type":"PropertyValueSpecification","valueRequired":true,"valueName":"search_term_string"}}],"inLanguage":"de"},{"@type":"Organization","@id":"https:\/\/schulen-rommerskirchen.de\/kastanienschule-hoeningen\/#organization","name":"Kastanienschule Hoeningen","alternateName":"Kastanienschule","url":"https:\/\/schulen-rommerskirchen.de\/kastanienschule-hoeningen\/","logo":{"@type":"ImageObject","inLanguage":"de","@id":"https:\/\/schulen-rommerskirchen.de\/kastanienschule-hoeningen\/#\/schema\/logo\/image\/","url":"https:\/\/schulen-rommerskirchen.de\/kastanienschule-hoeningen\/wp-content\/uploads\/sites\/4\/2021\/08\/logo-kastanienschule.png","contentUrl":"https:\/\/schulen-rommerskirchen.de\/kastanienschule-hoeningen\/wp-content\/uploads\/sites\/4\/2021\/08\/logo-kastanienschule.png","width":178,"height":214,"caption":"Kastanienschule Hoeningen"},"image":{"@id":"https:\/\/schulen-rommerskirchen.de\/kastanienschule-hoeningen\/#\/schema\/logo\/image\/"}}]}},"publishpress_future_action":{"enabled":false,"date":"2026-05-07 16:20:56","action":"change-status","newStatus":"draft","terms":[],"taxonomy":"","extraData":[]},"publishpress_future_workflow_manual_trigger":{"enabledWorkflows":[]},"_links":{"self":[{"href":"https:\/\/schulen-rommerskirchen.de\/kastanienschule-hoeningen\/wp-json\/wp\/v2\/pages\/53","targetHints":{"allow":["GET"]}}],"collection":[{"href":"https:\/\/schulen-rommerskirchen.de\/kastanienschule-hoeningen\/wp-json\/wp\/v2\/pages"}],"about":[{"href":"https:\/\/schulen-rommerskirchen.de\/kastanienschule-hoeningen\/wp-json\/wp\/v2\/types\/page"}],"author":[{"embeddable":true,"href":"https:\/\/schulen-rommerskirchen.de\/kastanienschule-hoeningen\/wp-json\/wp\/v2\/users\/1"}],"replies":[{"embeddable":true,"href":"https:\/\/schulen-rommerskirchen.de\/kastanienschule-hoeningen\/wp-json\/wp\/v2\/comments?post=53"}],"version-history":[{"count":12,"href":"https:\/\/schulen-rommerskirchen.de\/kastanienschule-hoeningen\/wp-json\/wp\/v2\/pages\/53\/revisions"}],"predecessor-version":[{"id":1509,"href":"https:\/\/schulen-rommerskirchen.de\/kastanienschule-hoeningen\/wp-json\/wp\/v2\/pages\/53\/revisions\/1509"}],"up":[{"embeddable":true,"href":"https:\/\/schulen-rommerskirchen.de\/kastanienschule-hoeningen\/wp-json\/wp\/v2\/pages\/37"}],"wp:attachment":[{"href":"https:\/\/schulen-rommerskirchen.de\/kastanienschule-hoeningen\/wp-json\/wp\/v2\/media?parent=53"}],"curies":[{"name":"wp","href":"https:\/\/api.w.org\/{rel}","templated":true}]}}