{"id":51,"date":"2021-08-04T16:53:46","date_gmt":"2021-08-04T14:53:46","guid":{"rendered":"https:\/\/schulen-rommerskirchen.de\/kastanienschule-hoeningen\/?page_id=51"},"modified":"2024-04-18T11:40:04","modified_gmt":"2024-04-18T09:40:04","slug":"schwerpunkte","status":"publish","type":"page","link":"https:\/\/schulen-rommerskirchen.de\/kastanienschule-hoeningen\/schulleben\/schwerpunkte\/","title":{"rendered":"Schwerpunkte"},"content":{"rendered":"<p>[et_pb_section fb_built=&#8220;1&#8243; _builder_version=&#8220;4.24.3&#8243; _module_preset=&#8220;default&#8220; background_enable_color=&#8220;off&#8220; background_image=&#8220;https:\/\/schulen-rommerskirchen.de\/kastanienschule-hoeningen\/wp-content\/uploads\/sites\/4\/2021\/08\/shapes-bg-1.png&#8220; custom_margin=&#8220;||||false|false&#8220; custom_padding=&#8220;0px||||false|false&#8220; hover_enabled=&#8220;0&#8243; global_colors_info=&#8220;{}&#8220; sticky_enabled=&#8220;0&#8243;][et_pb_row admin_label=&#8220;ganze bunte Welle &#8211; NICHT L\u00d6SCHEN&#8220; hide_aria_element=&#8220;on&#8220; _builder_version=&#8220;4.20.1&#8243; _module_preset=&#8220;default&#8220; width=&#8220;100%&#8220; max_width=&#8220;100%&#8220; custom_margin=&#8220;0px||||false|false&#8220; custom_padding=&#8220;0px||||false|false&#8220; global_module=&#8220;560&#8243; saved_tabs=&#8220;all&#8220; global_colors_info=&#8220;{}&#8220;][et_pb_column type=&#8220;4_4&#8243; _builder_version=&#8220;4.20.1&#8243; _module_preset=&#8220;default&#8220; global_colors_info=&#8220;{}&#8220;][et_pb_image src=&#8220;https:\/\/schulen-rommerskirchen.de\/kastanienschule-hoeningen\/wp-content\/uploads\/sites\/4\/2023\/03\/wel-3f-header-voll.png&#8220; alt=&#8220;Welle&#8220; title_text=&#8220;Welle&#8220; force_fullwidth=&#8220;on&#8220; admin_label=&#8220;bunte Welle voll&#8220; hide_aria_element=&#8220;on&#8220; _builder_version=&#8220;4.20.1&#8243; _module_preset=&#8220;default&#8220; custom_margin=&#8220;0px||||false|false&#8220; custom_padding=&#8220;0px||||false|false&#8220; global_colors_info=&#8220;{}&#8220;][\/et_pb_image][\/et_pb_column][\/et_pb_row][et_pb_row custom_padding_last_edited=&#8220;off|desktop&#8220; _builder_version=&#8220;4.19.5&#8243; _module_preset=&#8220;default&#8220; custom_padding_tablet=&#8220;30px||0px||false|false&#8220; global_colors_info=&#8220;{}&#8220;][et_pb_column type=&#8220;4_4&#8243; _builder_version=&#8220;4.16&#8243; _module_preset=&#8220;default&#8220; global_colors_info=&#8220;{}&#8220;][et_pb_text admin_label=&#8220;\u00dcberschrift&#8220; _builder_version=&#8220;4.20.4&#8243; _module_preset=&#8220;default&#8220; header_text_align=&#8220;center&#8220; global_colors_info=&#8220;{}&#8220;]<\/p>\n<h1>Schwerpunkte<\/h1>\n<p>[\/et_pb_text][\/et_pb_column][\/et_pb_row][et_pb_row column_structure=&#8220;1_3,1_3,1_3&#8243; make_equal=&#8220;on&#8220; _builder_version=&#8220;4.20.4&#8243; _module_preset=&#8220;default&#8220; global_colors_info=&#8220;{}&#8220;][et_pb_column type=&#8220;1_3&#8243; _builder_version=&#8220;4.20.4&#8243; _module_preset=&#8220;default&#8220; background_color=&#8220;#ffffff&#8220; custom_padding=&#8220;1em|1em|1em|1em|true|true&#8220; border_radii=&#8220;on|8px|8px|8px|8px&#8220; box_shadow_style=&#8220;preset3&#8243; global_colors_info=&#8220;{}&#8220;][et_pb_blurb title=&#8220;Schwerpunkt Lesen&#8220; use_icon=&#8220;on&#8220; font_icon=&#8220;&#xf5da;||fa||900&#8243; image_icon_background_color=&#8220;RGBA(255,255,255,0)&#8220; image_icon_width=&#8220;80px&#8220; content_max_width=&#8220;100%&#8220; _builder_version=&#8220;4.20.4&#8243; _module_preset=&#8220;default&#8220; header_level=&#8220;h2&#8243; header_text_align=&#8220;center&#8220; custom_padding=&#8220;||||false|false&#8220; border_radii_image=&#8220;on|0%|0%|0%|0%&#8220; global_colors_info=&#8220;{}&#8220;]<\/p>\n<p>Lesen ist die Schl\u00fcsselqualifikation f\u00fcr erfolgreiches Lernen und Spa\u00df am Lesen eine gro\u00dfe Bereicherung. Seit vielen Jahren gibt es an der Kastanienschule den Leseschwerpunkt:<\/p>\n<p>[\/et_pb_blurb][et_pb_text _builder_version=&#8220;4.20.4&#8243; _module_preset=&#8220;default&#8220; global_colors_info=&#8220;{}&#8220;]<\/p>\n<ul>\n<li>Einmal in der Woche ist B\u00fcchereistunde. In der umfangreichen Sch\u00fclerb\u00fccherei finden die Kinder ein reichhaltiges Angebot an beliebten und stets aktuellen Kinder- und Sachb\u00fcchern.<\/li>\n<li>Regelm\u00e4\u00dfig veranstalten wir\u00a0 B\u00fccherwochen.\u00a0 Klassenlekt\u00fcren werden nicht nur \u201egelesen\u201c,\u00a0 sondern auch kindgem\u00e4\u00df und\u00a0 kreativ umgesetzt mit dem Ziel einer bunten Ausstellung.<\/li>\n<li>Mittlerweile Tradition sind auch unsere Autorenbesuche: \u201eEchte\u201c Kinderbuchautoren lesen und spielen besonders sch\u00f6ne sowie spannende Stellen aus ihren B\u00fcchern vor und machen so Lust auf das\u00a0 Weiterlesen im eigenen Buch.<\/li>\n<li>Die Arbeit mit dem Antolin-Leseprogramm motiviert und bietet Erfolgserlebnisse beim Punkte sammeln.<\/li>\n<li>ein j\u00e4hrlicher Lesewettbewerb, bei dem alle mitmachen k\u00f6nnen und selbstverst\u00e4ndlich jeder Teilnehmer mit einer Urkunde gew\u00fcrdigt wird, spornt zum Lesen \u00fcben an.<\/li>\n<\/ul>\n<p>[\/et_pb_text][\/et_pb_column][et_pb_column type=&#8220;1_3&#8243; _builder_version=&#8220;4.20.4&#8243; _module_preset=&#8220;default&#8220; background_color=&#8220;#ffffff&#8220; custom_padding=&#8220;1em|1em|1em|1em|true|true&#8220; border_radii=&#8220;on|8px|8px|8px|8px&#8220; box_shadow_style=&#8220;preset3&#8243; global_colors_info=&#8220;{}&#8220;][et_pb_blurb title=&#8220;Schwerpunkt Natur&#8220; use_icon=&#8220;on&#8220; font_icon=&#8220;&#xf18c;||fa||400&#8243; image_icon_background_color=&#8220;RGBA(255,255,255,0)&#8220; image_icon_width=&#8220;80px&#8220; content_max_width=&#8220;100%&#8220; _builder_version=&#8220;4.20.4&#8243; _module_preset=&#8220;default&#8220; header_level=&#8220;h2&#8243; header_text_align=&#8220;center&#8220; custom_padding=&#8220;||||false|false&#8220; border_radii_image=&#8220;on|0%|0%|0%|0%&#8220; global_colors_info=&#8220;{}&#8220;]Seitdem unsere Schule den Namen Kastanienschule tr\u00e4gt, liegt im Bereich Natur ein weiterer Schwerpunkt unseres Unterrichts. Unser Motto lautet  \u201eVom Naturfreund zum Umweltfreund\u201c![\/et_pb_blurb][et_pb_text _builder_version=&#8220;4.20.4&#8243; _module_preset=&#8220;default&#8220; global_colors_info=&#8220;{}&#8220;]<\/p>\n<ul>\n<li>In Klasse 1 beginnt jedes Kind damit, ein eigenes Baumbuch zu erstellen. Das Sammeln, Bestimmen, Ordnen und Festigen von Kenntnissen rund um den Baum steht hier im Mittelpunkt. In jedem Schuljahr wird im Rahmen einer Unterrichtseinheit daran weitergearbeitet, so dass am Ende der Grundschulzeit alle ihr Baumbuch fertig haben.<\/li>\n<li>Wir unternehmen Ausfl\u00fcge in die Natur und f\u00fchren gemeinsam Experimente zu Naturph\u00e4nomenen durch.<\/li>\n<li>Schon seit Jahren fahren alle 4. Klassen in ein Jugendwaldheim im Nationalpark Eifel. Natur erleben und spielerisch genie\u00dfen, Unterricht, Arbeit in der Holzwerkstatt und im Wald mit F\u00f6rstern und Rangern stehen hier im Mittelpunkt.<\/li>\n<\/ul>\n<p>[\/et_pb_text][\/et_pb_column][et_pb_column type=&#8220;1_3&#8243; _builder_version=&#8220;4.20.4&#8243; _module_preset=&#8220;default&#8220; background_color=&#8220;#ffffff&#8220; custom_padding=&#8220;1em|1em|1em|1em|true|true&#8220; border_radii=&#8220;on|8px|8px|8px|8px&#8220; box_shadow_style=&#8220;preset3&#8243; global_colors_info=&#8220;{}&#8220;][et_pb_blurb title=&#8220; Schwerpunkt Musik&#8220; use_icon=&#8220;on&#8220; font_icon=&#8220;&#xe08e;||divi||400&#8243; image_icon_background_color=&#8220;RGBA(255,255,255,0)&#8220; image_icon_width=&#8220;80px&#8220; content_max_width=&#8220;100%&#8220; _builder_version=&#8220;4.20.4&#8243; _module_preset=&#8220;default&#8220; header_level=&#8220;h2&#8243; header_text_align=&#8220;center&#8220; custom_padding=&#8220;||||false|false&#8220; border_radii_image=&#8220;on|0%|0%|0%|0%&#8220; global_colors_info=&#8220;{}&#8220;][\/et_pb_blurb][et_pb_text _builder_version=&#8220;4.23.1&#8243; _module_preset=&#8220;default&#8220; global_colors_info=&#8220;{}&#8220;]<\/p>\n<ul>\n<li>Mit Musik geht alles besser! Wir haben eine eigene Schulhymne.<\/li>\n<li>An unserer Schule erhalten die Kinder 2 Stunden Musikunterricht in allen Klassen. Im 1. Schuljahr beginnen fast alle Kinder mit der musikalischen Fr\u00fcherziehung (kostenlos f\u00fcr alle Kinder). Im 2. Schuljahr k\u00f6nnen die Kinder mit einem Instrument beginnen.<\/li>\n<li>Wenn m\u00f6glich, richten wir jedes Jahr eine Musik-AG ein, die mit ihren schwungvollen Auftritten unsere Feste bereichert.<\/li>\n<li>Jedes Jahr finden sowohl ein Klavierabend als auch ein Schulkonzert statt.<\/li>\n<li>Es besteht eine enge Zusammenarbeit mit der Jugendmusikschule des Rhein-Kreises-Neuss. Deren Angebot umfasst zur Zeit:\n<ul>\n<li>musikalische Fr\u00fcherziehung<\/li>\n<li>Blockfl\u00f6ten- und Querfl\u00f6tenunterricht<\/li>\n<li>Gitarrenunterricht<\/li>\n<li>Klavierunterricht<\/li>\n<li>Geigenunterricht (Geigen k\u00f6nnen \u00fcber die Schule ausgeliehen werden)<\/li>\n<\/ul>\n<\/li>\n<\/ul>\n<p>[\/et_pb_text][\/et_pb_column][\/et_pb_row][\/et_pb_section]<\/p>\n","protected":false},"excerpt":{"rendered":"<p>SchwerpunkteLesen ist die Schl\u00fcsselqualifikation f\u00fcr erfolgreiches Lernen und Spa\u00df am Lesen eine gro\u00dfe Bereicherung. Seit vielen Jahren gibt es an der Kastanienschule den Leseschwerpunkt: Einmal in der Woche ist B\u00fcchereistunde. In der umfangreichen Sch\u00fclerb\u00fccherei finden die Kinder ein reichhaltiges Angebot an beliebten und stets aktuellen Kinder- und Sachb\u00fcchern. Regelm\u00e4\u00dfig veranstalten wir\u00a0 B\u00fccherwochen.\u00a0 Klassenlekt\u00fcren werden nicht [&hellip;]<\/p>\n","protected":false},"author":1,"featured_media":0,"parent":37,"menu_order":2,"comment_status":"closed","ping_status":"closed","template":"","meta":{"_et_pb_use_builder":"on","_et_pb_old_content":"<!-- wp:divi\/placeholder \/-->","_et_gb_content_width":"","inline_featured_image":false,"footnotes":"","_links_to":"","_links_to_target":""},"class_list":["post-51","page","type-page","status-publish","hentry"],"yoast_head":"<!-- This site is optimized with the Yoast SEO plugin v27.2 - https:\/\/yoast.com\/product\/yoast-seo-wordpress\/ -->\n<title>Schwerpunkte - Kastanienschule Hoeningen<\/title>\n<meta name=\"robots\" content=\"index, follow, max-snippet:-1, max-image-preview:large, max-video-preview:-1\" \/>\n<link rel=\"canonical\" href=\"https:\/\/schulen-rommerskirchen.de\/kastanienschule-hoeningen\/schulleben\/schwerpunkte\/\" \/>\n<meta property=\"og:locale\" content=\"de_DE\" \/>\n<meta property=\"og:type\" content=\"article\" \/>\n<meta property=\"og:title\" content=\"Schwerpunkte - Kastanienschule Hoeningen\" \/>\n<meta property=\"og:description\" content=\"SchwerpunkteLesen ist die Schl\u00fcsselqualifikation f\u00fcr erfolgreiches Lernen und Spa\u00df am Lesen eine gro\u00dfe Bereicherung. Seit vielen Jahren gibt es an der Kastanienschule den Leseschwerpunkt: Einmal in der Woche ist B\u00fcchereistunde. In der umfangreichen Sch\u00fclerb\u00fccherei finden die Kinder ein reichhaltiges Angebot an beliebten und stets aktuellen Kinder- und Sachb\u00fcchern. Regelm\u00e4\u00dfig veranstalten wir\u00a0 B\u00fccherwochen.\u00a0 Klassenlekt\u00fcren werden nicht [&hellip;]\" \/>\n<meta property=\"og:url\" content=\"https:\/\/schulen-rommerskirchen.de\/kastanienschule-hoeningen\/schulleben\/schwerpunkte\/\" \/>\n<meta property=\"og:site_name\" content=\"Kastanienschule Hoeningen\" \/>\n<meta property=\"article:modified_time\" content=\"2024-04-18T09:40:04+00:00\" \/>\n<script type=\"application\/ld+json\" class=\"yoast-schema-graph\">{\"@context\":\"https:\/\/schema.org\",\"@graph\":[{\"@type\":\"WebPage\",\"@id\":\"https:\/\/schulen-rommerskirchen.de\/kastanienschule-hoeningen\/schulleben\/schwerpunkte\/\",\"url\":\"https:\/\/schulen-rommerskirchen.de\/kastanienschule-hoeningen\/schulleben\/schwerpunkte\/\",\"name\":\"Schwerpunkte - Kastanienschule Hoeningen\",\"isPartOf\":{\"@id\":\"https:\/\/schulen-rommerskirchen.de\/kastanienschule-hoeningen\/#website\"},\"datePublished\":\"2021-08-04T14:53:46+00:00\",\"dateModified\":\"2024-04-18T09:40:04+00:00\",\"breadcrumb\":{\"@id\":\"https:\/\/schulen-rommerskirchen.de\/kastanienschule-hoeningen\/schulleben\/schwerpunkte\/#breadcrumb\"},\"inLanguage\":\"de\",\"potentialAction\":[{\"@type\":\"ReadAction\",\"target\":[\"https:\/\/schulen-rommerskirchen.de\/kastanienschule-hoeningen\/schulleben\/schwerpunkte\/\"]}]},{\"@type\":\"BreadcrumbList\",\"@id\":\"https:\/\/schulen-rommerskirchen.de\/kastanienschule-hoeningen\/schulleben\/schwerpunkte\/#breadcrumb\",\"itemListElement\":[{\"@type\":\"ListItem\",\"position\":1,\"name\":\"Startseite\",\"item\":\"https:\/\/schulen-rommerskirchen.de\/kastanienschule-hoeningen\/\"},{\"@type\":\"ListItem\",\"position\":2,\"name\":\"Schulleben\",\"item\":\"https:\/\/schulen-rommerskirchen.de\/kastanienschule-hoeningen\/schulleben\/\"},{\"@type\":\"ListItem\",\"position\":3,\"name\":\"Schwerpunkte\"}]},{\"@type\":\"WebSite\",\"@id\":\"https:\/\/schulen-rommerskirchen.de\/kastanienschule-hoeningen\/#website\",\"url\":\"https:\/\/schulen-rommerskirchen.de\/kastanienschule-hoeningen\/\",\"name\":\"Kastanienschule Hoeningen\",\"description\":\"Eine weitere Schulen - Rommerskirchen Websites Website\",\"publisher\":{\"@id\":\"https:\/\/schulen-rommerskirchen.de\/kastanienschule-hoeningen\/#organization\"},\"potentialAction\":[{\"@type\":\"SearchAction\",\"target\":{\"@type\":\"EntryPoint\",\"urlTemplate\":\"https:\/\/schulen-rommerskirchen.de\/kastanienschule-hoeningen\/?s={search_term_string}\"},\"query-input\":{\"@type\":\"PropertyValueSpecification\",\"valueRequired\":true,\"valueName\":\"search_term_string\"}}],\"inLanguage\":\"de\"},{\"@type\":\"Organization\",\"@id\":\"https:\/\/schulen-rommerskirchen.de\/kastanienschule-hoeningen\/#organization\",\"name\":\"Kastanienschule Hoeningen\",\"alternateName\":\"Kastanienschule\",\"url\":\"https:\/\/schulen-rommerskirchen.de\/kastanienschule-hoeningen\/\",\"logo\":{\"@type\":\"ImageObject\",\"inLanguage\":\"de\",\"@id\":\"https:\/\/schulen-rommerskirchen.de\/kastanienschule-hoeningen\/#\/schema\/logo\/image\/\",\"url\":\"https:\/\/schulen-rommerskirchen.de\/kastanienschule-hoeningen\/wp-content\/uploads\/sites\/4\/2021\/08\/logo-kastanienschule.png\",\"contentUrl\":\"https:\/\/schulen-rommerskirchen.de\/kastanienschule-hoeningen\/wp-content\/uploads\/sites\/4\/2021\/08\/logo-kastanienschule.png\",\"width\":178,\"height\":214,\"caption\":\"Kastanienschule Hoeningen\"},\"image\":{\"@id\":\"https:\/\/schulen-rommerskirchen.de\/kastanienschule-hoeningen\/#\/schema\/logo\/image\/\"}}]}<\/script>\n<!-- \/ Yoast SEO plugin. -->","yoast_head_json":{"title":"Schwerpunkte - Kastanienschule Hoeningen","robots":{"index":"index","follow":"follow","max-snippet":"max-snippet:-1","max-image-preview":"max-image-preview:large","max-video-preview":"max-video-preview:-1"},"canonical":"https:\/\/schulen-rommerskirchen.de\/kastanienschule-hoeningen\/schulleben\/schwerpunkte\/","og_locale":"de_DE","og_type":"article","og_title":"Schwerpunkte - Kastanienschule Hoeningen","og_description":"SchwerpunkteLesen ist die Schl\u00fcsselqualifikation f\u00fcr erfolgreiches Lernen und Spa\u00df am Lesen eine gro\u00dfe Bereicherung. Seit vielen Jahren gibt es an der Kastanienschule den Leseschwerpunkt: Einmal in der Woche ist B\u00fcchereistunde. In der umfangreichen Sch\u00fclerb\u00fccherei finden die Kinder ein reichhaltiges Angebot an beliebten und stets aktuellen Kinder- und Sachb\u00fcchern. Regelm\u00e4\u00dfig veranstalten wir\u00a0 B\u00fccherwochen.\u00a0 Klassenlekt\u00fcren werden nicht [&hellip;]","og_url":"https:\/\/schulen-rommerskirchen.de\/kastanienschule-hoeningen\/schulleben\/schwerpunkte\/","og_site_name":"Kastanienschule Hoeningen","article_modified_time":"2024-04-18T09:40:04+00:00","schema":{"@context":"https:\/\/schema.org","@graph":[{"@type":"WebPage","@id":"https:\/\/schulen-rommerskirchen.de\/kastanienschule-hoeningen\/schulleben\/schwerpunkte\/","url":"https:\/\/schulen-rommerskirchen.de\/kastanienschule-hoeningen\/schulleben\/schwerpunkte\/","name":"Schwerpunkte - Kastanienschule Hoeningen","isPartOf":{"@id":"https:\/\/schulen-rommerskirchen.de\/kastanienschule-hoeningen\/#website"},"datePublished":"2021-08-04T14:53:46+00:00","dateModified":"2024-04-18T09:40:04+00:00","breadcrumb":{"@id":"https:\/\/schulen-rommerskirchen.de\/kastanienschule-hoeningen\/schulleben\/schwerpunkte\/#breadcrumb"},"inLanguage":"de","potentialAction":[{"@type":"ReadAction","target":["https:\/\/schulen-rommerskirchen.de\/kastanienschule-hoeningen\/schulleben\/schwerpunkte\/"]}]},{"@type":"BreadcrumbList","@id":"https:\/\/schulen-rommerskirchen.de\/kastanienschule-hoeningen\/schulleben\/schwerpunkte\/#breadcrumb","itemListElement":[{"@type":"ListItem","position":1,"name":"Startseite","item":"https:\/\/schulen-rommerskirchen.de\/kastanienschule-hoeningen\/"},{"@type":"ListItem","position":2,"name":"Schulleben","item":"https:\/\/schulen-rommerskirchen.de\/kastanienschule-hoeningen\/schulleben\/"},{"@type":"ListItem","position":3,"name":"Schwerpunkte"}]},{"@type":"WebSite","@id":"https:\/\/schulen-rommerskirchen.de\/kastanienschule-hoeningen\/#website","url":"https:\/\/schulen-rommerskirchen.de\/kastanienschule-hoeningen\/","name":"Kastanienschule Hoeningen","description":"Eine weitere Schulen - Rommerskirchen Websites Website","publisher":{"@id":"https:\/\/schulen-rommerskirchen.de\/kastanienschule-hoeningen\/#organization"},"potentialAction":[{"@type":"SearchAction","target":{"@type":"EntryPoint","urlTemplate":"https:\/\/schulen-rommerskirchen.de\/kastanienschule-hoeningen\/?s={search_term_string}"},"query-input":{"@type":"PropertyValueSpecification","valueRequired":true,"valueName":"search_term_string"}}],"inLanguage":"de"},{"@type":"Organization","@id":"https:\/\/schulen-rommerskirchen.de\/kastanienschule-hoeningen\/#organization","name":"Kastanienschule Hoeningen","alternateName":"Kastanienschule","url":"https:\/\/schulen-rommerskirchen.de\/kastanienschule-hoeningen\/","logo":{"@type":"ImageObject","inLanguage":"de","@id":"https:\/\/schulen-rommerskirchen.de\/kastanienschule-hoeningen\/#\/schema\/logo\/image\/","url":"https:\/\/schulen-rommerskirchen.de\/kastanienschule-hoeningen\/wp-content\/uploads\/sites\/4\/2021\/08\/logo-kastanienschule.png","contentUrl":"https:\/\/schulen-rommerskirchen.de\/kastanienschule-hoeningen\/wp-content\/uploads\/sites\/4\/2021\/08\/logo-kastanienschule.png","width":178,"height":214,"caption":"Kastanienschule Hoeningen"},"image":{"@id":"https:\/\/schulen-rommerskirchen.de\/kastanienschule-hoeningen\/#\/schema\/logo\/image\/"}}]}},"publishpress_future_action":{"enabled":false,"date":"2026-05-04 16:49:26","action":"change-status","newStatus":"draft","terms":[],"taxonomy":"","extraData":[]},"publishpress_future_workflow_manual_trigger":{"enabledWorkflows":[]},"_links":{"self":[{"href":"https:\/\/schulen-rommerskirchen.de\/kastanienschule-hoeningen\/wp-json\/wp\/v2\/pages\/51","targetHints":{"allow":["GET"]}}],"collection":[{"href":"https:\/\/schulen-rommerskirchen.de\/kastanienschule-hoeningen\/wp-json\/wp\/v2\/pages"}],"about":[{"href":"https:\/\/schulen-rommerskirchen.de\/kastanienschule-hoeningen\/wp-json\/wp\/v2\/types\/page"}],"author":[{"embeddable":true,"href":"https:\/\/schulen-rommerskirchen.de\/kastanienschule-hoeningen\/wp-json\/wp\/v2\/users\/1"}],"replies":[{"embeddable":true,"href":"https:\/\/schulen-rommerskirchen.de\/kastanienschule-hoeningen\/wp-json\/wp\/v2\/comments?post=51"}],"version-history":[{"count":7,"href":"https:\/\/schulen-rommerskirchen.de\/kastanienschule-hoeningen\/wp-json\/wp\/v2\/pages\/51\/revisions"}],"predecessor-version":[{"id":1373,"href":"https:\/\/schulen-rommerskirchen.de\/kastanienschule-hoeningen\/wp-json\/wp\/v2\/pages\/51\/revisions\/1373"}],"up":[{"embeddable":true,"href":"https:\/\/schulen-rommerskirchen.de\/kastanienschule-hoeningen\/wp-json\/wp\/v2\/pages\/37"}],"wp:attachment":[{"href":"https:\/\/schulen-rommerskirchen.de\/kastanienschule-hoeningen\/wp-json\/wp\/v2\/media?parent=51"}],"curies":[{"name":"wp","href":"https:\/\/api.w.org\/{rel}","templated":true}]}}