{"id":49,"date":"2021-08-04T16:53:24","date_gmt":"2021-08-04T14:53:24","guid":{"rendered":"https:\/\/schulen-rommerskirchen.de\/kastanienschule-hoeningen\/?page_id=49"},"modified":"2024-04-29T09:56:04","modified_gmt":"2024-04-29T07:56:04","slug":"leitbild-schulprofil","status":"publish","type":"page","link":"https:\/\/schulen-rommerskirchen.de\/kastanienschule-hoeningen\/ueber-uns\/leitbild-schulprofil\/","title":{"rendered":"Leitbild + Schulprofil"},"content":{"rendered":"<p>[et_pb_section fb_built=&#8220;1&#8243; _builder_version=&#8220;4.20.4&#8243; _module_preset=&#8220;default&#8220; background_color=&#8220;#FFFFFF&#8220; background_image=&#8220;https:\/\/schulen-rommerskirchen.de\/kastanienschule-hoeningen\/wp-content\/uploads\/sites\/4\/2021\/08\/shapes-bg-1.png&#8220; parallax=&#8220;on&#8220; custom_margin=&#8220;||||false|false&#8220; custom_padding=&#8220;1em||||false|false&#8220; global_colors_info=&#8220;{}&#8220;][et_pb_row admin_label=&#8220;ganze bunte Welle &#8211; NICHT L\u00d6SCHEN&#8220; hide_aria_element=&#8220;on&#8220; _builder_version=&#8220;4.20.1&#8243; _module_preset=&#8220;default&#8220; width=&#8220;100%&#8220; max_width=&#8220;100%&#8220; custom_margin=&#8220;0px||||false|false&#8220; custom_padding=&#8220;0px||||false|false&#8220; global_module=&#8220;560&#8243; saved_tabs=&#8220;all&#8220; global_colors_info=&#8220;{}&#8220;][et_pb_column type=&#8220;4_4&#8243; _builder_version=&#8220;4.20.1&#8243; _module_preset=&#8220;default&#8220; global_colors_info=&#8220;{}&#8220;][et_pb_image src=&#8220;https:\/\/schulen-rommerskirchen.de\/kastanienschule-hoeningen\/wp-content\/uploads\/sites\/4\/2023\/03\/wel-3f-header-voll.png&#8220; alt=&#8220;Welle&#8220; title_text=&#8220;Welle&#8220; force_fullwidth=&#8220;on&#8220; admin_label=&#8220;bunte Welle voll&#8220; hide_aria_element=&#8220;on&#8220; _builder_version=&#8220;4.20.1&#8243; _module_preset=&#8220;default&#8220; custom_margin=&#8220;0px||||false|false&#8220; custom_padding=&#8220;0px||||false|false&#8220; global_colors_info=&#8220;{}&#8220;][\/et_pb_image][\/et_pb_column][\/et_pb_row][et_pb_row custom_padding_last_edited=&#8220;off|desktop&#8220; _builder_version=&#8220;4.19.5&#8243; _module_preset=&#8220;default&#8220; custom_padding=&#8220;||||false|false&#8220; custom_padding_tablet=&#8220;||||false|false&#8220; saved_tabs=&#8220;all&#8220; global_colors_info=&#8220;{}&#8220;][et_pb_column type=&#8220;4_4&#8243; _builder_version=&#8220;4.16&#8243; _module_preset=&#8220;default&#8220; global_colors_info=&#8220;{}&#8220;][et_pb_text admin_label=&#8220;Leitbild&#8220; _builder_version=&#8220;4.24.3&#8243; _module_preset=&#8220;default&#8220; header_text_align=&#8220;center&#8220; global_colors_info=&#8220;{}&#8220;]<\/p>\n<h1 style=\"text-align: center\">Leitbild<\/h1>\n<p>[\/et_pb_text][et_pb_text _builder_version=&#8220;4.24.3&#8243; _module_preset=&#8220;default&#8220; text_orientation=&#8220;center&#8220; global_colors_info=&#8220;{}&#8220;]<\/p>\n<p style=\"text-align: center\">Als Kollegium haben wir gemeinsam ein Leitbild f\u00fcr unsere p\u00e4dagogische Arbeit erstellt, mit dem wir uns alle identifizieren.<br \/>Als Leitziele und Schwerpunkte f\u00fcr die gemeinsame Arbeit der n\u00e4chsten Jahre wurden die untenstehenden Punkte festgelegt.<\/p>\n<p>[\/et_pb_text][\/et_pb_column][\/et_pb_row][et_pb_row _builder_version=&#8220;4.20.4&#8243; _module_preset=&#8220;default&#8220; global_colors_info=&#8220;{}&#8220;][et_pb_column type=&#8220;4_4&#8243; _builder_version=&#8220;4.20.4&#8243; _module_preset=&#8220;default&#8220; global_colors_info=&#8220;{}&#8220;][et_pb_text admin_label=&#8220;Leitziele&#8220; _builder_version=&#8220;4.24.3&#8243; _module_preset=&#8220;default&#8220; header_text_align=&#8220;center&#8220; text_orientation=&#8220;center&#8220; hover_enabled=&#8220;0&#8243; global_colors_info=&#8220;{}&#8220; sticky_enabled=&#8220;0&#8243;]<\/p>\n<h1 style=\"text-align: left\">Leitziele<\/h1>\n<p>[\/et_pb_text][\/et_pb_column][\/et_pb_row][et_pb_row _builder_version=&#8220;4.24.2&#8243; _module_preset=&#8220;default&#8220; global_colors_info=&#8220;{}&#8220;][et_pb_column type=&#8220;4_4&#8243; _builder_version=&#8220;4.24.2&#8243; _module_preset=&#8220;default&#8220; global_colors_info=&#8220;{}&#8220;][\/et_pb_column][\/et_pb_row][et_pb_row column_structure=&#8220;1_2,1_2&#8243; make_equal=&#8220;on&#8220; _builder_version=&#8220;4.16&#8243; _module_preset=&#8220;default&#8220; global_colors_info=&#8220;{}&#8220;][et_pb_column type=&#8220;1_2&#8243; _builder_version=&#8220;4.16&#8243; _module_preset=&#8220;default&#8220; background_color=&#8220;rgba(255,255,255,0.9)&#8220; custom_padding=&#8220;1.3em|1.3em|1.3em|1.3em|true|true&#8220; border_radii=&#8220;on|10px|10px|10px|10px&#8220; box_shadow_style=&#8220;preset1&#8243; global_colors_info=&#8220;{}&#8220;][et_pb_text admin_label=&#8220;1. Freundliche, einander zugewandte Atmosph\u00e4re&#8220; _builder_version=&#8220;4.24.2&#8243; _module_preset=&#8220;default&#8220; header_2_font_size=&#8220;24px&#8220; custom_padding=&#8220;||||true|true&#8220; global_colors_info=&#8220;{}&#8220;]<\/p>\n<h2>1. Freundliche, einander zugewandte Atmosph\u00e4re<\/h2>\n<p>Gemeinsam wollen wir in einer freundlichen, einander zugewandten Atmosph\u00e4re lernen und leben, um eine <strong>gesunde und stabile Pers\u00f6nlichkeitsentwicklung<\/strong> zu f\u00f6rdern. Auch durch <strong>verl\u00e4ssliche Regeln und Rituale<\/strong> erm\u00f6glichen wir eine<strong> emotionale Sicherheit<\/strong>, in der alle gerne zusammen arbeiten, lernen, spielen, aufeinander R\u00fccksicht nehmen und sich wohl f\u00fchlen. Die Kinder erleben bei uns, dass sie <strong>Fehler machen d\u00fcrfen<\/strong>.<\/p>\n<p>[\/et_pb_text][\/et_pb_column][et_pb_column type=&#8220;1_2&#8243; _builder_version=&#8220;4.16&#8243; _module_preset=&#8220;default&#8220; background_color=&#8220;rgba(255,255,255,0.9)&#8220; custom_padding=&#8220;1.3em|1.3em|1.3em|1.3em|true|true&#8220; border_radii=&#8220;on|10px|10px|10px|10px&#8220; box_shadow_style=&#8220;preset1&#8243; global_colors_info=&#8220;{}&#8220;][et_pb_text admin_label=&#8220;2. Respekt und Toleranz&#8220; _builder_version=&#8220;4.24.2&#8243; _module_preset=&#8220;default&#8220; header_2_font_size=&#8220;24px&#8220; global_colors_info=&#8220;{}&#8220;]<\/p>\n<h2>2. Respekt und Toleranz<\/h2>\n<p>Wir achten <strong>Mensch <\/strong>und <strong>Natur<\/strong> auf der Grundlage unseres christlich gepr\u00e4gten Menschenbildes und <strong>respektieren Andersdenkende<\/strong>. Jeder ist einzigartig und wir lernen voneinander.<br \/>Erwachsene und Kinder gehen <strong>respektvoll miteinander um<\/strong> und <strong>\u00fcbernehmen Verantwortung<\/strong> f\u00fcr den Lebensraum Schule wie auch f\u00fcr die Natur.<\/p>\n<p>[\/et_pb_text][\/et_pb_column][\/et_pb_row][et_pb_row column_structure=&#8220;1_2,1_2&#8243; make_equal=&#8220;on&#8220; _builder_version=&#8220;4.16&#8243; _module_preset=&#8220;default&#8220; global_colors_info=&#8220;{}&#8220;][et_pb_column type=&#8220;1_2&#8243; _builder_version=&#8220;4.16&#8243; _module_preset=&#8220;default&#8220; background_color=&#8220;rgba(255,255,255,0.9)&#8220; custom_padding=&#8220;1.3em|1.3em|1.3em|1.3em|true|true&#8220; border_radii=&#8220;on|10px|10px|10px|10px&#8220; box_shadow_style=&#8220;preset1&#8243; global_colors_info=&#8220;{}&#8220;][et_pb_text admin_label=&#8220;3. Fordern und F\u00f6rdern&#8220; _builder_version=&#8220;4.24.2&#8243; _module_preset=&#8220;default&#8220; header_2_font_size=&#8220;24px&#8220; global_colors_info=&#8220;{}&#8220;]<\/p>\n<h2>3. Fordern und F\u00f6rdern<\/h2>\n<p>Unsere Sch\u00fclerinnen und Sch\u00fcler haben ein Recht darauf, dass sie ihren <strong>individuellen F\u00e4higkeiten und Fertigkeiten<\/strong> entsprechend gefordert und gef\u00f6rdert werden. Wir Lehrerinnen <strong>begleiten<\/strong> die Kinder in ihrem <strong>Lernprozess<\/strong> und verfolgen das Ziel, dass alle unsere Schule als <strong>anstrengungsbereite, neugierige und selbstst\u00e4ndige Lerner<\/strong> verlassen. Hierf\u00fcr erh\u00e4lt jedes Kind ein Repertoire von <strong>Lernmethoden<\/strong>.<\/p>\n<p>[\/et_pb_text][\/et_pb_column][et_pb_column type=&#8220;1_2&#8243; _builder_version=&#8220;4.16&#8243; _module_preset=&#8220;default&#8220; background_color=&#8220;rgba(255,255,255,0.9)&#8220; custom_padding=&#8220;1.3em|1.3em|1.3em|1.3em|true|true&#8220; border_radii=&#8220;on|10px|10px|10px|10px&#8220; box_shadow_style=&#8220;preset1&#8243; global_colors_info=&#8220;{}&#8220;][et_pb_text admin_label=&#8220;4. Offenheit und Zusammenarbeit&#8220; _builder_version=&#8220;4.24.2&#8243; _module_preset=&#8220;default&#8220; header_2_font_size=&#8220;24px&#8220; global_colors_info=&#8220;{}&#8220;]<\/p>\n<h2>4. Offenheit und Zusammenarbeit<\/h2>\n<p>Wir legen Wert auf einen <strong>offenen und vertrauensvollen Umgang<\/strong> mit Eltern und verschiedenen an der Erziehung und Bildung beteiligten Einrichtungen und Organisationen. <strong>Regelm\u00e4\u00dfige Kommunikation<\/strong> schafft <strong>Transparenz, Ziele und Orientierung<\/strong>.<\/p>\n<p>[\/et_pb_text][\/et_pb_column][\/et_pb_row][et_pb_row _builder_version=&#8220;4.24.2&#8243; _module_preset=&#8220;default&#8220; global_colors_info=&#8220;{}&#8220;][et_pb_column type=&#8220;4_4&#8243; _builder_version=&#8220;4.24.2&#8243; _module_preset=&#8220;default&#8220; global_colors_info=&#8220;{}&#8220;][et_pb_text admin_label=&#8220;Das Schulprofil&#8220; _builder_version=&#8220;4.24.3&#8243; _module_preset=&#8220;default&#8220; hover_enabled=&#8220;0&#8243; global_colors_info=&#8220;{}&#8220; sticky_enabled=&#8220;0&#8243;]<\/p>\n<h1 style=\"text-align: left\">Schulprofil<\/h1>\n<p>[\/et_pb_text][et_pb_text _builder_version=&#8220;4.24.3&#8243; _module_preset=&#8220;default&#8220; global_colors_info=&#8220;{}&#8220;]<\/p>\n<p>In unserem\u00a0<b>Schulprofil<\/b>\u00a0legen wir besonderen Wert auf folgende Bereiche:<\/p>\n<ul>\n<li>\u00a0<\/li>\n<li>\u00a0<\/li>\n<li>\u00a0<\/li>\n<li>\u00a0<\/li>\n<li>\u00a0<\/li>\n<\/ul>\n<p>[\/et_pb_text][\/et_pb_column][\/et_pb_row][\/et_pb_section]<\/p>\n","protected":false},"excerpt":{"rendered":"<p>LeitbildAls Kollegium haben wir gemeinsam ein Leitbild f\u00fcr unsere p\u00e4dagogische Arbeit erstellt, mit dem wir uns alle identifizieren.Als Leitziele und Schwerpunkte f\u00fcr die gemeinsame Arbeit der n\u00e4chsten Jahre wurden die untenstehenden Punkte festgelegt.Leitziele1. Freundliche, einander zugewandte Atmosph\u00e4re Gemeinsam wollen wir in einer freundlichen, einander zugewandten Atmosph\u00e4re lernen und leben, um eine gesunde und stabile Pers\u00f6nlichkeitsentwicklung [&hellip;]<\/p>\n","protected":false},"author":1,"featured_media":0,"parent":35,"menu_order":2,"comment_status":"closed","ping_status":"closed","template":"","meta":{"_et_pb_use_builder":"on","_et_pb_old_content":"<!-- wp:divi\/placeholder \/-->","_et_gb_content_width":"","inline_featured_image":false,"footnotes":"","_links_to":"","_links_to_target":""},"class_list":["post-49","page","type-page","status-publish","hentry"],"yoast_head":"<!-- This site is optimized with the Yoast SEO plugin v27.2 - https:\/\/yoast.com\/product\/yoast-seo-wordpress\/ -->\n<title>Leitbild + Schulprofil - Kastanienschule Hoeningen<\/title>\n<meta name=\"robots\" content=\"index, follow, max-snippet:-1, max-image-preview:large, max-video-preview:-1\" \/>\n<link rel=\"canonical\" href=\"https:\/\/schulen-rommerskirchen.de\/kastanienschule-hoeningen\/ueber-uns\/leitbild-schulprofil\/\" \/>\n<meta property=\"og:locale\" content=\"de_DE\" \/>\n<meta property=\"og:type\" content=\"article\" \/>\n<meta property=\"og:title\" content=\"Leitbild + Schulprofil - Kastanienschule Hoeningen\" \/>\n<meta property=\"og:description\" content=\"LeitbildAls Kollegium haben wir gemeinsam ein Leitbild f\u00fcr unsere p\u00e4dagogische Arbeit erstellt, mit dem wir uns alle identifizieren.Als Leitziele und Schwerpunkte f\u00fcr die gemeinsame Arbeit der n\u00e4chsten Jahre wurden die untenstehenden Punkte festgelegt.Leitziele1. Freundliche, einander zugewandte Atmosph\u00e4re Gemeinsam wollen wir in einer freundlichen, einander zugewandten Atmosph\u00e4re lernen und leben, um eine gesunde und stabile Pers\u00f6nlichkeitsentwicklung [&hellip;]\" \/>\n<meta property=\"og:url\" content=\"https:\/\/schulen-rommerskirchen.de\/kastanienschule-hoeningen\/ueber-uns\/leitbild-schulprofil\/\" \/>\n<meta property=\"og:site_name\" content=\"Kastanienschule Hoeningen\" \/>\n<meta property=\"article:modified_time\" content=\"2024-04-29T07:56:04+00:00\" \/>\n<script type=\"application\/ld+json\" class=\"yoast-schema-graph\">{\"@context\":\"https:\/\/schema.org\",\"@graph\":[{\"@type\":\"WebPage\",\"@id\":\"https:\/\/schulen-rommerskirchen.de\/kastanienschule-hoeningen\/ueber-uns\/leitbild-schulprofil\/\",\"url\":\"https:\/\/schulen-rommerskirchen.de\/kastanienschule-hoeningen\/ueber-uns\/leitbild-schulprofil\/\",\"name\":\"Leitbild + Schulprofil - Kastanienschule Hoeningen\",\"isPartOf\":{\"@id\":\"https:\/\/schulen-rommerskirchen.de\/kastanienschule-hoeningen\/#website\"},\"datePublished\":\"2021-08-04T14:53:24+00:00\",\"dateModified\":\"2024-04-29T07:56:04+00:00\",\"breadcrumb\":{\"@id\":\"https:\/\/schulen-rommerskirchen.de\/kastanienschule-hoeningen\/ueber-uns\/leitbild-schulprofil\/#breadcrumb\"},\"inLanguage\":\"de\",\"potentialAction\":[{\"@type\":\"ReadAction\",\"target\":[\"https:\/\/schulen-rommerskirchen.de\/kastanienschule-hoeningen\/ueber-uns\/leitbild-schulprofil\/\"]}]},{\"@type\":\"BreadcrumbList\",\"@id\":\"https:\/\/schulen-rommerskirchen.de\/kastanienschule-hoeningen\/ueber-uns\/leitbild-schulprofil\/#breadcrumb\",\"itemListElement\":[{\"@type\":\"ListItem\",\"position\":1,\"name\":\"Startseite\",\"item\":\"https:\/\/schulen-rommerskirchen.de\/kastanienschule-hoeningen\/\"},{\"@type\":\"ListItem\",\"position\":2,\"name\":\"\u00dcber uns\",\"item\":\"https:\/\/schulen-rommerskirchen.de\/kastanienschule-hoeningen\/ueber-uns\/\"},{\"@type\":\"ListItem\",\"position\":3,\"name\":\"Leitbild + Schulprofil\"}]},{\"@type\":\"WebSite\",\"@id\":\"https:\/\/schulen-rommerskirchen.de\/kastanienschule-hoeningen\/#website\",\"url\":\"https:\/\/schulen-rommerskirchen.de\/kastanienschule-hoeningen\/\",\"name\":\"Kastanienschule Hoeningen\",\"description\":\"Eine weitere Schulen - Rommerskirchen Websites Website\",\"publisher\":{\"@id\":\"https:\/\/schulen-rommerskirchen.de\/kastanienschule-hoeningen\/#organization\"},\"potentialAction\":[{\"@type\":\"SearchAction\",\"target\":{\"@type\":\"EntryPoint\",\"urlTemplate\":\"https:\/\/schulen-rommerskirchen.de\/kastanienschule-hoeningen\/?s={search_term_string}\"},\"query-input\":{\"@type\":\"PropertyValueSpecification\",\"valueRequired\":true,\"valueName\":\"search_term_string\"}}],\"inLanguage\":\"de\"},{\"@type\":\"Organization\",\"@id\":\"https:\/\/schulen-rommerskirchen.de\/kastanienschule-hoeningen\/#organization\",\"name\":\"Kastanienschule Hoeningen\",\"alternateName\":\"Kastanienschule\",\"url\":\"https:\/\/schulen-rommerskirchen.de\/kastanienschule-hoeningen\/\",\"logo\":{\"@type\":\"ImageObject\",\"inLanguage\":\"de\",\"@id\":\"https:\/\/schulen-rommerskirchen.de\/kastanienschule-hoeningen\/#\/schema\/logo\/image\/\",\"url\":\"https:\/\/schulen-rommerskirchen.de\/kastanienschule-hoeningen\/wp-content\/uploads\/sites\/4\/2021\/08\/logo-kastanienschule.png\",\"contentUrl\":\"https:\/\/schulen-rommerskirchen.de\/kastanienschule-hoeningen\/wp-content\/uploads\/sites\/4\/2021\/08\/logo-kastanienschule.png\",\"width\":178,\"height\":214,\"caption\":\"Kastanienschule Hoeningen\"},\"image\":{\"@id\":\"https:\/\/schulen-rommerskirchen.de\/kastanienschule-hoeningen\/#\/schema\/logo\/image\/\"}}]}<\/script>\n<!-- \/ Yoast SEO plugin. -->","yoast_head_json":{"title":"Leitbild + Schulprofil - Kastanienschule Hoeningen","robots":{"index":"index","follow":"follow","max-snippet":"max-snippet:-1","max-image-preview":"max-image-preview:large","max-video-preview":"max-video-preview:-1"},"canonical":"https:\/\/schulen-rommerskirchen.de\/kastanienschule-hoeningen\/ueber-uns\/leitbild-schulprofil\/","og_locale":"de_DE","og_type":"article","og_title":"Leitbild + Schulprofil - Kastanienschule Hoeningen","og_description":"LeitbildAls Kollegium haben wir gemeinsam ein Leitbild f\u00fcr unsere p\u00e4dagogische Arbeit erstellt, mit dem wir uns alle identifizieren.Als Leitziele und Schwerpunkte f\u00fcr die gemeinsame Arbeit der n\u00e4chsten Jahre wurden die untenstehenden Punkte festgelegt.Leitziele1. Freundliche, einander zugewandte Atmosph\u00e4re Gemeinsam wollen wir in einer freundlichen, einander zugewandten Atmosph\u00e4re lernen und leben, um eine gesunde und stabile Pers\u00f6nlichkeitsentwicklung [&hellip;]","og_url":"https:\/\/schulen-rommerskirchen.de\/kastanienschule-hoeningen\/ueber-uns\/leitbild-schulprofil\/","og_site_name":"Kastanienschule Hoeningen","article_modified_time":"2024-04-29T07:56:04+00:00","schema":{"@context":"https:\/\/schema.org","@graph":[{"@type":"WebPage","@id":"https:\/\/schulen-rommerskirchen.de\/kastanienschule-hoeningen\/ueber-uns\/leitbild-schulprofil\/","url":"https:\/\/schulen-rommerskirchen.de\/kastanienschule-hoeningen\/ueber-uns\/leitbild-schulprofil\/","name":"Leitbild + Schulprofil - Kastanienschule Hoeningen","isPartOf":{"@id":"https:\/\/schulen-rommerskirchen.de\/kastanienschule-hoeningen\/#website"},"datePublished":"2021-08-04T14:53:24+00:00","dateModified":"2024-04-29T07:56:04+00:00","breadcrumb":{"@id":"https:\/\/schulen-rommerskirchen.de\/kastanienschule-hoeningen\/ueber-uns\/leitbild-schulprofil\/#breadcrumb"},"inLanguage":"de","potentialAction":[{"@type":"ReadAction","target":["https:\/\/schulen-rommerskirchen.de\/kastanienschule-hoeningen\/ueber-uns\/leitbild-schulprofil\/"]}]},{"@type":"BreadcrumbList","@id":"https:\/\/schulen-rommerskirchen.de\/kastanienschule-hoeningen\/ueber-uns\/leitbild-schulprofil\/#breadcrumb","itemListElement":[{"@type":"ListItem","position":1,"name":"Startseite","item":"https:\/\/schulen-rommerskirchen.de\/kastanienschule-hoeningen\/"},{"@type":"ListItem","position":2,"name":"\u00dcber uns","item":"https:\/\/schulen-rommerskirchen.de\/kastanienschule-hoeningen\/ueber-uns\/"},{"@type":"ListItem","position":3,"name":"Leitbild + Schulprofil"}]},{"@type":"WebSite","@id":"https:\/\/schulen-rommerskirchen.de\/kastanienschule-hoeningen\/#website","url":"https:\/\/schulen-rommerskirchen.de\/kastanienschule-hoeningen\/","name":"Kastanienschule Hoeningen","description":"Eine weitere Schulen - Rommerskirchen Websites Website","publisher":{"@id":"https:\/\/schulen-rommerskirchen.de\/kastanienschule-hoeningen\/#organization"},"potentialAction":[{"@type":"SearchAction","target":{"@type":"EntryPoint","urlTemplate":"https:\/\/schulen-rommerskirchen.de\/kastanienschule-hoeningen\/?s={search_term_string}"},"query-input":{"@type":"PropertyValueSpecification","valueRequired":true,"valueName":"search_term_string"}}],"inLanguage":"de"},{"@type":"Organization","@id":"https:\/\/schulen-rommerskirchen.de\/kastanienschule-hoeningen\/#organization","name":"Kastanienschule Hoeningen","alternateName":"Kastanienschule","url":"https:\/\/schulen-rommerskirchen.de\/kastanienschule-hoeningen\/","logo":{"@type":"ImageObject","inLanguage":"de","@id":"https:\/\/schulen-rommerskirchen.de\/kastanienschule-hoeningen\/#\/schema\/logo\/image\/","url":"https:\/\/schulen-rommerskirchen.de\/kastanienschule-hoeningen\/wp-content\/uploads\/sites\/4\/2021\/08\/logo-kastanienschule.png","contentUrl":"https:\/\/schulen-rommerskirchen.de\/kastanienschule-hoeningen\/wp-content\/uploads\/sites\/4\/2021\/08\/logo-kastanienschule.png","width":178,"height":214,"caption":"Kastanienschule Hoeningen"},"image":{"@id":"https:\/\/schulen-rommerskirchen.de\/kastanienschule-hoeningen\/#\/schema\/logo\/image\/"}}]}},"publishpress_future_action":{"enabled":false,"date":"2026-04-28 12:00:55","action":"change-status","newStatus":"draft","terms":[],"taxonomy":"","extraData":[]},"publishpress_future_workflow_manual_trigger":{"enabledWorkflows":[]},"_links":{"self":[{"href":"https:\/\/schulen-rommerskirchen.de\/kastanienschule-hoeningen\/wp-json\/wp\/v2\/pages\/49","targetHints":{"allow":["GET"]}}],"collection":[{"href":"https:\/\/schulen-rommerskirchen.de\/kastanienschule-hoeningen\/wp-json\/wp\/v2\/pages"}],"about":[{"href":"https:\/\/schulen-rommerskirchen.de\/kastanienschule-hoeningen\/wp-json\/wp\/v2\/types\/page"}],"author":[{"embeddable":true,"href":"https:\/\/schulen-rommerskirchen.de\/kastanienschule-hoeningen\/wp-json\/wp\/v2\/users\/1"}],"replies":[{"embeddable":true,"href":"https:\/\/schulen-rommerskirchen.de\/kastanienschule-hoeningen\/wp-json\/wp\/v2\/comments?post=49"}],"version-history":[{"count":17,"href":"https:\/\/schulen-rommerskirchen.de\/kastanienschule-hoeningen\/wp-json\/wp\/v2\/pages\/49\/revisions"}],"predecessor-version":[{"id":1492,"href":"https:\/\/schulen-rommerskirchen.de\/kastanienschule-hoeningen\/wp-json\/wp\/v2\/pages\/49\/revisions\/1492"}],"up":[{"embeddable":true,"href":"https:\/\/schulen-rommerskirchen.de\/kastanienschule-hoeningen\/wp-json\/wp\/v2\/pages\/35"}],"wp:attachment":[{"href":"https:\/\/schulen-rommerskirchen.de\/kastanienschule-hoeningen\/wp-json\/wp\/v2\/media?parent=49"}],"curies":[{"name":"wp","href":"https:\/\/api.w.org\/{rel}","templated":true}]}}