{"id":39,"date":"2021-08-04T16:51:29","date_gmt":"2021-08-04T14:51:29","guid":{"rendered":"https:\/\/schulen-rommerskirchen.de\/kastanienschule-hoeningen\/?page_id=39"},"modified":"2024-06-11T10:49:47","modified_gmt":"2024-06-11T08:49:47","slug":"ogs","status":"publish","type":"page","link":"https:\/\/schulen-rommerskirchen.de\/kastanienschule-hoeningen\/ogs\/","title":{"rendered":"OGS"},"content":{"rendered":"<p>[et_pb_section fb_built=&#8220;1&#8243; _builder_version=&#8220;4.25.1&#8243; _module_preset=&#8220;default&#8220; background_enable_color=&#8220;off&#8220; use_background_color_gradient=&#8220;on&#8220; background_color_gradient_stops=&#8220;#ecf2ff 0%|#ffffff 100%&#8220; background_image=&#8220;https:\/\/schulen-rommerskirchen.de\/kastanienschule-hoeningen\/wp-content\/uploads\/sites\/4\/2021\/08\/shapes-bg-1.png&#8220; custom_margin=&#8220;||||false|false&#8220; custom_padding=&#8220;0px||2em||false|false&#8220; global_colors_info=&#8220;{}&#8220;][et_pb_row admin_label=&#8220;ganze bunte Welle &#8211; NICHT L\u00d6SCHEN&#8220; hide_aria_element=&#8220;on&#8220; _builder_version=&#8220;4.20.4&#8243; _module_preset=&#8220;default&#8220; width=&#8220;100%&#8220; max_width=&#8220;100%&#8220; custom_margin=&#8220;0px||||false|false&#8220; custom_padding=&#8220;0px||||false|false&#8220; global_module=&#8220;641&#8243; saved_tabs=&#8220;all&#8220; global_colors_info=&#8220;{}&#8220;][et_pb_column type=&#8220;4_4&#8243; _builder_version=&#8220;4.20.1&#8243; _module_preset=&#8220;default&#8220; global_colors_info=&#8220;{}&#8220;][et_pb_image src=&#8220;https:\/\/schulen-rommerskirchen.de\/kastanienschule-hoeningen\/wp-content\/uploads\/sites\/4\/2023\/03\/wel-3f-header-voll.png&#8220; title_text=&#8220;wel-3f-header-voll&#8220; force_fullwidth=&#8220;on&#8220; admin_label=&#8220;farbige Welle &#8211; us&#8220; module_class=&#8220;buntewelle&#8220; _builder_version=&#8220;4.20.4&#8243; _module_preset=&#8220;default&#8220; position_origin_a=&#8220;bottom_center&#8220; z_index=&#8220;100&#8243; custom_padding=&#8220;0.8em||||false|false&#8220; global_module=&#8220;668&#8243; saved_tabs=&#8220;all&#8220; global_colors_info=&#8220;{}&#8220;][\/et_pb_image][\/et_pb_column][\/et_pb_row][et_pb_row _builder_version=&#8220;4.24.3&#8243; _module_preset=&#8220;default&#8220; global_colors_info=&#8220;{}&#8220;][et_pb_column type=&#8220;4_4&#8243; _builder_version=&#8220;4.24.3&#8243; _module_preset=&#8220;default&#8220; global_colors_info=&#8220;{}&#8220;][et_pb_text admin_label=&#8220;Offene Ganztagsschule&#8220; _builder_version=&#8220;4.24.3&#8243; _module_preset=&#8220;default&#8220; global_colors_info=&#8220;{}&#8220;]<\/p>\n<h1 style=\"text-align: center\">Offene Ganztagsschule<\/h1>\n<p>[\/et_pb_text][\/et_pb_column][\/et_pb_row][et_pb_row column_structure=&#8220;1_2,1_2&#8243; custom_padding_last_edited=&#8220;off|desktop&#8220; _builder_version=&#8220;4.19.5&#8243; _module_preset=&#8220;default&#8220; global_colors_info=&#8220;{}&#8220;][et_pb_column type=&#8220;1_2&#8243; _builder_version=&#8220;4.19.5&#8243; _module_preset=&#8220;default&#8220; global_colors_info=&#8220;{}&#8220;][et_pb_text _builder_version=&#8220;4.20.4&#8243; _module_preset=&#8220;default&#8220; global_colors_info=&#8220;{}&#8220;]Wir als Offene Ganztagsschule verstehen uns als einen Ort, an dem die Bereiche Schule und Freizeit sinnvoll miteinander verkn\u00fcpft werden. Wir bieten Kindern einen Raum, in dem sie sich wohl f\u00fchlen, wo sie Freunde finden und treffen, sich aber auch frei und verantwortungsbewusst bewegen k\u00f6nnen.[\/et_pb_text][\/et_pb_column][et_pb_column type=&#8220;1_2&#8243; _builder_version=&#8220;4.19.5&#8243; _module_preset=&#8220;default&#8220; global_colors_info=&#8220;{}&#8220;][et_pb_text _builder_version=&#8220;4.20.4&#8243; _module_preset=&#8220;default&#8220; global_colors_info=&#8220;{}&#8220;]Durch unser vielseitiges Angebot werden gleichzeitig die St\u00e4rken und Interessen der Kinder in den verschiedensten Bereichen gef\u00f6rdert. Zur Zeit besuchen 90 Kinder unsere Einrichtung.[\/et_pb_text][\/et_pb_column][\/et_pb_row][et_pb_row make_equal=&#8220;on&#8220; _builder_version=&#8220;4.25.1&#8243; _module_preset=&#8220;default&#8220; global_colors_info=&#8220;{}&#8220;][et_pb_column type=&#8220;4_4&#8243; _builder_version=&#8220;4.25.1&#8243; _module_preset=&#8220;default&#8220; background_enable_color=&#8220;off&#8220; custom_padding=&#8220;1.5em|1.5em|1.5em|1.5em|true|true&#8220; border_radii=&#8220;on|10px|10px|10px|10px&#8220; global_colors_info=&#8220;{}&#8220;][et_pb_text admin_label=&#8220;Was bedeutet Ganztag?&#8220; _builder_version=&#8220;4.24.3&#8243; _module_preset=&#8220;default&#8220; background_color=&#8220;RGBA(255,255,255,0)&#8220; text_orientation=&#8220;center&#8220; global_colors_info=&#8220;{}&#8220;]<\/p>\n<h2 style=\"text-align: center\">Was bedeutet Ganztag?<\/h2>\n<p>[\/et_pb_text][\/et_pb_column][\/et_pb_row][et_pb_row column_structure=&#8220;1_2,1_2&#8243; make_equal=&#8220;on&#8220; _builder_version=&#8220;4.25.1&#8243; _module_preset=&#8220;default&#8220; global_colors_info=&#8220;{}&#8220;][et_pb_column type=&#8220;1_2&#8243; _builder_version=&#8220;4.25.1&#8243; _module_preset=&#8220;default&#8220; background_enable_color=&#8220;off&#8220; custom_padding=&#8220;1.5em|1.5em|1.5em|1.5em|false|false&#8220; border_radii=&#8220;on|10px|10px|10px|10px&#8220; global_colors_info=&#8220;{}&#8220;][et_pb_text ul_item_indent=&#8220;1.3em&#8220; admin_label=&#8220;Text&#8220; _builder_version=&#8220;4.24.3&#8243; _module_preset=&#8220;default&#8220; background_color=&#8220;RGBA(255,255,255,0)&#8220; global_colors_info=&#8220;{}&#8220;]<\/p>\n<h3>Unsere OGS bedeutet f\u00fcr Kinder<\/h3>\n<ul>\n<li>Eine zuverl\u00e4ssige Anlaufstelle vor und nach dem Unterricht<\/li>\n<li>Hilfe und Betreuung bei den Hausaufgaben<\/li>\n<li>Spiel, Spa\u00df und Gemeinschaft<\/li>\n<li>Vielf\u00e4ltige Freizeitangebote in den AGs<\/li>\n<\/ul>\n<p>[\/et_pb_text][\/et_pb_column][et_pb_column type=&#8220;1_2&#8243; _builder_version=&#8220;4.25.1&#8243; _module_preset=&#8220;default&#8220; background_enable_color=&#8220;off&#8220; custom_padding=&#8220;1.5em|1.5em|1.5em|1.5em|false|false&#8220; border_radii=&#8220;on|10px|10px|10px|10px&#8220; global_colors_info=&#8220;{}&#8220;][et_pb_text ul_item_indent=&#8220;1.3em&#8220; _builder_version=&#8220;4.24.3&#8243; _module_preset=&#8220;default&#8220; background_color=&#8220;RGBA(255,255,255,0)&#8220; global_colors_info=&#8220;{}&#8220;]<\/p>\n<h3>Unsere OGS bedeutet f\u00fcr Eltern:<\/h3>\n<ul>\n<li>Eine verl\u00e4ssliche Betreuung von 7.30 \u2013 16.00 Uhr, in Ausnahmef\u00e4llen bis 16.30 Uhr (auch in den Ferien)<\/li>\n<li>T\u00e4glich ein warmes, kindgerechtes und ausgewogenes Mittagessen<\/li>\n<li>Weniger Stress bei den Hausaufgaben durch Hausaufgabenbetreuung, au\u00dfer freitags<\/li>\n<li>Individuelle F\u00f6rderung durch vielf\u00e4ltige Angebote.<\/li>\n<\/ul>\n<p>[\/et_pb_text][\/et_pb_column][\/et_pb_row][et_pb_row make_equal=&#8220;on&#8220; _builder_version=&#8220;4.25.1&#8243; _module_preset=&#8220;default&#8220; border_color_right=&#8220;RGBA(255,255,255,0)&#8220; global_colors_info=&#8220;{}&#8220; column_structure=&#8220;1_2,1_2&#8243;][et_pb_column type=&#8220;1_2&#8243; _builder_version=&#8220;4.25.1&#8243; _module_preset=&#8220;default&#8220; background_enable_color=&#8220;off&#8220; custom_padding=&#8220;1.5em|1.5em|1.5em|1.5em|true|true&#8220; border_radii=&#8220;on|10px|10px|10px|10px&#8220; global_colors_info=&#8220;{}&#8220;][et_pb_text admin_label=&#8220;Das Mittagessen&#8220; _builder_version=&#8220;4.24.3&#8243; _module_preset=&#8220;default&#8220; text_orientation=&#8220;center&#8220; global_colors_info=&#8220;{}&#8220;]<\/p>\n<h2 style=\"text-align: center\">Das Mittagessen<\/h2>\n<p>Das Mittagessen, bestehend aus Hauptgericht und Nachtisch, wird der Schule angeliefert.<\/p>\n<p>Bei der Auswahl wird auf kindgerechte, ausgewogene Kost geachtet.<\/p>\n<p>Hier k\u00f6nnen Sie sich den<a title=\"Link zum aktuellen Speiseplan\" href=\"\/kastanienschule-hoeningen\/ogs\/speiseplan\/\"> aktuellen Speiseplan<\/a> anschauen.<\/p>\n<p>[\/et_pb_text][\/et_pb_column][et_pb_column type=&#8220;1_2&#8243; _builder_version=&#8220;4.25.1&#8243; _module_preset=&#8220;default&#8220; background_enable_color=&#8220;off&#8220; custom_padding=&#8220;1.5em|1.5em|1.5em|1.5em|true|true&#8220; border_radii=&#8220;on|10px|10px|10px|10px&#8220; global_colors_info=&#8220;{}&#8220;][et_pb_text admin_label=&#8220;Formulare &amp; PDFs&#8220; _builder_version=&#8220;4.24.3&#8243; _module_preset=&#8220;default&#8220; text_orientation=&#8220;center&#8220; global_colors_info=&#8220;{}&#8220;]<\/p>\n<h2 style=\"text-align: center\">Formulare &amp; PDFs<\/h2>\n<p>[\/et_pb_text][et_pb_text _builder_version=&#8220;4.24.2&#8243; _module_preset=&#8220;default&#8220; text_orientation=&#8220;center&#8220; global_colors_info=&#8220;{}&#8220;]<\/p>\n<p>finden Sie unter <a href=\"https:\/\/schulen-rommerskirchen.de\/kastanienschule-hoeningen\/downloads#ogs\" target=\"_blank\" rel=\"noopener\">Downloads<\/a>.<\/p>\n<p>[\/et_pb_text][\/et_pb_column][\/et_pb_row][\/et_pb_section]<\/p>\n","protected":false},"excerpt":{"rendered":"<p>Offene GanztagsschuleWir als Offene Ganztagsschule verstehen uns als einen Ort, an dem die Bereiche Schule und Freizeit sinnvoll miteinander verkn\u00fcpft werden. Wir bieten Kindern einen Raum, in dem sie sich wohl f\u00fchlen, wo sie Freunde finden und treffen, sich aber auch frei und verantwortungsbewusst bewegen k\u00f6nnen.Durch unser vielseitiges Angebot werden gleichzeitig die St\u00e4rken und Interessen [&hellip;]<\/p>\n","protected":false},"author":1,"featured_media":0,"parent":0,"menu_order":4,"comment_status":"closed","ping_status":"closed","template":"","meta":{"_et_pb_use_builder":"on","_et_pb_old_content":"<!-- wp:divi\/placeholder \/-->","_et_gb_content_width":"","inline_featured_image":false,"footnotes":"","_links_to":"","_links_to_target":""},"class_list":["post-39","page","type-page","status-publish","hentry"],"yoast_head":"<!-- This site is optimized with the Yoast SEO plugin v27.5 - https:\/\/yoast.com\/product\/yoast-seo-wordpress\/ -->\n<title>OGS - Kastanienschule Hoeningen<\/title>\n<meta name=\"robots\" content=\"index, follow, max-snippet:-1, max-image-preview:large, max-video-preview:-1\" \/>\n<link rel=\"canonical\" href=\"https:\/\/schulen-rommerskirchen.de\/kastanienschule-hoeningen\/ogs\/\" \/>\n<meta property=\"og:locale\" content=\"de_DE\" \/>\n<meta property=\"og:type\" content=\"article\" \/>\n<meta property=\"og:title\" content=\"OGS - Kastanienschule Hoeningen\" \/>\n<meta property=\"og:description\" content=\"Offene GanztagsschuleWir als Offene Ganztagsschule verstehen uns als einen Ort, an dem die Bereiche Schule und Freizeit sinnvoll miteinander verkn\u00fcpft werden. Wir bieten Kindern einen Raum, in dem sie sich wohl f\u00fchlen, wo sie Freunde finden und treffen, sich aber auch frei und verantwortungsbewusst bewegen k\u00f6nnen.Durch unser vielseitiges Angebot werden gleichzeitig die St\u00e4rken und Interessen [&hellip;]\" \/>\n<meta property=\"og:url\" content=\"https:\/\/schulen-rommerskirchen.de\/kastanienschule-hoeningen\/ogs\/\" \/>\n<meta property=\"og:site_name\" content=\"Kastanienschule Hoeningen\" \/>\n<meta property=\"article:modified_time\" content=\"2024-06-11T08:49:47+00:00\" \/>\n<script type=\"application\/ld+json\" class=\"yoast-schema-graph\">{\"@context\":\"https:\\\/\\\/schema.org\",\"@graph\":[{\"@type\":\"WebPage\",\"@id\":\"https:\\\/\\\/schulen-rommerskirchen.de\\\/kastanienschule-hoeningen\\\/ogs\\\/\",\"url\":\"https:\\\/\\\/schulen-rommerskirchen.de\\\/kastanienschule-hoeningen\\\/ogs\\\/\",\"name\":\"OGS - Kastanienschule Hoeningen\",\"isPartOf\":{\"@id\":\"https:\\\/\\\/schulen-rommerskirchen.de\\\/kastanienschule-hoeningen\\\/#website\"},\"datePublished\":\"2021-08-04T14:51:29+00:00\",\"dateModified\":\"2024-06-11T08:49:47+00:00\",\"breadcrumb\":{\"@id\":\"https:\\\/\\\/schulen-rommerskirchen.de\\\/kastanienschule-hoeningen\\\/ogs\\\/#breadcrumb\"},\"inLanguage\":\"de\",\"potentialAction\":[{\"@type\":\"ReadAction\",\"target\":[\"https:\\\/\\\/schulen-rommerskirchen.de\\\/kastanienschule-hoeningen\\\/ogs\\\/\"]}]},{\"@type\":\"BreadcrumbList\",\"@id\":\"https:\\\/\\\/schulen-rommerskirchen.de\\\/kastanienschule-hoeningen\\\/ogs\\\/#breadcrumb\",\"itemListElement\":[{\"@type\":\"ListItem\",\"position\":1,\"name\":\"Startseite\",\"item\":\"https:\\\/\\\/schulen-rommerskirchen.de\\\/kastanienschule-hoeningen\\\/\"},{\"@type\":\"ListItem\",\"position\":2,\"name\":\"OGS\"}]},{\"@type\":\"WebSite\",\"@id\":\"https:\\\/\\\/schulen-rommerskirchen.de\\\/kastanienschule-hoeningen\\\/#website\",\"url\":\"https:\\\/\\\/schulen-rommerskirchen.de\\\/kastanienschule-hoeningen\\\/\",\"name\":\"Kastanienschule Hoeningen\",\"description\":\"Eine weitere Schulen - Rommerskirchen Websites Website\",\"publisher\":{\"@id\":\"https:\\\/\\\/schulen-rommerskirchen.de\\\/kastanienschule-hoeningen\\\/#organization\"},\"potentialAction\":[{\"@type\":\"SearchAction\",\"target\":{\"@type\":\"EntryPoint\",\"urlTemplate\":\"https:\\\/\\\/schulen-rommerskirchen.de\\\/kastanienschule-hoeningen\\\/?s={search_term_string}\"},\"query-input\":{\"@type\":\"PropertyValueSpecification\",\"valueRequired\":true,\"valueName\":\"search_term_string\"}}],\"inLanguage\":\"de\"},{\"@type\":\"Organization\",\"@id\":\"https:\\\/\\\/schulen-rommerskirchen.de\\\/kastanienschule-hoeningen\\\/#organization\",\"name\":\"Kastanienschule Hoeningen\",\"alternateName\":\"Kastanienschule\",\"url\":\"https:\\\/\\\/schulen-rommerskirchen.de\\\/kastanienschule-hoeningen\\\/\",\"logo\":{\"@type\":\"ImageObject\",\"inLanguage\":\"de\",\"@id\":\"https:\\\/\\\/schulen-rommerskirchen.de\\\/kastanienschule-hoeningen\\\/#\\\/schema\\\/logo\\\/image\\\/\",\"url\":\"https:\\\/\\\/schulen-rommerskirchen.de\\\/kastanienschule-hoeningen\\\/wp-content\\\/uploads\\\/sites\\\/4\\\/2021\\\/08\\\/logo-kastanienschule.png\",\"contentUrl\":\"https:\\\/\\\/schulen-rommerskirchen.de\\\/kastanienschule-hoeningen\\\/wp-content\\\/uploads\\\/sites\\\/4\\\/2021\\\/08\\\/logo-kastanienschule.png\",\"width\":178,\"height\":214,\"caption\":\"Kastanienschule Hoeningen\"},\"image\":{\"@id\":\"https:\\\/\\\/schulen-rommerskirchen.de\\\/kastanienschule-hoeningen\\\/#\\\/schema\\\/logo\\\/image\\\/\"}}]}<\/script>\n<!-- \/ Yoast SEO plugin. -->","yoast_head_json":{"title":"OGS - Kastanienschule Hoeningen","robots":{"index":"index","follow":"follow","max-snippet":"max-snippet:-1","max-image-preview":"max-image-preview:large","max-video-preview":"max-video-preview:-1"},"canonical":"https:\/\/schulen-rommerskirchen.de\/kastanienschule-hoeningen\/ogs\/","og_locale":"de_DE","og_type":"article","og_title":"OGS - Kastanienschule Hoeningen","og_description":"Offene GanztagsschuleWir als Offene Ganztagsschule verstehen uns als einen Ort, an dem die Bereiche Schule und Freizeit sinnvoll miteinander verkn\u00fcpft werden. Wir bieten Kindern einen Raum, in dem sie sich wohl f\u00fchlen, wo sie Freunde finden und treffen, sich aber auch frei und verantwortungsbewusst bewegen k\u00f6nnen.Durch unser vielseitiges Angebot werden gleichzeitig die St\u00e4rken und Interessen [&hellip;]","og_url":"https:\/\/schulen-rommerskirchen.de\/kastanienschule-hoeningen\/ogs\/","og_site_name":"Kastanienschule Hoeningen","article_modified_time":"2024-06-11T08:49:47+00:00","schema":{"@context":"https:\/\/schema.org","@graph":[{"@type":"WebPage","@id":"https:\/\/schulen-rommerskirchen.de\/kastanienschule-hoeningen\/ogs\/","url":"https:\/\/schulen-rommerskirchen.de\/kastanienschule-hoeningen\/ogs\/","name":"OGS - Kastanienschule Hoeningen","isPartOf":{"@id":"https:\/\/schulen-rommerskirchen.de\/kastanienschule-hoeningen\/#website"},"datePublished":"2021-08-04T14:51:29+00:00","dateModified":"2024-06-11T08:49:47+00:00","breadcrumb":{"@id":"https:\/\/schulen-rommerskirchen.de\/kastanienschule-hoeningen\/ogs\/#breadcrumb"},"inLanguage":"de","potentialAction":[{"@type":"ReadAction","target":["https:\/\/schulen-rommerskirchen.de\/kastanienschule-hoeningen\/ogs\/"]}]},{"@type":"BreadcrumbList","@id":"https:\/\/schulen-rommerskirchen.de\/kastanienschule-hoeningen\/ogs\/#breadcrumb","itemListElement":[{"@type":"ListItem","position":1,"name":"Startseite","item":"https:\/\/schulen-rommerskirchen.de\/kastanienschule-hoeningen\/"},{"@type":"ListItem","position":2,"name":"OGS"}]},{"@type":"WebSite","@id":"https:\/\/schulen-rommerskirchen.de\/kastanienschule-hoeningen\/#website","url":"https:\/\/schulen-rommerskirchen.de\/kastanienschule-hoeningen\/","name":"Kastanienschule Hoeningen","description":"Eine weitere Schulen - Rommerskirchen Websites Website","publisher":{"@id":"https:\/\/schulen-rommerskirchen.de\/kastanienschule-hoeningen\/#organization"},"potentialAction":[{"@type":"SearchAction","target":{"@type":"EntryPoint","urlTemplate":"https:\/\/schulen-rommerskirchen.de\/kastanienschule-hoeningen\/?s={search_term_string}"},"query-input":{"@type":"PropertyValueSpecification","valueRequired":true,"valueName":"search_term_string"}}],"inLanguage":"de"},{"@type":"Organization","@id":"https:\/\/schulen-rommerskirchen.de\/kastanienschule-hoeningen\/#organization","name":"Kastanienschule Hoeningen","alternateName":"Kastanienschule","url":"https:\/\/schulen-rommerskirchen.de\/kastanienschule-hoeningen\/","logo":{"@type":"ImageObject","inLanguage":"de","@id":"https:\/\/schulen-rommerskirchen.de\/kastanienschule-hoeningen\/#\/schema\/logo\/image\/","url":"https:\/\/schulen-rommerskirchen.de\/kastanienschule-hoeningen\/wp-content\/uploads\/sites\/4\/2021\/08\/logo-kastanienschule.png","contentUrl":"https:\/\/schulen-rommerskirchen.de\/kastanienschule-hoeningen\/wp-content\/uploads\/sites\/4\/2021\/08\/logo-kastanienschule.png","width":178,"height":214,"caption":"Kastanienschule Hoeningen"},"image":{"@id":"https:\/\/schulen-rommerskirchen.de\/kastanienschule-hoeningen\/#\/schema\/logo\/image\/"}}]}},"publishpress_future_action":{"enabled":false,"date":"2026-05-19 15:04:10","action":"change-status","newStatus":"draft","terms":[],"taxonomy":"","extraData":[]},"publishpress_future_workflow_manual_trigger":{"enabledWorkflows":[]},"_links":{"self":[{"href":"https:\/\/schulen-rommerskirchen.de\/kastanienschule-hoeningen\/wp-json\/wp\/v2\/pages\/39","targetHints":{"allow":["GET"]}}],"collection":[{"href":"https:\/\/schulen-rommerskirchen.de\/kastanienschule-hoeningen\/wp-json\/wp\/v2\/pages"}],"about":[{"href":"https:\/\/schulen-rommerskirchen.de\/kastanienschule-hoeningen\/wp-json\/wp\/v2\/types\/page"}],"author":[{"embeddable":true,"href":"https:\/\/schulen-rommerskirchen.de\/kastanienschule-hoeningen\/wp-json\/wp\/v2\/users\/1"}],"replies":[{"embeddable":true,"href":"https:\/\/schulen-rommerskirchen.de\/kastanienschule-hoeningen\/wp-json\/wp\/v2\/comments?post=39"}],"version-history":[{"count":37,"href":"https:\/\/schulen-rommerskirchen.de\/kastanienschule-hoeningen\/wp-json\/wp\/v2\/pages\/39\/revisions"}],"predecessor-version":[{"id":1683,"href":"https:\/\/schulen-rommerskirchen.de\/kastanienschule-hoeningen\/wp-json\/wp\/v2\/pages\/39\/revisions\/1683"}],"wp:attachment":[{"href":"https:\/\/schulen-rommerskirchen.de\/kastanienschule-hoeningen\/wp-json\/wp\/v2\/media?parent=39"}],"curies":[{"name":"wp","href":"https:\/\/api.w.org\/{rel}","templated":true}]}}