{"id":35,"date":"2021-08-04T16:50:55","date_gmt":"2021-08-04T14:50:55","guid":{"rendered":"https:\/\/schulen-rommerskirchen.de\/kastanienschule-hoeningen\/?page_id=35"},"modified":"2025-04-25T15:56:07","modified_gmt":"2025-04-25T13:56:07","slug":"ueber-uns","status":"publish","type":"page","link":"https:\/\/schulen-rommerskirchen.de\/kastanienschule-hoeningen\/ueber-uns\/","title":{"rendered":"\u00dcber uns"},"content":{"rendered":"<p>[et_pb_section fb_built=&#8220;1&#8243; disabled_on=&#8220;on|on|on&#8220; _builder_version=&#8220;4.20.1&#8243; _module_preset=&#8220;default&#8220; position_origin_r=&#8220;bottom_left&#8220; custom_margin=&#8220;0px||0px||true|false&#8220; custom_padding=&#8220;0px||20px||false|false&#8220; bottom_divider_color=&#8220;#FFFFFF&#8220; bottom_divider_arrangement=&#8220;above_content&#8220; disabled=&#8220;on&#8220; global_colors_info=&#8220;{}&#8220; da_is_popup=&#8220;off&#8220; da_exit_intent=&#8220;off&#8220; da_has_close=&#8220;on&#8220; da_alt_close=&#8220;off&#8220; da_dark_close=&#8220;off&#8220; da_not_modal=&#8220;on&#8220; da_is_singular=&#8220;off&#8220; da_with_loader=&#8220;off&#8220; da_has_shadow=&#8220;on&#8220; da_disable_devices=&#8220;off|off|off&#8220;][et_pb_row _builder_version=&#8220;4.16&#8243; _module_preset=&#8220;default&#8220; width=&#8220;100%&#8220; max_width=&#8220;100%&#8220; max_height=&#8220;450px&#8220; custom_padding=&#8220;0px||0px||false|false&#8220; global_colors_info=&#8220;{}&#8220;][et_pb_column type=&#8220;4_4&#8243; _builder_version=&#8220;4.16&#8243; _module_preset=&#8220;default&#8220; custom_padding=&#8220;||0px||false|false&#8220; global_colors_info=&#8220;{}&#8220;][et_pb_slider show_pagination=&#8220;off&#8220; _builder_version=&#8220;4.24.3&#8243; _module_preset=&#8220;default&#8220; background_color=&#8220;#FFFFFF&#8220; use_background_color_gradient=&#8220;on&#8220; background_color_gradient_stops=&#8220;rgba(0,0,0,0.05) 0%|rgba(0,0,0,0.05) 100%&#8220; background_color_gradient_overlays_image=&#8220;on&#8220; custom_margin=&#8220;||0px||false|false&#8220; custom_padding=&#8220;9vw||5vw||false|false&#8220; auto=&#8220;on&#8220; global_colors_info=&#8220;{}&#8220;][et_pb_slide _builder_version=&#8220;4.24.3&#8243; _module_preset=&#8220;default&#8220; background_image=&#8220;https:\/\/schulen-rommerskirchen.de\/kastanienschule-hoeningen\/wp-content\/uploads\/sites\/4\/2023\/08\/slider-kastanienschule2.jpg&#8220; background_enable_image=&#8220;on&#8220; global_colors_info=&#8220;{}&#8220; sticky_transition=&#8220;on&#8220;][\/et_pb_slide][\/et_pb_slider][et_pb_image src=&#8220;https:\/\/schulen-rommerskirchen.de\/kastanienschule-hoeningen\/wp-content\/uploads\/sites\/4\/2021\/08\/wel-3f-header.png&#8220; title_text=&#8220;wel-3f-header&#8220; force_fullwidth=&#8220;on&#8220; admin_label=&#8220;Farbige Welle&#8220; module_class=&#8220;buntewelle&#8220; _builder_version=&#8220;4.20.4&#8243; _module_preset=&#8220;default&#8220; positioning=&#8220;absolute&#8220; position_origin_a=&#8220;bottom_center&#8220; z_index=&#8220;100&#8243; global_module=&#8220;374&#8243; saved_tabs=&#8220;all&#8220; global_colors_info=&#8220;{}&#8220;][\/et_pb_image][\/et_pb_column][\/et_pb_row][\/et_pb_section][et_pb_section fb_built=&#8220;1&#8243; _builder_version=&#8220;4.25.1&#8243; _module_preset=&#8220;default&#8220; background_enable_color=&#8220;off&#8220; use_background_color_gradient=&#8220;on&#8220; background_color_gradient_stops=&#8220;#ecf2ff 0%|#ffffff 100%&#8220; background_image=&#8220;https:\/\/schulen-rommerskirchen.de\/kastanienschule-hoeningen\/wp-content\/uploads\/sites\/4\/2021\/08\/shapes-bg-1.png&#8220; custom_margin=&#8220;||||false|false&#8220; custom_padding=&#8220;0px||2em||false|false&#8220; global_colors_info=&#8220;{}&#8220; da_is_popup=&#8220;off&#8220; da_exit_intent=&#8220;off&#8220; da_has_close=&#8220;on&#8220; da_alt_close=&#8220;off&#8220; da_dark_close=&#8220;off&#8220; da_not_modal=&#8220;on&#8220; da_is_singular=&#8220;off&#8220; da_with_loader=&#8220;off&#8220; da_has_shadow=&#8220;on&#8220; da_disable_devices=&#8220;off|off|off&#8220;][et_pb_row admin_label=&#8220;ganze bunte Welle &#8211; NICHT L\u00d6SCHEN&#8220; hide_aria_element=&#8220;on&#8220; _builder_version=&#8220;4.20.4&#8243; _module_preset=&#8220;default&#8220; width=&#8220;100%&#8220; max_width=&#8220;100%&#8220; custom_margin=&#8220;0px||||false|false&#8220; custom_padding=&#8220;0px||||false|false&#8220; global_module=&#8220;641&#8243; saved_tabs=&#8220;all&#8220; global_colors_info=&#8220;{}&#8220;][et_pb_column type=&#8220;4_4&#8243; _builder_version=&#8220;4.20.1&#8243; _module_preset=&#8220;default&#8220; global_colors_info=&#8220;{}&#8220;][et_pb_image src=&#8220;https:\/\/schulen-rommerskirchen.de\/kastanienschule-hoeningen\/wp-content\/uploads\/sites\/4\/2023\/03\/wel-3f-header-voll.png&#8220; title_text=&#8220;wel-3f-header-voll&#8220; force_fullwidth=&#8220;on&#8220; admin_label=&#8220;farbige Welle &#8211; us&#8220; module_class=&#8220;buntewelle&#8220; _builder_version=&#8220;4.20.4&#8243; _module_preset=&#8220;default&#8220; position_origin_a=&#8220;bottom_center&#8220; z_index=&#8220;100&#8243; custom_padding=&#8220;0.8em||||false|false&#8220; global_module=&#8220;668&#8243; saved_tabs=&#8220;all&#8220; global_colors_info=&#8220;{}&#8220;][\/et_pb_image][\/et_pb_column][\/et_pb_row][et_pb_row _builder_version=&#8220;4.20.4&#8243; _module_preset=&#8220;default&#8220; custom_margin=&#8220;0px||||false|false&#8220; custom_padding=&#8220;0px||||false|false&#8220; global_colors_info=&#8220;{}&#8220;][et_pb_column type=&#8220;4_4&#8243; _builder_version=&#8220;4.16&#8243; _module_preset=&#8220;default&#8220; global_colors_info=&#8220;{}&#8220;][et_pb_text admin_label=&#8220;Unsere Schule&#8220; _builder_version=&#8220;4.24.3&#8243; _module_preset=&#8220;default&#8220; global_colors_info=&#8220;{}&#8220;]<\/p>\n<h1 style=\"text-align: center\">Unsere Schule<\/h1>\n<p>[\/et_pb_text][\/et_pb_column][\/et_pb_row][et_pb_row column_structure=&#8220;1_2,1_2&#8243; _builder_version=&#8220;4.20.4&#8243; _module_preset=&#8220;default&#8220; custom_margin=&#8220;0px||||false|false&#8220; custom_padding=&#8220;0px||||false|false&#8220; global_colors_info=&#8220;{}&#8220;][et_pb_column type=&#8220;1_2&#8243; _builder_version=&#8220;4.16&#8243; _module_preset=&#8220;default&#8220; global_colors_info=&#8220;{}&#8220;][et_pb_text _builder_version=&#8220;4.22.0&#8243; _module_preset=&#8220;default&#8220; global_colors_info=&#8220;{}&#8220;]<\/p>\n<p>Die Kastanienschule Hoeningen liegt als Offene Ganztagsschule der Gemeinde Rommerskirchen zwischen den Ortsteilen Widdeshoven und Ramrath\/Villau.<\/p>\n<p>Die Schule wird zurzeit von ca. 100 Sch\u00fclerinnen und Sch\u00fclern besucht. Zum Schuljahr 2022\/2023 wurde Sie umgebaut und erweitert mit dem Ziel, eine Zweiz\u00fcgigkeit zu realisieren.<\/p>\n<p>[\/et_pb_text][\/et_pb_column][et_pb_column type=&#8220;1_2&#8243; _builder_version=&#8220;4.16&#8243; _module_preset=&#8220;default&#8220; global_colors_info=&#8220;{}&#8220;][et_pb_text _builder_version=&#8220;4.20.4&#8243; _module_preset=&#8220;default&#8220; global_colors_info=&#8220;{}&#8220;]<\/p>\n<p>Erg\u00e4nzend zu den Leitzielen \u201eFreundliche, einander zugewandte Atmosph\u00e4re\u201c, \u201eRespekt und Toleranz\u201c, Fordern und F\u00f6rdern\u201c sowie \u201eOffenheit und Zusammenarbeit\u201c haben wir in unserem Schulprogramm drei Schwerpunkte:<\/p>\n<ol>\n<li>Natur und Gem\u00fcse-Ackerdemie<\/li>\n<li>Musik<\/li>\n<li>Lesen<\/li>\n<\/ol>\n<p>Wir m\u00f6chten f\u00fcr die uns anvertrauten Kinder Grundlagen schaffen, die es den jungen Menschen erm\u00f6glichen, den Anspr\u00fcchen unserer sich wandelnden Gesellschaft gerecht zu werden und sich individuell bestm\u00f6glich entwickeln zu k\u00f6nnen.<\/p>\n<p>[\/et_pb_text][\/et_pb_column][\/et_pb_row][et_pb_row column_structure=&#8220;1_4,1_4,1_4,1_4&#8243; use_custom_gutter=&#8220;on&#8220; make_equal=&#8220;on&#8220; _builder_version=&#8220;4.21.0&#8243; _module_preset=&#8220;default&#8220; global_colors_info=&#8220;{}&#8220;][et_pb_column type=&#8220;1_4&#8243; _builder_version=&#8220;4.20.1&#8243; _module_preset=&#8220;default&#8220; background_color=&#8220;#d5e2ff&#8220; border_radii=&#8220;on|5px|5px|5px|5px&#8220; border_color_all=&#8220;#d5e2ff&#8220; box_shadow_style=&#8220;preset1&#8243; box_shadow_color=&#8220;rgba(49,64,119,0.65)&#8220; global_colors_info=&#8220;{}&#8220; background__hover_enabled=&#8220;on|hover&#8220; use_background_color_gradient__hover=&#8220;off&#8220; background_color__hover=&#8220;#cfe477&#8243; background_enable_color__hover=&#8220;on&#8220;][et_pb_cta title=&#8220;Gemeinsames Lernen&#8220; button_url=&#8220;https:\/\/schulen-rommerskirchen.de\/kastanienschule-hoeningen\/ueber-uns\/gemeinsames-lernen\/&#8220; button_text=&#8220;mehr erfahren&#8220; admin_label=&#8220;Gemeinsames Lernen&#8220; _builder_version=&#8220;4.24.3&#8243; _module_preset=&#8220;default&#8220; header_font_size=&#8220;26px&#8220; background_enable_color=&#8220;off&#8220; background_enable_image=&#8220;off&#8220; custom_button=&#8220;on&#8220; button_text_color=&#8220;#314077&#8243; button_bg_color=&#8220;rgba(255,255,255,0.6)&#8220; button_icon=&#8220;&#xe07e;||divi||400&#8243; button_on_hover=&#8220;off&#8220; button_custom_padding=&#8220;0.5em|2.4em|0.5em|1.5em|true|false&#8220; background_layout=&#8220;light&#8220; custom_padding=&#8220;1.3em|1.3em|1.3em|1.3em|true|true&#8220; custom_css_promo_title=&#8220;padding-top: 5px&#8220; global_colors_info=&#8220;{}&#8220; button_bg_color__hover_enabled=&#8220;on|desktop&#8220; button_bg_color__hover=&#8220;#FFFFFF&#8220; button_bg_enable_color__hover=&#8220;on&#8220;][\/et_pb_cta][\/et_pb_column][et_pb_column type=&#8220;1_4&#8243; _builder_version=&#8220;4.20.1&#8243; _module_preset=&#8220;default&#8220; background_color=&#8220;#d5e2ff&#8220; border_radii=&#8220;on|5px|5px|5px|5px&#8220; border_width_all=&#8220;0px&#8220; border_color_all=&#8220;#aec7ff&#8220; box_shadow_style=&#8220;preset1&#8243; box_shadow_color=&#8220;rgba(49,64,119,0.65)&#8220; global_colors_info=&#8220;{}&#8220; background__hover_enabled=&#8220;on|hover&#8220; background_color_gradient_end__hover=&#8220;#fc9158&#8243; background_color_gradient_start__hover=&#8220;#e22f2f&#8220; use_background_color_gradient__hover=&#8220;on&#8220; background_color_gradient_stops__hover=&#8220;#d5e2ff 0%|#d5e2ff 100%&#8220; background_color__hover=&#8220;#cfe477&#8243; background_enable_color__hover=&#8220;on&#8220;][et_pb_cta title=&#8220;Klassen&#8220; button_url=&#8220;\/kastanienschule-hoeningen\/ueber-uns\/klassen\/&#8220; button_text=&#8220;mehr erfahren&#8220; admin_label=&#8220;Klassen&#8220; _builder_version=&#8220;4.24.3&#8243; _module_preset=&#8220;default&#8220; header_font_size=&#8220;26px&#8220; background_enable_color=&#8220;off&#8220; background_enable_image=&#8220;off&#8220; custom_button=&#8220;on&#8220; button_text_color=&#8220;#314077&#8243; button_bg_color=&#8220;rgba(255,255,255,0.6)&#8220; button_icon=&#8220;&#xe07e;||divi||400&#8243; button_on_hover=&#8220;off&#8220; button_custom_padding=&#8220;0.5em|2.4em|0.5em|1.5em|true|false&#8220; background_layout=&#8220;light&#8220; custom_padding=&#8220;1.3em|1.3em|1.3em|1.3em|true|true&#8220; custom_css_promo_title=&#8220;padding-top: 5px&#8220; global_colors_info=&#8220;{}&#8220; button_bg_color__hover_enabled=&#8220;on|desktop&#8220; button_bg_color__hover=&#8220;#FFFFFF&#8220; button_bg_enable_color__hover=&#8220;on&#8220;][\/et_pb_cta][\/et_pb_column][et_pb_column type=&#8220;1_4&#8243; _builder_version=&#8220;4.20.1&#8243; _module_preset=&#8220;default&#8220; background_color=&#8220;#d5e2ff&#8220; border_radii=&#8220;on|5px|5px|5px|5px&#8220; border_color_all=&#8220;#AFD21D&#8220; box_shadow_style=&#8220;preset1&#8243; box_shadow_color=&#8220;rgba(49,64,119,0.65)&#8220; global_colors_info=&#8220;{}&#8220; background__hover_enabled=&#8220;on|hover&#8220; use_background_color_gradient__hover=&#8220;off&#8220; background_color__hover=&#8220;#cfe477&#8243; background_enable_color__hover=&#8220;on&#8220;][et_pb_cta title=&#8220;Leitbild + Schulprofil&#8220; button_url=&#8220;\/kastanienschule-hoeningen\/ueber-uns\/leitbild-schulprofil\/&#8220; button_text=&#8220;mehr erfahren&#8220; admin_label=&#8220;Leitbild + Schulprofil&#8220; _builder_version=&#8220;4.24.3&#8243; _module_preset=&#8220;default&#8220; header_font_size=&#8220;26px&#8220; background_enable_color=&#8220;off&#8220; background_enable_image=&#8220;off&#8220; custom_button=&#8220;on&#8220; button_text_color=&#8220;#314077&#8243; button_bg_color=&#8220;rgba(255,255,255,0.6)&#8220; button_icon=&#8220;&#xe07e;||divi||400&#8243; button_on_hover=&#8220;off&#8220; button_custom_padding=&#8220;0.5em|2.4em|0.5em|1.5em|true|false&#8220; background_layout=&#8220;light&#8220; custom_padding=&#8220;1.3em|1.3em|1.3em|1.3em|true|true&#8220; custom_css_promo_title=&#8220;padding-top: 5px&#8220; global_colors_info=&#8220;{}&#8220; button_bg_color__hover_enabled=&#8220;on|desktop&#8220; button_bg_color__hover=&#8220;#FFFFFF&#8220; button_bg_enable_color__hover=&#8220;on&#8220;][\/et_pb_cta][\/et_pb_column][et_pb_column type=&#8220;1_4&#8243; _builder_version=&#8220;4.20.1&#8243; _module_preset=&#8220;default&#8220; background_color=&#8220;#d5e2ff&#8220; border_radii=&#8220;on|5px|5px|5px|5px&#8220; border_color_all=&#8220;#AFD21D&#8220; box_shadow_style=&#8220;preset1&#8243; box_shadow_color=&#8220;rgba(49,64,119,0.65)&#8220; global_colors_info=&#8220;{}&#8220; background__hover_enabled=&#8220;on|hover&#8220; use_background_color_gradient__hover=&#8220;off&#8220; background_color__hover=&#8220;#cfe477&#8243; background_enable_color__hover=&#8220;on&#8220;][et_pb_cta title=&#8220;Schulpersonal&#8220; button_url=&#8220;\/kastanienschule-hoeningen\/ueber-uns\/schulpersonal\/&#8220; button_text=&#8220;mehr erfahren&#8220; admin_label=&#8220;Schulpersonal&#8220; _builder_version=&#8220;4.24.3&#8243; _module_preset=&#8220;default&#8220; header_font_size=&#8220;26px&#8220; background_enable_color=&#8220;off&#8220; background_enable_image=&#8220;off&#8220; custom_button=&#8220;on&#8220; button_text_color=&#8220;#314077&#8243; button_bg_color=&#8220;rgba(255,255,255,0.6)&#8220; button_icon=&#8220;&#xe07e;||divi||400&#8243; button_on_hover=&#8220;off&#8220; button_custom_padding=&#8220;0.5em|2.4em|0.5em|1.5em|true|false&#8220; background_layout=&#8220;light&#8220; custom_padding=&#8220;1.3em|1.3em|1.3em|1.3em|true|true&#8220; custom_css_promo_title=&#8220;padding-top: 5px&#8220; global_colors_info=&#8220;{}&#8220; button_bg_color__hover_enabled=&#8220;on|desktop&#8220; button_bg_color__hover=&#8220;#FFFFFF&#8220; button_bg_enable_color__hover=&#8220;on&#8220;][\/et_pb_cta][\/et_pb_column][\/et_pb_row][\/et_pb_section]<\/p>\n","protected":false},"excerpt":{"rendered":"<p>Unsere SchuleDie Kastanienschule Hoeningen liegt als Offene Ganztagsschule der Gemeinde Rommerskirchen zwischen den Ortsteilen Widdeshoven und Ramrath\/Villau. Die Schule wird zurzeit von ca. 100 Sch\u00fclerinnen und Sch\u00fclern besucht. Zum Schuljahr 2022\/2023 wurde Sie umgebaut und erweitert mit dem Ziel, eine Zweiz\u00fcgigkeit zu realisieren.Erg\u00e4nzend zu den Leitzielen \u201eFreundliche, einander zugewandte Atmosph\u00e4re\u201c, \u201eRespekt und Toleranz\u201c, Fordern und [&hellip;]<\/p>\n","protected":false},"author":1,"featured_media":0,"parent":0,"menu_order":3,"comment_status":"closed","ping_status":"closed","template":"","meta":{"_et_pb_use_builder":"on","_et_pb_old_content":"<!-- wp:divi\/placeholder \/-->","_et_gb_content_width":"","inline_featured_image":false,"footnotes":"","_links_to":"","_links_to_target":""},"class_list":["post-35","page","type-page","status-publish","hentry"],"yoast_head":"<!-- This site is optimized with the Yoast SEO plugin v27.2 - https:\/\/yoast.com\/product\/yoast-seo-wordpress\/ -->\n<title>\u00dcber uns - Kastanienschule Hoeningen<\/title>\n<meta name=\"robots\" content=\"index, follow, max-snippet:-1, max-image-preview:large, max-video-preview:-1\" \/>\n<link rel=\"canonical\" href=\"https:\/\/schulen-rommerskirchen.de\/kastanienschule-hoeningen\/ueber-uns\/\" \/>\n<meta property=\"og:locale\" content=\"de_DE\" \/>\n<meta property=\"og:type\" content=\"article\" \/>\n<meta property=\"og:title\" content=\"\u00dcber uns - Kastanienschule Hoeningen\" \/>\n<meta property=\"og:description\" content=\"Unsere SchuleDie Kastanienschule Hoeningen liegt als Offene Ganztagsschule der Gemeinde Rommerskirchen zwischen den Ortsteilen Widdeshoven und Ramrath\/Villau. Die Schule wird zurzeit von ca. 100 Sch\u00fclerinnen und Sch\u00fclern besucht. Zum Schuljahr 2022\/2023 wurde Sie umgebaut und erweitert mit dem Ziel, eine Zweiz\u00fcgigkeit zu realisieren.Erg\u00e4nzend zu den Leitzielen \u201eFreundliche, einander zugewandte Atmosph\u00e4re\u201c, \u201eRespekt und Toleranz\u201c, Fordern und [&hellip;]\" \/>\n<meta property=\"og:url\" content=\"https:\/\/schulen-rommerskirchen.de\/kastanienschule-hoeningen\/ueber-uns\/\" \/>\n<meta property=\"og:site_name\" content=\"Kastanienschule Hoeningen\" \/>\n<meta property=\"article:modified_time\" content=\"2025-04-25T13:56:07+00:00\" \/>\n<script type=\"application\/ld+json\" class=\"yoast-schema-graph\">{\"@context\":\"https:\/\/schema.org\",\"@graph\":[{\"@type\":\"WebPage\",\"@id\":\"https:\/\/schulen-rommerskirchen.de\/kastanienschule-hoeningen\/ueber-uns\/\",\"url\":\"https:\/\/schulen-rommerskirchen.de\/kastanienschule-hoeningen\/ueber-uns\/\",\"name\":\"\u00dcber uns - Kastanienschule Hoeningen\",\"isPartOf\":{\"@id\":\"https:\/\/schulen-rommerskirchen.de\/kastanienschule-hoeningen\/#website\"},\"datePublished\":\"2021-08-04T14:50:55+00:00\",\"dateModified\":\"2025-04-25T13:56:07+00:00\",\"breadcrumb\":{\"@id\":\"https:\/\/schulen-rommerskirchen.de\/kastanienschule-hoeningen\/ueber-uns\/#breadcrumb\"},\"inLanguage\":\"de\",\"potentialAction\":[{\"@type\":\"ReadAction\",\"target\":[\"https:\/\/schulen-rommerskirchen.de\/kastanienschule-hoeningen\/ueber-uns\/\"]}]},{\"@type\":\"BreadcrumbList\",\"@id\":\"https:\/\/schulen-rommerskirchen.de\/kastanienschule-hoeningen\/ueber-uns\/#breadcrumb\",\"itemListElement\":[{\"@type\":\"ListItem\",\"position\":1,\"name\":\"Startseite\",\"item\":\"https:\/\/schulen-rommerskirchen.de\/kastanienschule-hoeningen\/\"},{\"@type\":\"ListItem\",\"position\":2,\"name\":\"\u00dcber uns\"}]},{\"@type\":\"WebSite\",\"@id\":\"https:\/\/schulen-rommerskirchen.de\/kastanienschule-hoeningen\/#website\",\"url\":\"https:\/\/schulen-rommerskirchen.de\/kastanienschule-hoeningen\/\",\"name\":\"Kastanienschule Hoeningen\",\"description\":\"Eine weitere Schulen - Rommerskirchen Websites Website\",\"publisher\":{\"@id\":\"https:\/\/schulen-rommerskirchen.de\/kastanienschule-hoeningen\/#organization\"},\"potentialAction\":[{\"@type\":\"SearchAction\",\"target\":{\"@type\":\"EntryPoint\",\"urlTemplate\":\"https:\/\/schulen-rommerskirchen.de\/kastanienschule-hoeningen\/?s={search_term_string}\"},\"query-input\":{\"@type\":\"PropertyValueSpecification\",\"valueRequired\":true,\"valueName\":\"search_term_string\"}}],\"inLanguage\":\"de\"},{\"@type\":\"Organization\",\"@id\":\"https:\/\/schulen-rommerskirchen.de\/kastanienschule-hoeningen\/#organization\",\"name\":\"Kastanienschule Hoeningen\",\"alternateName\":\"Kastanienschule\",\"url\":\"https:\/\/schulen-rommerskirchen.de\/kastanienschule-hoeningen\/\",\"logo\":{\"@type\":\"ImageObject\",\"inLanguage\":\"de\",\"@id\":\"https:\/\/schulen-rommerskirchen.de\/kastanienschule-hoeningen\/#\/schema\/logo\/image\/\",\"url\":\"https:\/\/schulen-rommerskirchen.de\/kastanienschule-hoeningen\/wp-content\/uploads\/sites\/4\/2021\/08\/logo-kastanienschule.png\",\"contentUrl\":\"https:\/\/schulen-rommerskirchen.de\/kastanienschule-hoeningen\/wp-content\/uploads\/sites\/4\/2021\/08\/logo-kastanienschule.png\",\"width\":178,\"height\":214,\"caption\":\"Kastanienschule Hoeningen\"},\"image\":{\"@id\":\"https:\/\/schulen-rommerskirchen.de\/kastanienschule-hoeningen\/#\/schema\/logo\/image\/\"}}]}<\/script>\n<!-- \/ Yoast SEO plugin. -->","yoast_head_json":{"title":"\u00dcber uns - Kastanienschule Hoeningen","robots":{"index":"index","follow":"follow","max-snippet":"max-snippet:-1","max-image-preview":"max-image-preview:large","max-video-preview":"max-video-preview:-1"},"canonical":"https:\/\/schulen-rommerskirchen.de\/kastanienschule-hoeningen\/ueber-uns\/","og_locale":"de_DE","og_type":"article","og_title":"\u00dcber uns - Kastanienschule Hoeningen","og_description":"Unsere SchuleDie Kastanienschule Hoeningen liegt als Offene Ganztagsschule der Gemeinde Rommerskirchen zwischen den Ortsteilen Widdeshoven und Ramrath\/Villau. Die Schule wird zurzeit von ca. 100 Sch\u00fclerinnen und Sch\u00fclern besucht. Zum Schuljahr 2022\/2023 wurde Sie umgebaut und erweitert mit dem Ziel, eine Zweiz\u00fcgigkeit zu realisieren.Erg\u00e4nzend zu den Leitzielen \u201eFreundliche, einander zugewandte Atmosph\u00e4re\u201c, \u201eRespekt und Toleranz\u201c, Fordern und [&hellip;]","og_url":"https:\/\/schulen-rommerskirchen.de\/kastanienschule-hoeningen\/ueber-uns\/","og_site_name":"Kastanienschule Hoeningen","article_modified_time":"2025-04-25T13:56:07+00:00","schema":{"@context":"https:\/\/schema.org","@graph":[{"@type":"WebPage","@id":"https:\/\/schulen-rommerskirchen.de\/kastanienschule-hoeningen\/ueber-uns\/","url":"https:\/\/schulen-rommerskirchen.de\/kastanienschule-hoeningen\/ueber-uns\/","name":"\u00dcber uns - Kastanienschule Hoeningen","isPartOf":{"@id":"https:\/\/schulen-rommerskirchen.de\/kastanienschule-hoeningen\/#website"},"datePublished":"2021-08-04T14:50:55+00:00","dateModified":"2025-04-25T13:56:07+00:00","breadcrumb":{"@id":"https:\/\/schulen-rommerskirchen.de\/kastanienschule-hoeningen\/ueber-uns\/#breadcrumb"},"inLanguage":"de","potentialAction":[{"@type":"ReadAction","target":["https:\/\/schulen-rommerskirchen.de\/kastanienschule-hoeningen\/ueber-uns\/"]}]},{"@type":"BreadcrumbList","@id":"https:\/\/schulen-rommerskirchen.de\/kastanienschule-hoeningen\/ueber-uns\/#breadcrumb","itemListElement":[{"@type":"ListItem","position":1,"name":"Startseite","item":"https:\/\/schulen-rommerskirchen.de\/kastanienschule-hoeningen\/"},{"@type":"ListItem","position":2,"name":"\u00dcber uns"}]},{"@type":"WebSite","@id":"https:\/\/schulen-rommerskirchen.de\/kastanienschule-hoeningen\/#website","url":"https:\/\/schulen-rommerskirchen.de\/kastanienschule-hoeningen\/","name":"Kastanienschule Hoeningen","description":"Eine weitere Schulen - Rommerskirchen Websites Website","publisher":{"@id":"https:\/\/schulen-rommerskirchen.de\/kastanienschule-hoeningen\/#organization"},"potentialAction":[{"@type":"SearchAction","target":{"@type":"EntryPoint","urlTemplate":"https:\/\/schulen-rommerskirchen.de\/kastanienschule-hoeningen\/?s={search_term_string}"},"query-input":{"@type":"PropertyValueSpecification","valueRequired":true,"valueName":"search_term_string"}}],"inLanguage":"de"},{"@type":"Organization","@id":"https:\/\/schulen-rommerskirchen.de\/kastanienschule-hoeningen\/#organization","name":"Kastanienschule Hoeningen","alternateName":"Kastanienschule","url":"https:\/\/schulen-rommerskirchen.de\/kastanienschule-hoeningen\/","logo":{"@type":"ImageObject","inLanguage":"de","@id":"https:\/\/schulen-rommerskirchen.de\/kastanienschule-hoeningen\/#\/schema\/logo\/image\/","url":"https:\/\/schulen-rommerskirchen.de\/kastanienschule-hoeningen\/wp-content\/uploads\/sites\/4\/2021\/08\/logo-kastanienschule.png","contentUrl":"https:\/\/schulen-rommerskirchen.de\/kastanienschule-hoeningen\/wp-content\/uploads\/sites\/4\/2021\/08\/logo-kastanienschule.png","width":178,"height":214,"caption":"Kastanienschule Hoeningen"},"image":{"@id":"https:\/\/schulen-rommerskirchen.de\/kastanienschule-hoeningen\/#\/schema\/logo\/image\/"}}]}},"publishpress_future_action":{"enabled":false,"date":"2026-04-16 13:24:34","action":"change-status","newStatus":"draft","terms":[],"taxonomy":"","extraData":[]},"publishpress_future_workflow_manual_trigger":{"enabledWorkflows":[]},"_links":{"self":[{"href":"https:\/\/schulen-rommerskirchen.de\/kastanienschule-hoeningen\/wp-json\/wp\/v2\/pages\/35","targetHints":{"allow":["GET"]}}],"collection":[{"href":"https:\/\/schulen-rommerskirchen.de\/kastanienschule-hoeningen\/wp-json\/wp\/v2\/pages"}],"about":[{"href":"https:\/\/schulen-rommerskirchen.de\/kastanienschule-hoeningen\/wp-json\/wp\/v2\/types\/page"}],"author":[{"embeddable":true,"href":"https:\/\/schulen-rommerskirchen.de\/kastanienschule-hoeningen\/wp-json\/wp\/v2\/users\/1"}],"replies":[{"embeddable":true,"href":"https:\/\/schulen-rommerskirchen.de\/kastanienschule-hoeningen\/wp-json\/wp\/v2\/comments?post=35"}],"version-history":[{"count":61,"href":"https:\/\/schulen-rommerskirchen.de\/kastanienschule-hoeningen\/wp-json\/wp\/v2\/pages\/35\/revisions"}],"predecessor-version":[{"id":1856,"href":"https:\/\/schulen-rommerskirchen.de\/kastanienschule-hoeningen\/wp-json\/wp\/v2\/pages\/35\/revisions\/1856"}],"wp:attachment":[{"href":"https:\/\/schulen-rommerskirchen.de\/kastanienschule-hoeningen\/wp-json\/wp\/v2\/media?parent=35"}],"curies":[{"name":"wp","href":"https:\/\/api.w.org\/{rel}","templated":true}]}}