{"id":90,"date":"2021-08-06T13:48:02","date_gmt":"2021-08-06T11:48:02","guid":{"rendered":"https:\/\/schulen-rommerskirchen.de\/gillbachschule\/?page_id=90"},"modified":"2024-04-23T12:14:25","modified_gmt":"2024-04-23T10:14:25","slug":"arbeitsgemeinschaften","status":"publish","type":"page","link":"https:\/\/schulen-rommerskirchen.de\/gillbachschule\/schulleben\/arbeitsgemeinschaften\/","title":{"rendered":"Arbeitsgemeinschaften"},"content":{"rendered":"<p>[et_pb_section fb_built=&#8220;1&#8243; _builder_version=&#8220;4.20.1&#8243; _module_preset=&#8220;default&#8220; background_enable_color=&#8220;off&#8220; background_image=&#8220;https:\/\/schulen-rommerskirchen.de\/gillbachschule\/wp-content\/uploads\/sites\/2\/2021\/08\/shapes-bg-1.png&#8220; custom_margin=&#8220;||||false|false&#8220; custom_padding=&#8220;0px||||false|false&#8220; global_colors_info=&#8220;{}&#8220;][et_pb_row admin_label=&#8220;ganze bunte Welle &#8211; NICHT L\u00d6SCHEN&#8220; hide_aria_element=&#8220;on&#8220; _builder_version=&#8220;4.20.1&#8243; _module_preset=&#8220;default&#8220; width=&#8220;100%&#8220; max_width=&#8220;100%&#8220; custom_margin=&#8220;0px||||false|false&#8220; custom_padding=&#8220;0px||||false|false&#8220; saved_tabs=&#8220;all&#8220; global_colors_info=&#8220;{}&#8220;][et_pb_column type=&#8220;4_4&#8243; _builder_version=&#8220;4.20.1&#8243; _module_preset=&#8220;default&#8220; global_colors_info=&#8220;{}&#8220;][et_pb_image src=&#8220;https:\/\/schulen-rommerskirchen.de\/gillbachschule\/wp-content\/uploads\/sites\/2\/2023\/03\/wel-3f-header-voll.png&#8220; alt=&#8220;Welle&#8220; title_text=&#8220;Welle&#8220; force_fullwidth=&#8220;on&#8220; admin_label=&#8220;bunte Welle voll&#8220; hide_aria_element=&#8220;on&#8220; _builder_version=&#8220;4.20.1&#8243; _module_preset=&#8220;default&#8220; custom_margin=&#8220;0px||||false|false&#8220; custom_padding=&#8220;0px||||false|false&#8220; global_colors_info=&#8220;{}&#8220;][\/et_pb_image][\/et_pb_column][\/et_pb_row][et_pb_row custom_padding_last_edited=&#8220;off|desktop&#8220; _builder_version=&#8220;4.19.5&#8243; _module_preset=&#8220;default&#8220; custom_padding_tablet=&#8220;30px||0px||false|false&#8220; global_colors_info=&#8220;{}&#8220;][et_pb_column type=&#8220;4_4&#8243; _builder_version=&#8220;4.16&#8243; _module_preset=&#8220;default&#8220; global_colors_info=&#8220;{}&#8220;][et_pb_text admin_label=&#8220;\u00dcberschrift&#8220; _builder_version=&#8220;4.23.1&#8243; _module_preset=&#8220;default&#8220; header_text_align=&#8220;center&#8220; global_colors_info=&#8220;{}&#8220;]<\/p>\n<h1>Arbeitsgemeinschaften<\/h1>\n<p>[\/et_pb_text][et_pb_text _builder_version=&#8220;4.21.0&#8243; _module_preset=&#8220;default&#8220; text_orientation=&#8220;center&#8220; global_colors_info=&#8220;{}&#8220;]<\/p>\n<p>An unserer Schule gibt es die M\u00f6glichkeit an vielf\u00e4ltigen Arbeitsgemeinschaften teilzunehmen. <br \/>Hier haben die Sch\u00fclerInnen der Gillbachschule regelm\u00e4\u00dfig die M\u00f6glichkeit auch au\u00dferhalb des Unterrichts nach den eigenen Vorlieben und Interessen nachzukommen. <br \/><strong>Hier eine kleine Auswahl unserer Schul-AGs:<\/strong><\/p>\n<p>[\/et_pb_text][\/et_pb_column][\/et_pb_row][et_pb_row column_structure=&#8220;1_3,1_3,1_3&#8243; make_equal=&#8220;on&#8220; _builder_version=&#8220;4.20.4&#8243; _module_preset=&#8220;default&#8220; global_colors_info=&#8220;{}&#8220;][et_pb_column type=&#8220;1_3&#8243; _builder_version=&#8220;4.20.4&#8243; _module_preset=&#8220;default&#8220; background_color=&#8220;#ffffff&#8220; custom_padding=&#8220;1em|1em|1em|1em|true|true&#8220; border_radii=&#8220;on|8px|8px|8px|8px&#8220; box_shadow_style=&#8220;preset3&#8243; global_colors_info=&#8220;{}&#8220;][et_pb_blurb title=&#8220;Chor&#8220; use_icon=&#8220;on&#8220; font_icon=&#8220;&#xe08e;||divi||400&#8243; image_icon_background_color=&#8220;RGBA(255,255,255,0)&#8220; image_icon_width=&#8220;80px&#8220; content_max_width=&#8220;100%&#8220; admin_label=&#8220;Chor&#8220; _builder_version=&#8220;4.23.1&#8243; _module_preset=&#8220;default&#8220; header_level=&#8220;h2&#8243; header_text_align=&#8220;center&#8220; custom_padding=&#8220;||||false|false&#8220; border_radii_image=&#8220;on|0%|0%|0%|0%&#8220; global_colors_info=&#8220;{}&#8220;]<\/p>\n<p>An der Gillbachschule k\u00f6nnen die Kinder aller Altersstufen im Chor passend zur jahreszeit Lieder erlernen. Das Highlight der AG ist der Auftritt zu den Schulveranstaltungen. <\/p>\n<p>[\/et_pb_blurb][\/et_pb_column][et_pb_column type=&#8220;1_3&#8243; _builder_version=&#8220;4.20.4&#8243; _module_preset=&#8220;default&#8220; background_color=&#8220;#ffffff&#8220; custom_padding=&#8220;1em|1em|1em|1em|true|true&#8220; border_radii=&#8220;on|8px|8px|8px|8px&#8220; box_shadow_style=&#8220;preset3&#8243; global_colors_info=&#8220;{}&#8220;][et_pb_blurb title=&#8220;Roboter-AG&#8220; use_icon=&#8220;on&#8220; font_icon=&#8220;&#xf544;||fa||900&#8243; image_icon_background_color=&#8220;RGBA(255,255,255,0)&#8220; image_icon_width=&#8220;80px&#8220; content_max_width=&#8220;100%&#8220; admin_label=&#8220;Roboter-AG&#8220; _builder_version=&#8220;4.24.3&#8243; _module_preset=&#8220;default&#8220; header_level=&#8220;h2&#8243; header_text_align=&#8220;center&#8220; custom_padding=&#8220;||||false|false&#8220; border_radii_image=&#8220;on|0%|0%|0%|0%&#8220; global_colors_info=&#8220;{}&#8220;]<\/p>\n<p>Interesse an Lego und der Arbeitsweise von Robotern? In dieser AG werden diese beiden Dinge miteinandern verkn\u00fcpft. Mit Kreativit\u00e4t und Geduld lernen die Kinder hier einen selbstgebauten Roboter zu programmieren.<\/p>\n<p>[\/et_pb_blurb][\/et_pb_column][et_pb_column type=&#8220;1_3&#8243; _builder_version=&#8220;4.20.4&#8243; _module_preset=&#8220;default&#8220; background_color=&#8220;#ffffff&#8220; custom_padding=&#8220;1em|1em|1em|1em|true|true&#8220; border_radii=&#8220;on|8px|8px|8px|8px&#8220; box_shadow_style=&#8220;preset3&#8243; global_colors_info=&#8220;{}&#8220;][et_pb_blurb title=&#8220;City-Lauf AG&#8220; use_icon=&#8220;on&#8220; font_icon=&#8220;&#xf54b;||fa||900&#8243; image_icon_background_color=&#8220;RGBA(255,255,255,0)&#8220; image_icon_width=&#8220;80px&#8220; content_max_width=&#8220;100%&#8220; disabled_on=&#8220;off|off|off&#8220; admin_label=&#8220;City-Lauf AG&#8220; _builder_version=&#8220;4.23.1&#8243; _module_preset=&#8220;default&#8220; header_level=&#8220;h2&#8243; header_text_align=&#8220;center&#8220; custom_padding=&#8220;||||false|false&#8220; border_radii_image=&#8220;on|0%|0%|0%|0%&#8220; global_colors_info=&#8220;{}&#8220;]<\/p>\n<p>Die Kinder trainieren w\u00f6chentlich f\u00fcr ihren gro\u00dfen Auftritt beim City-Lauf in Grevenbroich. Hier zeigen sie, was sie das ganze Schuljahr trainiert haben und erzielen gro\u00dfe Erfolge.<\/p>\n<p>[\/et_pb_blurb][\/et_pb_column][\/et_pb_row][et_pb_row column_structure=&#8220;1_3,1_3,1_3&#8243; make_equal=&#8220;on&#8220; _builder_version=&#8220;4.21.0&#8243; _module_preset=&#8220;default&#8220; global_colors_info=&#8220;{}&#8220;][et_pb_column type=&#8220;1_3&#8243; _builder_version=&#8220;4.20.4&#8243; _module_preset=&#8220;default&#8220; background_color=&#8220;#ffffff&#8220; custom_padding=&#8220;1em|1em|1em|1em|true|true&#8220; border_radii=&#8220;on|8px|8px|8px|8px&#8220; box_shadow_style=&#8220;preset3&#8243; global_colors_info=&#8220;{}&#8220;][et_pb_blurb image_icon_background_color=&#8220;RGBA(255,255,255,0)&#8220; image_icon_width=&#8220;80px&#8220; content_max_width=&#8220;100%&#8220; disabled_on=&#8220;off|off|off&#8220; _builder_version=&#8220;4.24.3&#8243; _module_preset=&#8220;default&#8220; header_level=&#8220;h2&#8243; header_text_align=&#8220;center&#8220; custom_padding=&#8220;||||false|false&#8220; hover_enabled=&#8220;0&#8243; border_radii_image=&#8220;on|0%|0%|0%|0%&#8220; global_colors_info=&#8220;{}&#8220; background_color=&#8220;RGBA(255,255,255,0)&#8220; sticky_enabled=&#8220;0&#8243;][\/et_pb_blurb][\/et_pb_column][et_pb_column type=&#8220;1_3&#8243; _builder_version=&#8220;4.20.4&#8243; _module_preset=&#8220;default&#8220; background_color=&#8220;#ffffff&#8220; custom_padding=&#8220;1em|1em|1em|1em|true|true&#8220; border_radii=&#8220;on|8px|8px|8px|8px&#8220; box_shadow_style=&#8220;preset3&#8243; global_colors_info=&#8220;{}&#8220;][et_pb_blurb title=&#8220;Tischtennis-AG&#8220; use_icon=&#8220;on&#8220; font_icon=&#8220;&#xf45d;||fa||900&#8243; image_icon_background_color=&#8220;RGBA(255,255,255,0)&#8220; image_icon_width=&#8220;80px&#8220; content_max_width=&#8220;100%&#8220; admin_label=&#8220;Tischtennis-AG&#8220; _builder_version=&#8220;4.24.3&#8243; _module_preset=&#8220;default&#8220; header_level=&#8220;h2&#8243; header_text_align=&#8220;center&#8220; custom_padding=&#8220;||||false|false&#8220; border_radii_image=&#8220;on|0%|0%|0%|0%&#8220; global_colors_info=&#8220;{}&#8220;]<\/p>\n<p>In dieser AG lernen die Kinder das Tischtennis-Spiel als solches kennen. Hierbei verbessern sie ihre Koordination, ihr Beweglichkeit und ihr Reaktionsverm\u00f6gen. Das Spiel mit wechselnden Partnern schult ebenso die Kommunikationsf\u00e4higkeit untereinander. H\u00e4ufig nehmen die Kinder unserer Tischtennis-AG auch an einem Wettbewerb teil.<\/p>\n<p>[\/et_pb_blurb][\/et_pb_column][et_pb_column type=&#8220;1_3&#8243; _builder_version=&#8220;4.20.4&#8243; _module_preset=&#8220;default&#8220; background_color=&#8220;#ffffff&#8220; custom_padding=&#8220;1em|1em|1em|1em|true|true&#8220; border_radii=&#8220;on|8px|8px|8px|8px&#8220; box_shadow_style=&#8220;preset3&#8243; global_colors_info=&#8220;{}&#8220;][et_pb_blurb image_icon_background_color=&#8220;RGBA(255,255,255,0)&#8220; image_icon_width=&#8220;80px&#8220; content_max_width=&#8220;100%&#8220; disabled_on=&#8220;off|off|off&#8220; _builder_version=&#8220;4.24.3&#8243; _module_preset=&#8220;default&#8220; header_level=&#8220;h2&#8243; header_text_align=&#8220;center&#8220; custom_padding=&#8220;||||false|false&#8220; hover_enabled=&#8220;0&#8243; border_radii_image=&#8220;on|0%|0%|0%|0%&#8220; global_colors_info=&#8220;{}&#8220; background_color=&#8220;RGBA(255,255,255,0)&#8220; sticky_enabled=&#8220;0&#8243;][\/et_pb_blurb][\/et_pb_column][\/et_pb_row][\/et_pb_section]<\/p>\n","protected":false},"excerpt":{"rendered":"<p>ArbeitsgemeinschaftenAn unserer Schule gibt es die M\u00f6glichkeit an vielf\u00e4ltigen Arbeitsgemeinschaften teilzunehmen. Hier haben die Sch\u00fclerInnen der Gillbachschule regelm\u00e4\u00dfig die M\u00f6glichkeit auch au\u00dferhalb des Unterrichts nach den eigenen Vorlieben und Interessen nachzukommen. Hier eine kleine Auswahl unserer Schul-AGs:An der Gillbachschule k\u00f6nnen die Kinder aller Altersstufen im Chor passend zur jahreszeit Lieder erlernen. Das Highlight der AG [&hellip;]<\/p>\n","protected":false},"author":1,"featured_media":0,"parent":58,"menu_order":9,"comment_status":"closed","ping_status":"closed","template":"","meta":{"_et_pb_use_builder":"on","_et_pb_old_content":"<!-- wp:divi\/placeholder \/-->","_et_gb_content_width":"","inline_featured_image":false,"footnotes":"","_links_to":"","_links_to_target":""},"class_list":["post-90","page","type-page","status-publish","hentry"],"yoast_head":"<!-- This site is optimized with the Yoast SEO plugin v27.5 - https:\/\/yoast.com\/product\/yoast-seo-wordpress\/ -->\n<title>Arbeitsgemeinschaften - Gillbachschule<\/title>\n<meta name=\"robots\" content=\"index, follow, max-snippet:-1, max-image-preview:large, max-video-preview:-1\" \/>\n<link rel=\"canonical\" href=\"https:\/\/schulen-rommerskirchen.de\/gillbachschule\/schulleben\/arbeitsgemeinschaften\/\" \/>\n<meta property=\"og:locale\" content=\"de_DE\" \/>\n<meta property=\"og:type\" content=\"article\" \/>\n<meta property=\"og:title\" content=\"Arbeitsgemeinschaften - Gillbachschule\" \/>\n<meta property=\"og:description\" content=\"ArbeitsgemeinschaftenAn unserer Schule gibt es die M\u00f6glichkeit an vielf\u00e4ltigen Arbeitsgemeinschaften teilzunehmen. Hier haben die Sch\u00fclerInnen der Gillbachschule regelm\u00e4\u00dfig die M\u00f6glichkeit auch au\u00dferhalb des Unterrichts nach den eigenen Vorlieben und Interessen nachzukommen. Hier eine kleine Auswahl unserer Schul-AGs:An der Gillbachschule k\u00f6nnen die Kinder aller Altersstufen im Chor passend zur jahreszeit Lieder erlernen. Das Highlight der AG [&hellip;]\" \/>\n<meta property=\"og:url\" content=\"https:\/\/schulen-rommerskirchen.de\/gillbachschule\/schulleben\/arbeitsgemeinschaften\/\" \/>\n<meta property=\"og:site_name\" content=\"Gillbachschule\" \/>\n<meta property=\"article:modified_time\" content=\"2024-04-23T10:14:25+00:00\" \/>\n<script type=\"application\/ld+json\" class=\"yoast-schema-graph\">{\"@context\":\"https:\\\/\\\/schema.org\",\"@graph\":[{\"@type\":\"WebPage\",\"@id\":\"https:\\\/\\\/schulen-rommerskirchen.de\\\/gillbachschule\\\/schulleben\\\/arbeitsgemeinschaften\\\/\",\"url\":\"https:\\\/\\\/schulen-rommerskirchen.de\\\/gillbachschule\\\/schulleben\\\/arbeitsgemeinschaften\\\/\",\"name\":\"Arbeitsgemeinschaften - Gillbachschule\",\"isPartOf\":{\"@id\":\"https:\\\/\\\/schulen-rommerskirchen.de\\\/gillbachschule\\\/#website\"},\"datePublished\":\"2021-08-06T11:48:02+00:00\",\"dateModified\":\"2024-04-23T10:14:25+00:00\",\"breadcrumb\":{\"@id\":\"https:\\\/\\\/schulen-rommerskirchen.de\\\/gillbachschule\\\/schulleben\\\/arbeitsgemeinschaften\\\/#breadcrumb\"},\"inLanguage\":\"de\",\"potentialAction\":[{\"@type\":\"ReadAction\",\"target\":[\"https:\\\/\\\/schulen-rommerskirchen.de\\\/gillbachschule\\\/schulleben\\\/arbeitsgemeinschaften\\\/\"]}]},{\"@type\":\"BreadcrumbList\",\"@id\":\"https:\\\/\\\/schulen-rommerskirchen.de\\\/gillbachschule\\\/schulleben\\\/arbeitsgemeinschaften\\\/#breadcrumb\",\"itemListElement\":[{\"@type\":\"ListItem\",\"position\":1,\"name\":\"Startseite\",\"item\":\"https:\\\/\\\/schulen-rommerskirchen.de\\\/gillbachschule\\\/\"},{\"@type\":\"ListItem\",\"position\":2,\"name\":\"Schulleben\",\"item\":\"https:\\\/\\\/schulen-rommerskirchen.de\\\/gillbachschule\\\/schulleben\\\/\"},{\"@type\":\"ListItem\",\"position\":3,\"name\":\"Arbeitsgemeinschaften\"}]},{\"@type\":\"WebSite\",\"@id\":\"https:\\\/\\\/schulen-rommerskirchen.de\\\/gillbachschule\\\/#website\",\"url\":\"https:\\\/\\\/schulen-rommerskirchen.de\\\/gillbachschule\\\/\",\"name\":\"Gillbachschule\",\"description\":\"Schule in Rommerskirchen\",\"publisher\":{\"@id\":\"https:\\\/\\\/schulen-rommerskirchen.de\\\/gillbachschule\\\/#organization\"},\"potentialAction\":[{\"@type\":\"SearchAction\",\"target\":{\"@type\":\"EntryPoint\",\"urlTemplate\":\"https:\\\/\\\/schulen-rommerskirchen.de\\\/gillbachschule\\\/?s={search_term_string}\"},\"query-input\":{\"@type\":\"PropertyValueSpecification\",\"valueRequired\":true,\"valueName\":\"search_term_string\"}}],\"inLanguage\":\"de\"},{\"@type\":\"Organization\",\"@id\":\"https:\\\/\\\/schulen-rommerskirchen.de\\\/gillbachschule\\\/#organization\",\"name\":\"Gillbachschule\",\"url\":\"https:\\\/\\\/schulen-rommerskirchen.de\\\/gillbachschule\\\/\",\"logo\":{\"@type\":\"ImageObject\",\"inLanguage\":\"de\",\"@id\":\"https:\\\/\\\/schulen-rommerskirchen.de\\\/gillbachschule\\\/#\\\/schema\\\/logo\\\/image\\\/\",\"url\":\"https:\\\/\\\/schulen-rommerskirchen.de\\\/gillbachschule\\\/wp-content\\\/uploads\\\/sites\\\/2\\\/2021\\\/08\\\/logo_gillbachschule.png\",\"contentUrl\":\"https:\\\/\\\/schulen-rommerskirchen.de\\\/gillbachschule\\\/wp-content\\\/uploads\\\/sites\\\/2\\\/2021\\\/08\\\/logo_gillbachschule.png\",\"width\":300,\"height\":293,\"caption\":\"Gillbachschule\"},\"image\":{\"@id\":\"https:\\\/\\\/schulen-rommerskirchen.de\\\/gillbachschule\\\/#\\\/schema\\\/logo\\\/image\\\/\"}}]}<\/script>\n<!-- \/ Yoast SEO plugin. -->","yoast_head_json":{"title":"Arbeitsgemeinschaften - Gillbachschule","robots":{"index":"index","follow":"follow","max-snippet":"max-snippet:-1","max-image-preview":"max-image-preview:large","max-video-preview":"max-video-preview:-1"},"canonical":"https:\/\/schulen-rommerskirchen.de\/gillbachschule\/schulleben\/arbeitsgemeinschaften\/","og_locale":"de_DE","og_type":"article","og_title":"Arbeitsgemeinschaften - Gillbachschule","og_description":"ArbeitsgemeinschaftenAn unserer Schule gibt es die M\u00f6glichkeit an vielf\u00e4ltigen Arbeitsgemeinschaften teilzunehmen. Hier haben die Sch\u00fclerInnen der Gillbachschule regelm\u00e4\u00dfig die M\u00f6glichkeit auch au\u00dferhalb des Unterrichts nach den eigenen Vorlieben und Interessen nachzukommen. Hier eine kleine Auswahl unserer Schul-AGs:An der Gillbachschule k\u00f6nnen die Kinder aller Altersstufen im Chor passend zur jahreszeit Lieder erlernen. Das Highlight der AG [&hellip;]","og_url":"https:\/\/schulen-rommerskirchen.de\/gillbachschule\/schulleben\/arbeitsgemeinschaften\/","og_site_name":"Gillbachschule","article_modified_time":"2024-04-23T10:14:25+00:00","schema":{"@context":"https:\/\/schema.org","@graph":[{"@type":"WebPage","@id":"https:\/\/schulen-rommerskirchen.de\/gillbachschule\/schulleben\/arbeitsgemeinschaften\/","url":"https:\/\/schulen-rommerskirchen.de\/gillbachschule\/schulleben\/arbeitsgemeinschaften\/","name":"Arbeitsgemeinschaften - Gillbachschule","isPartOf":{"@id":"https:\/\/schulen-rommerskirchen.de\/gillbachschule\/#website"},"datePublished":"2021-08-06T11:48:02+00:00","dateModified":"2024-04-23T10:14:25+00:00","breadcrumb":{"@id":"https:\/\/schulen-rommerskirchen.de\/gillbachschule\/schulleben\/arbeitsgemeinschaften\/#breadcrumb"},"inLanguage":"de","potentialAction":[{"@type":"ReadAction","target":["https:\/\/schulen-rommerskirchen.de\/gillbachschule\/schulleben\/arbeitsgemeinschaften\/"]}]},{"@type":"BreadcrumbList","@id":"https:\/\/schulen-rommerskirchen.de\/gillbachschule\/schulleben\/arbeitsgemeinschaften\/#breadcrumb","itemListElement":[{"@type":"ListItem","position":1,"name":"Startseite","item":"https:\/\/schulen-rommerskirchen.de\/gillbachschule\/"},{"@type":"ListItem","position":2,"name":"Schulleben","item":"https:\/\/schulen-rommerskirchen.de\/gillbachschule\/schulleben\/"},{"@type":"ListItem","position":3,"name":"Arbeitsgemeinschaften"}]},{"@type":"WebSite","@id":"https:\/\/schulen-rommerskirchen.de\/gillbachschule\/#website","url":"https:\/\/schulen-rommerskirchen.de\/gillbachschule\/","name":"Gillbachschule","description":"Schule in Rommerskirchen","publisher":{"@id":"https:\/\/schulen-rommerskirchen.de\/gillbachschule\/#organization"},"potentialAction":[{"@type":"SearchAction","target":{"@type":"EntryPoint","urlTemplate":"https:\/\/schulen-rommerskirchen.de\/gillbachschule\/?s={search_term_string}"},"query-input":{"@type":"PropertyValueSpecification","valueRequired":true,"valueName":"search_term_string"}}],"inLanguage":"de"},{"@type":"Organization","@id":"https:\/\/schulen-rommerskirchen.de\/gillbachschule\/#organization","name":"Gillbachschule","url":"https:\/\/schulen-rommerskirchen.de\/gillbachschule\/","logo":{"@type":"ImageObject","inLanguage":"de","@id":"https:\/\/schulen-rommerskirchen.de\/gillbachschule\/#\/schema\/logo\/image\/","url":"https:\/\/schulen-rommerskirchen.de\/gillbachschule\/wp-content\/uploads\/sites\/2\/2021\/08\/logo_gillbachschule.png","contentUrl":"https:\/\/schulen-rommerskirchen.de\/gillbachschule\/wp-content\/uploads\/sites\/2\/2021\/08\/logo_gillbachschule.png","width":300,"height":293,"caption":"Gillbachschule"},"image":{"@id":"https:\/\/schulen-rommerskirchen.de\/gillbachschule\/#\/schema\/logo\/image\/"}}]}},"publishpress_future_action":{"enabled":false,"date":"2026-05-14 15:53:51","action":"change-status","newStatus":"draft","terms":[],"taxonomy":"","extraData":[]},"publishpress_future_workflow_manual_trigger":{"enabledWorkflows":[]},"_links":{"self":[{"href":"https:\/\/schulen-rommerskirchen.de\/gillbachschule\/wp-json\/wp\/v2\/pages\/90","targetHints":{"allow":["GET"]}}],"collection":[{"href":"https:\/\/schulen-rommerskirchen.de\/gillbachschule\/wp-json\/wp\/v2\/pages"}],"about":[{"href":"https:\/\/schulen-rommerskirchen.de\/gillbachschule\/wp-json\/wp\/v2\/types\/page"}],"author":[{"embeddable":true,"href":"https:\/\/schulen-rommerskirchen.de\/gillbachschule\/wp-json\/wp\/v2\/users\/1"}],"replies":[{"embeddable":true,"href":"https:\/\/schulen-rommerskirchen.de\/gillbachschule\/wp-json\/wp\/v2\/comments?post=90"}],"version-history":[{"count":11,"href":"https:\/\/schulen-rommerskirchen.de\/gillbachschule\/wp-json\/wp\/v2\/pages\/90\/revisions"}],"predecessor-version":[{"id":1650,"href":"https:\/\/schulen-rommerskirchen.de\/gillbachschule\/wp-json\/wp\/v2\/pages\/90\/revisions\/1650"}],"up":[{"embeddable":true,"href":"https:\/\/schulen-rommerskirchen.de\/gillbachschule\/wp-json\/wp\/v2\/pages\/58"}],"wp:attachment":[{"href":"https:\/\/schulen-rommerskirchen.de\/gillbachschule\/wp-json\/wp\/v2\/media?parent=90"}],"curies":[{"name":"wp","href":"https:\/\/api.w.org\/{rel}","templated":true}]}}