{"id":89,"date":"2021-08-06T13:47:46","date_gmt":"2021-08-06T11:47:46","guid":{"rendered":"https:\/\/schulen-rommerskirchen.de\/gillbachschule\/?page_id=89"},"modified":"2025-02-26T11:30:53","modified_gmt":"2025-02-26T10:30:53","slug":"schuelerparlament","status":"publish","type":"page","link":"https:\/\/schulen-rommerskirchen.de\/gillbachschule\/schulleben\/schuelerparlament\/","title":{"rendered":"Sch\u00fclerparlament"},"content":{"rendered":"<p>[et_pb_section bb_built=&#8220;1&#8243; admin_label=&#8220;Admissions&#8220; _builder_version=&#8220;4.20.1&#8243; use_background_color_gradient=&#8220;on&#8220; background_color_gradient_stops=&#8220;#ecf2ff 0%|#ffffff 100%&#8220; background_color_gradient_start=&#8220;#ffffff&#8220; background_color_gradient_start_position=&#8220;10%&#8220; background_color_gradient_end=&#8220;#ecf2ff&#8220; background_image=&#8220;https:\/\/schulen-rommerskirchen.de\/gillbachschule\/wp-content\/uploads\/sites\/2\/2021\/08\/shapes-bg-1.png&#8220; parallax=&#8220;on&#8220; custom_padding=&#8220;0px||2vw||false|false&#8220; global_colors_info=&#8220;{}&#8220;][et_pb_row admin_label=&#8220;ganze bunte Welle &#8211; NICHT L\u00d6SCHEN&#8220; disabled_on=&#8220;off|off|off&#8220; hide_aria_element=&#8220;on&#8220; _builder_version=&#8220;4.20.1&#8243; _module_preset=&#8220;default&#8220; width=&#8220;100%&#8220; max_width=&#8220;100%&#8220; custom_margin=&#8220;0px||||false|false&#8220; custom_padding=&#8220;0px||||false|false&#8220; saved_tabs=&#8220;all&#8220; global_colors_info=&#8220;{}&#8220; global_module=&#8220;555&#8243;][et_pb_column type=&#8220;4_4&#8243; global_parent=&#8220;555&#8243; _builder_version=&#8220;4.20.1&#8243; _module_preset=&#8220;default&#8220; global_colors_info=&#8220;{}&#8220;][et_pb_image admin_label=&#8220;bunte Welle voll&#8220; global_parent=&#8220;555&#8243; src=&#8220;https:\/\/schulen-rommerskirchen.de\/gillbachschule\/wp-content\/uploads\/sites\/2\/2023\/03\/wel-3f-header-voll.png&#8220; alt=&#8220;Welle&#8220; title_text=&#8220;Welle&#8220; force_fullwidth=&#8220;on&#8220; hide_aria_element=&#8220;on&#8220; _builder_version=&#8220;4.20.1&#8243; _module_preset=&#8220;default&#8220; custom_margin=&#8220;0px||||false|false&#8220; custom_padding=&#8220;0px||||false|false&#8220; global_colors_info=&#8220;{}&#8220;]<\/p>\n<p>[\/et_pb_image][\/et_pb_column][\/et_pb_row][et_pb_row custom_padding_last_edited=&#8220;off|desktop&#8220; _builder_version=&#8220;4.19.5&#8243; _module_preset=&#8220;default&#8220; global_colors_info=&#8220;{}&#8220;][et_pb_column type=&#8220;4_4&#8243; _builder_version=&#8220;4.19.5&#8243; _module_preset=&#8220;default&#8220; global_colors_info=&#8220;{}&#8220;][et_pb_text _builder_version=&#8220;4.27.4&#8243; _module_preset=&#8220;default&#8220; text_font_size=&#8220;18px&#8220; header_text_align=&#8220;center&#8220; text_orientation=&#8220;center&#8220; global_colors_info=&#8220;{}&#8220;]<\/p>\n<h1>Das Sch\u00fclerparlament<\/h1>\n<p>[\/et_pb_text][\/et_pb_column][\/et_pb_row][et_pb_row column_structure=&#8220;2_3,1_3&#8243; _builder_version=&#8220;4.20.1&#8243; _module_preset=&#8220;default&#8220; global_colors_info=&#8220;{}&#8220;][et_pb_column type=&#8220;2_3&#8243; _builder_version=&#8220;4.20.1&#8243; _module_preset=&#8220;default&#8220; global_colors_info=&#8220;{}&#8220;][et_pb_text _builder_version=&#8220;4.27.4&#8243; _module_preset=&#8220;default&#8220; global_colors_info=&#8220;{}&#8220; background_pattern_color=&#8220;rgba(0,0,0,0.2)&#8220; background_mask_color=&#8220;#ffffff&#8220; text_text_shadow_horizontal_length=&#8220;text_text_shadow_style,%91object Object%93&#8243; text_text_shadow_horizontal_length_tablet=&#8220;0px&#8220; text_text_shadow_vertical_length=&#8220;text_text_shadow_style,%91object Object%93&#8243; text_text_shadow_vertical_length_tablet=&#8220;0px&#8220; text_text_shadow_blur_strength=&#8220;text_text_shadow_style,%91object Object%93&#8243; text_text_shadow_blur_strength_tablet=&#8220;1px&#8220; link_text_shadow_horizontal_length=&#8220;link_text_shadow_style,%91object Object%93&#8243; link_text_shadow_horizontal_length_tablet=&#8220;0px&#8220; link_text_shadow_vertical_length=&#8220;link_text_shadow_style,%91object Object%93&#8243; link_text_shadow_vertical_length_tablet=&#8220;0px&#8220; link_text_shadow_blur_strength=&#8220;link_text_shadow_style,%91object Object%93&#8243; link_text_shadow_blur_strength_tablet=&#8220;1px&#8220; ul_text_shadow_horizontal_length=&#8220;ul_text_shadow_style,%91object Object%93&#8243; ul_text_shadow_horizontal_length_tablet=&#8220;0px&#8220; ul_text_shadow_vertical_length=&#8220;ul_text_shadow_style,%91object Object%93&#8243; ul_text_shadow_vertical_length_tablet=&#8220;0px&#8220; ul_text_shadow_blur_strength=&#8220;ul_text_shadow_style,%91object Object%93&#8243; ul_text_shadow_blur_strength_tablet=&#8220;1px&#8220; ol_text_shadow_horizontal_length=&#8220;ol_text_shadow_style,%91object Object%93&#8243; ol_text_shadow_horizontal_length_tablet=&#8220;0px&#8220; ol_text_shadow_vertical_length=&#8220;ol_text_shadow_style,%91object Object%93&#8243; ol_text_shadow_vertical_length_tablet=&#8220;0px&#8220; ol_text_shadow_blur_strength=&#8220;ol_text_shadow_style,%91object Object%93&#8243; ol_text_shadow_blur_strength_tablet=&#8220;1px&#8220; quote_text_shadow_horizontal_length=&#8220;quote_text_shadow_style,%91object Object%93&#8243; quote_text_shadow_horizontal_length_tablet=&#8220;0px&#8220; quote_text_shadow_vertical_length=&#8220;quote_text_shadow_style,%91object Object%93&#8243; quote_text_shadow_vertical_length_tablet=&#8220;0px&#8220; quote_text_shadow_blur_strength=&#8220;quote_text_shadow_style,%91object Object%93&#8243; quote_text_shadow_blur_strength_tablet=&#8220;1px&#8220; header_text_shadow_horizontal_length=&#8220;header_text_shadow_style,%91object Object%93&#8243; header_text_shadow_horizontal_length_tablet=&#8220;0px&#8220; header_text_shadow_vertical_length=&#8220;header_text_shadow_style,%91object Object%93&#8243; header_text_shadow_vertical_length_tablet=&#8220;0px&#8220; header_text_shadow_blur_strength=&#8220;header_text_shadow_style,%91object Object%93&#8243; header_text_shadow_blur_strength_tablet=&#8220;1px&#8220; header_2_text_shadow_horizontal_length=&#8220;header_2_text_shadow_style,%91object Object%93&#8243; header_2_text_shadow_horizontal_length_tablet=&#8220;0px&#8220; header_2_text_shadow_vertical_length=&#8220;header_2_text_shadow_style,%91object Object%93&#8243; header_2_text_shadow_vertical_length_tablet=&#8220;0px&#8220; header_2_text_shadow_blur_strength=&#8220;header_2_text_shadow_style,%91object Object%93&#8243; header_2_text_shadow_blur_strength_tablet=&#8220;1px&#8220; header_3_text_shadow_horizontal_length=&#8220;header_3_text_shadow_style,%91object Object%93&#8243; header_3_text_shadow_horizontal_length_tablet=&#8220;0px&#8220; header_3_text_shadow_vertical_length=&#8220;header_3_text_shadow_style,%91object Object%93&#8243; header_3_text_shadow_vertical_length_tablet=&#8220;0px&#8220; header_3_text_shadow_blur_strength=&#8220;header_3_text_shadow_style,%91object Object%93&#8243; header_3_text_shadow_blur_strength_tablet=&#8220;1px&#8220; header_4_text_shadow_horizontal_length=&#8220;header_4_text_shadow_style,%91object Object%93&#8243; header_4_text_shadow_horizontal_length_tablet=&#8220;0px&#8220; header_4_text_shadow_vertical_length=&#8220;header_4_text_shadow_style,%91object Object%93&#8243; header_4_text_shadow_vertical_length_tablet=&#8220;0px&#8220; header_4_text_shadow_blur_strength=&#8220;header_4_text_shadow_style,%91object Object%93&#8243; header_4_text_shadow_blur_strength_tablet=&#8220;1px&#8220; header_5_text_shadow_horizontal_length=&#8220;header_5_text_shadow_style,%91object Object%93&#8243; header_5_text_shadow_horizontal_length_tablet=&#8220;0px&#8220; header_5_text_shadow_vertical_length=&#8220;header_5_text_shadow_style,%91object Object%93&#8243; header_5_text_shadow_vertical_length_tablet=&#8220;0px&#8220; header_5_text_shadow_blur_strength=&#8220;header_5_text_shadow_style,%91object Object%93&#8243; header_5_text_shadow_blur_strength_tablet=&#8220;1px&#8220; header_6_text_shadow_horizontal_length=&#8220;header_6_text_shadow_style,%91object Object%93&#8243; header_6_text_shadow_horizontal_length_tablet=&#8220;0px&#8220; header_6_text_shadow_vertical_length=&#8220;header_6_text_shadow_style,%91object Object%93&#8243; header_6_text_shadow_vertical_length_tablet=&#8220;0px&#8220; header_6_text_shadow_blur_strength=&#8220;header_6_text_shadow_style,%91object Object%93&#8243; header_6_text_shadow_blur_strength_tablet=&#8220;1px&#8220; box_shadow_horizontal_tablet=&#8220;0px&#8220; box_shadow_vertical_tablet=&#8220;0px&#8220; box_shadow_blur_tablet=&#8220;40px&#8220; box_shadow_spread_tablet=&#8220;0px&#8220; vertical_offset_tablet=&#8220;0&#8243; horizontal_offset_tablet=&#8220;0&#8243; z_index_tablet=&#8220;0&#8243;]<\/p>\n<p>An der Gillbachschule wird die <strong>DEMOKRATIE <\/strong>gro\u00dfgeschrieben.<\/p>\n<p>Die Kinder lernen sehr fr\u00fch, ihre Interessen zu vertreten und vor anderen vorzutragen. So werden ab Jahrgangsstufe 2 jeweils zwei Kinder als Klassensprecher*in gew\u00e4hlt. Diese beiden nehmen als Vertreter der Klasse an den Sitzungen des Sch\u00fclerparlaments teil. Dieses tagt einmal im Monat, um aktuelle Anliegen sowohl der Kinder als auch der Erwachsenen zu diskutieren und gemeinsam an L\u00f6sungen zu arbeiten. Die Ergebnisse pr\u00e4sentieren die Klassensprecher*innen im Anschluss wieder in ihren Klassen. So ist ein reger Austausch gew\u00e4hrleistet. Gleichzeitig lernen die Kinder, dass ihre Meinungen wichtig sind und auch Beachtung finden. So wurden hier beispielsweise gemeinsam Entscheidungen zu den neuen Spielger\u00e4ten auf dem Schulhof getroffen oder auch die Einhaltung der Pausenregeln neu \u00fcberdacht und reflektiert.<\/p>\n<p>Das ist unser aktuelles Sch\u00fclerparlament der Jahrgangsstufen 2 bis 4 f\u00fcr das Schuljahr 2024\/2025. Die Kinder freuen sich, bei der Schulgestaltung mitwirken zu k\u00f6nnen.<\/p>\n<p>Unsere beiden Schulsprecher f\u00fcr das Schuljahr 2024\/2025 hei\u00dfen Leo und Paulina. Sie vertreten die Interessen der Kinder der Gillbachschule.<\/p>\n<p>\u00a0<\/p>\n<p>[\/et_pb_text][et_pb_gallery _builder_version=&#8220;4.27.4&#8243; gallery_ids=&#8220;2174,2175&#8243; background_pattern_color=&#8220;rgba(0,0,0,0.2)&#8220; background_mask_color=&#8220;#ffffff&#8220; hover_overlay_color=&#8220;rgba(255,255,255,0.9)&#8220; box_shadow_horizontal_image_tablet=&#8220;0px&#8220; box_shadow_vertical_image_tablet=&#8220;0px&#8220; box_shadow_blur_image_tablet=&#8220;40px&#8220; box_shadow_spread_image_tablet=&#8220;0px&#8220; text_shadow_horizontal_length=&#8220;text_shadow_style,%91object Object%93&#8243; text_shadow_horizontal_length_tablet=&#8220;0px&#8220; text_shadow_vertical_length=&#8220;text_shadow_style,%91object Object%93&#8243; text_shadow_vertical_length_tablet=&#8220;0px&#8220; text_shadow_blur_strength=&#8220;text_shadow_style,%91object Object%93&#8243; text_shadow_blur_strength_tablet=&#8220;1px&#8220; title_text_shadow_horizontal_length=&#8220;title_text_shadow_style,%91object Object%93&#8243; title_text_shadow_horizontal_length_tablet=&#8220;0px&#8220; title_text_shadow_vertical_length=&#8220;title_text_shadow_style,%91object Object%93&#8243; title_text_shadow_vertical_length_tablet=&#8220;0px&#8220; title_text_shadow_blur_strength=&#8220;title_text_shadow_style,%91object Object%93&#8243; title_text_shadow_blur_strength_tablet=&#8220;1px&#8220; caption_text_shadow_horizontal_length=&#8220;caption_text_shadow_style,%91object Object%93&#8243; caption_text_shadow_horizontal_length_tablet=&#8220;0px&#8220; caption_text_shadow_vertical_length=&#8220;caption_text_shadow_style,%91object Object%93&#8243; caption_text_shadow_vertical_length_tablet=&#8220;0px&#8220; caption_text_shadow_blur_strength=&#8220;caption_text_shadow_style,%91object Object%93&#8243; caption_text_shadow_blur_strength_tablet=&#8220;1px&#8220; pagination_text_shadow_horizontal_length=&#8220;pagination_text_shadow_style,%91object Object%93&#8243; pagination_text_shadow_horizontal_length_tablet=&#8220;0px&#8220; pagination_text_shadow_vertical_length=&#8220;pagination_text_shadow_style,%91object Object%93&#8243; pagination_text_shadow_vertical_length_tablet=&#8220;0px&#8220; pagination_text_shadow_blur_strength=&#8220;pagination_text_shadow_style,%91object Object%93&#8243; pagination_text_shadow_blur_strength_tablet=&#8220;1px&#8220; box_shadow_horizontal_tablet=&#8220;0px&#8220; box_shadow_vertical_tablet=&#8220;0px&#8220; box_shadow_blur_tablet=&#8220;40px&#8220; box_shadow_spread_tablet=&#8220;0px&#8220; vertical_offset_tablet=&#8220;0&#8243; horizontal_offset_tablet=&#8220;0&#8243; z_index_tablet=&#8220;0&#8243; \/][\/et_pb_column][et_pb_column type=&#8220;1_3&#8243; _builder_version=&#8220;4.20.1&#8243; _module_preset=&#8220;default&#8220; global_colors_info=&#8220;{}&#8220;][\/et_pb_column][\/et_pb_row][\/et_pb_section]<\/p>\n","protected":false},"excerpt":{"rendered":"<p>Das Sch\u00fclerparlament An der Gillbachschule wird die DEMOKRATIE gro\u00dfgeschrieben.Die Kinder lernen sehr fr\u00fch, ihre Interessen zu vertreten und vor anderen vorzutragen. So werden ab Jahrgangsstufe 2 jeweils zwei Kinder als Klassensprecher*in gew\u00e4hlt. Diese beiden nehmen als Vertreter der Klasse an den Sitzungen des Sch\u00fclerparlaments teil. Dieses tagt einmal im Monat, um aktuelle Anliegen sowohl der [&hellip;]<\/p>\n","protected":false},"author":1,"featured_media":0,"parent":58,"menu_order":8,"comment_status":"closed","ping_status":"closed","template":"","meta":{"_et_pb_use_builder":"on","_et_pb_old_content":"<!-- wp:divi\/placeholder \/-->","_et_gb_content_width":"","inline_featured_image":false,"footnotes":"","_links_to":"","_links_to_target":""},"class_list":["post-89","page","type-page","status-publish","hentry"],"yoast_head":"<!-- This site is optimized with the Yoast SEO plugin v27.2 - https:\/\/yoast.com\/product\/yoast-seo-wordpress\/ -->\n<title>Sch\u00fclerparlament - Gillbachschule<\/title>\n<meta name=\"robots\" content=\"index, follow, max-snippet:-1, max-image-preview:large, max-video-preview:-1\" \/>\n<link rel=\"canonical\" href=\"https:\/\/schulen-rommerskirchen.de\/gillbachschule\/schulleben\/schuelerparlament\/\" \/>\n<meta property=\"og:locale\" content=\"de_DE\" \/>\n<meta property=\"og:type\" content=\"article\" \/>\n<meta property=\"og:title\" content=\"Sch\u00fclerparlament - Gillbachschule\" \/>\n<meta property=\"og:description\" content=\"Das Sch\u00fclerparlament An der Gillbachschule wird die DEMOKRATIE gro\u00dfgeschrieben.Die Kinder lernen sehr fr\u00fch, ihre Interessen zu vertreten und vor anderen vorzutragen. So werden ab Jahrgangsstufe 2 jeweils zwei Kinder als Klassensprecher*in gew\u00e4hlt. Diese beiden nehmen als Vertreter der Klasse an den Sitzungen des Sch\u00fclerparlaments teil. Dieses tagt einmal im Monat, um aktuelle Anliegen sowohl der [&hellip;]\" \/>\n<meta property=\"og:url\" content=\"https:\/\/schulen-rommerskirchen.de\/gillbachschule\/schulleben\/schuelerparlament\/\" \/>\n<meta property=\"og:site_name\" content=\"Gillbachschule\" \/>\n<meta property=\"article:modified_time\" content=\"2025-02-26T10:30:53+00:00\" \/>\n<script type=\"application\/ld+json\" class=\"yoast-schema-graph\">{\"@context\":\"https:\/\/schema.org\",\"@graph\":[{\"@type\":\"WebPage\",\"@id\":\"https:\/\/schulen-rommerskirchen.de\/gillbachschule\/schulleben\/schuelerparlament\/\",\"url\":\"https:\/\/schulen-rommerskirchen.de\/gillbachschule\/schulleben\/schuelerparlament\/\",\"name\":\"Sch\u00fclerparlament - Gillbachschule\",\"isPartOf\":{\"@id\":\"https:\/\/schulen-rommerskirchen.de\/gillbachschule\/#website\"},\"datePublished\":\"2021-08-06T11:47:46+00:00\",\"dateModified\":\"2025-02-26T10:30:53+00:00\",\"breadcrumb\":{\"@id\":\"https:\/\/schulen-rommerskirchen.de\/gillbachschule\/schulleben\/schuelerparlament\/#breadcrumb\"},\"inLanguage\":\"de\",\"potentialAction\":[{\"@type\":\"ReadAction\",\"target\":[\"https:\/\/schulen-rommerskirchen.de\/gillbachschule\/schulleben\/schuelerparlament\/\"]}]},{\"@type\":\"BreadcrumbList\",\"@id\":\"https:\/\/schulen-rommerskirchen.de\/gillbachschule\/schulleben\/schuelerparlament\/#breadcrumb\",\"itemListElement\":[{\"@type\":\"ListItem\",\"position\":1,\"name\":\"Startseite\",\"item\":\"https:\/\/schulen-rommerskirchen.de\/gillbachschule\/\"},{\"@type\":\"ListItem\",\"position\":2,\"name\":\"Schulleben\",\"item\":\"https:\/\/schulen-rommerskirchen.de\/gillbachschule\/schulleben\/\"},{\"@type\":\"ListItem\",\"position\":3,\"name\":\"Sch\u00fclerparlament\"}]},{\"@type\":\"WebSite\",\"@id\":\"https:\/\/schulen-rommerskirchen.de\/gillbachschule\/#website\",\"url\":\"https:\/\/schulen-rommerskirchen.de\/gillbachschule\/\",\"name\":\"Gillbachschule\",\"description\":\"Schule in Rommerskirchen\",\"publisher\":{\"@id\":\"https:\/\/schulen-rommerskirchen.de\/gillbachschule\/#organization\"},\"potentialAction\":[{\"@type\":\"SearchAction\",\"target\":{\"@type\":\"EntryPoint\",\"urlTemplate\":\"https:\/\/schulen-rommerskirchen.de\/gillbachschule\/?s={search_term_string}\"},\"query-input\":{\"@type\":\"PropertyValueSpecification\",\"valueRequired\":true,\"valueName\":\"search_term_string\"}}],\"inLanguage\":\"de\"},{\"@type\":\"Organization\",\"@id\":\"https:\/\/schulen-rommerskirchen.de\/gillbachschule\/#organization\",\"name\":\"Gillbachschule\",\"url\":\"https:\/\/schulen-rommerskirchen.de\/gillbachschule\/\",\"logo\":{\"@type\":\"ImageObject\",\"inLanguage\":\"de\",\"@id\":\"https:\/\/schulen-rommerskirchen.de\/gillbachschule\/#\/schema\/logo\/image\/\",\"url\":\"https:\/\/schulen-rommerskirchen.de\/gillbachschule\/wp-content\/uploads\/sites\/2\/2021\/08\/logo_gillbachschule.png\",\"contentUrl\":\"https:\/\/schulen-rommerskirchen.de\/gillbachschule\/wp-content\/uploads\/sites\/2\/2021\/08\/logo_gillbachschule.png\",\"width\":300,\"height\":293,\"caption\":\"Gillbachschule\"},\"image\":{\"@id\":\"https:\/\/schulen-rommerskirchen.de\/gillbachschule\/#\/schema\/logo\/image\/\"}}]}<\/script>\n<!-- \/ Yoast SEO plugin. -->","yoast_head_json":{"title":"Sch\u00fclerparlament - Gillbachschule","robots":{"index":"index","follow":"follow","max-snippet":"max-snippet:-1","max-image-preview":"max-image-preview:large","max-video-preview":"max-video-preview:-1"},"canonical":"https:\/\/schulen-rommerskirchen.de\/gillbachschule\/schulleben\/schuelerparlament\/","og_locale":"de_DE","og_type":"article","og_title":"Sch\u00fclerparlament - Gillbachschule","og_description":"Das Sch\u00fclerparlament An der Gillbachschule wird die DEMOKRATIE gro\u00dfgeschrieben.Die Kinder lernen sehr fr\u00fch, ihre Interessen zu vertreten und vor anderen vorzutragen. So werden ab Jahrgangsstufe 2 jeweils zwei Kinder als Klassensprecher*in gew\u00e4hlt. Diese beiden nehmen als Vertreter der Klasse an den Sitzungen des Sch\u00fclerparlaments teil. Dieses tagt einmal im Monat, um aktuelle Anliegen sowohl der [&hellip;]","og_url":"https:\/\/schulen-rommerskirchen.de\/gillbachschule\/schulleben\/schuelerparlament\/","og_site_name":"Gillbachschule","article_modified_time":"2025-02-26T10:30:53+00:00","schema":{"@context":"https:\/\/schema.org","@graph":[{"@type":"WebPage","@id":"https:\/\/schulen-rommerskirchen.de\/gillbachschule\/schulleben\/schuelerparlament\/","url":"https:\/\/schulen-rommerskirchen.de\/gillbachschule\/schulleben\/schuelerparlament\/","name":"Sch\u00fclerparlament - Gillbachschule","isPartOf":{"@id":"https:\/\/schulen-rommerskirchen.de\/gillbachschule\/#website"},"datePublished":"2021-08-06T11:47:46+00:00","dateModified":"2025-02-26T10:30:53+00:00","breadcrumb":{"@id":"https:\/\/schulen-rommerskirchen.de\/gillbachschule\/schulleben\/schuelerparlament\/#breadcrumb"},"inLanguage":"de","potentialAction":[{"@type":"ReadAction","target":["https:\/\/schulen-rommerskirchen.de\/gillbachschule\/schulleben\/schuelerparlament\/"]}]},{"@type":"BreadcrumbList","@id":"https:\/\/schulen-rommerskirchen.de\/gillbachschule\/schulleben\/schuelerparlament\/#breadcrumb","itemListElement":[{"@type":"ListItem","position":1,"name":"Startseite","item":"https:\/\/schulen-rommerskirchen.de\/gillbachschule\/"},{"@type":"ListItem","position":2,"name":"Schulleben","item":"https:\/\/schulen-rommerskirchen.de\/gillbachschule\/schulleben\/"},{"@type":"ListItem","position":3,"name":"Sch\u00fclerparlament"}]},{"@type":"WebSite","@id":"https:\/\/schulen-rommerskirchen.de\/gillbachschule\/#website","url":"https:\/\/schulen-rommerskirchen.de\/gillbachschule\/","name":"Gillbachschule","description":"Schule in Rommerskirchen","publisher":{"@id":"https:\/\/schulen-rommerskirchen.de\/gillbachschule\/#organization"},"potentialAction":[{"@type":"SearchAction","target":{"@type":"EntryPoint","urlTemplate":"https:\/\/schulen-rommerskirchen.de\/gillbachschule\/?s={search_term_string}"},"query-input":{"@type":"PropertyValueSpecification","valueRequired":true,"valueName":"search_term_string"}}],"inLanguage":"de"},{"@type":"Organization","@id":"https:\/\/schulen-rommerskirchen.de\/gillbachschule\/#organization","name":"Gillbachschule","url":"https:\/\/schulen-rommerskirchen.de\/gillbachschule\/","logo":{"@type":"ImageObject","inLanguage":"de","@id":"https:\/\/schulen-rommerskirchen.de\/gillbachschule\/#\/schema\/logo\/image\/","url":"https:\/\/schulen-rommerskirchen.de\/gillbachschule\/wp-content\/uploads\/sites\/2\/2021\/08\/logo_gillbachschule.png","contentUrl":"https:\/\/schulen-rommerskirchen.de\/gillbachschule\/wp-content\/uploads\/sites\/2\/2021\/08\/logo_gillbachschule.png","width":300,"height":293,"caption":"Gillbachschule"},"image":{"@id":"https:\/\/schulen-rommerskirchen.de\/gillbachschule\/#\/schema\/logo\/image\/"}}]}},"publishpress_future_action":{"enabled":false,"date":"2026-04-24 18:33:22","action":"change-status","newStatus":"draft","terms":[],"taxonomy":"","extraData":[]},"publishpress_future_workflow_manual_trigger":{"enabledWorkflows":[]},"_links":{"self":[{"href":"https:\/\/schulen-rommerskirchen.de\/gillbachschule\/wp-json\/wp\/v2\/pages\/89","targetHints":{"allow":["GET"]}}],"collection":[{"href":"https:\/\/schulen-rommerskirchen.de\/gillbachschule\/wp-json\/wp\/v2\/pages"}],"about":[{"href":"https:\/\/schulen-rommerskirchen.de\/gillbachschule\/wp-json\/wp\/v2\/types\/page"}],"author":[{"embeddable":true,"href":"https:\/\/schulen-rommerskirchen.de\/gillbachschule\/wp-json\/wp\/v2\/users\/1"}],"replies":[{"embeddable":true,"href":"https:\/\/schulen-rommerskirchen.de\/gillbachschule\/wp-json\/wp\/v2\/comments?post=89"}],"version-history":[{"count":14,"href":"https:\/\/schulen-rommerskirchen.de\/gillbachschule\/wp-json\/wp\/v2\/pages\/89\/revisions"}],"predecessor-version":[{"id":2176,"href":"https:\/\/schulen-rommerskirchen.de\/gillbachschule\/wp-json\/wp\/v2\/pages\/89\/revisions\/2176"}],"up":[{"embeddable":true,"href":"https:\/\/schulen-rommerskirchen.de\/gillbachschule\/wp-json\/wp\/v2\/pages\/58"}],"wp:attachment":[{"href":"https:\/\/schulen-rommerskirchen.de\/gillbachschule\/wp-json\/wp\/v2\/media?parent=89"}],"curies":[{"name":"wp","href":"https:\/\/api.w.org\/{rel}","templated":true}]}}