{"id":1121,"date":"2023-05-04T11:06:26","date_gmt":"2023-05-04T09:06:26","guid":{"rendered":"https:\/\/schulen-rommerskirchen.de\/gillbachschule\/?page_id=1121"},"modified":"2024-05-27T14:05:57","modified_gmt":"2024-05-27T12:05:57","slug":"schulhund","status":"publish","type":"page","link":"https:\/\/schulen-rommerskirchen.de\/gillbachschule\/schulleben\/schulhund\/","title":{"rendered":"Schulhund"},"content":{"rendered":"<p>[et_pb_section fb_built=&#8220;1&#8243; admin_label=&#8220;Admissions&#8220; _builder_version=&#8220;4.20.1&#8243; use_background_color_gradient=&#8220;on&#8220; background_color_gradient_stops=&#8220;#ecf2ff 0%|#ffffff 100%&#8220; background_color_gradient_start=&#8220;#ffffff&#8220; background_color_gradient_start_position=&#8220;10%&#8220; background_color_gradient_end=&#8220;#ecf2ff&#8220; background_image=&#8220;https:\/\/schulen-rommerskirchen.de\/gillbachschule\/wp-content\/uploads\/sites\/2\/2021\/08\/shapes-bg-1.png&#8220; parallax=&#8220;on&#8220; custom_padding=&#8220;0px||2vw||false|false&#8220; global_colors_info=&#8220;{}&#8220;][et_pb_row disabled_on=&#8220;off|off|off&#8220; admin_label=&#8220;ganze bunte Welle &#8211; NICHT L\u00d6SCHEN&#8220; hide_aria_element=&#8220;on&#8220; _builder_version=&#8220;4.20.1&#8243; _module_preset=&#8220;default&#8220; width=&#8220;100%&#8220; max_width=&#8220;100%&#8220; custom_margin=&#8220;0px||||false|false&#8220; custom_padding=&#8220;0px||||false|false&#8220; global_module=&#8220;555&#8243; saved_tabs=&#8220;all&#8220; global_colors_info=&#8220;{}&#8220;][et_pb_column type=&#8220;4_4&#8243; _builder_version=&#8220;4.20.1&#8243; _module_preset=&#8220;default&#8220; global_colors_info=&#8220;{}&#8220;][et_pb_image src=&#8220;https:\/\/schulen-rommerskirchen.de\/gillbachschule\/wp-content\/uploads\/sites\/2\/2023\/03\/wel-3f-header-voll.png&#8220; alt=&#8220;Welle&#8220; title_text=&#8220;Welle&#8220; force_fullwidth=&#8220;on&#8220; admin_label=&#8220;bunte Welle voll&#8220; hide_aria_element=&#8220;on&#8220; _builder_version=&#8220;4.20.1&#8243; _module_preset=&#8220;default&#8220; custom_margin=&#8220;0px||||false|false&#8220; custom_padding=&#8220;0px||||false|false&#8220; global_colors_info=&#8220;{}&#8220;][\/et_pb_image][\/et_pb_column][\/et_pb_row][et_pb_row custom_padding_last_edited=&#8220;off|desktop&#8220; _builder_version=&#8220;4.19.5&#8243; _module_preset=&#8220;default&#8220; global_colors_info=&#8220;{}&#8220;][et_pb_column type=&#8220;4_4&#8243; _builder_version=&#8220;4.19.5&#8243; _module_preset=&#8220;default&#8220; global_colors_info=&#8220;{}&#8220;][et_pb_text admin_label=&#8220;Unser Schulhund&#8220; _builder_version=&#8220;4.23.1&#8243; _module_preset=&#8220;default&#8220; text_font_size=&#8220;18px&#8220; header_text_align=&#8220;center&#8220; text_orientation=&#8220;center&#8220; global_colors_info=&#8220;{}&#8220;]<\/p>\n<h1>Unser Schulhund<\/h1>\n<p>[\/et_pb_text][\/et_pb_column][\/et_pb_row][et_pb_row column_structure=&#8220;1_4,1_2,1_4&#8243; _builder_version=&#8220;4.21.0&#8243; _module_preset=&#8220;default&#8220; global_colors_info=&#8220;{}&#8220;][et_pb_column type=&#8220;1_4&#8243; _builder_version=&#8220;4.20.1&#8243; _module_preset=&#8220;default&#8220; global_colors_info=&#8220;{}&#8220;][et_pb_image src=&#8220;https:\/\/schulen-rommerskirchen.de\/gillbachschule\/wp-content\/uploads\/sites\/2\/2023\/05\/csm_Shelby_69b5ee952d.jpg&#8220; alt=&#8220;Schulhund Shelby &#8211; Quelle: B\u00e4rbel Zippenfennig&#8220; title_text=&#8220;Schulhund Shelby &#8211; Quelle: B\u00e4rbel Zippenfennig&#8220; show_in_lightbox=&#8220;on&#8220; _builder_version=&#8220;4.25.1&#8243; _module_preset=&#8220;default&#8220; hover_enabled=&#8220;0&#8243; box_shadow_style=&#8220;preset3&#8243; global_colors_info=&#8220;{}&#8220; sticky_enabled=&#8220;0&#8243;][\/et_pb_image][\/et_pb_column][et_pb_column type=&#8220;1_2&#8243; _builder_version=&#8220;4.20.1&#8243; _module_preset=&#8220;default&#8220; global_colors_info=&#8220;{}&#8220;][et_pb_text _builder_version=&#8220;4.23.1&#8243; _module_preset=&#8220;default&#8220; text_font=&#8220;||||||||&#8220; global_colors_info=&#8220;{}&#8220;]<\/p>\n<p>Im Rahmen der tiergest\u00fctzten P\u00e4dagogik wird der systematische Einsatz von ausgebildeten Hunden in der Schule zur Verbesserung der Lernatmosph\u00e4re und individueller Leistungsf\u00e4higkeit, sowie des Sozialverhaltens der Sch\u00fclerinnen und Sch\u00fcler verstanden. Durch den Schulhund lernen die Kinder neue Wege der Kommunikation kennen, wie\u00a0 z. B. Mimik und K\u00f6rpersprache, und k\u00f6nnen diese auf das soziale Miteinander in ihrem Umfeld \u00fcbertragen. Ebenso gibt der Schulhund Impulse um alternative Wege im Umgang mit Aggressionen zu lernen. Er zieht sich bei r\u00fccksichtslosem Verhalten zur\u00fcck und f\u00f6rdert so einen liebevollen Umgang mit Empathie und R\u00fccksichtnahme.<\/p>\n<p>Der Schulhund ist immer in Begleitung seiner Ausbildungslehrerin B\u00e4rbel Zippenfennig und bereichert so das Schulleben.<\/p>\n<p>[\/et_pb_text][\/et_pb_column][et_pb_column type=&#8220;1_4&#8243; _builder_version=&#8220;4.20.1&#8243; _module_preset=&#8220;default&#8220; global_colors_info=&#8220;{}&#8220;][et_pb_image src=&#8220;https:\/\/schulen-rommerskirchen.de\/gillbachschule\/wp-content\/uploads\/sites\/2\/2023\/05\/csm_Shelby_lesen_79a8ef186b.jpg&#8220; alt=&#8220;Schulhund Shelby mit Sch\u00fclerinnen&#8220; title_text=&#8220;Schulhund Shelby mit Sch\u00fclerinnen&#8220; show_in_lightbox=&#8220;on&#8220; _builder_version=&#8220;4.21.0&#8243; _module_preset=&#8220;default&#8220; box_shadow_style=&#8220;preset3&#8243; global_colors_info=&#8220;{}&#8220;][\/et_pb_image][\/et_pb_column][\/et_pb_row][\/et_pb_section]<\/p>\n","protected":false},"excerpt":{"rendered":"<p>Unser SchulhundIm Rahmen der tiergest\u00fctzten P\u00e4dagogik wird der systematische Einsatz von ausgebildeten Hunden in der Schule zur Verbesserung der Lernatmosph\u00e4re und individueller Leistungsf\u00e4higkeit, sowie des Sozialverhaltens der Sch\u00fclerinnen und Sch\u00fcler verstanden. Durch den Schulhund lernen die Kinder neue Wege der Kommunikation kennen, wie\u00a0 z. B. Mimik und K\u00f6rpersprache, und k\u00f6nnen diese auf das soziale Miteinander [&hellip;]<\/p>\n","protected":false},"author":1,"featured_media":0,"parent":58,"menu_order":13,"comment_status":"closed","ping_status":"closed","template":"","meta":{"_et_pb_use_builder":"on","_et_pb_old_content":"<!-- wp:divi\/placeholder \/-->","_et_gb_content_width":"","inline_featured_image":false,"footnotes":"","_links_to":"","_links_to_target":""},"class_list":["post-1121","page","type-page","status-publish","hentry"],"yoast_head":"<!-- This site is optimized with the Yoast SEO plugin v27.2 - https:\/\/yoast.com\/product\/yoast-seo-wordpress\/ -->\n<title>Schulhund - Gillbachschule<\/title>\n<meta name=\"robots\" content=\"index, follow, max-snippet:-1, max-image-preview:large, max-video-preview:-1\" \/>\n<link rel=\"canonical\" href=\"https:\/\/schulen-rommerskirchen.de\/gillbachschule\/schulleben\/schulhund\/\" \/>\n<meta property=\"og:locale\" content=\"de_DE\" \/>\n<meta property=\"og:type\" content=\"article\" \/>\n<meta property=\"og:title\" content=\"Schulhund - Gillbachschule\" \/>\n<meta property=\"og:description\" content=\"Unser SchulhundIm Rahmen der tiergest\u00fctzten P\u00e4dagogik wird der systematische Einsatz von ausgebildeten Hunden in der Schule zur Verbesserung der Lernatmosph\u00e4re und individueller Leistungsf\u00e4higkeit, sowie des Sozialverhaltens der Sch\u00fclerinnen und Sch\u00fcler verstanden. Durch den Schulhund lernen die Kinder neue Wege der Kommunikation kennen, wie\u00a0 z. B. Mimik und K\u00f6rpersprache, und k\u00f6nnen diese auf das soziale Miteinander [&hellip;]\" \/>\n<meta property=\"og:url\" content=\"https:\/\/schulen-rommerskirchen.de\/gillbachschule\/schulleben\/schulhund\/\" \/>\n<meta property=\"og:site_name\" content=\"Gillbachschule\" \/>\n<meta property=\"article:modified_time\" content=\"2024-05-27T12:05:57+00:00\" \/>\n<script type=\"application\/ld+json\" class=\"yoast-schema-graph\">{\"@context\":\"https:\/\/schema.org\",\"@graph\":[{\"@type\":\"WebPage\",\"@id\":\"https:\/\/schulen-rommerskirchen.de\/gillbachschule\/schulleben\/schulhund\/\",\"url\":\"https:\/\/schulen-rommerskirchen.de\/gillbachschule\/schulleben\/schulhund\/\",\"name\":\"Schulhund - Gillbachschule\",\"isPartOf\":{\"@id\":\"https:\/\/schulen-rommerskirchen.de\/gillbachschule\/#website\"},\"datePublished\":\"2023-05-04T09:06:26+00:00\",\"dateModified\":\"2024-05-27T12:05:57+00:00\",\"breadcrumb\":{\"@id\":\"https:\/\/schulen-rommerskirchen.de\/gillbachschule\/schulleben\/schulhund\/#breadcrumb\"},\"inLanguage\":\"de\",\"potentialAction\":[{\"@type\":\"ReadAction\",\"target\":[\"https:\/\/schulen-rommerskirchen.de\/gillbachschule\/schulleben\/schulhund\/\"]}]},{\"@type\":\"BreadcrumbList\",\"@id\":\"https:\/\/schulen-rommerskirchen.de\/gillbachschule\/schulleben\/schulhund\/#breadcrumb\",\"itemListElement\":[{\"@type\":\"ListItem\",\"position\":1,\"name\":\"Startseite\",\"item\":\"https:\/\/schulen-rommerskirchen.de\/gillbachschule\/\"},{\"@type\":\"ListItem\",\"position\":2,\"name\":\"Schulleben\",\"item\":\"https:\/\/schulen-rommerskirchen.de\/gillbachschule\/schulleben\/\"},{\"@type\":\"ListItem\",\"position\":3,\"name\":\"Schulhund\"}]},{\"@type\":\"WebSite\",\"@id\":\"https:\/\/schulen-rommerskirchen.de\/gillbachschule\/#website\",\"url\":\"https:\/\/schulen-rommerskirchen.de\/gillbachschule\/\",\"name\":\"Gillbachschule\",\"description\":\"Schule in Rommerskirchen\",\"publisher\":{\"@id\":\"https:\/\/schulen-rommerskirchen.de\/gillbachschule\/#organization\"},\"potentialAction\":[{\"@type\":\"SearchAction\",\"target\":{\"@type\":\"EntryPoint\",\"urlTemplate\":\"https:\/\/schulen-rommerskirchen.de\/gillbachschule\/?s={search_term_string}\"},\"query-input\":{\"@type\":\"PropertyValueSpecification\",\"valueRequired\":true,\"valueName\":\"search_term_string\"}}],\"inLanguage\":\"de\"},{\"@type\":\"Organization\",\"@id\":\"https:\/\/schulen-rommerskirchen.de\/gillbachschule\/#organization\",\"name\":\"Gillbachschule\",\"url\":\"https:\/\/schulen-rommerskirchen.de\/gillbachschule\/\",\"logo\":{\"@type\":\"ImageObject\",\"inLanguage\":\"de\",\"@id\":\"https:\/\/schulen-rommerskirchen.de\/gillbachschule\/#\/schema\/logo\/image\/\",\"url\":\"https:\/\/schulen-rommerskirchen.de\/gillbachschule\/wp-content\/uploads\/sites\/2\/2021\/08\/logo_gillbachschule.png\",\"contentUrl\":\"https:\/\/schulen-rommerskirchen.de\/gillbachschule\/wp-content\/uploads\/sites\/2\/2021\/08\/logo_gillbachschule.png\",\"width\":300,\"height\":293,\"caption\":\"Gillbachschule\"},\"image\":{\"@id\":\"https:\/\/schulen-rommerskirchen.de\/gillbachschule\/#\/schema\/logo\/image\/\"}}]}<\/script>\n<!-- \/ Yoast SEO plugin. -->","yoast_head_json":{"title":"Schulhund - Gillbachschule","robots":{"index":"index","follow":"follow","max-snippet":"max-snippet:-1","max-image-preview":"max-image-preview:large","max-video-preview":"max-video-preview:-1"},"canonical":"https:\/\/schulen-rommerskirchen.de\/gillbachschule\/schulleben\/schulhund\/","og_locale":"de_DE","og_type":"article","og_title":"Schulhund - Gillbachschule","og_description":"Unser SchulhundIm Rahmen der tiergest\u00fctzten P\u00e4dagogik wird der systematische Einsatz von ausgebildeten Hunden in der Schule zur Verbesserung der Lernatmosph\u00e4re und individueller Leistungsf\u00e4higkeit, sowie des Sozialverhaltens der Sch\u00fclerinnen und Sch\u00fcler verstanden. Durch den Schulhund lernen die Kinder neue Wege der Kommunikation kennen, wie\u00a0 z. B. Mimik und K\u00f6rpersprache, und k\u00f6nnen diese auf das soziale Miteinander [&hellip;]","og_url":"https:\/\/schulen-rommerskirchen.de\/gillbachschule\/schulleben\/schulhund\/","og_site_name":"Gillbachschule","article_modified_time":"2024-05-27T12:05:57+00:00","schema":{"@context":"https:\/\/schema.org","@graph":[{"@type":"WebPage","@id":"https:\/\/schulen-rommerskirchen.de\/gillbachschule\/schulleben\/schulhund\/","url":"https:\/\/schulen-rommerskirchen.de\/gillbachschule\/schulleben\/schulhund\/","name":"Schulhund - Gillbachschule","isPartOf":{"@id":"https:\/\/schulen-rommerskirchen.de\/gillbachschule\/#website"},"datePublished":"2023-05-04T09:06:26+00:00","dateModified":"2024-05-27T12:05:57+00:00","breadcrumb":{"@id":"https:\/\/schulen-rommerskirchen.de\/gillbachschule\/schulleben\/schulhund\/#breadcrumb"},"inLanguage":"de","potentialAction":[{"@type":"ReadAction","target":["https:\/\/schulen-rommerskirchen.de\/gillbachschule\/schulleben\/schulhund\/"]}]},{"@type":"BreadcrumbList","@id":"https:\/\/schulen-rommerskirchen.de\/gillbachschule\/schulleben\/schulhund\/#breadcrumb","itemListElement":[{"@type":"ListItem","position":1,"name":"Startseite","item":"https:\/\/schulen-rommerskirchen.de\/gillbachschule\/"},{"@type":"ListItem","position":2,"name":"Schulleben","item":"https:\/\/schulen-rommerskirchen.de\/gillbachschule\/schulleben\/"},{"@type":"ListItem","position":3,"name":"Schulhund"}]},{"@type":"WebSite","@id":"https:\/\/schulen-rommerskirchen.de\/gillbachschule\/#website","url":"https:\/\/schulen-rommerskirchen.de\/gillbachschule\/","name":"Gillbachschule","description":"Schule in Rommerskirchen","publisher":{"@id":"https:\/\/schulen-rommerskirchen.de\/gillbachschule\/#organization"},"potentialAction":[{"@type":"SearchAction","target":{"@type":"EntryPoint","urlTemplate":"https:\/\/schulen-rommerskirchen.de\/gillbachschule\/?s={search_term_string}"},"query-input":{"@type":"PropertyValueSpecification","valueRequired":true,"valueName":"search_term_string"}}],"inLanguage":"de"},{"@type":"Organization","@id":"https:\/\/schulen-rommerskirchen.de\/gillbachschule\/#organization","name":"Gillbachschule","url":"https:\/\/schulen-rommerskirchen.de\/gillbachschule\/","logo":{"@type":"ImageObject","inLanguage":"de","@id":"https:\/\/schulen-rommerskirchen.de\/gillbachschule\/#\/schema\/logo\/image\/","url":"https:\/\/schulen-rommerskirchen.de\/gillbachschule\/wp-content\/uploads\/sites\/2\/2021\/08\/logo_gillbachschule.png","contentUrl":"https:\/\/schulen-rommerskirchen.de\/gillbachschule\/wp-content\/uploads\/sites\/2\/2021\/08\/logo_gillbachschule.png","width":300,"height":293,"caption":"Gillbachschule"},"image":{"@id":"https:\/\/schulen-rommerskirchen.de\/gillbachschule\/#\/schema\/logo\/image\/"}}]}},"publishpress_future_action":{"enabled":false,"date":"2026-04-21 16:24:12","action":"change-status","newStatus":"draft","terms":[],"taxonomy":"","extraData":[]},"publishpress_future_workflow_manual_trigger":{"enabledWorkflows":[]},"_links":{"self":[{"href":"https:\/\/schulen-rommerskirchen.de\/gillbachschule\/wp-json\/wp\/v2\/pages\/1121","targetHints":{"allow":["GET"]}}],"collection":[{"href":"https:\/\/schulen-rommerskirchen.de\/gillbachschule\/wp-json\/wp\/v2\/pages"}],"about":[{"href":"https:\/\/schulen-rommerskirchen.de\/gillbachschule\/wp-json\/wp\/v2\/types\/page"}],"author":[{"embeddable":true,"href":"https:\/\/schulen-rommerskirchen.de\/gillbachschule\/wp-json\/wp\/v2\/users\/1"}],"replies":[{"embeddable":true,"href":"https:\/\/schulen-rommerskirchen.de\/gillbachschule\/wp-json\/wp\/v2\/comments?post=1121"}],"version-history":[{"count":10,"href":"https:\/\/schulen-rommerskirchen.de\/gillbachschule\/wp-json\/wp\/v2\/pages\/1121\/revisions"}],"predecessor-version":[{"id":1869,"href":"https:\/\/schulen-rommerskirchen.de\/gillbachschule\/wp-json\/wp\/v2\/pages\/1121\/revisions\/1869"}],"up":[{"embeddable":true,"href":"https:\/\/schulen-rommerskirchen.de\/gillbachschule\/wp-json\/wp\/v2\/pages\/58"}],"wp:attachment":[{"href":"https:\/\/schulen-rommerskirchen.de\/gillbachschule\/wp-json\/wp\/v2\/media?parent=1121"}],"curies":[{"name":"wp","href":"https:\/\/api.w.org\/{rel}","templated":true}]}}