{"id":1112,"date":"2023-05-04T10:59:52","date_gmt":"2023-05-04T08:59:52","guid":{"rendered":"https:\/\/schulen-rommerskirchen.de\/gillbachschule\/?page_id=1112"},"modified":"2023-07-05T16:40:12","modified_gmt":"2023-07-05T14:40:12","slug":"buecherei","status":"publish","type":"page","link":"https:\/\/schulen-rommerskirchen.de\/gillbachschule\/schulleben\/buecherei\/","title":{"rendered":"B\u00fccherei"},"content":{"rendered":"<p>[et_pb_section fb_built=&#8220;1&#8243; _builder_version=&#8220;4.20.1&#8243; _module_preset=&#8220;default&#8220; background_enable_color=&#8220;off&#8220; background_image=&#8220;https:\/\/schulen-rommerskirchen.de\/gillbachschule\/wp-content\/uploads\/sites\/2\/2021\/08\/shapes-bg-1.png&#8220; custom_margin=&#8220;||||false|false&#8220; custom_padding=&#8220;1em||||false|false&#8220; hover_enabled=&#8220;0&#8243; global_colors_info=&#8220;{}&#8220; sticky_enabled=&#8220;0&#8243;][et_pb_row admin_label=&#8220;ganze bunte Welle &#8211; NICHT L\u00d6SCHEN&#8220; hide_aria_element=&#8220;on&#8220; _builder_version=&#8220;4.21.0&#8243; _module_preset=&#8220;default&#8220; background_color=&#8220;RGBA(255,255,255,0)&#8220; width=&#8220;100%&#8220; max_width=&#8220;100%&#8220; custom_margin=&#8220;0px||||false|false&#8220; custom_padding=&#8220;1em||||false|false&#8220; global_module=&#8220;795&#8243; saved_tabs=&#8220;all&#8220; global_colors_info=&#8220;{}&#8220;][et_pb_column type=&#8220;4_4&#8243; _builder_version=&#8220;4.20.1&#8243; _module_preset=&#8220;default&#8220; global_colors_info=&#8220;{}&#8220;][et_pb_image src=&#8220;https:\/\/schulen-rommerskirchen.de\/gillbachschule\/wp-content\/uploads\/sites\/2\/2023\/03\/wel-3f-header-voll.png&#8220; alt=&#8220;Welle&#8220; title_text=&#8220;Welle&#8220; force_fullwidth=&#8220;on&#8220; admin_label=&#8220;bunte Welle voll&#8220; hide_aria_element=&#8220;on&#8220; _builder_version=&#8220;4.20.1&#8243; _module_preset=&#8220;default&#8220; custom_margin=&#8220;0px||||false|false&#8220; custom_padding=&#8220;0px||||false|false&#8220; global_colors_info=&#8220;{}&#8220;][\/et_pb_image][\/et_pb_column][\/et_pb_row][et_pb_row custom_padding_last_edited=&#8220;off|desktop&#8220; _builder_version=&#8220;4.21.0&#8243; _module_preset=&#8220;default&#8220; custom_padding_tablet=&#8220;30px||0px||false|false&#8220; hover_enabled=&#8220;0&#8243; global_colors_info=&#8220;{}&#8220; custom_margin=&#8220;||0px||false|false&#8220; custom_padding=&#8220;||0px||false|false&#8220; sticky_enabled=&#8220;0&#8243;][et_pb_column type=&#8220;4_4&#8243; _builder_version=&#8220;4.16&#8243; _module_preset=&#8220;default&#8220; global_colors_info=&#8220;{}&#8220;][et_pb_text admin_label=&#8220;\u00dcberschrift&#8220; _builder_version=&#8220;4.21.0&#8243; _module_preset=&#8220;default&#8220; text_orientation=&#8220;center&#8220; global_colors_info=&#8220;{}&#8220;]<\/p>\n<h1>Unsere Schulb\u00fccherei<\/h1>\n<p>[\/et_pb_text][et_pb_gallery gallery_ids=&#8220;1116,1117,1115,1114&#8243; show_title_and_caption=&#8220;off&#8220; show_pagination=&#8220;off&#8220; _builder_version=&#8220;4.21.0&#8243; _module_preset=&#8220;default&#8220; box_shadow_style_image=&#8220;preset3&#8243; global_colors_info=&#8220;{}&#8220;][\/et_pb_gallery][et_pb_text _builder_version=&#8220;4.21.0&#8243; _module_preset=&#8220;default&#8220; text_font=&#8220;Satisfy||||||||&#8220; text_text_color=&#8220;#314077&#8243; text_font_size=&#8220;35px&#8220; text_orientation=&#8220;center&#8220; custom_margin=&#8220;||||false|false&#8220; hover_enabled=&#8220;0&#8243; global_colors_info=&#8220;{}&#8220; sticky_enabled=&#8220;0&#8243;]<\/p>\n<p>\u201eEine Schule ohne B\u00fccher ist wie ein Garten ohne Blumen\u201c<\/p>\n<p>[\/et_pb_text][\/et_pb_column][\/et_pb_row][\/et_pb_section][et_pb_section fb_built=&#8220;1&#8243; admin_label=&#8220;Sektion&#8220; _builder_version=&#8220;4.20.1&#8243; background_color=&#8220;#ECF2FF&#8220; use_background_color_gradient=&#8220;on&#8220; background_color_gradient_stops=&#8220;rgba(236,242,255,0.64) 0%|rgba(236,242,255,0.64) 100%&#8220; background_color_gradient_overlays_image=&#8220;on&#8220; background_image=&#8220;https:\/\/schulen-rommerskirchen.de\/gillbachschule\/wp-content\/uploads\/sites\/2\/2021\/08\/online-classroom-11.png&#8220; custom_padding=&#8220;||||false|false&#8220; border_width_top=&#8220;1px&#8220; border_color_top=&#8220;#d5e2ff&#8220; global_colors_info=&#8220;{}&#8220;][et_pb_row column_structure=&#8220;1_2,1_2&#8243; _builder_version=&#8220;4.21.0&#8243; _module_preset=&#8220;default&#8220; global_colors_info=&#8220;{}&#8220;][et_pb_column type=&#8220;1_2&#8243; _builder_version=&#8220;4.21.0&#8243; _module_preset=&#8220;default&#8220; global_colors_info=&#8220;{}&#8220;][et_pb_text _builder_version=&#8220;4.21.0&#8243; _module_preset=&#8220;default&#8220; global_colors_info=&#8220;{}&#8220;]Die Sch\u00fclerb\u00fccherei wurde vor einigen Jahren auf Bestreben der Elternschaft und des Lehrerkollegiums eingerichtet und ist eines der Herzst\u00fccke der Schule. Sie soll in der Schule einen Ort schaffen, der die Sch\u00fclerinnen und Sch\u00fcler zum genussvollen Lesen einl\u00e4dt und ihnen m\u00f6glichst aktuelle und altersgerechte B\u00fccher auf einfache Weise zug\u00e4nglich macht. Die Lesekompetenz der Kinder sollte innerhalb und au\u00dferhalb der Schule gef\u00f6rdert werden.[\/et_pb_text][\/et_pb_column][et_pb_column type=&#8220;1_2&#8243; _builder_version=&#8220;4.21.0&#8243; _module_preset=&#8220;default&#8220; global_colors_info=&#8220;{}&#8220;][et_pb_text _builder_version=&#8220;4.21.0&#8243; _module_preset=&#8220;default&#8220; global_colors_info=&#8220;{}&#8220;]Durch die engagierte Mithilfe von vielen Elternteilen der Gillbachschule k\u00f6nnen sich die Kinder hier jeden Dienstag und Freitag von 9:40 Uhr bis 10:10 Uhr B\u00fccher auch f\u00fcr zu Hause ausleihen. Egal ob Piraten, Einh\u00f6rner, Wilde Tiere, Hexen oder Steinzeit &#8211; hier ist f\u00fcr jeden Geschmack etwas dabei. Eine Vielzahl an Sachb\u00fcchern bietet auch die M\u00f6glichkeit, sich gut auf ein Referat vorzubereiten. Es sind immer zwei Elternteile w\u00e4hrend der \u00d6ffnungszeiten anwesend, die dem Kindern bei der Auswahl gerne weiterhelfen und die Ausleihe organisieren.[\/et_pb_text][\/et_pb_column][\/et_pb_row][et_pb_row _builder_version=&#8220;4.20.1&#8243; _module_preset=&#8220;default&#8220; global_colors_info=&#8220;{}&#8220;][et_pb_column type=&#8220;4_4&#8243; _builder_version=&#8220;4.20.1&#8243; _module_preset=&#8220;default&#8220; global_colors_info=&#8220;{}&#8220;][et_pb_text _builder_version=&#8220;4.21.0&#8243; _module_preset=&#8220;default&#8220; global_colors_info=&#8220;{}&#8220;]<\/p>\n<p>Der <a href=\"\/gillbachschule\/foerderverein\/\" title=\"Erfahren Sie mehr \u00fcber den F\u00f6rderverein der Gillbachschule\"><strong>F\u00f6rderverein<\/strong><\/a> unterst\u00fctzt die B\u00fccherei j\u00e4hrlich mit einem betr\u00e4chtlichen Betrag, so dass immer wieder neue und aktuelle B\u00fccher angeschafft werden k\u00f6nnen. Hier werden auch die W\u00fcnsche der Kinder ber\u00fccksichtigt. Dar\u00fcber hinaus gelingt es uns immer wieder Spenden f\u00fcr Neuanschaffungen zu organisieren.<\/p>\n<p>[\/et_pb_text][\/et_pb_column][\/et_pb_row][\/et_pb_section]<\/p>\n","protected":false},"excerpt":{"rendered":"<p>Unsere Schulb\u00fccherei\u201eEine Schule ohne B\u00fccher ist wie ein Garten ohne Blumen\u201cDie Sch\u00fclerb\u00fccherei wurde vor einigen Jahren auf Bestreben der Elternschaft und des Lehrerkollegiums eingerichtet und ist eines der Herzst\u00fccke der Schule. Sie soll in der Schule einen Ort schaffen, der die Sch\u00fclerinnen und Sch\u00fcler zum genussvollen Lesen einl\u00e4dt und ihnen m\u00f6glichst aktuelle und altersgerechte B\u00fccher [&hellip;]<\/p>\n","protected":false},"author":1,"featured_media":0,"parent":58,"menu_order":12,"comment_status":"closed","ping_status":"closed","template":"","meta":{"_et_pb_use_builder":"on","_et_pb_old_content":"<!-- wp:divi\/placeholder \/-->","_et_gb_content_width":"","inline_featured_image":false,"footnotes":"","_links_to":"","_links_to_target":""},"class_list":["post-1112","page","type-page","status-publish","hentry"],"yoast_head":"<!-- This site is optimized with the Yoast SEO plugin v27.2 - https:\/\/yoast.com\/product\/yoast-seo-wordpress\/ -->\n<title>B\u00fccherei - Gillbachschule<\/title>\n<meta name=\"robots\" content=\"index, follow, max-snippet:-1, max-image-preview:large, max-video-preview:-1\" \/>\n<link rel=\"canonical\" href=\"https:\/\/schulen-rommerskirchen.de\/gillbachschule\/schulleben\/buecherei\/\" \/>\n<meta property=\"og:locale\" content=\"de_DE\" \/>\n<meta property=\"og:type\" content=\"article\" \/>\n<meta property=\"og:title\" content=\"B\u00fccherei - Gillbachschule\" \/>\n<meta property=\"og:description\" content=\"Unsere Schulb\u00fccherei\u201eEine Schule ohne B\u00fccher ist wie ein Garten ohne Blumen\u201cDie Sch\u00fclerb\u00fccherei wurde vor einigen Jahren auf Bestreben der Elternschaft und des Lehrerkollegiums eingerichtet und ist eines der Herzst\u00fccke der Schule. Sie soll in der Schule einen Ort schaffen, der die Sch\u00fclerinnen und Sch\u00fcler zum genussvollen Lesen einl\u00e4dt und ihnen m\u00f6glichst aktuelle und altersgerechte B\u00fccher [&hellip;]\" \/>\n<meta property=\"og:url\" content=\"https:\/\/schulen-rommerskirchen.de\/gillbachschule\/schulleben\/buecherei\/\" \/>\n<meta property=\"og:site_name\" content=\"Gillbachschule\" \/>\n<meta property=\"article:modified_time\" content=\"2023-07-05T14:40:12+00:00\" \/>\n<script type=\"application\/ld+json\" class=\"yoast-schema-graph\">{\"@context\":\"https:\/\/schema.org\",\"@graph\":[{\"@type\":\"WebPage\",\"@id\":\"https:\/\/schulen-rommerskirchen.de\/gillbachschule\/schulleben\/buecherei\/\",\"url\":\"https:\/\/schulen-rommerskirchen.de\/gillbachschule\/schulleben\/buecherei\/\",\"name\":\"B\u00fccherei - Gillbachschule\",\"isPartOf\":{\"@id\":\"https:\/\/schulen-rommerskirchen.de\/gillbachschule\/#website\"},\"datePublished\":\"2023-05-04T08:59:52+00:00\",\"dateModified\":\"2023-07-05T14:40:12+00:00\",\"breadcrumb\":{\"@id\":\"https:\/\/schulen-rommerskirchen.de\/gillbachschule\/schulleben\/buecherei\/#breadcrumb\"},\"inLanguage\":\"de\",\"potentialAction\":[{\"@type\":\"ReadAction\",\"target\":[\"https:\/\/schulen-rommerskirchen.de\/gillbachschule\/schulleben\/buecherei\/\"]}]},{\"@type\":\"BreadcrumbList\",\"@id\":\"https:\/\/schulen-rommerskirchen.de\/gillbachschule\/schulleben\/buecherei\/#breadcrumb\",\"itemListElement\":[{\"@type\":\"ListItem\",\"position\":1,\"name\":\"Startseite\",\"item\":\"https:\/\/schulen-rommerskirchen.de\/gillbachschule\/\"},{\"@type\":\"ListItem\",\"position\":2,\"name\":\"Schulleben\",\"item\":\"https:\/\/schulen-rommerskirchen.de\/gillbachschule\/schulleben\/\"},{\"@type\":\"ListItem\",\"position\":3,\"name\":\"B\u00fccherei\"}]},{\"@type\":\"WebSite\",\"@id\":\"https:\/\/schulen-rommerskirchen.de\/gillbachschule\/#website\",\"url\":\"https:\/\/schulen-rommerskirchen.de\/gillbachschule\/\",\"name\":\"Gillbachschule\",\"description\":\"Schule in Rommerskirchen\",\"publisher\":{\"@id\":\"https:\/\/schulen-rommerskirchen.de\/gillbachschule\/#organization\"},\"potentialAction\":[{\"@type\":\"SearchAction\",\"target\":{\"@type\":\"EntryPoint\",\"urlTemplate\":\"https:\/\/schulen-rommerskirchen.de\/gillbachschule\/?s={search_term_string}\"},\"query-input\":{\"@type\":\"PropertyValueSpecification\",\"valueRequired\":true,\"valueName\":\"search_term_string\"}}],\"inLanguage\":\"de\"},{\"@type\":\"Organization\",\"@id\":\"https:\/\/schulen-rommerskirchen.de\/gillbachschule\/#organization\",\"name\":\"Gillbachschule\",\"url\":\"https:\/\/schulen-rommerskirchen.de\/gillbachschule\/\",\"logo\":{\"@type\":\"ImageObject\",\"inLanguage\":\"de\",\"@id\":\"https:\/\/schulen-rommerskirchen.de\/gillbachschule\/#\/schema\/logo\/image\/\",\"url\":\"https:\/\/schulen-rommerskirchen.de\/gillbachschule\/wp-content\/uploads\/sites\/2\/2021\/08\/logo_gillbachschule.png\",\"contentUrl\":\"https:\/\/schulen-rommerskirchen.de\/gillbachschule\/wp-content\/uploads\/sites\/2\/2021\/08\/logo_gillbachschule.png\",\"width\":300,\"height\":293,\"caption\":\"Gillbachschule\"},\"image\":{\"@id\":\"https:\/\/schulen-rommerskirchen.de\/gillbachschule\/#\/schema\/logo\/image\/\"}}]}<\/script>\n<!-- \/ Yoast SEO plugin. -->","yoast_head_json":{"title":"B\u00fccherei - Gillbachschule","robots":{"index":"index","follow":"follow","max-snippet":"max-snippet:-1","max-image-preview":"max-image-preview:large","max-video-preview":"max-video-preview:-1"},"canonical":"https:\/\/schulen-rommerskirchen.de\/gillbachschule\/schulleben\/buecherei\/","og_locale":"de_DE","og_type":"article","og_title":"B\u00fccherei - Gillbachschule","og_description":"Unsere Schulb\u00fccherei\u201eEine Schule ohne B\u00fccher ist wie ein Garten ohne Blumen\u201cDie Sch\u00fclerb\u00fccherei wurde vor einigen Jahren auf Bestreben der Elternschaft und des Lehrerkollegiums eingerichtet und ist eines der Herzst\u00fccke der Schule. Sie soll in der Schule einen Ort schaffen, der die Sch\u00fclerinnen und Sch\u00fcler zum genussvollen Lesen einl\u00e4dt und ihnen m\u00f6glichst aktuelle und altersgerechte B\u00fccher [&hellip;]","og_url":"https:\/\/schulen-rommerskirchen.de\/gillbachschule\/schulleben\/buecherei\/","og_site_name":"Gillbachschule","article_modified_time":"2023-07-05T14:40:12+00:00","schema":{"@context":"https:\/\/schema.org","@graph":[{"@type":"WebPage","@id":"https:\/\/schulen-rommerskirchen.de\/gillbachschule\/schulleben\/buecherei\/","url":"https:\/\/schulen-rommerskirchen.de\/gillbachschule\/schulleben\/buecherei\/","name":"B\u00fccherei - Gillbachschule","isPartOf":{"@id":"https:\/\/schulen-rommerskirchen.de\/gillbachschule\/#website"},"datePublished":"2023-05-04T08:59:52+00:00","dateModified":"2023-07-05T14:40:12+00:00","breadcrumb":{"@id":"https:\/\/schulen-rommerskirchen.de\/gillbachschule\/schulleben\/buecherei\/#breadcrumb"},"inLanguage":"de","potentialAction":[{"@type":"ReadAction","target":["https:\/\/schulen-rommerskirchen.de\/gillbachschule\/schulleben\/buecherei\/"]}]},{"@type":"BreadcrumbList","@id":"https:\/\/schulen-rommerskirchen.de\/gillbachschule\/schulleben\/buecherei\/#breadcrumb","itemListElement":[{"@type":"ListItem","position":1,"name":"Startseite","item":"https:\/\/schulen-rommerskirchen.de\/gillbachschule\/"},{"@type":"ListItem","position":2,"name":"Schulleben","item":"https:\/\/schulen-rommerskirchen.de\/gillbachschule\/schulleben\/"},{"@type":"ListItem","position":3,"name":"B\u00fccherei"}]},{"@type":"WebSite","@id":"https:\/\/schulen-rommerskirchen.de\/gillbachschule\/#website","url":"https:\/\/schulen-rommerskirchen.de\/gillbachschule\/","name":"Gillbachschule","description":"Schule in Rommerskirchen","publisher":{"@id":"https:\/\/schulen-rommerskirchen.de\/gillbachschule\/#organization"},"potentialAction":[{"@type":"SearchAction","target":{"@type":"EntryPoint","urlTemplate":"https:\/\/schulen-rommerskirchen.de\/gillbachschule\/?s={search_term_string}"},"query-input":{"@type":"PropertyValueSpecification","valueRequired":true,"valueName":"search_term_string"}}],"inLanguage":"de"},{"@type":"Organization","@id":"https:\/\/schulen-rommerskirchen.de\/gillbachschule\/#organization","name":"Gillbachschule","url":"https:\/\/schulen-rommerskirchen.de\/gillbachschule\/","logo":{"@type":"ImageObject","inLanguage":"de","@id":"https:\/\/schulen-rommerskirchen.de\/gillbachschule\/#\/schema\/logo\/image\/","url":"https:\/\/schulen-rommerskirchen.de\/gillbachschule\/wp-content\/uploads\/sites\/2\/2021\/08\/logo_gillbachschule.png","contentUrl":"https:\/\/schulen-rommerskirchen.de\/gillbachschule\/wp-content\/uploads\/sites\/2\/2021\/08\/logo_gillbachschule.png","width":300,"height":293,"caption":"Gillbachschule"},"image":{"@id":"https:\/\/schulen-rommerskirchen.de\/gillbachschule\/#\/schema\/logo\/image\/"}}]}},"publishpress_future_action":{"enabled":false,"date":"2026-04-26 10:32:29","action":"change-status","newStatus":"draft","terms":[],"taxonomy":"","extraData":[]},"publishpress_future_workflow_manual_trigger":{"enabledWorkflows":[]},"_links":{"self":[{"href":"https:\/\/schulen-rommerskirchen.de\/gillbachschule\/wp-json\/wp\/v2\/pages\/1112","targetHints":{"allow":["GET"]}}],"collection":[{"href":"https:\/\/schulen-rommerskirchen.de\/gillbachschule\/wp-json\/wp\/v2\/pages"}],"about":[{"href":"https:\/\/schulen-rommerskirchen.de\/gillbachschule\/wp-json\/wp\/v2\/types\/page"}],"author":[{"embeddable":true,"href":"https:\/\/schulen-rommerskirchen.de\/gillbachschule\/wp-json\/wp\/v2\/users\/1"}],"replies":[{"embeddable":true,"href":"https:\/\/schulen-rommerskirchen.de\/gillbachschule\/wp-json\/wp\/v2\/comments?post=1112"}],"version-history":[{"count":3,"href":"https:\/\/schulen-rommerskirchen.de\/gillbachschule\/wp-json\/wp\/v2\/pages\/1112\/revisions"}],"predecessor-version":[{"id":1120,"href":"https:\/\/schulen-rommerskirchen.de\/gillbachschule\/wp-json\/wp\/v2\/pages\/1112\/revisions\/1120"}],"up":[{"embeddable":true,"href":"https:\/\/schulen-rommerskirchen.de\/gillbachschule\/wp-json\/wp\/v2\/pages\/58"}],"wp:attachment":[{"href":"https:\/\/schulen-rommerskirchen.de\/gillbachschule\/wp-json\/wp\/v2\/media?parent=1112"}],"curies":[{"name":"wp","href":"https:\/\/api.w.org\/{rel}","templated":true}]}}