{"id":1108,"date":"2023-05-04T10:56:17","date_gmt":"2023-05-04T08:56:17","guid":{"rendered":"https:\/\/schulen-rommerskirchen.de\/gillbachschule\/?page_id=1108"},"modified":"2023-08-21T10:45:52","modified_gmt":"2023-08-21T08:45:52","slug":"spielebus","status":"publish","type":"page","link":"https:\/\/schulen-rommerskirchen.de\/gillbachschule\/schulleben\/spielebus\/","title":{"rendered":"Spielebus"},"content":{"rendered":"<p>[et_pb_section fb_built=&#8220;1&#8243; admin_label=&#8220;Admissions&#8220; _builder_version=&#8220;4.20.1&#8243; use_background_color_gradient=&#8220;on&#8220; background_color_gradient_stops=&#8220;#ecf2ff 0%|#ffffff 100%&#8220; background_color_gradient_start=&#8220;#ffffff&#8220; background_color_gradient_start_position=&#8220;10%&#8220; background_color_gradient_end=&#8220;#ecf2ff&#8220; background_image=&#8220;https:\/\/schulen-rommerskirchen.de\/gillbachschule\/wp-content\/uploads\/sites\/2\/2021\/08\/shapes-bg-1.png&#8220; parallax=&#8220;on&#8220; custom_padding=&#8220;0px||2vw||false|false&#8220; global_colors_info=&#8220;{}&#8220;][et_pb_row admin_label=&#8220;ganze bunte Welle &#8211; NICHT L\u00d6SCHEN&#8220; hide_aria_element=&#8220;on&#8220; _builder_version=&#8220;4.20.1&#8243; _module_preset=&#8220;default&#8220; width=&#8220;100%&#8220; max_width=&#8220;100%&#8220; custom_margin=&#8220;0px||||false|false&#8220; custom_padding=&#8220;0px||||false|false&#8220; global_module=&#8220;555&#8243; saved_tabs=&#8220;all&#8220; global_colors_info=&#8220;{}&#8220;][et_pb_column type=&#8220;4_4&#8243; _builder_version=&#8220;4.20.1&#8243; _module_preset=&#8220;default&#8220; global_colors_info=&#8220;{}&#8220;][et_pb_image src=&#8220;https:\/\/schulen-rommerskirchen.de\/gillbachschule\/wp-content\/uploads\/sites\/2\/2023\/03\/wel-3f-header-voll.png&#8220; alt=&#8220;Welle&#8220; title_text=&#8220;Welle&#8220; force_fullwidth=&#8220;on&#8220; admin_label=&#8220;bunte Welle voll&#8220; hide_aria_element=&#8220;on&#8220; _builder_version=&#8220;4.20.1&#8243; _module_preset=&#8220;default&#8220; custom_margin=&#8220;0px||||false|false&#8220; custom_padding=&#8220;0px||||false|false&#8220; global_colors_info=&#8220;{}&#8220;][\/et_pb_image][\/et_pb_column][\/et_pb_row][et_pb_row custom_padding_last_edited=&#8220;off|desktop&#8220; _builder_version=&#8220;4.19.5&#8243; _module_preset=&#8220;default&#8220; global_colors_info=&#8220;{}&#8220;][et_pb_column type=&#8220;4_4&#8243; _builder_version=&#8220;4.19.5&#8243; _module_preset=&#8220;default&#8220; global_colors_info=&#8220;{}&#8220;][et_pb_text _builder_version=&#8220;4.21.0&#8243; _module_preset=&#8220;default&#8220; text_font_size=&#8220;18px&#8220; header_text_align=&#8220;center&#8220; text_orientation=&#8220;center&#8220; global_colors_info=&#8220;{}&#8220;]<\/p>\n<h1>Der Spielbus<\/h1>\n<p>[\/et_pb_text][et_pb_image src=&#8220;https:\/\/schulen-rommerskirchen.de\/gillbachschule\/wp-content\/uploads\/sites\/2\/2023\/05\/csm_Spielebus_e761696e8b.jpg&#8220; alt=&#8220;Der bunt bemalte Spielbus der Gillbachschule&#8220; title_text=&#8220;Der bunt bemalte Spielbus der Gillbachschule&#8220; show_in_lightbox=&#8220;on&#8220; align=&#8220;center&#8220; _builder_version=&#8220;4.21.0&#8243; _module_preset=&#8220;default&#8220; box_shadow_style=&#8220;preset3&#8243; global_colors_info=&#8220;{}&#8220;][\/et_pb_image][\/et_pb_column][\/et_pb_row][et_pb_row _builder_version=&#8220;4.20.1&#8243; _module_preset=&#8220;default&#8220; global_colors_info=&#8220;{}&#8220;][et_pb_column type=&#8220;4_4&#8243; _builder_version=&#8220;4.20.1&#8243; _module_preset=&#8220;default&#8220; global_colors_info=&#8220;{}&#8220;][et_pb_text _builder_version=&#8220;4.22.0&#8243; _module_preset=&#8220;default&#8220; text_font=&#8220;||||||||&#8220; text_orientation=&#8220;center&#8220; hover_enabled=&#8220;0&#8243; global_colors_info=&#8220;{}&#8220; sticky_enabled=&#8220;0&#8243;]<\/p>\n<p>Der Spielebus rollt auf unseren Schulhof!<\/p>\n<p>Jeden <strong>Mittwoch von 14:00 &#8211; 17:00 Uhr<\/strong> h\u00e4lt der Spielebus des Kreisjugendamtes vielf\u00e4ltige Bastel- und Spielaktionen auf dem Schulfhof der Gillbachschule bereit.<br \/>Von <strong>14:00 &#8211; 16:00 Uhr <\/strong>steht das Angebot ausschlie\u00dflich f\u00fcr die OGS Kinder zur Verf\u00fcgung, <br \/>ab 16:00 Uhr d\u00fcrfen auch Kinder, die nicht die OGS besuchen, an den Spielangeboten teilnehmen.<\/p>\n<p>Die Teilnahme ist <strong>kostenlos<\/strong>.<\/p>\n<p>[\/et_pb_text][\/et_pb_column][\/et_pb_row][\/et_pb_section]<\/p>\n","protected":false},"excerpt":{"rendered":"<p>Der SpielbusDer Spielebus rollt auf unseren Schulhof! Jeden Mittwoch von 14:00 &#8211; 17:00 Uhr h\u00e4lt der Spielebus des Kreisjugendamtes vielf\u00e4ltige Bastel- und Spielaktionen auf dem Schulfhof der Gillbachschule bereit.Von 14:00 &#8211; 16:00 Uhr steht das Angebot ausschlie\u00dflich f\u00fcr die OGS Kinder zur Verf\u00fcgung, ab 16:00 Uhr d\u00fcrfen auch Kinder, die nicht die OGS besuchen, an [&hellip;]<\/p>\n","protected":false},"author":1,"featured_media":0,"parent":58,"menu_order":2,"comment_status":"closed","ping_status":"closed","template":"","meta":{"_et_pb_use_builder":"on","_et_pb_old_content":"<!-- wp:divi\/placeholder \/-->","_et_gb_content_width":"","inline_featured_image":false,"footnotes":"","_links_to":"","_links_to_target":""},"class_list":["post-1108","page","type-page","status-publish","hentry"],"yoast_head":"<!-- This site is optimized with the Yoast SEO plugin v27.2 - https:\/\/yoast.com\/product\/yoast-seo-wordpress\/ -->\n<title>Spielebus - Gillbachschule<\/title>\n<meta name=\"robots\" content=\"index, follow, max-snippet:-1, max-image-preview:large, max-video-preview:-1\" \/>\n<link rel=\"canonical\" href=\"https:\/\/schulen-rommerskirchen.de\/gillbachschule\/schulleben\/spielebus\/\" \/>\n<meta property=\"og:locale\" content=\"de_DE\" \/>\n<meta property=\"og:type\" content=\"article\" \/>\n<meta property=\"og:title\" content=\"Spielebus - Gillbachschule\" \/>\n<meta property=\"og:description\" content=\"Der SpielbusDer Spielebus rollt auf unseren Schulhof! Jeden Mittwoch von 14:00 - 17:00 Uhr h\u00e4lt der Spielebus des Kreisjugendamtes vielf\u00e4ltige Bastel- und Spielaktionen auf dem Schulfhof der Gillbachschule bereit.Von 14:00 - 16:00 Uhr steht das Angebot ausschlie\u00dflich f\u00fcr die OGS Kinder zur Verf\u00fcgung, ab 16:00 Uhr d\u00fcrfen auch Kinder, die nicht die OGS besuchen, an [&hellip;]\" \/>\n<meta property=\"og:url\" content=\"https:\/\/schulen-rommerskirchen.de\/gillbachschule\/schulleben\/spielebus\/\" \/>\n<meta property=\"og:site_name\" content=\"Gillbachschule\" \/>\n<meta property=\"article:modified_time\" content=\"2023-08-21T08:45:52+00:00\" \/>\n<script type=\"application\/ld+json\" class=\"yoast-schema-graph\">{\"@context\":\"https:\/\/schema.org\",\"@graph\":[{\"@type\":\"WebPage\",\"@id\":\"https:\/\/schulen-rommerskirchen.de\/gillbachschule\/schulleben\/spielebus\/\",\"url\":\"https:\/\/schulen-rommerskirchen.de\/gillbachschule\/schulleben\/spielebus\/\",\"name\":\"Spielebus - Gillbachschule\",\"isPartOf\":{\"@id\":\"https:\/\/schulen-rommerskirchen.de\/gillbachschule\/#website\"},\"datePublished\":\"2023-05-04T08:56:17+00:00\",\"dateModified\":\"2023-08-21T08:45:52+00:00\",\"breadcrumb\":{\"@id\":\"https:\/\/schulen-rommerskirchen.de\/gillbachschule\/schulleben\/spielebus\/#breadcrumb\"},\"inLanguage\":\"de\",\"potentialAction\":[{\"@type\":\"ReadAction\",\"target\":[\"https:\/\/schulen-rommerskirchen.de\/gillbachschule\/schulleben\/spielebus\/\"]}]},{\"@type\":\"BreadcrumbList\",\"@id\":\"https:\/\/schulen-rommerskirchen.de\/gillbachschule\/schulleben\/spielebus\/#breadcrumb\",\"itemListElement\":[{\"@type\":\"ListItem\",\"position\":1,\"name\":\"Startseite\",\"item\":\"https:\/\/schulen-rommerskirchen.de\/gillbachschule\/\"},{\"@type\":\"ListItem\",\"position\":2,\"name\":\"Schulleben\",\"item\":\"https:\/\/schulen-rommerskirchen.de\/gillbachschule\/schulleben\/\"},{\"@type\":\"ListItem\",\"position\":3,\"name\":\"Spielebus\"}]},{\"@type\":\"WebSite\",\"@id\":\"https:\/\/schulen-rommerskirchen.de\/gillbachschule\/#website\",\"url\":\"https:\/\/schulen-rommerskirchen.de\/gillbachschule\/\",\"name\":\"Gillbachschule\",\"description\":\"Schule in Rommerskirchen\",\"publisher\":{\"@id\":\"https:\/\/schulen-rommerskirchen.de\/gillbachschule\/#organization\"},\"potentialAction\":[{\"@type\":\"SearchAction\",\"target\":{\"@type\":\"EntryPoint\",\"urlTemplate\":\"https:\/\/schulen-rommerskirchen.de\/gillbachschule\/?s={search_term_string}\"},\"query-input\":{\"@type\":\"PropertyValueSpecification\",\"valueRequired\":true,\"valueName\":\"search_term_string\"}}],\"inLanguage\":\"de\"},{\"@type\":\"Organization\",\"@id\":\"https:\/\/schulen-rommerskirchen.de\/gillbachschule\/#organization\",\"name\":\"Gillbachschule\",\"url\":\"https:\/\/schulen-rommerskirchen.de\/gillbachschule\/\",\"logo\":{\"@type\":\"ImageObject\",\"inLanguage\":\"de\",\"@id\":\"https:\/\/schulen-rommerskirchen.de\/gillbachschule\/#\/schema\/logo\/image\/\",\"url\":\"https:\/\/schulen-rommerskirchen.de\/gillbachschule\/wp-content\/uploads\/sites\/2\/2021\/08\/logo_gillbachschule.png\",\"contentUrl\":\"https:\/\/schulen-rommerskirchen.de\/gillbachschule\/wp-content\/uploads\/sites\/2\/2021\/08\/logo_gillbachschule.png\",\"width\":300,\"height\":293,\"caption\":\"Gillbachschule\"},\"image\":{\"@id\":\"https:\/\/schulen-rommerskirchen.de\/gillbachschule\/#\/schema\/logo\/image\/\"}}]}<\/script>\n<!-- \/ Yoast SEO plugin. -->","yoast_head_json":{"title":"Spielebus - Gillbachschule","robots":{"index":"index","follow":"follow","max-snippet":"max-snippet:-1","max-image-preview":"max-image-preview:large","max-video-preview":"max-video-preview:-1"},"canonical":"https:\/\/schulen-rommerskirchen.de\/gillbachschule\/schulleben\/spielebus\/","og_locale":"de_DE","og_type":"article","og_title":"Spielebus - Gillbachschule","og_description":"Der SpielbusDer Spielebus rollt auf unseren Schulhof! Jeden Mittwoch von 14:00 - 17:00 Uhr h\u00e4lt der Spielebus des Kreisjugendamtes vielf\u00e4ltige Bastel- und Spielaktionen auf dem Schulfhof der Gillbachschule bereit.Von 14:00 - 16:00 Uhr steht das Angebot ausschlie\u00dflich f\u00fcr die OGS Kinder zur Verf\u00fcgung, ab 16:00 Uhr d\u00fcrfen auch Kinder, die nicht die OGS besuchen, an [&hellip;]","og_url":"https:\/\/schulen-rommerskirchen.de\/gillbachschule\/schulleben\/spielebus\/","og_site_name":"Gillbachschule","article_modified_time":"2023-08-21T08:45:52+00:00","schema":{"@context":"https:\/\/schema.org","@graph":[{"@type":"WebPage","@id":"https:\/\/schulen-rommerskirchen.de\/gillbachschule\/schulleben\/spielebus\/","url":"https:\/\/schulen-rommerskirchen.de\/gillbachschule\/schulleben\/spielebus\/","name":"Spielebus - Gillbachschule","isPartOf":{"@id":"https:\/\/schulen-rommerskirchen.de\/gillbachschule\/#website"},"datePublished":"2023-05-04T08:56:17+00:00","dateModified":"2023-08-21T08:45:52+00:00","breadcrumb":{"@id":"https:\/\/schulen-rommerskirchen.de\/gillbachschule\/schulleben\/spielebus\/#breadcrumb"},"inLanguage":"de","potentialAction":[{"@type":"ReadAction","target":["https:\/\/schulen-rommerskirchen.de\/gillbachschule\/schulleben\/spielebus\/"]}]},{"@type":"BreadcrumbList","@id":"https:\/\/schulen-rommerskirchen.de\/gillbachschule\/schulleben\/spielebus\/#breadcrumb","itemListElement":[{"@type":"ListItem","position":1,"name":"Startseite","item":"https:\/\/schulen-rommerskirchen.de\/gillbachschule\/"},{"@type":"ListItem","position":2,"name":"Schulleben","item":"https:\/\/schulen-rommerskirchen.de\/gillbachschule\/schulleben\/"},{"@type":"ListItem","position":3,"name":"Spielebus"}]},{"@type":"WebSite","@id":"https:\/\/schulen-rommerskirchen.de\/gillbachschule\/#website","url":"https:\/\/schulen-rommerskirchen.de\/gillbachschule\/","name":"Gillbachschule","description":"Schule in Rommerskirchen","publisher":{"@id":"https:\/\/schulen-rommerskirchen.de\/gillbachschule\/#organization"},"potentialAction":[{"@type":"SearchAction","target":{"@type":"EntryPoint","urlTemplate":"https:\/\/schulen-rommerskirchen.de\/gillbachschule\/?s={search_term_string}"},"query-input":{"@type":"PropertyValueSpecification","valueRequired":true,"valueName":"search_term_string"}}],"inLanguage":"de"},{"@type":"Organization","@id":"https:\/\/schulen-rommerskirchen.de\/gillbachschule\/#organization","name":"Gillbachschule","url":"https:\/\/schulen-rommerskirchen.de\/gillbachschule\/","logo":{"@type":"ImageObject","inLanguage":"de","@id":"https:\/\/schulen-rommerskirchen.de\/gillbachschule\/#\/schema\/logo\/image\/","url":"https:\/\/schulen-rommerskirchen.de\/gillbachschule\/wp-content\/uploads\/sites\/2\/2021\/08\/logo_gillbachschule.png","contentUrl":"https:\/\/schulen-rommerskirchen.de\/gillbachschule\/wp-content\/uploads\/sites\/2\/2021\/08\/logo_gillbachschule.png","width":300,"height":293,"caption":"Gillbachschule"},"image":{"@id":"https:\/\/schulen-rommerskirchen.de\/gillbachschule\/#\/schema\/logo\/image\/"}}]}},"publishpress_future_action":{"enabled":false,"date":"2026-05-06 14:02:26","action":"change-status","newStatus":"draft","terms":[],"taxonomy":"","extraData":[]},"publishpress_future_workflow_manual_trigger":{"enabledWorkflows":[]},"_links":{"self":[{"href":"https:\/\/schulen-rommerskirchen.de\/gillbachschule\/wp-json\/wp\/v2\/pages\/1108","targetHints":{"allow":["GET"]}}],"collection":[{"href":"https:\/\/schulen-rommerskirchen.de\/gillbachschule\/wp-json\/wp\/v2\/pages"}],"about":[{"href":"https:\/\/schulen-rommerskirchen.de\/gillbachschule\/wp-json\/wp\/v2\/types\/page"}],"author":[{"embeddable":true,"href":"https:\/\/schulen-rommerskirchen.de\/gillbachschule\/wp-json\/wp\/v2\/users\/1"}],"replies":[{"embeddable":true,"href":"https:\/\/schulen-rommerskirchen.de\/gillbachschule\/wp-json\/wp\/v2\/comments?post=1108"}],"version-history":[{"count":6,"href":"https:\/\/schulen-rommerskirchen.de\/gillbachschule\/wp-json\/wp\/v2\/pages\/1108\/revisions"}],"predecessor-version":[{"id":1340,"href":"https:\/\/schulen-rommerskirchen.de\/gillbachschule\/wp-json\/wp\/v2\/pages\/1108\/revisions\/1340"}],"up":[{"embeddable":true,"href":"https:\/\/schulen-rommerskirchen.de\/gillbachschule\/wp-json\/wp\/v2\/pages\/58"}],"wp:attachment":[{"href":"https:\/\/schulen-rommerskirchen.de\/gillbachschule\/wp-json\/wp\/v2\/media?parent=1108"}],"curies":[{"name":"wp","href":"https:\/\/api.w.org\/{rel}","templated":true}]}}