{"id":1096,"date":"2023-05-04T10:48:21","date_gmt":"2023-05-04T08:48:21","guid":{"rendered":"https:\/\/schulen-rommerskirchen.de\/gillbachschule\/?page_id=1096"},"modified":"2024-04-23T12:18:11","modified_gmt":"2024-04-23T10:18:11","slug":"medienausstattung","status":"publish","type":"page","link":"https:\/\/schulen-rommerskirchen.de\/gillbachschule\/schulleben\/medienausstattung\/","title":{"rendered":"Medienausstattung"},"content":{"rendered":"<p>[et_pb_section fb_built=&#8220;1&#8243; _builder_version=&#8220;4.20.1&#8243; _module_preset=&#8220;default&#8220; background_enable_color=&#8220;off&#8220; background_image=&#8220;https:\/\/schulen-rommerskirchen.de\/gillbachschule\/wp-content\/uploads\/sites\/2\/2021\/08\/shapes-bg-1.png&#8220; custom_margin=&#8220;||||false|false&#8220; custom_padding=&#8220;1em||||false|false&#8220; global_colors_info=&#8220;{}&#8220;][et_pb_row admin_label=&#8220;ganze bunte Welle &#8211; NICHT L\u00d6SCHEN&#8220; hide_aria_element=&#8220;on&#8220; _builder_version=&#8220;4.21.0&#8243; _module_preset=&#8220;default&#8220; background_color=&#8220;RGBA(255,255,255,0)&#8220; width=&#8220;100%&#8220; max_width=&#8220;100%&#8220; custom_margin=&#8220;0px||||false|false&#8220; custom_padding=&#8220;1em||||false|false&#8220; global_module=&#8220;795&#8243; saved_tabs=&#8220;all&#8220; global_colors_info=&#8220;{}&#8220;][et_pb_column type=&#8220;4_4&#8243; _builder_version=&#8220;4.20.1&#8243; _module_preset=&#8220;default&#8220; global_colors_info=&#8220;{}&#8220;][et_pb_image src=&#8220;https:\/\/schulen-rommerskirchen.de\/gillbachschule\/wp-content\/uploads\/sites\/2\/2023\/03\/wel-3f-header-voll.png&#8220; alt=&#8220;Welle&#8220; title_text=&#8220;Welle&#8220; force_fullwidth=&#8220;on&#8220; admin_label=&#8220;bunte Welle voll&#8220; hide_aria_element=&#8220;on&#8220; _builder_version=&#8220;4.20.1&#8243; _module_preset=&#8220;default&#8220; custom_margin=&#8220;0px||||false|false&#8220; custom_padding=&#8220;0px||||false|false&#8220; global_colors_info=&#8220;{}&#8220;][\/et_pb_image][\/et_pb_column][\/et_pb_row][et_pb_row custom_padding_last_edited=&#8220;off|desktop&#8220; _builder_version=&#8220;4.19.5&#8243; _module_preset=&#8220;default&#8220; custom_padding_tablet=&#8220;30px||0px||false|false&#8220; global_colors_info=&#8220;{}&#8220;][et_pb_column type=&#8220;4_4&#8243; _builder_version=&#8220;4.16&#8243; _module_preset=&#8220;default&#8220; global_colors_info=&#8220;{}&#8220;][et_pb_text admin_label=&#8220;\u00dcberschrift&#8220; _builder_version=&#8220;4.21.0&#8243; _module_preset=&#8220;default&#8220; text_orientation=&#8220;center&#8220; global_colors_info=&#8220;{}&#8220;]<\/p>\n<h1>Medienausstattung<\/h1>\n<p>[\/et_pb_text][\/et_pb_column][\/et_pb_row][et_pb_row column_structure=&#8220;1_2,1_2&#8243; _builder_version=&#8220;4.21.0&#8243; _module_preset=&#8220;default&#8220; global_colors_info=&#8220;{}&#8220;][et_pb_column type=&#8220;1_2&#8243; _builder_version=&#8220;4.21.0&#8243; _module_preset=&#8220;default&#8220; global_colors_info=&#8220;{}&#8220;][et_pb_text _builder_version=&#8220;4.22.0&#8243; _module_preset=&#8220;default&#8220; global_colors_info=&#8220;{}&#8220;]<\/p>\n<p>Die Gillbachschule zeichnet sich besonders durch ihre mediale Ausstattung aus.<\/p>\n<p>Die Klassenr\u00e4ume und auch der Musikraum sind mit Touchboards ausgestattet. Weiterhin verf\u00fcgt die Gillbachschule \u00fcber zwei mobile Touchboards. Alle\u00a0 Touchboards verf\u00fcgen \u00fcber ein Schreibprogramm, welches mit verschiedenen Lineaturen und vielen anderen M\u00f6glichkeiten f\u00fcr ansprechende Tafelbilder ausgestattet sind. Die Kinder und auch die Lehrkr\u00e4fte schreiben direkt auf dem Touchboard und nutzen dieses so im Sinne der herk\u00f6mmlichen Kreidetafel. Doch dar\u00fcber hinaus bieten sich noch zahlreiche andere M\u00f6glichkeiten f\u00fcr den Einsatz im Unterricht. So sind hier verschiedene Lernprogramme installiert und Powerpoints k\u00f6nnen zur Pr\u00e4sentation aufgerufen werden. Es besteht die M\u00f6glichkeit interaktive Lernvideos und kleine Videosequenzen einzuspielen. Auch die Lernergebnisse der Kinder k\u00f6nnen mithilfe eines iPads oder einer Dokumentenkamera direkt auf die gro\u00dfe Tafel \u00fcbertragen und so pr\u00e4sentiert werden.<\/p>\n<p>[\/et_pb_text][\/et_pb_column][et_pb_column type=&#8220;1_2&#8243; _builder_version=&#8220;4.21.0&#8243; _module_preset=&#8220;default&#8220; global_colors_info=&#8220;{}&#8220;][et_pb_gallery gallery_ids=&#8220;1103,1104&#8243; show_title_and_caption=&#8220;off&#8220; show_pagination=&#8220;off&#8220; _builder_version=&#8220;4.21.0&#8243; _module_preset=&#8220;default&#8220; box_shadow_style_image=&#8220;preset3&#8243; global_colors_info=&#8220;{}&#8220;][\/et_pb_gallery][\/et_pb_column][\/et_pb_row][et_pb_row _builder_version=&#8220;4.20.1&#8243; _module_preset=&#8220;default&#8220; global_colors_info=&#8220;{}&#8220;][et_pb_column type=&#8220;4_4&#8243; _builder_version=&#8220;4.20.1&#8243; _module_preset=&#8220;default&#8220; global_colors_info=&#8220;{}&#8220;][et_pb_text _builder_version=&#8220;4.23.1&#8243; _module_preset=&#8220;default&#8220; global_colors_info=&#8220;{}&#8220;]<\/p>\n<p>Zum Medienkonzept der Gillbachschule geh\u00f6rt auch das Arbeiten am iPad im Unterricht. Die Gillbachschule ist ausgestattet mit iPad Wagen sowie einem Laptopwagen. Diese sind zum mobilen Einsatz in den Klassen vorgesehen und werden sowohl in gezielten Medienstunden f\u00fcr die ganze Klasse, als auch zur Differenzierung f\u00fcr einzelne Kinder im Unterricht genutzt. Die Kinder verf\u00fcgen \u00fcber einen personalisierten Zugang und lernen Schritt f\u00fcr Schritt im Laufe der Grundschulzeit den gezielten Umgang damit.<\/p>\n<p>[\/et_pb_text][et_pb_gallery gallery_ids=&#8220;1102,1101,1100,1099&#8243; show_title_and_caption=&#8220;off&#8220; show_pagination=&#8220;off&#8220; _builder_version=&#8220;4.21.0&#8243; _module_preset=&#8220;default&#8220; box_shadow_style_image=&#8220;preset3&#8243; global_colors_info=&#8220;{}&#8220;][\/et_pb_gallery][et_pb_text _builder_version=&#8220;4.22.0&#8243; _module_preset=&#8220;default&#8220; global_colors_info=&#8220;{}&#8220;]<\/p>\n<p>\u00dcber Kindersuch-Websiten wie z.b. &#8222;<a href=\"https:\/\/www.blinde-kuh.de\/\" target=\"_blank\" rel=\"noopener\" title=\"Erfahren Sie mehr \u00fcber www.blinde-kuh.de\">Blinde-Kuh.de<\/a>&#8220; oder &#8222;<a href=\"https:\/\/www.fragfinn.de\/\" target=\"_blank\" rel=\"noopener\" title=\"Erfahren Sie mehr \u00fcber www.fragfinn.de\">FragFinn.de<\/a>&#8220; k\u00f6nnen sie interessengeleitet an eigenen Themen arbeiten und so auch Vortr\u00e4ge und eigene Pr\u00e4sentationen erstellen. Zahlreiche Lernapps auf den iPads bieten die M\u00f6glichkeit individuell und je nach F\u00f6rderbedarf mit den Kindern zu arbeiten.<\/p>\n<p>[\/et_pb_text][\/et_pb_column][\/et_pb_row][\/et_pb_section]<\/p>\n","protected":false},"excerpt":{"rendered":"<p>MedienausstattungDie Gillbachschule zeichnet sich besonders durch ihre mediale Ausstattung aus. Die Klassenr\u00e4ume und auch der Musikraum sind mit Touchboards ausgestattet. Weiterhin verf\u00fcgt die Gillbachschule \u00fcber zwei mobile Touchboards. Alle\u00a0 Touchboards verf\u00fcgen \u00fcber ein Schreibprogramm, welches mit verschiedenen Lineaturen und vielen anderen M\u00f6glichkeiten f\u00fcr ansprechende Tafelbilder ausgestattet sind. Die Kinder und auch die Lehrkr\u00e4fte schreiben direkt [&hellip;]<\/p>\n","protected":false},"author":1,"featured_media":0,"parent":58,"menu_order":10,"comment_status":"closed","ping_status":"closed","template":"","meta":{"_et_pb_use_builder":"on","_et_pb_old_content":"<!-- wp:divi\/placeholder \/-->","_et_gb_content_width":"","inline_featured_image":false,"footnotes":"","_links_to":"","_links_to_target":""},"class_list":["post-1096","page","type-page","status-publish","hentry"],"yoast_head":"<!-- This site is optimized with the Yoast SEO plugin v27.2 - https:\/\/yoast.com\/product\/yoast-seo-wordpress\/ -->\n<title>Medienausstattung - Gillbachschule<\/title>\n<meta name=\"robots\" content=\"index, follow, max-snippet:-1, max-image-preview:large, max-video-preview:-1\" \/>\n<link rel=\"canonical\" href=\"https:\/\/schulen-rommerskirchen.de\/gillbachschule\/schulleben\/medienausstattung\/\" \/>\n<meta property=\"og:locale\" content=\"de_DE\" \/>\n<meta property=\"og:type\" content=\"article\" \/>\n<meta property=\"og:title\" content=\"Medienausstattung - Gillbachschule\" \/>\n<meta property=\"og:description\" content=\"MedienausstattungDie Gillbachschule zeichnet sich besonders durch ihre mediale Ausstattung aus. Die Klassenr\u00e4ume und auch der Musikraum sind mit Touchboards ausgestattet. Weiterhin verf\u00fcgt die Gillbachschule \u00fcber zwei mobile Touchboards. Alle\u00a0 Touchboards verf\u00fcgen \u00fcber ein Schreibprogramm, welches mit verschiedenen Lineaturen und vielen anderen M\u00f6glichkeiten f\u00fcr ansprechende Tafelbilder ausgestattet sind. Die Kinder und auch die Lehrkr\u00e4fte schreiben direkt [&hellip;]\" \/>\n<meta property=\"og:url\" content=\"https:\/\/schulen-rommerskirchen.de\/gillbachschule\/schulleben\/medienausstattung\/\" \/>\n<meta property=\"og:site_name\" content=\"Gillbachschule\" \/>\n<meta property=\"article:modified_time\" content=\"2024-04-23T10:18:11+00:00\" \/>\n<script type=\"application\/ld+json\" class=\"yoast-schema-graph\">{\"@context\":\"https:\/\/schema.org\",\"@graph\":[{\"@type\":\"WebPage\",\"@id\":\"https:\/\/schulen-rommerskirchen.de\/gillbachschule\/schulleben\/medienausstattung\/\",\"url\":\"https:\/\/schulen-rommerskirchen.de\/gillbachschule\/schulleben\/medienausstattung\/\",\"name\":\"Medienausstattung - Gillbachschule\",\"isPartOf\":{\"@id\":\"https:\/\/schulen-rommerskirchen.de\/gillbachschule\/#website\"},\"datePublished\":\"2023-05-04T08:48:21+00:00\",\"dateModified\":\"2024-04-23T10:18:11+00:00\",\"breadcrumb\":{\"@id\":\"https:\/\/schulen-rommerskirchen.de\/gillbachschule\/schulleben\/medienausstattung\/#breadcrumb\"},\"inLanguage\":\"de\",\"potentialAction\":[{\"@type\":\"ReadAction\",\"target\":[\"https:\/\/schulen-rommerskirchen.de\/gillbachschule\/schulleben\/medienausstattung\/\"]}]},{\"@type\":\"BreadcrumbList\",\"@id\":\"https:\/\/schulen-rommerskirchen.de\/gillbachschule\/schulleben\/medienausstattung\/#breadcrumb\",\"itemListElement\":[{\"@type\":\"ListItem\",\"position\":1,\"name\":\"Startseite\",\"item\":\"https:\/\/schulen-rommerskirchen.de\/gillbachschule\/\"},{\"@type\":\"ListItem\",\"position\":2,\"name\":\"Schulleben\",\"item\":\"https:\/\/schulen-rommerskirchen.de\/gillbachschule\/schulleben\/\"},{\"@type\":\"ListItem\",\"position\":3,\"name\":\"Medienausstattung\"}]},{\"@type\":\"WebSite\",\"@id\":\"https:\/\/schulen-rommerskirchen.de\/gillbachschule\/#website\",\"url\":\"https:\/\/schulen-rommerskirchen.de\/gillbachschule\/\",\"name\":\"Gillbachschule\",\"description\":\"Schule in Rommerskirchen\",\"publisher\":{\"@id\":\"https:\/\/schulen-rommerskirchen.de\/gillbachschule\/#organization\"},\"potentialAction\":[{\"@type\":\"SearchAction\",\"target\":{\"@type\":\"EntryPoint\",\"urlTemplate\":\"https:\/\/schulen-rommerskirchen.de\/gillbachschule\/?s={search_term_string}\"},\"query-input\":{\"@type\":\"PropertyValueSpecification\",\"valueRequired\":true,\"valueName\":\"search_term_string\"}}],\"inLanguage\":\"de\"},{\"@type\":\"Organization\",\"@id\":\"https:\/\/schulen-rommerskirchen.de\/gillbachschule\/#organization\",\"name\":\"Gillbachschule\",\"url\":\"https:\/\/schulen-rommerskirchen.de\/gillbachschule\/\",\"logo\":{\"@type\":\"ImageObject\",\"inLanguage\":\"de\",\"@id\":\"https:\/\/schulen-rommerskirchen.de\/gillbachschule\/#\/schema\/logo\/image\/\",\"url\":\"https:\/\/schulen-rommerskirchen.de\/gillbachschule\/wp-content\/uploads\/sites\/2\/2021\/08\/logo_gillbachschule.png\",\"contentUrl\":\"https:\/\/schulen-rommerskirchen.de\/gillbachschule\/wp-content\/uploads\/sites\/2\/2021\/08\/logo_gillbachschule.png\",\"width\":300,\"height\":293,\"caption\":\"Gillbachschule\"},\"image\":{\"@id\":\"https:\/\/schulen-rommerskirchen.de\/gillbachschule\/#\/schema\/logo\/image\/\"}}]}<\/script>\n<!-- \/ Yoast SEO plugin. -->","yoast_head_json":{"title":"Medienausstattung - Gillbachschule","robots":{"index":"index","follow":"follow","max-snippet":"max-snippet:-1","max-image-preview":"max-image-preview:large","max-video-preview":"max-video-preview:-1"},"canonical":"https:\/\/schulen-rommerskirchen.de\/gillbachschule\/schulleben\/medienausstattung\/","og_locale":"de_DE","og_type":"article","og_title":"Medienausstattung - Gillbachschule","og_description":"MedienausstattungDie Gillbachschule zeichnet sich besonders durch ihre mediale Ausstattung aus. Die Klassenr\u00e4ume und auch der Musikraum sind mit Touchboards ausgestattet. Weiterhin verf\u00fcgt die Gillbachschule \u00fcber zwei mobile Touchboards. Alle\u00a0 Touchboards verf\u00fcgen \u00fcber ein Schreibprogramm, welches mit verschiedenen Lineaturen und vielen anderen M\u00f6glichkeiten f\u00fcr ansprechende Tafelbilder ausgestattet sind. Die Kinder und auch die Lehrkr\u00e4fte schreiben direkt [&hellip;]","og_url":"https:\/\/schulen-rommerskirchen.de\/gillbachschule\/schulleben\/medienausstattung\/","og_site_name":"Gillbachschule","article_modified_time":"2024-04-23T10:18:11+00:00","schema":{"@context":"https:\/\/schema.org","@graph":[{"@type":"WebPage","@id":"https:\/\/schulen-rommerskirchen.de\/gillbachschule\/schulleben\/medienausstattung\/","url":"https:\/\/schulen-rommerskirchen.de\/gillbachschule\/schulleben\/medienausstattung\/","name":"Medienausstattung - Gillbachschule","isPartOf":{"@id":"https:\/\/schulen-rommerskirchen.de\/gillbachschule\/#website"},"datePublished":"2023-05-04T08:48:21+00:00","dateModified":"2024-04-23T10:18:11+00:00","breadcrumb":{"@id":"https:\/\/schulen-rommerskirchen.de\/gillbachschule\/schulleben\/medienausstattung\/#breadcrumb"},"inLanguage":"de","potentialAction":[{"@type":"ReadAction","target":["https:\/\/schulen-rommerskirchen.de\/gillbachschule\/schulleben\/medienausstattung\/"]}]},{"@type":"BreadcrumbList","@id":"https:\/\/schulen-rommerskirchen.de\/gillbachschule\/schulleben\/medienausstattung\/#breadcrumb","itemListElement":[{"@type":"ListItem","position":1,"name":"Startseite","item":"https:\/\/schulen-rommerskirchen.de\/gillbachschule\/"},{"@type":"ListItem","position":2,"name":"Schulleben","item":"https:\/\/schulen-rommerskirchen.de\/gillbachschule\/schulleben\/"},{"@type":"ListItem","position":3,"name":"Medienausstattung"}]},{"@type":"WebSite","@id":"https:\/\/schulen-rommerskirchen.de\/gillbachschule\/#website","url":"https:\/\/schulen-rommerskirchen.de\/gillbachschule\/","name":"Gillbachschule","description":"Schule in Rommerskirchen","publisher":{"@id":"https:\/\/schulen-rommerskirchen.de\/gillbachschule\/#organization"},"potentialAction":[{"@type":"SearchAction","target":{"@type":"EntryPoint","urlTemplate":"https:\/\/schulen-rommerskirchen.de\/gillbachschule\/?s={search_term_string}"},"query-input":{"@type":"PropertyValueSpecification","valueRequired":true,"valueName":"search_term_string"}}],"inLanguage":"de"},{"@type":"Organization","@id":"https:\/\/schulen-rommerskirchen.de\/gillbachschule\/#organization","name":"Gillbachschule","url":"https:\/\/schulen-rommerskirchen.de\/gillbachschule\/","logo":{"@type":"ImageObject","inLanguage":"de","@id":"https:\/\/schulen-rommerskirchen.de\/gillbachschule\/#\/schema\/logo\/image\/","url":"https:\/\/schulen-rommerskirchen.de\/gillbachschule\/wp-content\/uploads\/sites\/2\/2021\/08\/logo_gillbachschule.png","contentUrl":"https:\/\/schulen-rommerskirchen.de\/gillbachschule\/wp-content\/uploads\/sites\/2\/2021\/08\/logo_gillbachschule.png","width":300,"height":293,"caption":"Gillbachschule"},"image":{"@id":"https:\/\/schulen-rommerskirchen.de\/gillbachschule\/#\/schema\/logo\/image\/"}}]}},"publishpress_future_action":{"enabled":false,"date":"2026-04-21 17:03:59","action":"change-status","newStatus":"draft","terms":[],"taxonomy":"","extraData":[]},"publishpress_future_workflow_manual_trigger":{"enabledWorkflows":[]},"_links":{"self":[{"href":"https:\/\/schulen-rommerskirchen.de\/gillbachschule\/wp-json\/wp\/v2\/pages\/1096","targetHints":{"allow":["GET"]}}],"collection":[{"href":"https:\/\/schulen-rommerskirchen.de\/gillbachschule\/wp-json\/wp\/v2\/pages"}],"about":[{"href":"https:\/\/schulen-rommerskirchen.de\/gillbachschule\/wp-json\/wp\/v2\/types\/page"}],"author":[{"embeddable":true,"href":"https:\/\/schulen-rommerskirchen.de\/gillbachschule\/wp-json\/wp\/v2\/users\/1"}],"replies":[{"embeddable":true,"href":"https:\/\/schulen-rommerskirchen.de\/gillbachschule\/wp-json\/wp\/v2\/comments?post=1096"}],"version-history":[{"count":8,"href":"https:\/\/schulen-rommerskirchen.de\/gillbachschule\/wp-json\/wp\/v2\/pages\/1096\/revisions"}],"predecessor-version":[{"id":1659,"href":"https:\/\/schulen-rommerskirchen.de\/gillbachschule\/wp-json\/wp\/v2\/pages\/1096\/revisions\/1659"}],"up":[{"embeddable":true,"href":"https:\/\/schulen-rommerskirchen.de\/gillbachschule\/wp-json\/wp\/v2\/pages\/58"}],"wp:attachment":[{"href":"https:\/\/schulen-rommerskirchen.de\/gillbachschule\/wp-json\/wp\/v2\/media?parent=1096"}],"curies":[{"name":"wp","href":"https:\/\/api.w.org\/{rel}","templated":true}]}}