{"id":992,"date":"2023-07-18T11:26:00","date_gmt":"2023-07-18T09:26:00","guid":{"rendered":"https:\/\/schulen-rommerskirchen.de\/ggs-frixheim\/?page_id=992"},"modified":"2024-04-29T10:46:02","modified_gmt":"2024-04-29T08:46:02","slug":"allgemeine-informationen","status":"publish","type":"page","link":"https:\/\/schulen-rommerskirchen.de\/ggs-frixheim\/ogs\/allgemeine-informationen\/","title":{"rendered":"Allgemeine Informationen"},"content":{"rendered":"<p>[et_pb_section fb_built=&#8220;1&#8243; _builder_version=&#8220;4.24.3&#8243; use_background_color_gradient=&#8220;on&#8220; background_color_gradient_stops=&#8220;#ecf2ff 0%|#ffffff 100%&#8220; background_color_gradient_start=&#8220;#ffffff&#8220; background_color_gradient_start_position=&#8220;10%&#8220; background_color_gradient_end=&#8220;#ecf2ff&#8220; background_image=&#8220;https:\/\/schulen-rommerskirchen.de\/ggs-frixheim\/wp-content\/uploads\/sites\/3\/2023\/03\/shapes-bg-1.png&#8220; parallax=&#8220;on&#8220; custom_padding=&#8220;0px||2vw||false|false&#8220; global_colors_info=&#8220;{}&#8220;][et_pb_row admin_label=&#8220;ganze bunte Welle &#8211; NICHT L\u00d6SCHEN&#8220; hide_aria_element=&#8220;on&#8220; _builder_version=&#8220;4.20.4&#8243; _module_preset=&#8220;default&#8220; width=&#8220;100%&#8220; max_width=&#8220;100%&#8220; custom_margin=&#8220;0px||||false|false&#8220; custom_padding=&#8220;1em||||false|false&#8220; global_module=&#8220;283&#8243; saved_tabs=&#8220;all&#8220; global_colors_info=&#8220;{}&#8220;][et_pb_column type=&#8220;4_4&#8243; _builder_version=&#8220;4.20.1&#8243; _module_preset=&#8220;default&#8220; global_colors_info=&#8220;{}&#8220;][et_pb_image src=&#8220;https:\/\/schulen-rommerskirchen.de\/ggs-frixheim\/wp-content\/uploads\/sites\/3\/2023\/03\/wel-3f-header-voll.png&#8220; alt=&#8220;Welle&#8220; title_text=&#8220;Welle&#8220; force_fullwidth=&#8220;on&#8220; admin_label=&#8220;bunte Welle voll&#8220; hide_aria_element=&#8220;on&#8220; _builder_version=&#8220;4.20.1&#8243; _module_preset=&#8220;default&#8220; custom_margin=&#8220;0px||||false|false&#8220; custom_padding=&#8220;0px||||false|false&#8220; global_colors_info=&#8220;{}&#8220;][\/et_pb_image][\/et_pb_column][\/et_pb_row][et_pb_row custom_padding_last_edited=&#8220;off|desktop&#8220; _builder_version=&#8220;4.19.5&#8243; _module_preset=&#8220;default&#8220; global_colors_info=&#8220;{}&#8220;][et_pb_column type=&#8220;4_4&#8243; _builder_version=&#8220;4.19.5&#8243; _module_preset=&#8220;default&#8220; global_colors_info=&#8220;{}&#8220;][et_pb_text admin_label=&#8220;\u00dcberschrift&#8220; _builder_version=&#8220;4.21.0&#8243; _module_preset=&#8220;default&#8220; text_font_size=&#8220;18px&#8220; header_text_align=&#8220;center&#8220; text_orientation=&#8220;center&#8220; global_colors_info=&#8220;{}&#8220;]<\/p>\n<h1>Allgemeine Informationen<\/h1>\n<p>[\/et_pb_text][et_pb_text _builder_version=&#8220;4.22.0&#8243; _module_preset=&#8220;default&#8220; global_colors_info=&#8220;{}&#8220;]<\/p>\n<p style=\"text-align: center\">Seit dem Schuljahr 2003\/2004 hat die Gemeinde Rommerskirchen an allen drei Grundschule das OGS Angebot eingef\u00fchrt.<\/p>\n<p>[\/et_pb_text][\/et_pb_column][\/et_pb_row][et_pb_row _builder_version=&#8220;4.20.4&#8243; _module_preset=&#8220;default&#8220; custom_padding=&#8220;||||false|false&#8220; global_colors_info=&#8220;{}&#8220;][et_pb_column type=&#8220;4_4&#8243; _builder_version=&#8220;4.20.1&#8243; _module_preset=&#8220;default&#8220; global_colors_info=&#8220;{}&#8220;][et_pb_text _builder_version=&#8220;4.22.0&#8243; _module_preset=&#8220;default&#8220; global_colors_info=&#8220;{}&#8220;]<\/p>\n<p>Ziel war es, F\u00f6rderung, Bildung, Erziehung und Betreuung unter einem Dach zu vereinen.<\/p>\n<p>Im Schulprogramm sind f\u00fcr den Unterricht am Vormittag die F\u00f6rderung der Sozialf\u00e4higkeit und die St\u00e4rkung der Selbstst\u00e4ndigkeit besonders betont. Diese Grunds\u00e4tze gelten gelicherma\u00dfen f\u00fcr die nachmitt\u00e4gliche Arbeit.<\/p>\n<p>Auch hier sollen die Kinder sich angenommen und ernst genommen f\u00fchlen und Gelegenheit erhalten, ihre Kr\u00e4fte und F\u00e4higkeiten in verschiedenen Bereichen unter fachkundiger Anleitung zu entdecken und zu erweitern. Dies geschieht sowohl durch gezielte F\u00f6rderung in den Arbeitsgemeinschaften, als auch in den Gruppen durch die Schaffung von Freir\u00e4umen zu selbst bestimmtem Handeln.<\/p>\n<p>[\/et_pb_text][\/et_pb_column][\/et_pb_row][et_pb_row column_structure=&#8220;1_2,1_2&#8243; admin_label=&#8220;Zeile&#8220; _builder_version=&#8220;4.20.1&#8243; _module_preset=&#8220;default&#8220; global_colors_info=&#8220;{}&#8220;][et_pb_column type=&#8220;1_2&#8243; _builder_version=&#8220;4.20.1&#8243; _module_preset=&#8220;default&#8220; global_colors_info=&#8220;{}&#8220;][et_pb_text admin_label=&#8220;Elternbeitr\u00e4ge&#8220; _builder_version=&#8220;4.24.2&#8243; _module_preset=&#8220;default&#8220; custom_margin=&#8220;0.8em||||false|false&#8220; global_colors_info=&#8220;{}&#8220;]<\/p>\n<h2>Elternbeitr\u00e4ge:<\/h2>\n<p>Die H\u00f6he der Beitr\u00e4ge ist einkommensabh\u00e4ngig und sozial gestaffelt. Die Berechnung und Erhebung erfolgt seitens des Jugendamtes f\u00fcr den Rhein-Kreis Neuss.<\/p>\n<p>Die aktuelle Beitragssatzung finden Sie unter <a title=\"Satzung \u00fcber die Erhebung von Elternbeitr\u00e4gen f\u00fcr die Teilnahme an den Angeboten der offenen Ganztagsschulen der Gemeinde Rommerskirchen \" href=\"https:\/\/schulen-rommerskirchen.de\/ggs-frixheim\/downloads#ogs\" target=\"_blank\" rel=\"noopener\">Downloads<\/a>.<\/p>\n<p>[\/et_pb_text][et_pb_text _builder_version=&#8220;4.24.3&#8243; _module_preset=&#8220;default&#8220; hover_enabled=&#8220;0&#8243; sticky_enabled=&#8220;0&#8243;]<\/p>\n<h2>Ferien\u00f6ffnungszeiten<\/h2>\n<p>finden Sie unter <a href=\"https:\/\/schulen-rommerskirchen.de\/ggs-frixheim\/downloads#ogs\">Downloads.<\/a><\/p>\n<p>[\/et_pb_text][\/et_pb_column][et_pb_column type=&#8220;1_2&#8243; _builder_version=&#8220;4.20.1&#8243; _module_preset=&#8220;default&#8220; global_colors_info=&#8220;{}&#8220;][et_pb_text admin_label=&#8220;Beitrag zur Mittagsverpflegung&#8220; _builder_version=&#8220;4.24.3&#8243; _module_preset=&#8220;default&#8220; global_colors_info=&#8220;{}&#8220;]<\/p>\n<h2>Beitrag zur Mittagsverpflegung:<\/h2>\n<p>F\u00fcr die Teilnahme an der Mittagsverpflegung wird ein Pauschalbeitrag gem. der Richtlinie \u00fcber die zentrale Erhebung einer Verpflegungspauschale in den Kindertagesst\u00e4tten und offenen Ganztagsschulen der Gemeinde Rommerskirchen erhoben.<\/p>\n<p>Die aktuelle Richtlinie finden Sie unter <a href=\"https:\/\/schulen-rommerskirchen.de\/ggs-frixheim\/downloads#ogs\" target=\"_blank\" rel=\"noopener\">Downloads<\/a>.<\/p>\n<p>[\/et_pb_text][\/et_pb_column][\/et_pb_row][et_pb_row _builder_version=&#8220;4.24.3&#8243; _module_preset=&#8220;default&#8220; disabled_on=&#8220;on|on|on&#8220; disabled=&#8220;on&#8220;][et_pb_column _builder_version=&#8220;4.24.3&#8243; _module_preset=&#8220;default&#8220; type=&#8220;4_4&#8243;][et_pb_text _builder_version=&#8220;4.24.3&#8243; _module_preset=&#8220;default&#8220; text_font=&#8220;||||||||&#8220; background_color=&#8220;RGBA(255,255,255,0)&#8220; custom_margin=&#8220;|1em||1em|false|true&#8220; custom_padding=&#8220;1.3em|1.3em|1.3em|1.3em|true|true&#8220; hover_enabled=&#8220;0&#8243; border_radii=&#8220;on|10px|10px|10px|10px&#8220; locked=&#8220;off&#8220; global_colors_info=&#8220;{}&#8220; sticky_enabled=&#8220;0&#8243;]<\/p>\n<h2>Kontakt zur OGS<\/h2>\n<p>Leitung: Monika Dech\u00eane<br \/>Telefon: \u00a0<a title=\"Rufen Sie die OGS an\" href=\"tel:+49-2183-8067950\">0 21 83 \/ 8 06 79 50<\/a><br \/><a title=\"Schreiben Sie uns\" href=\"mailto:ogs-frixheim@rommerskirchen.de\">ogs-frixheim@rommerskirchen.de<\/a><\/p>\n<p>[\/et_pb_text][\/et_pb_column][\/et_pb_row][\/et_pb_section]<\/p>\n","protected":false},"excerpt":{"rendered":"<p>Allgemeine InformationenSeit dem Schuljahr 2003\/2004 hat die Gemeinde Rommerskirchen an allen drei Grundschule das OGS Angebot eingef\u00fchrt.Ziel war es, F\u00f6rderung, Bildung, Erziehung und Betreuung unter einem Dach zu vereinen. Im Schulprogramm sind f\u00fcr den Unterricht am Vormittag die F\u00f6rderung der Sozialf\u00e4higkeit und die St\u00e4rkung der Selbstst\u00e4ndigkeit besonders betont. Diese Grunds\u00e4tze gelten gelicherma\u00dfen f\u00fcr die nachmitt\u00e4gliche [&hellip;]<\/p>\n","protected":false},"author":1,"featured_media":0,"parent":66,"menu_order":1,"comment_status":"closed","ping_status":"closed","template":"","meta":{"_et_pb_use_builder":"on","_et_pb_old_content":"","_et_gb_content_width":"","inline_featured_image":false,"footnotes":"","_links_to":"","_links_to_target":""},"class_list":["post-992","page","type-page","status-publish","hentry"],"yoast_head":"<!-- This site is optimized with the Yoast SEO plugin v27.5 - https:\/\/yoast.com\/product\/yoast-seo-wordpress\/ -->\n<title>Allgemeine Informationen - GGS Frixheim<\/title>\n<meta name=\"robots\" content=\"index, follow, max-snippet:-1, max-image-preview:large, max-video-preview:-1\" \/>\n<link rel=\"canonical\" href=\"https:\/\/schulen-rommerskirchen.de\/ggs-frixheim\/ogs\/allgemeine-informationen\/\" \/>\n<meta property=\"og:locale\" content=\"de_DE\" \/>\n<meta property=\"og:type\" content=\"article\" \/>\n<meta property=\"og:title\" content=\"Allgemeine Informationen - GGS Frixheim\" \/>\n<meta property=\"og:description\" content=\"Allgemeine InformationenSeit dem Schuljahr 2003\/2004 hat die Gemeinde Rommerskirchen an allen drei Grundschule das OGS Angebot eingef\u00fchrt.Ziel war es, F\u00f6rderung, Bildung, Erziehung und Betreuung unter einem Dach zu vereinen. Im Schulprogramm sind f\u00fcr den Unterricht am Vormittag die F\u00f6rderung der Sozialf\u00e4higkeit und die St\u00e4rkung der Selbstst\u00e4ndigkeit besonders betont. Diese Grunds\u00e4tze gelten gelicherma\u00dfen f\u00fcr die nachmitt\u00e4gliche [&hellip;]\" \/>\n<meta property=\"og:url\" content=\"https:\/\/schulen-rommerskirchen.de\/ggs-frixheim\/ogs\/allgemeine-informationen\/\" \/>\n<meta property=\"og:site_name\" content=\"GGS Frixheim\" \/>\n<meta property=\"article:modified_time\" content=\"2024-04-29T08:46:02+00:00\" \/>\n<script type=\"application\/ld+json\" class=\"yoast-schema-graph\">{\"@context\":\"https:\\\/\\\/schema.org\",\"@graph\":[{\"@type\":\"WebPage\",\"@id\":\"https:\\\/\\\/schulen-rommerskirchen.de\\\/ggs-frixheim\\\/ogs\\\/allgemeine-informationen\\\/\",\"url\":\"https:\\\/\\\/schulen-rommerskirchen.de\\\/ggs-frixheim\\\/ogs\\\/allgemeine-informationen\\\/\",\"name\":\"Allgemeine Informationen - GGS Frixheim\",\"isPartOf\":{\"@id\":\"https:\\\/\\\/schulen-rommerskirchen.de\\\/ggs-frixheim\\\/#website\"},\"datePublished\":\"2023-07-18T09:26:00+00:00\",\"dateModified\":\"2024-04-29T08:46:02+00:00\",\"breadcrumb\":{\"@id\":\"https:\\\/\\\/schulen-rommerskirchen.de\\\/ggs-frixheim\\\/ogs\\\/allgemeine-informationen\\\/#breadcrumb\"},\"inLanguage\":\"de\",\"potentialAction\":[{\"@type\":\"ReadAction\",\"target\":[\"https:\\\/\\\/schulen-rommerskirchen.de\\\/ggs-frixheim\\\/ogs\\\/allgemeine-informationen\\\/\"]}]},{\"@type\":\"BreadcrumbList\",\"@id\":\"https:\\\/\\\/schulen-rommerskirchen.de\\\/ggs-frixheim\\\/ogs\\\/allgemeine-informationen\\\/#breadcrumb\",\"itemListElement\":[{\"@type\":\"ListItem\",\"position\":1,\"name\":\"Startseite\",\"item\":\"https:\\\/\\\/schulen-rommerskirchen.de\\\/ggs-frixheim\\\/\"},{\"@type\":\"ListItem\",\"position\":2,\"name\":\"OGS\",\"item\":\"https:\\\/\\\/schulen-rommerskirchen.de\\\/ggs-frixheim\\\/ogs\\\/\"},{\"@type\":\"ListItem\",\"position\":3,\"name\":\"Allgemeine Informationen\"}]},{\"@type\":\"WebSite\",\"@id\":\"https:\\\/\\\/schulen-rommerskirchen.de\\\/ggs-frixheim\\\/#website\",\"url\":\"https:\\\/\\\/schulen-rommerskirchen.de\\\/ggs-frixheim\\\/\",\"name\":\"GGS Frixheim\",\"description\":\"Eine weitere Schulen - Rommerskirchen Websites Website\",\"publisher\":{\"@id\":\"https:\\\/\\\/schulen-rommerskirchen.de\\\/ggs-frixheim\\\/#organization\"},\"potentialAction\":[{\"@type\":\"SearchAction\",\"target\":{\"@type\":\"EntryPoint\",\"urlTemplate\":\"https:\\\/\\\/schulen-rommerskirchen.de\\\/ggs-frixheim\\\/?s={search_term_string}\"},\"query-input\":{\"@type\":\"PropertyValueSpecification\",\"valueRequired\":true,\"valueName\":\"search_term_string\"}}],\"inLanguage\":\"de\"},{\"@type\":\"Organization\",\"@id\":\"https:\\\/\\\/schulen-rommerskirchen.de\\\/ggs-frixheim\\\/#organization\",\"name\":\"Gemeinschaftsgrundschule Frixheim\",\"alternateName\":\"GGS Frixheim\",\"url\":\"https:\\\/\\\/schulen-rommerskirchen.de\\\/ggs-frixheim\\\/\",\"logo\":{\"@type\":\"ImageObject\",\"inLanguage\":\"de\",\"@id\":\"https:\\\/\\\/schulen-rommerskirchen.de\\\/ggs-frixheim\\\/#\\\/schema\\\/logo\\\/image\\\/\",\"url\":\"https:\\\/\\\/schulen-rommerskirchen.de\\\/ggs-frixheim\\\/wp-content\\\/uploads\\\/sites\\\/3\\\/2023\\\/03\\\/Logo-Frixheim-Schulclown.png\",\"contentUrl\":\"https:\\\/\\\/schulen-rommerskirchen.de\\\/ggs-frixheim\\\/wp-content\\\/uploads\\\/sites\\\/3\\\/2023\\\/03\\\/Logo-Frixheim-Schulclown.png\",\"width\":1284,\"height\":1278,\"caption\":\"Gemeinschaftsgrundschule Frixheim\"},\"image\":{\"@id\":\"https:\\\/\\\/schulen-rommerskirchen.de\\\/ggs-frixheim\\\/#\\\/schema\\\/logo\\\/image\\\/\"}}]}<\/script>\n<!-- \/ Yoast SEO plugin. -->","yoast_head_json":{"title":"Allgemeine Informationen - GGS Frixheim","robots":{"index":"index","follow":"follow","max-snippet":"max-snippet:-1","max-image-preview":"max-image-preview:large","max-video-preview":"max-video-preview:-1"},"canonical":"https:\/\/schulen-rommerskirchen.de\/ggs-frixheim\/ogs\/allgemeine-informationen\/","og_locale":"de_DE","og_type":"article","og_title":"Allgemeine Informationen - GGS Frixheim","og_description":"Allgemeine InformationenSeit dem Schuljahr 2003\/2004 hat die Gemeinde Rommerskirchen an allen drei Grundschule das OGS Angebot eingef\u00fchrt.Ziel war es, F\u00f6rderung, Bildung, Erziehung und Betreuung unter einem Dach zu vereinen. Im Schulprogramm sind f\u00fcr den Unterricht am Vormittag die F\u00f6rderung der Sozialf\u00e4higkeit und die St\u00e4rkung der Selbstst\u00e4ndigkeit besonders betont. Diese Grunds\u00e4tze gelten gelicherma\u00dfen f\u00fcr die nachmitt\u00e4gliche [&hellip;]","og_url":"https:\/\/schulen-rommerskirchen.de\/ggs-frixheim\/ogs\/allgemeine-informationen\/","og_site_name":"GGS Frixheim","article_modified_time":"2024-04-29T08:46:02+00:00","schema":{"@context":"https:\/\/schema.org","@graph":[{"@type":"WebPage","@id":"https:\/\/schulen-rommerskirchen.de\/ggs-frixheim\/ogs\/allgemeine-informationen\/","url":"https:\/\/schulen-rommerskirchen.de\/ggs-frixheim\/ogs\/allgemeine-informationen\/","name":"Allgemeine Informationen - GGS Frixheim","isPartOf":{"@id":"https:\/\/schulen-rommerskirchen.de\/ggs-frixheim\/#website"},"datePublished":"2023-07-18T09:26:00+00:00","dateModified":"2024-04-29T08:46:02+00:00","breadcrumb":{"@id":"https:\/\/schulen-rommerskirchen.de\/ggs-frixheim\/ogs\/allgemeine-informationen\/#breadcrumb"},"inLanguage":"de","potentialAction":[{"@type":"ReadAction","target":["https:\/\/schulen-rommerskirchen.de\/ggs-frixheim\/ogs\/allgemeine-informationen\/"]}]},{"@type":"BreadcrumbList","@id":"https:\/\/schulen-rommerskirchen.de\/ggs-frixheim\/ogs\/allgemeine-informationen\/#breadcrumb","itemListElement":[{"@type":"ListItem","position":1,"name":"Startseite","item":"https:\/\/schulen-rommerskirchen.de\/ggs-frixheim\/"},{"@type":"ListItem","position":2,"name":"OGS","item":"https:\/\/schulen-rommerskirchen.de\/ggs-frixheim\/ogs\/"},{"@type":"ListItem","position":3,"name":"Allgemeine Informationen"}]},{"@type":"WebSite","@id":"https:\/\/schulen-rommerskirchen.de\/ggs-frixheim\/#website","url":"https:\/\/schulen-rommerskirchen.de\/ggs-frixheim\/","name":"GGS Frixheim","description":"Eine weitere Schulen - Rommerskirchen Websites Website","publisher":{"@id":"https:\/\/schulen-rommerskirchen.de\/ggs-frixheim\/#organization"},"potentialAction":[{"@type":"SearchAction","target":{"@type":"EntryPoint","urlTemplate":"https:\/\/schulen-rommerskirchen.de\/ggs-frixheim\/?s={search_term_string}"},"query-input":{"@type":"PropertyValueSpecification","valueRequired":true,"valueName":"search_term_string"}}],"inLanguage":"de"},{"@type":"Organization","@id":"https:\/\/schulen-rommerskirchen.de\/ggs-frixheim\/#organization","name":"Gemeinschaftsgrundschule Frixheim","alternateName":"GGS Frixheim","url":"https:\/\/schulen-rommerskirchen.de\/ggs-frixheim\/","logo":{"@type":"ImageObject","inLanguage":"de","@id":"https:\/\/schulen-rommerskirchen.de\/ggs-frixheim\/#\/schema\/logo\/image\/","url":"https:\/\/schulen-rommerskirchen.de\/ggs-frixheim\/wp-content\/uploads\/sites\/3\/2023\/03\/Logo-Frixheim-Schulclown.png","contentUrl":"https:\/\/schulen-rommerskirchen.de\/ggs-frixheim\/wp-content\/uploads\/sites\/3\/2023\/03\/Logo-Frixheim-Schulclown.png","width":1284,"height":1278,"caption":"Gemeinschaftsgrundschule Frixheim"},"image":{"@id":"https:\/\/schulen-rommerskirchen.de\/ggs-frixheim\/#\/schema\/logo\/image\/"}}]}},"publishpress_future_action":{"enabled":false,"date":"2026-05-12 06:41:12","action":"change-status","newStatus":"draft","terms":[],"taxonomy":"","extraData":[]},"publishpress_future_workflow_manual_trigger":{"enabledWorkflows":[]},"_links":{"self":[{"href":"https:\/\/schulen-rommerskirchen.de\/ggs-frixheim\/wp-json\/wp\/v2\/pages\/992","targetHints":{"allow":["GET"]}}],"collection":[{"href":"https:\/\/schulen-rommerskirchen.de\/ggs-frixheim\/wp-json\/wp\/v2\/pages"}],"about":[{"href":"https:\/\/schulen-rommerskirchen.de\/ggs-frixheim\/wp-json\/wp\/v2\/types\/page"}],"author":[{"embeddable":true,"href":"https:\/\/schulen-rommerskirchen.de\/ggs-frixheim\/wp-json\/wp\/v2\/users\/1"}],"replies":[{"embeddable":true,"href":"https:\/\/schulen-rommerskirchen.de\/ggs-frixheim\/wp-json\/wp\/v2\/comments?post=992"}],"version-history":[{"count":19,"href":"https:\/\/schulen-rommerskirchen.de\/ggs-frixheim\/wp-json\/wp\/v2\/pages\/992\/revisions"}],"predecessor-version":[{"id":1612,"href":"https:\/\/schulen-rommerskirchen.de\/ggs-frixheim\/wp-json\/wp\/v2\/pages\/992\/revisions\/1612"}],"up":[{"embeddable":true,"href":"https:\/\/schulen-rommerskirchen.de\/ggs-frixheim\/wp-json\/wp\/v2\/pages\/66"}],"wp:attachment":[{"href":"https:\/\/schulen-rommerskirchen.de\/ggs-frixheim\/wp-json\/wp\/v2\/media?parent=992"}],"curies":[{"name":"wp","href":"https:\/\/api.w.org\/{rel}","templated":true}]}}