{"id":928,"date":"2023-05-23T12:36:38","date_gmt":"2023-05-23T10:36:38","guid":{"rendered":"https:\/\/schulen-rommerskirchen.de\/ggs-frixheim\/?page_id=928"},"modified":"2025-02-14T10:23:30","modified_gmt":"2025-02-14T09:23:30","slug":"news","status":"publish","type":"page","link":"https:\/\/schulen-rommerskirchen.de\/ggs-frixheim\/aktuelles\/news\/","title":{"rendered":"News"},"content":{"rendered":"<p>[et_pb_section fb_built=&#8220;1&#8243; _builder_version=&#8220;4.25.1&#8243; _module_preset=&#8220;default&#8220; background_image=&#8220;https:\/\/schulen-rommerskirchen.de\/ggs-frixheim\/wp-content\/uploads\/sites\/3\/2023\/03\/shapes-bg-1.png&#8220; parallax=&#8220;on&#8220; z_index=&#8220;20&#8243; custom_margin=&#8220;||||false|false&#8220; custom_padding=&#8220;0px||2em||false|false&#8220; da_disable_devices=&#8220;off|off|off&#8220; global_colors_info=&#8220;{}&#8220; da_is_popup=&#8220;off&#8220; da_exit_intent=&#8220;off&#8220; da_has_close=&#8220;on&#8220; da_alt_close=&#8220;off&#8220; da_dark_close=&#8220;off&#8220; da_not_modal=&#8220;on&#8220; da_is_singular=&#8220;off&#8220; da_with_loader=&#8220;off&#8220; da_has_shadow=&#8220;on&#8220;][et_pb_row admin_label=&#8220;ganze bunte Welle &#8211; NICHT L\u00d6SCHEN&#8220; hide_aria_element=&#8220;on&#8220; _builder_version=&#8220;4.20.4&#8243; _module_preset=&#8220;default&#8220; width=&#8220;100%&#8220; max_width=&#8220;100%&#8220; custom_margin=&#8220;0px||||false|false&#8220; custom_padding=&#8220;1em||||false|false&#8220; global_module=&#8220;283&#8243; saved_tabs=&#8220;all&#8220; global_colors_info=&#8220;{}&#8220;][et_pb_column type=&#8220;4_4&#8243; _builder_version=&#8220;4.20.1&#8243; _module_preset=&#8220;default&#8220; global_colors_info=&#8220;{}&#8220;][et_pb_image src=&#8220;https:\/\/schulen-rommerskirchen.de\/ggs-frixheim\/wp-content\/uploads\/sites\/3\/2023\/03\/wel-3f-header-voll.png&#8220; alt=&#8220;Welle&#8220; title_text=&#8220;Welle&#8220; force_fullwidth=&#8220;on&#8220; admin_label=&#8220;bunte Welle voll&#8220; hide_aria_element=&#8220;on&#8220; _builder_version=&#8220;4.20.1&#8243; _module_preset=&#8220;default&#8220; custom_margin=&#8220;0px||||false|false&#8220; custom_padding=&#8220;0px||||false|false&#8220; global_colors_info=&#8220;{}&#8220;][\/et_pb_image][\/et_pb_column][\/et_pb_row][et_pb_row use_custom_gutter=&#8220;on&#8220; _builder_version=&#8220;4.16&#8243; _module_preset=&#8220;default&#8220; custom_padding=&#8220;0px||0px||false|false&#8220; global_colors_info=&#8220;{}&#8220;][et_pb_column type=&#8220;4_4&#8243; _builder_version=&#8220;4.16&#8243; _module_preset=&#8220;default&#8220; global_colors_info=&#8220;{}&#8220;][et_pb_text admin_label=&#8220;\u00dcberschriften&#8220; _builder_version=&#8220;4.23.1&#8243; _module_preset=&#8220;default&#8220; global_colors_info=&#8220;{}&#8220;]<\/p>\n<h1 style=\"text-align: center\">Alle News der Schule<\/h1>\n<p>[\/et_pb_text][et_pb_blog fullwidth=&#8220;off&#8220; posts_number=&#8220;9&#8243; include_categories=&#8220;1&#8243; meta_date=&#8220;d.m.Y&#8220; show_more=&#8220;on&#8220; show_author=&#8220;off&#8220; show_categories=&#8220;off&#8220; masonry_tile_background_color=&#8220;#ECF2FF&#8220; disabled_on=&#8220;on|on|on&#8220; module_class=&#8220;pa-blog-equal-height&#8220; _builder_version=&#8220;4.25.1&#8243; _module_preset=&#8220;default&#8220; header_font_size=&#8220;26px&#8220; meta_text_align=&#8220;right&#8220; read_more_text_color=&#8220;#FFFFFF&#8220; read_more_font_size=&#8220;12px&#8220; background_color=&#8220;RGBA(0,0,0,0)&#8220; custom_margin=&#8220;||||false|false&#8220; border_radii=&#8220;on|10px|10px|10px|10px&#8220; box_shadow_style=&#8220;preset1&#8243; box_shadow_color=&#8220;rgba(49,64,119,0.4)&#8220; disabled=&#8220;on&#8220; global_colors_info=&#8220;{}&#8220;][\/et_pb_blog][et_pb_text _builder_version=&#8220;4.27.4&#8243; _module_preset=&#8220;default&#8220; global_colors_info=&#8220;{}&#8220;]<\/p>\n<h2 style=\"text-align: center\">Die GGS Frixheim gewinnt den Sportabzeichen-Wettbewerb<\/h2>\n<p style=\"text-align: left\">Auch im Jahr 2024 nahm die GGS Frixheim erneut sehr erfolgreich am Sportabzeichen-Wettbewerb teil. Von 31 Grundschulen aus dem Rhein-Kreis Neuss belegte die GGS Frixheim Platz 1 innerhalb der Gemeinde Rommerskirchen und Platz 3 im gesamten Rhein-Kreis Neuss. 135 Kinder der Schule erwarben das Sportabzeichen, das waren 71,81% der Sch\u00fclerschaft. Nur die Tannenbuschschule aus Dormagen (82,13 %) und die Jakobus-Schule in Neukirchen (72,06 %) erreichten ein besseres Ergebnis. F\u00fcr die Teilnahme gab es in diesem Jahr eine riesige Zielscheibe mit Klett-Wurfb\u00e4llen. Klar, dass jede Klasse im Sportunterricht gespannt auf den Einsatz des neuen Sportger\u00e4tes wartete und begeistert einen Wurfwettbewerb durchf\u00fchrte. Zudem darf sich die Schule \u00fcber 100\u20ac freuen, das Preisgeld f\u00fcr den 1. Platz in der Gemeinde Rommerskirchen. Wof\u00fcr es verwendet wird? Das wird gemeinschaftlich entschieden. Jedes Kind hat Mitspracherecht und darf unter verschiedenen Dingen rund um den Sportunterricht seinen Favoriten w\u00e4hlen. Und so beginnt das Jahr 2025 wieder sehr sportlich an der GGS Frixheim. <\/p>\n<p>[\/et_pb_text][et_pb_gallery gallery_ids=&#8220;1906,1905&#8243; _builder_version=&#8220;4.27.4&#8243; _module_preset=&#8220;default&#8220; hover_enabled=&#8220;0&#8243; global_colors_info=&#8220;{}&#8220; sticky_enabled=&#8220;0&#8243;][\/et_pb_gallery][\/et_pb_column][\/et_pb_row][\/et_pb_section]<\/p>\n","protected":false},"excerpt":{"rendered":"<p>Alle News der SchuleDie GGS Frixheim gewinnt den Sportabzeichen-Wettbewerb Auch im Jahr 2024 nahm die GGS Frixheim erneut sehr erfolgreich am Sportabzeichen-Wettbewerb teil. Von 31 Grundschulen aus dem Rhein-Kreis Neuss belegte die GGS Frixheim Platz 1 innerhalb der Gemeinde Rommerskirchen und Platz 3 im gesamten Rhein-Kreis Neuss. 135 Kinder der Schule erwarben das Sportabzeichen, das [&hellip;]<\/p>\n","protected":false},"author":1,"featured_media":0,"parent":32,"menu_order":4,"comment_status":"closed","ping_status":"closed","template":"","meta":{"_et_pb_use_builder":"on","_et_pb_old_content":"","_et_gb_content_width":"","inline_featured_image":false,"footnotes":"","_links_to":"","_links_to_target":""},"class_list":["post-928","page","type-page","status-publish","hentry"],"yoast_head":"<!-- This site is optimized with the Yoast SEO plugin v27.5 - https:\/\/yoast.com\/product\/yoast-seo-wordpress\/ -->\n<title>News - GGS Frixheim<\/title>\n<meta name=\"robots\" content=\"index, follow, max-snippet:-1, max-image-preview:large, max-video-preview:-1\" \/>\n<link rel=\"canonical\" href=\"https:\/\/schulen-rommerskirchen.de\/ggs-frixheim\/aktuelles\/news\/\" \/>\n<meta property=\"og:locale\" content=\"de_DE\" \/>\n<meta property=\"og:type\" content=\"article\" \/>\n<meta property=\"og:title\" content=\"News - GGS Frixheim\" \/>\n<meta property=\"og:description\" content=\"Alle News der SchuleDie GGS Frixheim gewinnt den Sportabzeichen-Wettbewerb Auch im Jahr 2024 nahm die GGS Frixheim erneut sehr erfolgreich am Sportabzeichen-Wettbewerb teil. Von 31 Grundschulen aus dem Rhein-Kreis Neuss belegte die GGS Frixheim Platz 1 innerhalb der Gemeinde Rommerskirchen und Platz 3 im gesamten Rhein-Kreis Neuss. 135 Kinder der Schule erwarben das Sportabzeichen, das [&hellip;]\" \/>\n<meta property=\"og:url\" content=\"https:\/\/schulen-rommerskirchen.de\/ggs-frixheim\/aktuelles\/news\/\" \/>\n<meta property=\"og:site_name\" content=\"GGS Frixheim\" \/>\n<meta property=\"article:modified_time\" content=\"2025-02-14T09:23:30+00:00\" \/>\n<script type=\"application\/ld+json\" class=\"yoast-schema-graph\">{\"@context\":\"https:\\\/\\\/schema.org\",\"@graph\":[{\"@type\":\"WebPage\",\"@id\":\"https:\\\/\\\/schulen-rommerskirchen.de\\\/ggs-frixheim\\\/aktuelles\\\/news\\\/\",\"url\":\"https:\\\/\\\/schulen-rommerskirchen.de\\\/ggs-frixheim\\\/aktuelles\\\/news\\\/\",\"name\":\"News - GGS Frixheim\",\"isPartOf\":{\"@id\":\"https:\\\/\\\/schulen-rommerskirchen.de\\\/ggs-frixheim\\\/#website\"},\"datePublished\":\"2023-05-23T10:36:38+00:00\",\"dateModified\":\"2025-02-14T09:23:30+00:00\",\"breadcrumb\":{\"@id\":\"https:\\\/\\\/schulen-rommerskirchen.de\\\/ggs-frixheim\\\/aktuelles\\\/news\\\/#breadcrumb\"},\"inLanguage\":\"de\",\"potentialAction\":[{\"@type\":\"ReadAction\",\"target\":[\"https:\\\/\\\/schulen-rommerskirchen.de\\\/ggs-frixheim\\\/aktuelles\\\/news\\\/\"]}]},{\"@type\":\"BreadcrumbList\",\"@id\":\"https:\\\/\\\/schulen-rommerskirchen.de\\\/ggs-frixheim\\\/aktuelles\\\/news\\\/#breadcrumb\",\"itemListElement\":[{\"@type\":\"ListItem\",\"position\":1,\"name\":\"Startseite\",\"item\":\"https:\\\/\\\/schulen-rommerskirchen.de\\\/ggs-frixheim\\\/\"},{\"@type\":\"ListItem\",\"position\":2,\"name\":\"Aktuelles\",\"item\":\"https:\\\/\\\/schulen-rommerskirchen.de\\\/ggs-frixheim\\\/aktuelles\\\/\"},{\"@type\":\"ListItem\",\"position\":3,\"name\":\"News\"}]},{\"@type\":\"WebSite\",\"@id\":\"https:\\\/\\\/schulen-rommerskirchen.de\\\/ggs-frixheim\\\/#website\",\"url\":\"https:\\\/\\\/schulen-rommerskirchen.de\\\/ggs-frixheim\\\/\",\"name\":\"GGS Frixheim\",\"description\":\"Eine weitere Schulen - Rommerskirchen Websites Website\",\"publisher\":{\"@id\":\"https:\\\/\\\/schulen-rommerskirchen.de\\\/ggs-frixheim\\\/#organization\"},\"potentialAction\":[{\"@type\":\"SearchAction\",\"target\":{\"@type\":\"EntryPoint\",\"urlTemplate\":\"https:\\\/\\\/schulen-rommerskirchen.de\\\/ggs-frixheim\\\/?s={search_term_string}\"},\"query-input\":{\"@type\":\"PropertyValueSpecification\",\"valueRequired\":true,\"valueName\":\"search_term_string\"}}],\"inLanguage\":\"de\"},{\"@type\":\"Organization\",\"@id\":\"https:\\\/\\\/schulen-rommerskirchen.de\\\/ggs-frixheim\\\/#organization\",\"name\":\"Gemeinschaftsgrundschule Frixheim\",\"alternateName\":\"GGS Frixheim\",\"url\":\"https:\\\/\\\/schulen-rommerskirchen.de\\\/ggs-frixheim\\\/\",\"logo\":{\"@type\":\"ImageObject\",\"inLanguage\":\"de\",\"@id\":\"https:\\\/\\\/schulen-rommerskirchen.de\\\/ggs-frixheim\\\/#\\\/schema\\\/logo\\\/image\\\/\",\"url\":\"https:\\\/\\\/schulen-rommerskirchen.de\\\/ggs-frixheim\\\/wp-content\\\/uploads\\\/sites\\\/3\\\/2023\\\/03\\\/Logo-Frixheim-Schulclown.png\",\"contentUrl\":\"https:\\\/\\\/schulen-rommerskirchen.de\\\/ggs-frixheim\\\/wp-content\\\/uploads\\\/sites\\\/3\\\/2023\\\/03\\\/Logo-Frixheim-Schulclown.png\",\"width\":1284,\"height\":1278,\"caption\":\"Gemeinschaftsgrundschule Frixheim\"},\"image\":{\"@id\":\"https:\\\/\\\/schulen-rommerskirchen.de\\\/ggs-frixheim\\\/#\\\/schema\\\/logo\\\/image\\\/\"}}]}<\/script>\n<!-- \/ Yoast SEO plugin. -->","yoast_head_json":{"title":"News - GGS Frixheim","robots":{"index":"index","follow":"follow","max-snippet":"max-snippet:-1","max-image-preview":"max-image-preview:large","max-video-preview":"max-video-preview:-1"},"canonical":"https:\/\/schulen-rommerskirchen.de\/ggs-frixheim\/aktuelles\/news\/","og_locale":"de_DE","og_type":"article","og_title":"News - GGS Frixheim","og_description":"Alle News der SchuleDie GGS Frixheim gewinnt den Sportabzeichen-Wettbewerb Auch im Jahr 2024 nahm die GGS Frixheim erneut sehr erfolgreich am Sportabzeichen-Wettbewerb teil. Von 31 Grundschulen aus dem Rhein-Kreis Neuss belegte die GGS Frixheim Platz 1 innerhalb der Gemeinde Rommerskirchen und Platz 3 im gesamten Rhein-Kreis Neuss. 135 Kinder der Schule erwarben das Sportabzeichen, das [&hellip;]","og_url":"https:\/\/schulen-rommerskirchen.de\/ggs-frixheim\/aktuelles\/news\/","og_site_name":"GGS Frixheim","article_modified_time":"2025-02-14T09:23:30+00:00","schema":{"@context":"https:\/\/schema.org","@graph":[{"@type":"WebPage","@id":"https:\/\/schulen-rommerskirchen.de\/ggs-frixheim\/aktuelles\/news\/","url":"https:\/\/schulen-rommerskirchen.de\/ggs-frixheim\/aktuelles\/news\/","name":"News - GGS Frixheim","isPartOf":{"@id":"https:\/\/schulen-rommerskirchen.de\/ggs-frixheim\/#website"},"datePublished":"2023-05-23T10:36:38+00:00","dateModified":"2025-02-14T09:23:30+00:00","breadcrumb":{"@id":"https:\/\/schulen-rommerskirchen.de\/ggs-frixheim\/aktuelles\/news\/#breadcrumb"},"inLanguage":"de","potentialAction":[{"@type":"ReadAction","target":["https:\/\/schulen-rommerskirchen.de\/ggs-frixheim\/aktuelles\/news\/"]}]},{"@type":"BreadcrumbList","@id":"https:\/\/schulen-rommerskirchen.de\/ggs-frixheim\/aktuelles\/news\/#breadcrumb","itemListElement":[{"@type":"ListItem","position":1,"name":"Startseite","item":"https:\/\/schulen-rommerskirchen.de\/ggs-frixheim\/"},{"@type":"ListItem","position":2,"name":"Aktuelles","item":"https:\/\/schulen-rommerskirchen.de\/ggs-frixheim\/aktuelles\/"},{"@type":"ListItem","position":3,"name":"News"}]},{"@type":"WebSite","@id":"https:\/\/schulen-rommerskirchen.de\/ggs-frixheim\/#website","url":"https:\/\/schulen-rommerskirchen.de\/ggs-frixheim\/","name":"GGS Frixheim","description":"Eine weitere Schulen - Rommerskirchen Websites Website","publisher":{"@id":"https:\/\/schulen-rommerskirchen.de\/ggs-frixheim\/#organization"},"potentialAction":[{"@type":"SearchAction","target":{"@type":"EntryPoint","urlTemplate":"https:\/\/schulen-rommerskirchen.de\/ggs-frixheim\/?s={search_term_string}"},"query-input":{"@type":"PropertyValueSpecification","valueRequired":true,"valueName":"search_term_string"}}],"inLanguage":"de"},{"@type":"Organization","@id":"https:\/\/schulen-rommerskirchen.de\/ggs-frixheim\/#organization","name":"Gemeinschaftsgrundschule Frixheim","alternateName":"GGS Frixheim","url":"https:\/\/schulen-rommerskirchen.de\/ggs-frixheim\/","logo":{"@type":"ImageObject","inLanguage":"de","@id":"https:\/\/schulen-rommerskirchen.de\/ggs-frixheim\/#\/schema\/logo\/image\/","url":"https:\/\/schulen-rommerskirchen.de\/ggs-frixheim\/wp-content\/uploads\/sites\/3\/2023\/03\/Logo-Frixheim-Schulclown.png","contentUrl":"https:\/\/schulen-rommerskirchen.de\/ggs-frixheim\/wp-content\/uploads\/sites\/3\/2023\/03\/Logo-Frixheim-Schulclown.png","width":1284,"height":1278,"caption":"Gemeinschaftsgrundschule Frixheim"},"image":{"@id":"https:\/\/schulen-rommerskirchen.de\/ggs-frixheim\/#\/schema\/logo\/image\/"}}]}},"publishpress_future_action":{"enabled":false,"date":"2026-05-07 19:21:39","action":"change-status","newStatus":"draft","terms":[],"taxonomy":"","extraData":[]},"publishpress_future_workflow_manual_trigger":{"enabledWorkflows":[]},"_links":{"self":[{"href":"https:\/\/schulen-rommerskirchen.de\/ggs-frixheim\/wp-json\/wp\/v2\/pages\/928","targetHints":{"allow":["GET"]}}],"collection":[{"href":"https:\/\/schulen-rommerskirchen.de\/ggs-frixheim\/wp-json\/wp\/v2\/pages"}],"about":[{"href":"https:\/\/schulen-rommerskirchen.de\/ggs-frixheim\/wp-json\/wp\/v2\/types\/page"}],"author":[{"embeddable":true,"href":"https:\/\/schulen-rommerskirchen.de\/ggs-frixheim\/wp-json\/wp\/v2\/users\/1"}],"replies":[{"embeddable":true,"href":"https:\/\/schulen-rommerskirchen.de\/ggs-frixheim\/wp-json\/wp\/v2\/comments?post=928"}],"version-history":[{"count":16,"href":"https:\/\/schulen-rommerskirchen.de\/ggs-frixheim\/wp-json\/wp\/v2\/pages\/928\/revisions"}],"predecessor-version":[{"id":1914,"href":"https:\/\/schulen-rommerskirchen.de\/ggs-frixheim\/wp-json\/wp\/v2\/pages\/928\/revisions\/1914"}],"up":[{"embeddable":true,"href":"https:\/\/schulen-rommerskirchen.de\/ggs-frixheim\/wp-json\/wp\/v2\/pages\/32"}],"wp:attachment":[{"href":"https:\/\/schulen-rommerskirchen.de\/ggs-frixheim\/wp-json\/wp\/v2\/media?parent=928"}],"curies":[{"name":"wp","href":"https:\/\/api.w.org\/{rel}","templated":true}]}}