{"id":68,"date":"2021-08-04T16:36:25","date_gmt":"2021-08-04T14:36:25","guid":{"rendered":"https:\/\/schulen-rommerskirchen.de\/ggs-frixheim\/?page_id=68"},"modified":"2024-04-18T12:47:25","modified_gmt":"2024-04-18T10:47:25","slug":"schmoekerstuebchen","status":"publish","type":"page","link":"https:\/\/schulen-rommerskirchen.de\/ggs-frixheim\/schulleben\/schmoekerstuebchen\/","title":{"rendered":"Schm\u00f6kerst\u00fcbchen"},"content":{"rendered":"<p>[et_pb_section fb_built=&#8220;1&#8243; admin_label=&#8220;Admissions&#8220; _builder_version=&#8220;4.24.3&#8243; background_image=&#8220;https:\/\/schulen-rommerskirchen.de\/ggs-frixheim\/wp-content\/uploads\/sites\/3\/2023\/03\/shapes-bg-1.png&#8220; parallax=&#8220;on&#8220; custom_padding=&#8220;0px||2vw||false|false&#8220; hover_enabled=&#8220;0&#8243; global_colors_info=&#8220;{}&#8220; sticky_enabled=&#8220;0&#8243;][et_pb_row admin_label=&#8220;ganze bunte Welle &#8211; NICHT L\u00d6SCHEN&#8220; hide_aria_element=&#8220;on&#8220; _builder_version=&#8220;4.20.4&#8243; _module_preset=&#8220;default&#8220; width=&#8220;100%&#8220; max_width=&#8220;100%&#8220; custom_margin=&#8220;0px||||false|false&#8220; custom_padding=&#8220;1em||||false|false&#8220; global_module=&#8220;283&#8243; saved_tabs=&#8220;all&#8220; global_colors_info=&#8220;{}&#8220;][et_pb_column type=&#8220;4_4&#8243; _builder_version=&#8220;4.20.1&#8243; _module_preset=&#8220;default&#8220; global_colors_info=&#8220;{}&#8220;][et_pb_image src=&#8220;https:\/\/schulen-rommerskirchen.de\/ggs-frixheim\/wp-content\/uploads\/sites\/3\/2023\/03\/wel-3f-header-voll.png&#8220; alt=&#8220;Welle&#8220; title_text=&#8220;Welle&#8220; force_fullwidth=&#8220;on&#8220; admin_label=&#8220;bunte Welle voll&#8220; hide_aria_element=&#8220;on&#8220; _builder_version=&#8220;4.20.1&#8243; _module_preset=&#8220;default&#8220; custom_margin=&#8220;0px||||false|false&#8220; custom_padding=&#8220;0px||||false|false&#8220; global_colors_info=&#8220;{}&#8220;][\/et_pb_image][\/et_pb_column][\/et_pb_row][et_pb_row custom_padding_last_edited=&#8220;off|desktop&#8220; _builder_version=&#8220;4.19.5&#8243; _module_preset=&#8220;default&#8220; global_colors_info=&#8220;{}&#8220;][et_pb_column type=&#8220;4_4&#8243; _builder_version=&#8220;4.19.5&#8243; _module_preset=&#8220;default&#8220; global_colors_info=&#8220;{}&#8220;][et_pb_text _builder_version=&#8220;4.20.1&#8243; _module_preset=&#8220;default&#8220; text_font_size=&#8220;18px&#8220; header_text_align=&#8220;center&#8220; text_orientation=&#8220;center&#8220; global_colors_info=&#8220;{}&#8220;]<\/p>\n<h1>Unser Schm\u00f6kerst\u00fcbchen<\/h1>\n<p>[\/et_pb_text][et_pb_image src=&#8220;https:\/\/schulen-rommerskirchen.de\/ggs-frixheim\/wp-content\/uploads\/sites\/3\/2023\/03\/csm_IMG_9777_pano_autoStitch_4d116123e5.jpg&#8220; alt=&#8220;Panoramaaufnahme der Schm\u00f6ckerstube&#8220; title_text=&#8220;Panoramaaufnahme der Schm\u00f6ckerstube&#8220; force_fullwidth=&#8220;on&#8220; _builder_version=&#8220;4.20.1&#8243; _module_preset=&#8220;default&#8220; border_radii=&#8220;on|10px|10px|10px|10px&#8220; global_colors_info=&#8220;{}&#8220;][\/et_pb_image][\/et_pb_column][\/et_pb_row][et_pb_row column_structure=&#8220;1_2,1_2&#8243; _builder_version=&#8220;4.20.1&#8243; _module_preset=&#8220;default&#8220; global_colors_info=&#8220;{}&#8220;][et_pb_column type=&#8220;1_2&#8243; _builder_version=&#8220;4.20.1&#8243; _module_preset=&#8220;default&#8220; global_colors_info=&#8220;{}&#8220;][et_pb_text _builder_version=&#8220;4.20.1&#8243; _module_preset=&#8220;default&#8220; text_font=&#8220;||||||||&#8220; global_colors_info=&#8220;{}&#8220;]Viele spannende B\u00fccher, Zeit zum Lesen und Schm\u00f6kern finden alle Sch\u00fclerinnen und Sch\u00fcler in unserer Schulb\u00fccherei &#8211; dem Schm\u00f6kerst\u00fcbchen.<\/p>\n<p>Jede Klasse hat eine feste B\u00fcchereizeit, in der sie das Schm\u00f6kerst\u00fcbchen besuchen kann. Nat\u00fcrlich k\u00f6nnen sich die Kinder hier auch ihre Lieblingsb\u00fccher ausleihen.[\/et_pb_text][\/et_pb_column][et_pb_column type=&#8220;1_2&#8243; _builder_version=&#8220;4.20.1&#8243; _module_preset=&#8220;default&#8220; global_colors_info=&#8220;{}&#8220;][et_pb_image src=&#8220;https:\/\/schulen-rommerskirchen.de\/ggs-frixheim\/wp-content\/uploads\/sites\/3\/2023\/03\/csm_07_Bildslider_Schule_0aa21e8eee.jpg&#8220; title_text=&#8220;csm_07_Bildslider_Schule_0aa21e8eee&#8220; show_in_lightbox=&#8220;on&#8220; _builder_version=&#8220;4.20.1&#8243; _module_preset=&#8220;default&#8220; box_shadow_style=&#8220;preset3&#8243; global_colors_info=&#8220;{}&#8220;][\/et_pb_image][\/et_pb_column][\/et_pb_row][et_pb_row _builder_version=&#8220;4.20.1&#8243; _module_preset=&#8220;default&#8220; global_colors_info=&#8220;{}&#8220;][et_pb_column type=&#8220;4_4&#8243; _builder_version=&#8220;4.20.1&#8243; _module_preset=&#8220;default&#8220; global_colors_info=&#8220;{}&#8220;][et_pb_gallery gallery_ids=&#8220;413,416,414,412&#8243; posts_number=&#8220;20&#8243; show_title_and_caption=&#8220;off&#8220; show_pagination=&#8220;off&#8220; _builder_version=&#8220;4.20.1&#8243; _module_preset=&#8220;default&#8220; border_radii_image=&#8220;on|10px|10px|10px|10px&#8220; box_shadow_style_image=&#8220;preset3&#8243; global_colors_info=&#8220;{}&#8220;][\/et_pb_gallery][\/et_pb_column][\/et_pb_row][\/et_pb_section]<\/p>\n","protected":false},"excerpt":{"rendered":"<p>Unser Schm\u00f6kerst\u00fcbchenViele spannende B\u00fccher, Zeit zum Lesen und Schm\u00f6kern finden alle Sch\u00fclerinnen und Sch\u00fcler in unserer Schulb\u00fccherei &#8211; dem Schm\u00f6kerst\u00fcbchen. Jede Klasse hat eine feste B\u00fcchereizeit, in der sie das Schm\u00f6kerst\u00fcbchen besuchen kann. Nat\u00fcrlich k\u00f6nnen sich die Kinder hier auch ihre Lieblingsb\u00fccher ausleihen.<\/p>\n","protected":false},"author":1,"featured_media":0,"parent":36,"menu_order":4,"comment_status":"closed","ping_status":"closed","template":"","meta":{"_et_pb_use_builder":"on","_et_pb_old_content":"<!-- wp:divi\/placeholder \/-->","_et_gb_content_width":"","inline_featured_image":false,"footnotes":"","_links_to":"","_links_to_target":""},"class_list":["post-68","page","type-page","status-publish","hentry"],"yoast_head":"<!-- This site is optimized with the Yoast SEO plugin v27.2 - https:\/\/yoast.com\/product\/yoast-seo-wordpress\/ -->\n<title>Schm\u00f6kerst\u00fcbchen - GGS Frixheim<\/title>\n<meta name=\"robots\" content=\"index, follow, max-snippet:-1, max-image-preview:large, max-video-preview:-1\" \/>\n<link rel=\"canonical\" href=\"https:\/\/schulen-rommerskirchen.de\/ggs-frixheim\/schulleben\/schmoekerstuebchen\/\" \/>\n<meta property=\"og:locale\" content=\"de_DE\" \/>\n<meta property=\"og:type\" content=\"article\" \/>\n<meta property=\"og:title\" content=\"Schm\u00f6kerst\u00fcbchen - GGS Frixheim\" \/>\n<meta property=\"og:description\" content=\"Unser Schm\u00f6kerst\u00fcbchenViele spannende B\u00fccher, Zeit zum Lesen und Schm\u00f6kern finden alle Sch\u00fclerinnen und Sch\u00fcler in unserer Schulb\u00fccherei - dem Schm\u00f6kerst\u00fcbchen. Jede Klasse hat eine feste B\u00fcchereizeit, in der sie das Schm\u00f6kerst\u00fcbchen besuchen kann. Nat\u00fcrlich k\u00f6nnen sich die Kinder hier auch ihre Lieblingsb\u00fccher ausleihen.\" \/>\n<meta property=\"og:url\" content=\"https:\/\/schulen-rommerskirchen.de\/ggs-frixheim\/schulleben\/schmoekerstuebchen\/\" \/>\n<meta property=\"og:site_name\" content=\"GGS Frixheim\" \/>\n<meta property=\"article:modified_time\" content=\"2024-04-18T10:47:25+00:00\" \/>\n<script type=\"application\/ld+json\" class=\"yoast-schema-graph\">{\"@context\":\"https:\/\/schema.org\",\"@graph\":[{\"@type\":\"WebPage\",\"@id\":\"https:\/\/schulen-rommerskirchen.de\/ggs-frixheim\/schulleben\/schmoekerstuebchen\/\",\"url\":\"https:\/\/schulen-rommerskirchen.de\/ggs-frixheim\/schulleben\/schmoekerstuebchen\/\",\"name\":\"Schm\u00f6kerst\u00fcbchen - GGS Frixheim\",\"isPartOf\":{\"@id\":\"https:\/\/schulen-rommerskirchen.de\/ggs-frixheim\/#website\"},\"datePublished\":\"2021-08-04T14:36:25+00:00\",\"dateModified\":\"2024-04-18T10:47:25+00:00\",\"breadcrumb\":{\"@id\":\"https:\/\/schulen-rommerskirchen.de\/ggs-frixheim\/schulleben\/schmoekerstuebchen\/#breadcrumb\"},\"inLanguage\":\"de\",\"potentialAction\":[{\"@type\":\"ReadAction\",\"target\":[\"https:\/\/schulen-rommerskirchen.de\/ggs-frixheim\/schulleben\/schmoekerstuebchen\/\"]}]},{\"@type\":\"BreadcrumbList\",\"@id\":\"https:\/\/schulen-rommerskirchen.de\/ggs-frixheim\/schulleben\/schmoekerstuebchen\/#breadcrumb\",\"itemListElement\":[{\"@type\":\"ListItem\",\"position\":1,\"name\":\"Startseite\",\"item\":\"https:\/\/schulen-rommerskirchen.de\/ggs-frixheim\/\"},{\"@type\":\"ListItem\",\"position\":2,\"name\":\"Schulleben\",\"item\":\"https:\/\/schulen-rommerskirchen.de\/ggs-frixheim\/schulleben\/\"},{\"@type\":\"ListItem\",\"position\":3,\"name\":\"Schm\u00f6kerst\u00fcbchen\"}]},{\"@type\":\"WebSite\",\"@id\":\"https:\/\/schulen-rommerskirchen.de\/ggs-frixheim\/#website\",\"url\":\"https:\/\/schulen-rommerskirchen.de\/ggs-frixheim\/\",\"name\":\"GGS Frixheim\",\"description\":\"Eine weitere Schulen - Rommerskirchen Websites Website\",\"publisher\":{\"@id\":\"https:\/\/schulen-rommerskirchen.de\/ggs-frixheim\/#organization\"},\"potentialAction\":[{\"@type\":\"SearchAction\",\"target\":{\"@type\":\"EntryPoint\",\"urlTemplate\":\"https:\/\/schulen-rommerskirchen.de\/ggs-frixheim\/?s={search_term_string}\"},\"query-input\":{\"@type\":\"PropertyValueSpecification\",\"valueRequired\":true,\"valueName\":\"search_term_string\"}}],\"inLanguage\":\"de\"},{\"@type\":\"Organization\",\"@id\":\"https:\/\/schulen-rommerskirchen.de\/ggs-frixheim\/#organization\",\"name\":\"Gemeinschaftsgrundschule Frixheim\",\"alternateName\":\"GGS Frixheim\",\"url\":\"https:\/\/schulen-rommerskirchen.de\/ggs-frixheim\/\",\"logo\":{\"@type\":\"ImageObject\",\"inLanguage\":\"de\",\"@id\":\"https:\/\/schulen-rommerskirchen.de\/ggs-frixheim\/#\/schema\/logo\/image\/\",\"url\":\"https:\/\/schulen-rommerskirchen.de\/ggs-frixheim\/wp-content\/uploads\/sites\/3\/2023\/03\/Logo-Frixheim-Schulclown.png\",\"contentUrl\":\"https:\/\/schulen-rommerskirchen.de\/ggs-frixheim\/wp-content\/uploads\/sites\/3\/2023\/03\/Logo-Frixheim-Schulclown.png\",\"width\":1284,\"height\":1278,\"caption\":\"Gemeinschaftsgrundschule Frixheim\"},\"image\":{\"@id\":\"https:\/\/schulen-rommerskirchen.de\/ggs-frixheim\/#\/schema\/logo\/image\/\"}}]}<\/script>\n<!-- \/ Yoast SEO plugin. -->","yoast_head_json":{"title":"Schm\u00f6kerst\u00fcbchen - GGS Frixheim","robots":{"index":"index","follow":"follow","max-snippet":"max-snippet:-1","max-image-preview":"max-image-preview:large","max-video-preview":"max-video-preview:-1"},"canonical":"https:\/\/schulen-rommerskirchen.de\/ggs-frixheim\/schulleben\/schmoekerstuebchen\/","og_locale":"de_DE","og_type":"article","og_title":"Schm\u00f6kerst\u00fcbchen - GGS Frixheim","og_description":"Unser Schm\u00f6kerst\u00fcbchenViele spannende B\u00fccher, Zeit zum Lesen und Schm\u00f6kern finden alle Sch\u00fclerinnen und Sch\u00fcler in unserer Schulb\u00fccherei - dem Schm\u00f6kerst\u00fcbchen. Jede Klasse hat eine feste B\u00fcchereizeit, in der sie das Schm\u00f6kerst\u00fcbchen besuchen kann. Nat\u00fcrlich k\u00f6nnen sich die Kinder hier auch ihre Lieblingsb\u00fccher ausleihen.","og_url":"https:\/\/schulen-rommerskirchen.de\/ggs-frixheim\/schulleben\/schmoekerstuebchen\/","og_site_name":"GGS Frixheim","article_modified_time":"2024-04-18T10:47:25+00:00","schema":{"@context":"https:\/\/schema.org","@graph":[{"@type":"WebPage","@id":"https:\/\/schulen-rommerskirchen.de\/ggs-frixheim\/schulleben\/schmoekerstuebchen\/","url":"https:\/\/schulen-rommerskirchen.de\/ggs-frixheim\/schulleben\/schmoekerstuebchen\/","name":"Schm\u00f6kerst\u00fcbchen - GGS Frixheim","isPartOf":{"@id":"https:\/\/schulen-rommerskirchen.de\/ggs-frixheim\/#website"},"datePublished":"2021-08-04T14:36:25+00:00","dateModified":"2024-04-18T10:47:25+00:00","breadcrumb":{"@id":"https:\/\/schulen-rommerskirchen.de\/ggs-frixheim\/schulleben\/schmoekerstuebchen\/#breadcrumb"},"inLanguage":"de","potentialAction":[{"@type":"ReadAction","target":["https:\/\/schulen-rommerskirchen.de\/ggs-frixheim\/schulleben\/schmoekerstuebchen\/"]}]},{"@type":"BreadcrumbList","@id":"https:\/\/schulen-rommerskirchen.de\/ggs-frixheim\/schulleben\/schmoekerstuebchen\/#breadcrumb","itemListElement":[{"@type":"ListItem","position":1,"name":"Startseite","item":"https:\/\/schulen-rommerskirchen.de\/ggs-frixheim\/"},{"@type":"ListItem","position":2,"name":"Schulleben","item":"https:\/\/schulen-rommerskirchen.de\/ggs-frixheim\/schulleben\/"},{"@type":"ListItem","position":3,"name":"Schm\u00f6kerst\u00fcbchen"}]},{"@type":"WebSite","@id":"https:\/\/schulen-rommerskirchen.de\/ggs-frixheim\/#website","url":"https:\/\/schulen-rommerskirchen.de\/ggs-frixheim\/","name":"GGS Frixheim","description":"Eine weitere Schulen - Rommerskirchen Websites Website","publisher":{"@id":"https:\/\/schulen-rommerskirchen.de\/ggs-frixheim\/#organization"},"potentialAction":[{"@type":"SearchAction","target":{"@type":"EntryPoint","urlTemplate":"https:\/\/schulen-rommerskirchen.de\/ggs-frixheim\/?s={search_term_string}"},"query-input":{"@type":"PropertyValueSpecification","valueRequired":true,"valueName":"search_term_string"}}],"inLanguage":"de"},{"@type":"Organization","@id":"https:\/\/schulen-rommerskirchen.de\/ggs-frixheim\/#organization","name":"Gemeinschaftsgrundschule Frixheim","alternateName":"GGS Frixheim","url":"https:\/\/schulen-rommerskirchen.de\/ggs-frixheim\/","logo":{"@type":"ImageObject","inLanguage":"de","@id":"https:\/\/schulen-rommerskirchen.de\/ggs-frixheim\/#\/schema\/logo\/image\/","url":"https:\/\/schulen-rommerskirchen.de\/ggs-frixheim\/wp-content\/uploads\/sites\/3\/2023\/03\/Logo-Frixheim-Schulclown.png","contentUrl":"https:\/\/schulen-rommerskirchen.de\/ggs-frixheim\/wp-content\/uploads\/sites\/3\/2023\/03\/Logo-Frixheim-Schulclown.png","width":1284,"height":1278,"caption":"Gemeinschaftsgrundschule Frixheim"},"image":{"@id":"https:\/\/schulen-rommerskirchen.de\/ggs-frixheim\/#\/schema\/logo\/image\/"}}]}},"publishpress_future_action":{"enabled":false,"date":"2026-04-26 10:48:39","action":"change-status","newStatus":"draft","terms":[],"taxonomy":"","extraData":[]},"publishpress_future_workflow_manual_trigger":{"enabledWorkflows":[]},"_links":{"self":[{"href":"https:\/\/schulen-rommerskirchen.de\/ggs-frixheim\/wp-json\/wp\/v2\/pages\/68","targetHints":{"allow":["GET"]}}],"collection":[{"href":"https:\/\/schulen-rommerskirchen.de\/ggs-frixheim\/wp-json\/wp\/v2\/pages"}],"about":[{"href":"https:\/\/schulen-rommerskirchen.de\/ggs-frixheim\/wp-json\/wp\/v2\/types\/page"}],"author":[{"embeddable":true,"href":"https:\/\/schulen-rommerskirchen.de\/ggs-frixheim\/wp-json\/wp\/v2\/users\/1"}],"replies":[{"embeddable":true,"href":"https:\/\/schulen-rommerskirchen.de\/ggs-frixheim\/wp-json\/wp\/v2\/comments?post=68"}],"version-history":[{"count":5,"href":"https:\/\/schulen-rommerskirchen.de\/ggs-frixheim\/wp-json\/wp\/v2\/pages\/68\/revisions"}],"predecessor-version":[{"id":1480,"href":"https:\/\/schulen-rommerskirchen.de\/ggs-frixheim\/wp-json\/wp\/v2\/pages\/68\/revisions\/1480"}],"up":[{"embeddable":true,"href":"https:\/\/schulen-rommerskirchen.de\/ggs-frixheim\/wp-json\/wp\/v2\/pages\/36"}],"wp:attachment":[{"href":"https:\/\/schulen-rommerskirchen.de\/ggs-frixheim\/wp-json\/wp\/v2\/media?parent=68"}],"curies":[{"name":"wp","href":"https:\/\/api.w.org\/{rel}","templated":true}]}}