{"id":50,"date":"2021-08-04T16:32:55","date_gmt":"2021-08-04T14:32:55","guid":{"rendered":"https:\/\/schulen-rommerskirchen.de\/ggs-frixheim\/?page_id=50"},"modified":"2024-04-18T12:51:27","modified_gmt":"2024-04-18T10:51:27","slug":"unser-gruenes-klassenzimmer","status":"publish","type":"page","link":"https:\/\/schulen-rommerskirchen.de\/ggs-frixheim\/schulleben\/unser-gruenes-klassenzimmer\/","title":{"rendered":"Unser gr\u00fcnes Klassenzimmer"},"content":{"rendered":"<p>[et_pb_section fb_built=&#8220;1&#8243; admin_label=&#8220;Admissions&#8220; _builder_version=&#8220;4.24.3&#8243; background_image=&#8220;https:\/\/schulen-rommerskirchen.de\/ggs-frixheim\/wp-content\/uploads\/sites\/3\/2023\/03\/shapes-bg-1.png&#8220; parallax=&#8220;on&#8220; custom_padding=&#8220;0px||2vw||false|false&#8220; hover_enabled=&#8220;0&#8243; global_colors_info=&#8220;{}&#8220; sticky_enabled=&#8220;0&#8243;][et_pb_row admin_label=&#8220;ganze bunte Welle &#8211; NICHT L\u00d6SCHEN&#8220; hide_aria_element=&#8220;on&#8220; _builder_version=&#8220;4.20.4&#8243; _module_preset=&#8220;default&#8220; width=&#8220;100%&#8220; max_width=&#8220;100%&#8220; custom_margin=&#8220;0px||||false|false&#8220; custom_padding=&#8220;1em||||false|false&#8220; global_module=&#8220;283&#8243; saved_tabs=&#8220;all&#8220; global_colors_info=&#8220;{}&#8220;][et_pb_column type=&#8220;4_4&#8243; _builder_version=&#8220;4.20.1&#8243; _module_preset=&#8220;default&#8220; global_colors_info=&#8220;{}&#8220;][et_pb_image src=&#8220;https:\/\/schulen-rommerskirchen.de\/ggs-frixheim\/wp-content\/uploads\/sites\/3\/2023\/03\/wel-3f-header-voll.png&#8220; alt=&#8220;Welle&#8220; title_text=&#8220;Welle&#8220; force_fullwidth=&#8220;on&#8220; admin_label=&#8220;bunte Welle voll&#8220; hide_aria_element=&#8220;on&#8220; _builder_version=&#8220;4.20.1&#8243; _module_preset=&#8220;default&#8220; custom_margin=&#8220;0px||||false|false&#8220; custom_padding=&#8220;0px||||false|false&#8220; global_colors_info=&#8220;{}&#8220;][\/et_pb_image][\/et_pb_column][\/et_pb_row][et_pb_row custom_padding_last_edited=&#8220;off|desktop&#8220; _builder_version=&#8220;4.19.5&#8243; _module_preset=&#8220;default&#8220; global_colors_info=&#8220;{}&#8220;][et_pb_column type=&#8220;4_4&#8243; _builder_version=&#8220;4.19.5&#8243; _module_preset=&#8220;default&#8220; global_colors_info=&#8220;{}&#8220;][et_pb_text _builder_version=&#8220;4.23.1&#8243; _module_preset=&#8220;default&#8220; text_font_size=&#8220;18px&#8220; header_text_align=&#8220;center&#8220; text_orientation=&#8220;center&#8220; global_colors_info=&#8220;{}&#8220;]<\/p>\n<h1>Unser gr\u00fcnes Klassenzimmer<\/h1>\n<p>[\/et_pb_text][et_pb_image src=&#8220;https:\/\/schulen-rommerskirchen.de\/ggs-frixheim\/wp-content\/uploads\/sites\/3\/2023\/03\/IMG_0105a.jpg&#8220; alt=&#8220;Gr\u00fcnes Klassenzimmer&#8220; title_text=&#8220;Gr\u00fcnes Klassenzimmer&#8220; force_fullwidth=&#8220;on&#8220; disabled_on=&#8220;on|on|on&#8220; _builder_version=&#8220;4.24.2&#8243; _module_preset=&#8220;default&#8220; border_radii=&#8220;on|10px|10px|10px|10px&#8220; disabled=&#8220;on&#8220; global_colors_info=&#8220;{}&#8220;][\/et_pb_image][\/et_pb_column][\/et_pb_row][et_pb_row _builder_version=&#8220;4.20.1&#8243; _module_preset=&#8220;default&#8220; global_colors_info=&#8220;{}&#8220;][et_pb_column type=&#8220;4_4&#8243; _builder_version=&#8220;4.20.1&#8243; _module_preset=&#8220;default&#8220; global_colors_info=&#8220;{}&#8220;][et_pb_text _builder_version=&#8220;4.22.0&#8243; _module_preset=&#8220;default&#8220; text_font=&#8220;||||||||&#8220; global_colors_info=&#8220;{}&#8220;]<\/p>\n<h2>Gr\u00fcnes Klassenzimmer an der GGS Frixheim erstrahlt in neuem Glanz<\/h2>\n<p><strong>Rommerskirchen<\/strong> Bereits vor 10 Jahren entstand an der GGS Frixheim ein \u201egr\u00fcnes Klassenzimmer\u201c.<\/p>\n<p>Acht stabile Holzb\u00e4nke \u2013 im Kreis angeordnet -mit Durchg\u00e4ngen zum Hinein \u2013 und Hinausgehen sowie Heckenstr\u00e4ucher, die als Sichtschutz Richtung Stra\u00dfe und Parkplatz dienen, machten diesen \u201eRaum\u201c ausgesprochen attraktiv. Er wurde und wird intensiv zum Spielen und Lernen im Freien genutzt. Die Kinder der Grundschule Frixheim hatten ausgesprochen viel Spa\u00df mit ihrem neuen Raum.<\/p>\n<p>Im Laufe der Jahre hatten an den aufgestellten Holzb\u00e4nken deutlich der Zahn der Zeit genagt. Sie waren an vielen Stellen schlichtweg durchgefault.<\/p>\n<p>Der F\u00f6rderverein der Schule setzte sich \u2013 in Absprache mit der Schulleitung und dem Schultr\u00e4ger &#8211; das ehrgeizige Ziel eine grundlegende Erneuerung vorzunehmen.<\/p>\n<p>Mit der diesj\u00e4hrigen Spende aus den Rommerskirchener Golfmeisterschaften in H\u00f6he von 4.500 \u20ac war die Finanzierung des Projekts gesichert.<\/p>\n<p>B\u00fcrgermeister Dr. Martin Mertens lie\u00df es sich nicht nehmen, das neugestaltete \u201eZimmer\u201c selbst in Augenschein zu nehmen.<\/p>\n<p>F\u00fcr das gro\u00dfartige Engagement dankte er insbesondere dem F\u00f6rderverein um Rebecca Haug-K\u00fcpper und Sandra Clemens und wiederholte auch seinen Dank an die Golfer, die seit Jahren mit ihrer \u201eWeihnachtsspende\u201c solche Projekte erm\u00f6glichen.<\/p>\n<p>[\/et_pb_text][et_pb_post_slider include_categories=&#8220;17&#8243; show_meta=&#8220;off&#8220; disabled_on=&#8220;on|on|on&#8220; _builder_version=&#8220;4.24.2&#8243; _module_preset=&#8220;default&#8220; border_radii=&#8220;on|10px|10px|10px|10px&#8220; box_shadow_style=&#8220;preset3&#8243; disabled=&#8220;on&#8220; global_colors_info=&#8220;{}&#8220;][\/et_pb_post_slider][\/et_pb_column][\/et_pb_row][et_pb_row _builder_version=&#8220;4.20.1&#8243; _module_preset=&#8220;default&#8220; global_colors_info=&#8220;{}&#8220;][et_pb_column type=&#8220;4_4&#8243; _builder_version=&#8220;4.20.1&#8243; _module_preset=&#8220;default&#8220; global_colors_info=&#8220;{}&#8220;][et_pb_gallery gallery_ids=&#8220;359,757,250,1029&#8243; show_title_and_caption=&#8220;off&#8220; show_pagination=&#8220;off&#8220; _builder_version=&#8220;4.24.2&#8243; _module_preset=&#8220;default&#8220; custom_padding=&#8220;|3px||||&#8220; border_radii_image=&#8220;on|10px|10px|10px|10px&#8220; box_shadow_style_image=&#8220;preset3&#8243; global_colors_info=&#8220;{}&#8220;][\/et_pb_gallery][\/et_pb_column][\/et_pb_row][\/et_pb_section]<\/p>\n","protected":false},"excerpt":{"rendered":"<p>Unser gr\u00fcnes KlassenzimmerGr\u00fcnes Klassenzimmer an der GGS Frixheim erstrahlt in neuem Glanz Rommerskirchen Bereits vor 10 Jahren entstand an der GGS Frixheim ein \u201egr\u00fcnes Klassenzimmer\u201c. Acht stabile Holzb\u00e4nke \u2013 im Kreis angeordnet -mit Durchg\u00e4ngen zum Hinein \u2013 und Hinausgehen sowie Heckenstr\u00e4ucher, die als Sichtschutz Richtung Stra\u00dfe und Parkplatz dienen, machten diesen \u201eRaum\u201c ausgesprochen attraktiv. Er [&hellip;]<\/p>\n","protected":false},"author":1,"featured_media":0,"parent":36,"menu_order":2,"comment_status":"closed","ping_status":"closed","template":"","meta":{"_et_pb_use_builder":"on","_et_pb_old_content":"<!-- wp:divi\/placeholder \/-->","_et_gb_content_width":"","inline_featured_image":false,"footnotes":"","_links_to":"","_links_to_target":""},"class_list":["post-50","page","type-page","status-publish","hentry"],"yoast_head":"<!-- This site is optimized with the Yoast SEO plugin v27.2 - https:\/\/yoast.com\/product\/yoast-seo-wordpress\/ -->\n<title>Unser gr\u00fcnes Klassenzimmer - GGS Frixheim<\/title>\n<meta name=\"robots\" content=\"index, follow, max-snippet:-1, max-image-preview:large, max-video-preview:-1\" \/>\n<link rel=\"canonical\" href=\"https:\/\/schulen-rommerskirchen.de\/ggs-frixheim\/schulleben\/unser-gruenes-klassenzimmer\/\" \/>\n<meta property=\"og:locale\" content=\"de_DE\" \/>\n<meta property=\"og:type\" content=\"article\" \/>\n<meta property=\"og:title\" content=\"Unser gr\u00fcnes Klassenzimmer - GGS Frixheim\" \/>\n<meta property=\"og:description\" content=\"Unser gr\u00fcnes KlassenzimmerGr\u00fcnes Klassenzimmer an der GGS Frixheim erstrahlt in neuem Glanz Rommerskirchen Bereits vor 10 Jahren entstand an der GGS Frixheim ein \u201egr\u00fcnes Klassenzimmer\u201c. Acht stabile Holzb\u00e4nke \u2013 im Kreis angeordnet -mit Durchg\u00e4ngen zum Hinein \u2013 und Hinausgehen sowie Heckenstr\u00e4ucher, die als Sichtschutz Richtung Stra\u00dfe und Parkplatz dienen, machten diesen \u201eRaum\u201c ausgesprochen attraktiv. Er [&hellip;]\" \/>\n<meta property=\"og:url\" content=\"https:\/\/schulen-rommerskirchen.de\/ggs-frixheim\/schulleben\/unser-gruenes-klassenzimmer\/\" \/>\n<meta property=\"og:site_name\" content=\"GGS Frixheim\" \/>\n<meta property=\"article:modified_time\" content=\"2024-04-18T10:51:27+00:00\" \/>\n<script type=\"application\/ld+json\" class=\"yoast-schema-graph\">{\"@context\":\"https:\/\/schema.org\",\"@graph\":[{\"@type\":\"WebPage\",\"@id\":\"https:\/\/schulen-rommerskirchen.de\/ggs-frixheim\/schulleben\/unser-gruenes-klassenzimmer\/\",\"url\":\"https:\/\/schulen-rommerskirchen.de\/ggs-frixheim\/schulleben\/unser-gruenes-klassenzimmer\/\",\"name\":\"Unser gr\u00fcnes Klassenzimmer - GGS Frixheim\",\"isPartOf\":{\"@id\":\"https:\/\/schulen-rommerskirchen.de\/ggs-frixheim\/#website\"},\"datePublished\":\"2021-08-04T14:32:55+00:00\",\"dateModified\":\"2024-04-18T10:51:27+00:00\",\"breadcrumb\":{\"@id\":\"https:\/\/schulen-rommerskirchen.de\/ggs-frixheim\/schulleben\/unser-gruenes-klassenzimmer\/#breadcrumb\"},\"inLanguage\":\"de\",\"potentialAction\":[{\"@type\":\"ReadAction\",\"target\":[\"https:\/\/schulen-rommerskirchen.de\/ggs-frixheim\/schulleben\/unser-gruenes-klassenzimmer\/\"]}]},{\"@type\":\"BreadcrumbList\",\"@id\":\"https:\/\/schulen-rommerskirchen.de\/ggs-frixheim\/schulleben\/unser-gruenes-klassenzimmer\/#breadcrumb\",\"itemListElement\":[{\"@type\":\"ListItem\",\"position\":1,\"name\":\"Startseite\",\"item\":\"https:\/\/schulen-rommerskirchen.de\/ggs-frixheim\/\"},{\"@type\":\"ListItem\",\"position\":2,\"name\":\"Schulleben\",\"item\":\"https:\/\/schulen-rommerskirchen.de\/ggs-frixheim\/schulleben\/\"},{\"@type\":\"ListItem\",\"position\":3,\"name\":\"Unser gr\u00fcnes Klassenzimmer\"}]},{\"@type\":\"WebSite\",\"@id\":\"https:\/\/schulen-rommerskirchen.de\/ggs-frixheim\/#website\",\"url\":\"https:\/\/schulen-rommerskirchen.de\/ggs-frixheim\/\",\"name\":\"GGS Frixheim\",\"description\":\"Eine weitere Schulen - Rommerskirchen Websites Website\",\"publisher\":{\"@id\":\"https:\/\/schulen-rommerskirchen.de\/ggs-frixheim\/#organization\"},\"potentialAction\":[{\"@type\":\"SearchAction\",\"target\":{\"@type\":\"EntryPoint\",\"urlTemplate\":\"https:\/\/schulen-rommerskirchen.de\/ggs-frixheim\/?s={search_term_string}\"},\"query-input\":{\"@type\":\"PropertyValueSpecification\",\"valueRequired\":true,\"valueName\":\"search_term_string\"}}],\"inLanguage\":\"de\"},{\"@type\":\"Organization\",\"@id\":\"https:\/\/schulen-rommerskirchen.de\/ggs-frixheim\/#organization\",\"name\":\"Gemeinschaftsgrundschule Frixheim\",\"alternateName\":\"GGS Frixheim\",\"url\":\"https:\/\/schulen-rommerskirchen.de\/ggs-frixheim\/\",\"logo\":{\"@type\":\"ImageObject\",\"inLanguage\":\"de\",\"@id\":\"https:\/\/schulen-rommerskirchen.de\/ggs-frixheim\/#\/schema\/logo\/image\/\",\"url\":\"https:\/\/schulen-rommerskirchen.de\/ggs-frixheim\/wp-content\/uploads\/sites\/3\/2023\/03\/Logo-Frixheim-Schulclown.png\",\"contentUrl\":\"https:\/\/schulen-rommerskirchen.de\/ggs-frixheim\/wp-content\/uploads\/sites\/3\/2023\/03\/Logo-Frixheim-Schulclown.png\",\"width\":1284,\"height\":1278,\"caption\":\"Gemeinschaftsgrundschule Frixheim\"},\"image\":{\"@id\":\"https:\/\/schulen-rommerskirchen.de\/ggs-frixheim\/#\/schema\/logo\/image\/\"}}]}<\/script>\n<!-- \/ Yoast SEO plugin. -->","yoast_head_json":{"title":"Unser gr\u00fcnes Klassenzimmer - GGS Frixheim","robots":{"index":"index","follow":"follow","max-snippet":"max-snippet:-1","max-image-preview":"max-image-preview:large","max-video-preview":"max-video-preview:-1"},"canonical":"https:\/\/schulen-rommerskirchen.de\/ggs-frixheim\/schulleben\/unser-gruenes-klassenzimmer\/","og_locale":"de_DE","og_type":"article","og_title":"Unser gr\u00fcnes Klassenzimmer - GGS Frixheim","og_description":"Unser gr\u00fcnes KlassenzimmerGr\u00fcnes Klassenzimmer an der GGS Frixheim erstrahlt in neuem Glanz Rommerskirchen Bereits vor 10 Jahren entstand an der GGS Frixheim ein \u201egr\u00fcnes Klassenzimmer\u201c. Acht stabile Holzb\u00e4nke \u2013 im Kreis angeordnet -mit Durchg\u00e4ngen zum Hinein \u2013 und Hinausgehen sowie Heckenstr\u00e4ucher, die als Sichtschutz Richtung Stra\u00dfe und Parkplatz dienen, machten diesen \u201eRaum\u201c ausgesprochen attraktiv. Er [&hellip;]","og_url":"https:\/\/schulen-rommerskirchen.de\/ggs-frixheim\/schulleben\/unser-gruenes-klassenzimmer\/","og_site_name":"GGS Frixheim","article_modified_time":"2024-04-18T10:51:27+00:00","schema":{"@context":"https:\/\/schema.org","@graph":[{"@type":"WebPage","@id":"https:\/\/schulen-rommerskirchen.de\/ggs-frixheim\/schulleben\/unser-gruenes-klassenzimmer\/","url":"https:\/\/schulen-rommerskirchen.de\/ggs-frixheim\/schulleben\/unser-gruenes-klassenzimmer\/","name":"Unser gr\u00fcnes Klassenzimmer - GGS Frixheim","isPartOf":{"@id":"https:\/\/schulen-rommerskirchen.de\/ggs-frixheim\/#website"},"datePublished":"2021-08-04T14:32:55+00:00","dateModified":"2024-04-18T10:51:27+00:00","breadcrumb":{"@id":"https:\/\/schulen-rommerskirchen.de\/ggs-frixheim\/schulleben\/unser-gruenes-klassenzimmer\/#breadcrumb"},"inLanguage":"de","potentialAction":[{"@type":"ReadAction","target":["https:\/\/schulen-rommerskirchen.de\/ggs-frixheim\/schulleben\/unser-gruenes-klassenzimmer\/"]}]},{"@type":"BreadcrumbList","@id":"https:\/\/schulen-rommerskirchen.de\/ggs-frixheim\/schulleben\/unser-gruenes-klassenzimmer\/#breadcrumb","itemListElement":[{"@type":"ListItem","position":1,"name":"Startseite","item":"https:\/\/schulen-rommerskirchen.de\/ggs-frixheim\/"},{"@type":"ListItem","position":2,"name":"Schulleben","item":"https:\/\/schulen-rommerskirchen.de\/ggs-frixheim\/schulleben\/"},{"@type":"ListItem","position":3,"name":"Unser gr\u00fcnes Klassenzimmer"}]},{"@type":"WebSite","@id":"https:\/\/schulen-rommerskirchen.de\/ggs-frixheim\/#website","url":"https:\/\/schulen-rommerskirchen.de\/ggs-frixheim\/","name":"GGS Frixheim","description":"Eine weitere Schulen - Rommerskirchen Websites Website","publisher":{"@id":"https:\/\/schulen-rommerskirchen.de\/ggs-frixheim\/#organization"},"potentialAction":[{"@type":"SearchAction","target":{"@type":"EntryPoint","urlTemplate":"https:\/\/schulen-rommerskirchen.de\/ggs-frixheim\/?s={search_term_string}"},"query-input":{"@type":"PropertyValueSpecification","valueRequired":true,"valueName":"search_term_string"}}],"inLanguage":"de"},{"@type":"Organization","@id":"https:\/\/schulen-rommerskirchen.de\/ggs-frixheim\/#organization","name":"Gemeinschaftsgrundschule Frixheim","alternateName":"GGS Frixheim","url":"https:\/\/schulen-rommerskirchen.de\/ggs-frixheim\/","logo":{"@type":"ImageObject","inLanguage":"de","@id":"https:\/\/schulen-rommerskirchen.de\/ggs-frixheim\/#\/schema\/logo\/image\/","url":"https:\/\/schulen-rommerskirchen.de\/ggs-frixheim\/wp-content\/uploads\/sites\/3\/2023\/03\/Logo-Frixheim-Schulclown.png","contentUrl":"https:\/\/schulen-rommerskirchen.de\/ggs-frixheim\/wp-content\/uploads\/sites\/3\/2023\/03\/Logo-Frixheim-Schulclown.png","width":1284,"height":1278,"caption":"Gemeinschaftsgrundschule Frixheim"},"image":{"@id":"https:\/\/schulen-rommerskirchen.de\/ggs-frixheim\/#\/schema\/logo\/image\/"}}]}},"publishpress_future_action":{"enabled":false,"date":"2026-04-21 13:39:22","action":"change-status","newStatus":"draft","terms":[],"taxonomy":"","extraData":[]},"publishpress_future_workflow_manual_trigger":{"enabledWorkflows":[]},"_links":{"self":[{"href":"https:\/\/schulen-rommerskirchen.de\/ggs-frixheim\/wp-json\/wp\/v2\/pages\/50","targetHints":{"allow":["GET"]}}],"collection":[{"href":"https:\/\/schulen-rommerskirchen.de\/ggs-frixheim\/wp-json\/wp\/v2\/pages"}],"about":[{"href":"https:\/\/schulen-rommerskirchen.de\/ggs-frixheim\/wp-json\/wp\/v2\/types\/page"}],"author":[{"embeddable":true,"href":"https:\/\/schulen-rommerskirchen.de\/ggs-frixheim\/wp-json\/wp\/v2\/users\/1"}],"replies":[{"embeddable":true,"href":"https:\/\/schulen-rommerskirchen.de\/ggs-frixheim\/wp-json\/wp\/v2\/comments?post=50"}],"version-history":[{"count":15,"href":"https:\/\/schulen-rommerskirchen.de\/ggs-frixheim\/wp-json\/wp\/v2\/pages\/50\/revisions"}],"predecessor-version":[{"id":1493,"href":"https:\/\/schulen-rommerskirchen.de\/ggs-frixheim\/wp-json\/wp\/v2\/pages\/50\/revisions\/1493"}],"up":[{"embeddable":true,"href":"https:\/\/schulen-rommerskirchen.de\/ggs-frixheim\/wp-json\/wp\/v2\/pages\/36"}],"wp:attachment":[{"href":"https:\/\/schulen-rommerskirchen.de\/ggs-frixheim\/wp-json\/wp\/v2\/media?parent=50"}],"curies":[{"name":"wp","href":"https:\/\/api.w.org\/{rel}","templated":true}]}}