{"id":1064,"date":"2023-08-22T12:56:14","date_gmt":"2023-08-22T10:56:14","guid":{"rendered":"https:\/\/schulen-rommerskirchen.de\/ggs-frixheim\/?page_id=1064"},"modified":"2024-04-18T12:34:41","modified_gmt":"2024-04-18T10:34:41","slug":"hausaufgabenbetreuung-2","status":"publish","type":"page","link":"https:\/\/schulen-rommerskirchen.de\/ggs-frixheim\/ogs\/hausaufgabenbetreuung-2\/","title":{"rendered":"Hausaufgabenbetreuung"},"content":{"rendered":"<p>[et_pb_section fb_built=&#8220;1&#8243; _builder_version=&#8220;4.24.3&#8243; background_image=&#8220;https:\/\/schulen-rommerskirchen.de\/ggs-frixheim\/wp-content\/uploads\/sites\/3\/2023\/03\/shapes-bg-1.png&#8220; parallax=&#8220;on&#8220; custom_padding=&#8220;0px||2vw||false|false&#8220; hover_enabled=&#8220;0&#8243; global_colors_info=&#8220;{}&#8220; sticky_enabled=&#8220;0&#8243;][et_pb_row admin_label=&#8220;ganze bunte Welle &#8211; NICHT L\u00d6SCHEN&#8220; hide_aria_element=&#8220;on&#8220; _builder_version=&#8220;4.20.4&#8243; _module_preset=&#8220;default&#8220; width=&#8220;100%&#8220; max_width=&#8220;100%&#8220; custom_margin=&#8220;0px||||false|false&#8220; custom_padding=&#8220;1em||||false|false&#8220; global_module=&#8220;283&#8243; saved_tabs=&#8220;all&#8220; global_colors_info=&#8220;{}&#8220;][et_pb_column type=&#8220;4_4&#8243; _builder_version=&#8220;4.20.1&#8243; _module_preset=&#8220;default&#8220; global_colors_info=&#8220;{}&#8220;][et_pb_image src=&#8220;https:\/\/schulen-rommerskirchen.de\/ggs-frixheim\/wp-content\/uploads\/sites\/3\/2023\/03\/wel-3f-header-voll.png&#8220; alt=&#8220;Welle&#8220; title_text=&#8220;Welle&#8220; force_fullwidth=&#8220;on&#8220; admin_label=&#8220;bunte Welle voll&#8220; hide_aria_element=&#8220;on&#8220; _builder_version=&#8220;4.20.1&#8243; _module_preset=&#8220;default&#8220; custom_margin=&#8220;0px||||false|false&#8220; custom_padding=&#8220;0px||||false|false&#8220; global_colors_info=&#8220;{}&#8220;][\/et_pb_image][\/et_pb_column][\/et_pb_row][et_pb_row custom_padding_last_edited=&#8220;off|desktop&#8220; _builder_version=&#8220;4.19.5&#8243; _module_preset=&#8220;default&#8220; global_colors_info=&#8220;{}&#8220;][et_pb_column type=&#8220;4_4&#8243; _builder_version=&#8220;4.19.5&#8243; _module_preset=&#8220;default&#8220; global_colors_info=&#8220;{}&#8220;][et_pb_text admin_label=&#8220;\u00dcberschrift&#8220; _builder_version=&#8220;4.22.0&#8243; _module_preset=&#8220;default&#8220; text_font_size=&#8220;18px&#8220; header_text_align=&#8220;center&#8220; text_orientation=&#8220;center&#8220; global_colors_info=&#8220;{}&#8220;]<\/p>\n<h1>Hausaufgabenbetreuung<\/h1>\n<p>[\/et_pb_text][\/et_pb_column][\/et_pb_row][et_pb_row _builder_version=&#8220;4.20.4&#8243; _module_preset=&#8220;default&#8220; custom_padding=&#8220;||||false|false&#8220; global_colors_info=&#8220;{}&#8220;][et_pb_column type=&#8220;4_4&#8243; _builder_version=&#8220;4.20.1&#8243; _module_preset=&#8220;default&#8220; global_colors_info=&#8220;{}&#8220;][et_pb_text admin_label=&#8220;Hausaufgabenbetreuung&#8220; _builder_version=&#8220;4.22.0&#8243; _module_preset=&#8220;default&#8220; global_colors_info=&#8220;{}&#8220;]<\/p>\n<p class=\"bodytext\">F\u00fcr <b>die Hausaufgabenbetreuung<\/b> (Silentium) stehen die Klassenr\u00e4ume zur Verf\u00fcgung, in denen die Kinder die gewohnte Lernatmosph\u00e4re der Schule wiederfinden.<\/p>\n<p class=\"bodytext\">Die Kinder beginnen jeweils nach dem Essen mit den Hausaufgaben, d.h. ab 12.30 Uhr, ab 13.30 Uhr und ab 14.15 Uhr.<\/p>\n<p class=\"bodytext\">Das Silentium wird von drei erfahrenen Mitarbeitenden geleitet. Die der OGS zur Verf\u00fcgung stehenden Lehrerstunden werden ebenfalls in der Hausaufgabenbetreuung eingesetzt.<\/p>\n<p class=\"bodytext\">Gezielte F\u00f6rderung einzelner Kinder findet in Absprache mit Eltern und Lehrern zu festgelegten Terminen statt.<\/p>\n<p>[\/et_pb_text][\/et_pb_column][\/et_pb_row][\/et_pb_section]<\/p>\n","protected":false},"excerpt":{"rendered":"<p>HausaufgabenbetreuungF\u00fcr die Hausaufgabenbetreuung (Silentium) stehen die Klassenr\u00e4ume zur Verf\u00fcgung, in denen die Kinder die gewohnte Lernatmosph\u00e4re der Schule wiederfinden. Die Kinder beginnen jeweils nach dem Essen mit den Hausaufgaben, d.h. ab 12.30 Uhr, ab 13.30 Uhr und ab 14.15 Uhr. Das Silentium wird von drei erfahrenen Mitarbeitenden geleitet. Die der OGS zur Verf\u00fcgung stehenden Lehrerstunden [&hellip;]<\/p>\n","protected":false},"author":3,"featured_media":0,"parent":66,"menu_order":3,"comment_status":"closed","ping_status":"closed","template":"","meta":{"_et_pb_use_builder":"on","_et_pb_old_content":"","_et_gb_content_width":"","inline_featured_image":false,"footnotes":"","_links_to":"","_links_to_target":""},"class_list":["post-1064","page","type-page","status-publish","hentry"],"yoast_head":"<!-- This site is optimized with the Yoast SEO plugin v27.2 - https:\/\/yoast.com\/product\/yoast-seo-wordpress\/ -->\n<title>Hausaufgabenbetreuung - GGS Frixheim<\/title>\n<meta name=\"robots\" content=\"index, follow, max-snippet:-1, max-image-preview:large, max-video-preview:-1\" \/>\n<link rel=\"canonical\" href=\"https:\/\/schulen-rommerskirchen.de\/ggs-frixheim\/ogs\/hausaufgabenbetreuung-2\/\" \/>\n<meta property=\"og:locale\" content=\"de_DE\" \/>\n<meta property=\"og:type\" content=\"article\" \/>\n<meta property=\"og:title\" content=\"Hausaufgabenbetreuung - GGS Frixheim\" \/>\n<meta property=\"og:description\" content=\"HausaufgabenbetreuungF\u00fcr die Hausaufgabenbetreuung (Silentium) stehen die Klassenr\u00e4ume zur Verf\u00fcgung, in denen die Kinder die gewohnte Lernatmosph\u00e4re der Schule wiederfinden. Die Kinder beginnen jeweils nach dem Essen mit den Hausaufgaben, d.h. ab 12.30 Uhr, ab 13.30 Uhr und ab 14.15 Uhr. Das Silentium wird von drei erfahrenen Mitarbeitenden geleitet. Die der OGS zur Verf\u00fcgung stehenden Lehrerstunden [&hellip;]\" \/>\n<meta property=\"og:url\" content=\"https:\/\/schulen-rommerskirchen.de\/ggs-frixheim\/ogs\/hausaufgabenbetreuung-2\/\" \/>\n<meta property=\"og:site_name\" content=\"GGS Frixheim\" \/>\n<meta property=\"article:modified_time\" content=\"2024-04-18T10:34:41+00:00\" \/>\n<script type=\"application\/ld+json\" class=\"yoast-schema-graph\">{\"@context\":\"https:\/\/schema.org\",\"@graph\":[{\"@type\":\"WebPage\",\"@id\":\"https:\/\/schulen-rommerskirchen.de\/ggs-frixheim\/ogs\/hausaufgabenbetreuung-2\/\",\"url\":\"https:\/\/schulen-rommerskirchen.de\/ggs-frixheim\/ogs\/hausaufgabenbetreuung-2\/\",\"name\":\"Hausaufgabenbetreuung - GGS Frixheim\",\"isPartOf\":{\"@id\":\"https:\/\/schulen-rommerskirchen.de\/ggs-frixheim\/#website\"},\"datePublished\":\"2023-08-22T10:56:14+00:00\",\"dateModified\":\"2024-04-18T10:34:41+00:00\",\"breadcrumb\":{\"@id\":\"https:\/\/schulen-rommerskirchen.de\/ggs-frixheim\/ogs\/hausaufgabenbetreuung-2\/#breadcrumb\"},\"inLanguage\":\"de\",\"potentialAction\":[{\"@type\":\"ReadAction\",\"target\":[\"https:\/\/schulen-rommerskirchen.de\/ggs-frixheim\/ogs\/hausaufgabenbetreuung-2\/\"]}]},{\"@type\":\"BreadcrumbList\",\"@id\":\"https:\/\/schulen-rommerskirchen.de\/ggs-frixheim\/ogs\/hausaufgabenbetreuung-2\/#breadcrumb\",\"itemListElement\":[{\"@type\":\"ListItem\",\"position\":1,\"name\":\"Startseite\",\"item\":\"https:\/\/schulen-rommerskirchen.de\/ggs-frixheim\/\"},{\"@type\":\"ListItem\",\"position\":2,\"name\":\"OGS\",\"item\":\"https:\/\/schulen-rommerskirchen.de\/ggs-frixheim\/ogs\/\"},{\"@type\":\"ListItem\",\"position\":3,\"name\":\"Hausaufgabenbetreuung\"}]},{\"@type\":\"WebSite\",\"@id\":\"https:\/\/schulen-rommerskirchen.de\/ggs-frixheim\/#website\",\"url\":\"https:\/\/schulen-rommerskirchen.de\/ggs-frixheim\/\",\"name\":\"GGS Frixheim\",\"description\":\"Eine weitere Schulen - Rommerskirchen Websites Website\",\"publisher\":{\"@id\":\"https:\/\/schulen-rommerskirchen.de\/ggs-frixheim\/#organization\"},\"potentialAction\":[{\"@type\":\"SearchAction\",\"target\":{\"@type\":\"EntryPoint\",\"urlTemplate\":\"https:\/\/schulen-rommerskirchen.de\/ggs-frixheim\/?s={search_term_string}\"},\"query-input\":{\"@type\":\"PropertyValueSpecification\",\"valueRequired\":true,\"valueName\":\"search_term_string\"}}],\"inLanguage\":\"de\"},{\"@type\":\"Organization\",\"@id\":\"https:\/\/schulen-rommerskirchen.de\/ggs-frixheim\/#organization\",\"name\":\"Gemeinschaftsgrundschule Frixheim\",\"alternateName\":\"GGS Frixheim\",\"url\":\"https:\/\/schulen-rommerskirchen.de\/ggs-frixheim\/\",\"logo\":{\"@type\":\"ImageObject\",\"inLanguage\":\"de\",\"@id\":\"https:\/\/schulen-rommerskirchen.de\/ggs-frixheim\/#\/schema\/logo\/image\/\",\"url\":\"https:\/\/schulen-rommerskirchen.de\/ggs-frixheim\/wp-content\/uploads\/sites\/3\/2023\/03\/Logo-Frixheim-Schulclown.png\",\"contentUrl\":\"https:\/\/schulen-rommerskirchen.de\/ggs-frixheim\/wp-content\/uploads\/sites\/3\/2023\/03\/Logo-Frixheim-Schulclown.png\",\"width\":1284,\"height\":1278,\"caption\":\"Gemeinschaftsgrundschule Frixheim\"},\"image\":{\"@id\":\"https:\/\/schulen-rommerskirchen.de\/ggs-frixheim\/#\/schema\/logo\/image\/\"}}]}<\/script>\n<!-- \/ Yoast SEO plugin. -->","yoast_head_json":{"title":"Hausaufgabenbetreuung - GGS Frixheim","robots":{"index":"index","follow":"follow","max-snippet":"max-snippet:-1","max-image-preview":"max-image-preview:large","max-video-preview":"max-video-preview:-1"},"canonical":"https:\/\/schulen-rommerskirchen.de\/ggs-frixheim\/ogs\/hausaufgabenbetreuung-2\/","og_locale":"de_DE","og_type":"article","og_title":"Hausaufgabenbetreuung - GGS Frixheim","og_description":"HausaufgabenbetreuungF\u00fcr die Hausaufgabenbetreuung (Silentium) stehen die Klassenr\u00e4ume zur Verf\u00fcgung, in denen die Kinder die gewohnte Lernatmosph\u00e4re der Schule wiederfinden. Die Kinder beginnen jeweils nach dem Essen mit den Hausaufgaben, d.h. ab 12.30 Uhr, ab 13.30 Uhr und ab 14.15 Uhr. Das Silentium wird von drei erfahrenen Mitarbeitenden geleitet. Die der OGS zur Verf\u00fcgung stehenden Lehrerstunden [&hellip;]","og_url":"https:\/\/schulen-rommerskirchen.de\/ggs-frixheim\/ogs\/hausaufgabenbetreuung-2\/","og_site_name":"GGS Frixheim","article_modified_time":"2024-04-18T10:34:41+00:00","schema":{"@context":"https:\/\/schema.org","@graph":[{"@type":"WebPage","@id":"https:\/\/schulen-rommerskirchen.de\/ggs-frixheim\/ogs\/hausaufgabenbetreuung-2\/","url":"https:\/\/schulen-rommerskirchen.de\/ggs-frixheim\/ogs\/hausaufgabenbetreuung-2\/","name":"Hausaufgabenbetreuung - GGS Frixheim","isPartOf":{"@id":"https:\/\/schulen-rommerskirchen.de\/ggs-frixheim\/#website"},"datePublished":"2023-08-22T10:56:14+00:00","dateModified":"2024-04-18T10:34:41+00:00","breadcrumb":{"@id":"https:\/\/schulen-rommerskirchen.de\/ggs-frixheim\/ogs\/hausaufgabenbetreuung-2\/#breadcrumb"},"inLanguage":"de","potentialAction":[{"@type":"ReadAction","target":["https:\/\/schulen-rommerskirchen.de\/ggs-frixheim\/ogs\/hausaufgabenbetreuung-2\/"]}]},{"@type":"BreadcrumbList","@id":"https:\/\/schulen-rommerskirchen.de\/ggs-frixheim\/ogs\/hausaufgabenbetreuung-2\/#breadcrumb","itemListElement":[{"@type":"ListItem","position":1,"name":"Startseite","item":"https:\/\/schulen-rommerskirchen.de\/ggs-frixheim\/"},{"@type":"ListItem","position":2,"name":"OGS","item":"https:\/\/schulen-rommerskirchen.de\/ggs-frixheim\/ogs\/"},{"@type":"ListItem","position":3,"name":"Hausaufgabenbetreuung"}]},{"@type":"WebSite","@id":"https:\/\/schulen-rommerskirchen.de\/ggs-frixheim\/#website","url":"https:\/\/schulen-rommerskirchen.de\/ggs-frixheim\/","name":"GGS Frixheim","description":"Eine weitere Schulen - Rommerskirchen Websites Website","publisher":{"@id":"https:\/\/schulen-rommerskirchen.de\/ggs-frixheim\/#organization"},"potentialAction":[{"@type":"SearchAction","target":{"@type":"EntryPoint","urlTemplate":"https:\/\/schulen-rommerskirchen.de\/ggs-frixheim\/?s={search_term_string}"},"query-input":{"@type":"PropertyValueSpecification","valueRequired":true,"valueName":"search_term_string"}}],"inLanguage":"de"},{"@type":"Organization","@id":"https:\/\/schulen-rommerskirchen.de\/ggs-frixheim\/#organization","name":"Gemeinschaftsgrundschule Frixheim","alternateName":"GGS Frixheim","url":"https:\/\/schulen-rommerskirchen.de\/ggs-frixheim\/","logo":{"@type":"ImageObject","inLanguage":"de","@id":"https:\/\/schulen-rommerskirchen.de\/ggs-frixheim\/#\/schema\/logo\/image\/","url":"https:\/\/schulen-rommerskirchen.de\/ggs-frixheim\/wp-content\/uploads\/sites\/3\/2023\/03\/Logo-Frixheim-Schulclown.png","contentUrl":"https:\/\/schulen-rommerskirchen.de\/ggs-frixheim\/wp-content\/uploads\/sites\/3\/2023\/03\/Logo-Frixheim-Schulclown.png","width":1284,"height":1278,"caption":"Gemeinschaftsgrundschule Frixheim"},"image":{"@id":"https:\/\/schulen-rommerskirchen.de\/ggs-frixheim\/#\/schema\/logo\/image\/"}}]}},"publishpress_future_action":{"enabled":false,"date":"2026-05-05 21:52:40","action":"change-status","newStatus":"draft","terms":[],"taxonomy":"","extraData":[]},"publishpress_future_workflow_manual_trigger":{"enabledWorkflows":[]},"_links":{"self":[{"href":"https:\/\/schulen-rommerskirchen.de\/ggs-frixheim\/wp-json\/wp\/v2\/pages\/1064","targetHints":{"allow":["GET"]}}],"collection":[{"href":"https:\/\/schulen-rommerskirchen.de\/ggs-frixheim\/wp-json\/wp\/v2\/pages"}],"about":[{"href":"https:\/\/schulen-rommerskirchen.de\/ggs-frixheim\/wp-json\/wp\/v2\/types\/page"}],"author":[{"embeddable":true,"href":"https:\/\/schulen-rommerskirchen.de\/ggs-frixheim\/wp-json\/wp\/v2\/users\/3"}],"replies":[{"embeddable":true,"href":"https:\/\/schulen-rommerskirchen.de\/ggs-frixheim\/wp-json\/wp\/v2\/comments?post=1064"}],"version-history":[{"count":6,"href":"https:\/\/schulen-rommerskirchen.de\/ggs-frixheim\/wp-json\/wp\/v2\/pages\/1064\/revisions"}],"predecessor-version":[{"id":1451,"href":"https:\/\/schulen-rommerskirchen.de\/ggs-frixheim\/wp-json\/wp\/v2\/pages\/1064\/revisions\/1451"}],"up":[{"embeddable":true,"href":"https:\/\/schulen-rommerskirchen.de\/ggs-frixheim\/wp-json\/wp\/v2\/pages\/66"}],"wp:attachment":[{"href":"https:\/\/schulen-rommerskirchen.de\/ggs-frixheim\/wp-json\/wp\/v2\/media?parent=1064"}],"curies":[{"name":"wp","href":"https:\/\/api.w.org\/{rel}","templated":true}]}}